{"id":1671,"date":"2021-12-21T08:42:49","date_gmt":"2021-12-21T08:42:49","guid":{"rendered":"https:\/\/primorcosmetics.com\/markak\/juvena\/"},"modified":"2022-07-04T15:56:36","modified_gmt":"2022-07-04T15:56:36","slug":"juvena","status":"publish","type":"page","link":"https:\/\/primorcosmetics.com\/hu\/markak-old\/juvena\/","title":{"rendered":"JUVENA"},"content":{"rendered":"\t\t<div data-elementor-type=\"wp-page\" data-elementor-id=\"1671\" class=\"elementor elementor-1671 elementor-472\" data-elementor-post-type=\"page\">\n\t\t\t\t\t\t<section class=\"elementor-section elementor-top-section elementor-element elementor-element-1a60289 elementor-section-boxed elementor-section-height-default elementor-section-height-default\" data-id=\"1a60289\" data-element_type=\"section\">\n\t\t\t\t\t\t<div class=\"elementor-container elementor-column-gap-default\">\n\t\t\t\t\t<div class=\"elementor-column elementor-col-100 elementor-top-column elementor-element elementor-element-bbd7392\" data-id=\"bbd7392\" data-element_type=\"column\">\n\t\t\t<div class=\"elementor-widget-wrap\">\n\t\t\t\t\t\t\t<\/div>\n\t\t<\/div>\n\t\t\t\t\t<\/div>\n\t\t<\/section>\n\t\t\t\t<section class=\"elementor-section elementor-top-section elementor-element elementor-element-895bee5 elementor-section-boxed elementor-section-height-default elementor-section-height-default\" data-id=\"895bee5\" data-element_type=\"section\">\n\t\t\t\t\t\t<div class=\"elementor-container elementor-column-gap-default\">\n\t\t\t\t\t<div class=\"elementor-column elementor-col-100 elementor-top-column elementor-element elementor-element-d7443bc\" data-id=\"d7443bc\" data-element_type=\"column\">\n\t\t\t<div class=\"elementor-widget-wrap elementor-element-populated\">\n\t\t\t\t\t\t<div class=\"elementor-element elementor-element-de978f0 elementor-widget elementor-widget-spacer\" data-id=\"de978f0\" data-element_type=\"widget\" data-widget_type=\"spacer.default\">\n\t\t\t\t<div class=\"elementor-widget-container\">\n\t\t\t\t\t\t\t<div class=\"elementor-spacer\">\n\t\t\t<div class=\"elementor-spacer-inner\"><\/div>\n\t\t<\/div>\n\t\t\t\t\t\t<\/div>\n\t\t\t\t<\/div>\n\t\t\t\t\t<\/div>\n\t\t<\/div>\n\t\t\t\t\t<\/div>\n\t\t<\/section>\n\t\t\t\t<section class=\"elementor-section elementor-top-section elementor-element elementor-element-522204b elementor-section-boxed elementor-section-height-default elementor-section-height-default\" data-id=\"522204b\" data-element_type=\"section\">\n\t\t\t\t\t\t<div class=\"elementor-container elementor-column-gap-default\">\n\t\t\t\t\t<div class=\"elementor-column elementor-col-100 elementor-top-column elementor-element elementor-element-a90f324\" data-id=\"a90f324\" data-element_type=\"column\">\n\t\t\t<div class=\"elementor-widget-wrap elementor-element-populated\">\n\t\t\t\t\t\t<div class=\"elementor-element elementor-element-f9c6f60 elementor-widget elementor-widget-heading\" data-id=\"f9c6f60\" data-element_type=\"widget\" data-widget_type=\"heading.default\">\n\t\t\t\t<div class=\"elementor-widget-container\">\n\t\t\t\t\t<h1 class=\"elementor-heading-title elementor-size-default\">JUVENA<\/h1>\t\t\t\t<\/div>\n\t\t\t\t<\/div>\n\t\t\t\t\t<\/div>\n\t\t<\/div>\n\t\t\t\t\t<\/div>\n\t\t<\/section>\n\t\t\t\t<section class=\"elementor-section elementor-top-section elementor-element elementor-element-5bebc7f elementor-section-boxed elementor-section-height-default elementor-section-height-default\" data-id=\"5bebc7f\" data-element_type=\"section\">\n\t\t\t\t\t\t<div class=\"elementor-container elementor-column-gap-default\">\n\t\t\t\t\t<div class=\"elementor-column elementor-col-100 elementor-top-column elementor-element elementor-element-44198d4\" data-id=\"44198d4\" data-element_type=\"column\">\n\t\t\t<div class=\"elementor-widget-wrap elementor-element-populated\">\n\t\t\t\t\t\t<div class=\"elementor-element elementor-element-04171c3 elementor-widget elementor-widget-spacer\" data-id=\"04171c3\" data-element_type=\"widget\" data-widget_type=\"spacer.default\">\n\t\t\t\t<div class=\"elementor-widget-container\">\n\t\t\t\t\t\t\t<div class=\"elementor-spacer\">\n\t\t\t<div class=\"elementor-spacer-inner\"><\/div>\n\t\t<\/div>\n\t\t\t\t\t\t<\/div>\n\t\t\t\t<\/div>\n\t\t\t\t\t<\/div>\n\t\t<\/div>\n\t\t\t\t\t<\/div>\n\t\t<\/section>\n\t\t\t\t<section class=\"elementor-section elementor-top-section elementor-element elementor-element-896add9 elementor-section-boxed elementor-section-height-default elementor-section-height-default\" data-id=\"896add9\" data-element_type=\"section\">\n\t\t\t\t\t\t<div class=\"elementor-container elementor-column-gap-default\">\n\t\t\t\t\t<div class=\"elementor-column elementor-col-50 elementor-top-column elementor-element elementor-element-3e24276\" data-id=\"3e24276\" data-element_type=\"column\">\n\t\t\t<div class=\"elementor-widget-wrap elementor-element-populated\">\n\t\t\t\t\t\t<div class=\"elementor-element elementor-element-4f9bd72 elementor-widget elementor-widget-text-editor\" data-id=\"4f9bd72\" data-element_type=\"widget\" data-widget_type=\"text-editor.default\">\n\t\t\t\t<div class=\"elementor-widget-container\">\n\t\t\t\t\t\t\t\t\t<p>A Juvena egy luxus b\u0151r\u00e1pol\u00e1si m\u00e1rka, egyenesen Sv\u00e1jcb\u00f3l, melyben a tudom\u00e1ny \u00e9s a b\u0151r\u00e1pol\u00e1s tal\u00e1lkozik az orvosi h\u00e1tt\u00e9rrel, m\u00e9rhet\u0151 eredm\u00e9nyekkel. D\u00edjnyertes text\u00far\u00e1ival \u00e9s kifinomult csomagol\u00e1saival vitathatatlanul a modern n\u0151k kedvence.<\/p>\t\t\t\t\t\t\t\t<\/div>\n\t\t\t\t<\/div>\n\t\t\t\t<div class=\"elementor-element elementor-element-78291fc elementor-widget elementor-widget-heading\" data-id=\"78291fc\" data-element_type=\"widget\" data-widget_type=\"heading.default\">\n\t\t\t\t<div class=\"elementor-widget-container\">\n\t\t\t\t\t<h2 class=\"elementor-heading-title elementor-size-default\">Juvena \u00e9rt\u00e9kek<\/h2>\t\t\t\t<\/div>\n\t\t\t\t<\/div>\n\t\t\t\t<div class=\"elementor-element elementor-element-51a330c elementor-widget elementor-widget-text-editor\" data-id=\"51a330c\" data-element_type=\"widget\" data-widget_type=\"text-editor.default\">\n\t\t\t\t<div class=\"elementor-widget-container\">\n\t\t\t\t\t\t\t\t\t<p>A Troll m\u00e1rka csal\u00e1d \u00e9rt\u00e9kei \u00e9vek \u00f3ta v\u00e1ltozatlanok: min\u0151s\u00e9g, szolg\u00e1ltat\u00e1s, egy\u00fcttm\u0171k\u00f6d\u00e9s a k\u00f6z\u00f6s j\u00f6v\u0151\u00e9rt.<\/p>\t\t\t\t\t\t\t\t<\/div>\n\t\t\t\t<\/div>\n\t\t\t\t<div class=\"elementor-element elementor-element-9d504d0 elementor-widget elementor-widget-heading\" data-id=\"9d504d0\" data-element_type=\"widget\" data-widget_type=\"heading.default\">\n\t\t\t\t<div class=\"elementor-widget-container\">\n\t\t\t\t\t<h2 class=\"elementor-heading-title elementor-size-default\">Juvena t\u00f6rt\u00e9nete<\/h2>\t\t\t\t<\/div>\n\t\t\t\t<\/div>\n\t\t\t\t<div class=\"elementor-element elementor-element-5562f13 elementor-widget elementor-widget-text-editor\" data-id=\"5562f13\" data-element_type=\"widget\" data-widget_type=\"text-editor.default\">\n\t\t\t\t<div class=\"elementor-widget-container\">\n\t\t\t\t\t\t\t\t\t<p>Karl J. Troll l\u00e1nya, Barbara Sandner-Troll osztozik apja szenved\u00e9ly\u00e9n \u00e9s \u00e9rt\u00e9kein, ez\u00e9rt nem meglep\u0151, hogy egy\u00fctt vezetik sikerre a Troll m\u00e1rk\u00e1kat: Declar\u00e9, Juvena, Marlies M\u00f6ller. Folyamatosan \u00faj c\u00e9lok el\u00e9r\u00e9s\u00e9re t\u00f6rekszenek, mik\u00f6zben igyekeznek megtartani a klasszikus csal\u00e1di \u00e9rt\u00e9keiket. Egy innovat\u00edv csal\u00e1di v\u00e1llalkoz\u00e1s, \u00f6sszhangban a korral.<\/p><p>A Juvena Anti-Age b\u0151r\u00e1pol\u00e1s ter\u00fclet\u00e9n szerzett tapasztalata eg\u00e9szen 1954-ig ny\u00falik vissza.<\/p>\t\t\t\t\t\t\t\t<\/div>\n\t\t\t\t<\/div>\n\t\t\t\t<div class=\"elementor-element elementor-element-58ca072 elementor-align-center elementor-widget elementor-widget-button\" data-id=\"58ca072\" data-element_type=\"widget\" data-widget_type=\"button.default\">\n\t\t\t\t<div class=\"elementor-widget-container\">\n\t\t\t\t\t\t\t\t\t<div class=\"elementor-button-wrapper\">\n\t\t\t\t\t<a class=\"elementor-button elementor-button-link elementor-size-sm\" href=\"https:\/\/primorcosmetics.com\/hu\/kapcsolat\/\">\n\t\t\t\t\t\t<span class=\"elementor-button-content-wrapper\">\n\t\t\t\t\t\t\t\t\t<span class=\"elementor-button-text\">Kapcsolat<\/span>\n\t\t\t\t\t<\/span>\n\t\t\t\t\t<\/a>\n\t\t\t\t<\/div>\n\t\t\t\t\t\t\t\t<\/div>\n\t\t\t\t<\/div>\n\t\t\t\t\t<\/div>\n\t\t<\/div>\n\t\t\t\t<div class=\"elementor-column elementor-col-50 elementor-top-column elementor-element elementor-element-a2affe2\" data-id=\"a2affe2\" data-element_type=\"column\">\n\t\t\t<div class=\"elementor-widget-wrap elementor-element-populated\">\n\t\t\t\t\t\t<div class=\"elementor-element elementor-element-7fe6cd9 elementor-widget elementor-widget-image\" data-id=\"7fe6cd9\" data-element_type=\"widget\" data-widget_type=\"image.default\">\n\t\t\t\t<div class=\"elementor-widget-container\">\n\t\t\t\t\t\t\t\t\t\t\t\t\t\t\t<img fetchpriority=\"high\" decoding=\"async\" width=\"680\" height=\"680\" src=\"https:\/\/primorcosmetics.com\/wp-content\/uploads\/2021\/12\/9007867766330.jpg\" class=\"attachment-large size-large wp-image-1442\" alt=\"Juveba B\u0151r\u00e1pol\u00e1s\" srcset=\"https:\/\/primorcosmetics.com\/wp-content\/uploads\/2021\/12\/9007867766330.jpg 680w, https:\/\/primorcosmetics.com\/wp-content\/uploads\/2021\/12\/9007867766330-300x300.jpg 300w, https:\/\/primorcosmetics.com\/wp-content\/uploads\/2021\/12\/9007867766330-150x150.jpg 150w\" sizes=\"(max-width: 680px) 100vw, 680px\" \/>\t\t\t\t\t\t\t\t\t\t\t\t\t\t\t<\/div>\n\t\t\t\t<\/div>\n\t\t\t\t\t<\/div>\n\t\t<\/div>\n\t\t\t\t\t<\/div>\n\t\t<\/section>\n\t\t\t\t<\/div>\n\t\t","protected":false},"excerpt":{"rendered":"<p>JUVENA A Juvena egy luxus b\u0151r\u00e1pol\u00e1si m\u00e1rka, egyenesen Sv\u00e1jcb\u00f3l, melyben a tudom\u00e1ny \u00e9s a b\u0151r\u00e1pol\u00e1s tal\u00e1lkozik az orvosi h\u00e1tt\u00e9rrel, m\u00e9rhet\u0151 eredm\u00e9nyekkel. D\u00edjnyertes text\u00far\u00e1ival \u00e9s kifinomult csomagol\u00e1saival vitathatatlanul a modern n\u0151k kedvence. Juvena \u00e9rt\u00e9kek A Troll m\u00e1rka csal\u00e1d \u00e9rt\u00e9kei \u00e9vek \u00f3ta v\u00e1ltozatlanok: min\u0151s\u00e9g, szolg\u00e1ltat\u00e1s, egy\u00fcttm\u0171k\u00f6d\u00e9s a k\u00f6z\u00f6s j\u00f6v\u0151\u00e9rt. Juvena t\u00f6rt\u00e9nete Karl J. Troll l\u00e1nya, Barbara Sandner-Troll [&hellip;]<\/p>\n","protected":false},"author":2,"featured_media":0,"parent":1659,"menu_order":0,"comment_status":"closed","ping_status":"closed","template":"","meta":{"footnotes":""},"class_list":["post-1671","page","type-page","status-publish","hentry"],"yoast_head":"<!-- This site is optimized with the Yoast SEO plugin v25.7 - https:\/\/yoast.com\/wordpress\/plugins\/seo\/ -->\n<title>JUVENA - Prim\u0151r Cosmetics<\/title>\n<meta name=\"description\" content=\"Ismerd meg m\u00e1rkainkat: A Juvena egy luxus b\u0151r\u00e1pol\u00e1si m\u00e1rka, egyenesen Sv\u00e1jcb\u00f3l, melyben a tudom\u00e1ny \u00e9s a b\u0151r\u00e1pol\u00e1s tal\u00e1lkozik az orvosi h\u00e1tt\u00e9rrel, m\u00e9rhet\u0151 eredm\u00e9nyekkel.\" \/>\n<meta name=\"robots\" content=\"index, follow, max-snippet:-1, max-image-preview:large, max-video-preview:-1\" \/>\n<link rel=\"canonical\" href=\"https:\/\/primorcosmetics.com\/hu\/markak-old\/juvena\/\" \/>\n<meta property=\"og:locale\" content=\"hu_HU\" \/>\n<meta property=\"og:type\" content=\"article\" \/>\n<meta property=\"og:title\" content=\"JUVENA - Prim\u0151r Cosmetics\" \/>\n<meta property=\"og:description\" content=\"Ismerd meg m\u00e1rkainkat: A Juvena egy luxus b\u0151r\u00e1pol\u00e1si m\u00e1rka, egyenesen Sv\u00e1jcb\u00f3l, melyben a tudom\u00e1ny \u00e9s a b\u0151r\u00e1pol\u00e1s tal\u00e1lkozik az orvosi h\u00e1tt\u00e9rrel, m\u00e9rhet\u0151 eredm\u00e9nyekkel.\" \/>\n<meta property=\"og:url\" content=\"https:\/\/primorcosmetics.com\/hu\/markak-old\/juvena\/\" \/>\n<meta property=\"og:site_name\" content=\"Prim\u0151r Cosmetics\" \/>\n<meta property=\"article:publisher\" content=\"https:\/\/www.facebook.com\/primorcosmetics\" \/>\n<meta property=\"article:modified_time\" content=\"2022-07-04T15:56:36+00:00\" \/>\n<meta property=\"og:image\" content=\"https:\/\/primorcosmetics.com\/wp-content\/uploads\/2021\/12\/9007867766330.jpg\" \/>\n<meta name=\"twitter:card\" content=\"summary_large_image\" \/>\n<meta name=\"twitter:label1\" content=\"Becs\u00fclt olvas\u00e1si id\u0151\" \/>\n\t<meta name=\"twitter:data1\" content=\"1 perc\" \/>\n<script type=\"application\/ld+json\" class=\"yoast-schema-graph\">{\"@context\":\"https:\/\/schema.org\",\"@graph\":[{\"@type\":\"WebPage\",\"@id\":\"https:\/\/primorcosmetics.com\/hu\/markak-old\/juvena\/\",\"url\":\"https:\/\/primorcosmetics.com\/hu\/markak-old\/juvena\/\",\"name\":\"JUVENA - Prim\u0151r Cosmetics\",\"isPartOf\":{\"@id\":\"https:\/\/primorcosmetics.com\/#website\"},\"primaryImageOfPage\":{\"@id\":\"https:\/\/primorcosmetics.com\/hu\/markak-old\/juvena\/#primaryimage\"},\"image\":{\"@id\":\"https:\/\/primorcosmetics.com\/hu\/markak-old\/juvena\/#primaryimage\"},\"thumbnailUrl\":\"https:\/\/primorcosmetics.com\/wp-content\/uploads\/2021\/12\/9007867766330.jpg\",\"datePublished\":\"2021-12-21T08:42:49+00:00\",\"dateModified\":\"2022-07-04T15:56:36+00:00\",\"description\":\"Ismerd meg m\u00e1rkainkat: A Juvena egy luxus b\u0151r\u00e1pol\u00e1si m\u00e1rka, egyenesen Sv\u00e1jcb\u00f3l, melyben a tudom\u00e1ny \u00e9s a b\u0151r\u00e1pol\u00e1s tal\u00e1lkozik az orvosi h\u00e1tt\u00e9rrel, m\u00e9rhet\u0151 eredm\u00e9nyekkel.\",\"breadcrumb\":{\"@id\":\"https:\/\/primorcosmetics.com\/hu\/markak-old\/juvena\/#breadcrumb\"},\"inLanguage\":\"hu\",\"potentialAction\":[{\"@type\":\"ReadAction\",\"target\":[\"https:\/\/primorcosmetics.com\/hu\/markak-old\/juvena\/\"]}]},{\"@type\":\"ImageObject\",\"inLanguage\":\"hu\",\"@id\":\"https:\/\/primorcosmetics.com\/hu\/markak-old\/juvena\/#primaryimage\",\"url\":\"https:\/\/primorcosmetics.com\/wp-content\/uploads\/2021\/12\/9007867766330.jpg\",\"contentUrl\":\"https:\/\/primorcosmetics.com\/wp-content\/uploads\/2021\/12\/9007867766330.jpg\"},{\"@type\":\"BreadcrumbList\",\"@id\":\"https:\/\/primorcosmetics.com\/hu\/markak-old\/juvena\/#breadcrumb\",\"itemListElement\":[{\"@type\":\"ListItem\",\"position\":1,\"name\":\"Home\",\"item\":\"https:\/\/primorcosmetics.com\/hu\/\"},{\"@type\":\"ListItem\",\"position\":2,\"name\":\"M\u00e1rk\u00e1k\",\"item\":\"https:\/\/primorcosmetics.com\/hu\/markak-old\/\"},{\"@type\":\"ListItem\",\"position\":3,\"name\":\"JUVENA\"}]},{\"@type\":\"WebSite\",\"@id\":\"https:\/\/primorcosmetics.com\/#website\",\"url\":\"https:\/\/primorcosmetics.com\/\",\"name\":\"Prim\u0151r Cosmetics\",\"description\":\"Prim\u0151r Cosmetics Leading Hungarian beauty and cosmetics distributor\",\"publisher\":{\"@id\":\"https:\/\/primorcosmetics.com\/#organization\"},\"potentialAction\":[{\"@type\":\"SearchAction\",\"target\":{\"@type\":\"EntryPoint\",\"urlTemplate\":\"https:\/\/primorcosmetics.com\/?s={search_term_string}\"},\"query-input\":{\"@type\":\"PropertyValueSpecification\",\"valueRequired\":true,\"valueName\":\"search_term_string\"}}],\"inLanguage\":\"hu\"},{\"@type\":\"Organization\",\"@id\":\"https:\/\/primorcosmetics.com\/#organization\",\"name\":\"Prim\u0151r Kozmetikai Kft.\",\"url\":\"https:\/\/primorcosmetics.com\/\",\"logo\":{\"@type\":\"ImageObject\",\"inLanguage\":\"hu\",\"@id\":\"https:\/\/primorcosmetics.com\/#\/schema\/logo\/image\/\",\"url\":\"https:\/\/primorcosmetics.com\/wp-content\/uploads\/2021\/12\/Primor_logo_icon_lockup_color.jpg\",\"contentUrl\":\"https:\/\/primorcosmetics.com\/wp-content\/uploads\/2021\/12\/Primor_logo_icon_lockup_color.jpg\",\"width\":1920,\"height\":1080,\"caption\":\"Prim\u0151r Kozmetikai Kft.\"},\"image\":{\"@id\":\"https:\/\/primorcosmetics.com\/#\/schema\/logo\/image\/\"},\"sameAs\":[\"https:\/\/www.facebook.com\/primorcosmetics\",\"https:\/\/www.instagram.com\/primorcosmetics\/\",\"https:\/\/www.linkedin.com\/company\/primorcosmetics\/mycompany\/\",\"https:\/\/www.youtube.com\/channel\/UCd3Uei375tM1XLkCMPhALWQ\"]}]}<\/script>\n<!-- \/ Yoast SEO plugin. -->","yoast_head_json":{"title":"JUVENA - Prim\u0151r Cosmetics","description":"Ismerd meg m\u00e1rkainkat: A Juvena egy luxus b\u0151r\u00e1pol\u00e1si m\u00e1rka, egyenesen Sv\u00e1jcb\u00f3l, melyben a tudom\u00e1ny \u00e9s a b\u0151r\u00e1pol\u00e1s tal\u00e1lkozik az orvosi h\u00e1tt\u00e9rrel, m\u00e9rhet\u0151 eredm\u00e9nyekkel.","robots":{"index":"index","follow":"follow","max-snippet":"max-snippet:-1","max-image-preview":"max-image-preview:large","max-video-preview":"max-video-preview:-1"},"canonical":"https:\/\/primorcosmetics.com\/hu\/markak-old\/juvena\/","og_locale":"hu_HU","og_type":"article","og_title":"JUVENA - Prim\u0151r Cosmetics","og_description":"Ismerd meg m\u00e1rkainkat: A Juvena egy luxus b\u0151r\u00e1pol\u00e1si m\u00e1rka, egyenesen Sv\u00e1jcb\u00f3l, melyben a tudom\u00e1ny \u00e9s a b\u0151r\u00e1pol\u00e1s tal\u00e1lkozik az orvosi h\u00e1tt\u00e9rrel, m\u00e9rhet\u0151 eredm\u00e9nyekkel.","og_url":"https:\/\/primorcosmetics.com\/hu\/markak-old\/juvena\/","og_site_name":"Prim\u0151r Cosmetics","article_publisher":"https:\/\/www.facebook.com\/primorcosmetics","article_modified_time":"2022-07-04T15:56:36+00:00","og_image":[{"url":"https:\/\/primorcosmetics.com\/wp-content\/uploads\/2021\/12\/9007867766330.jpg","type":"","width":"","height":""}],"twitter_card":"summary_large_image","twitter_misc":{"Becs\u00fclt olvas\u00e1si id\u0151":"1 perc"},"schema":{"@context":"https:\/\/schema.org","@graph":[{"@type":"WebPage","@id":"https:\/\/primorcosmetics.com\/hu\/markak-old\/juvena\/","url":"https:\/\/primorcosmetics.com\/hu\/markak-old\/juvena\/","name":"JUVENA - Prim\u0151r Cosmetics","isPartOf":{"@id":"https:\/\/primorcosmetics.com\/#website"},"primaryImageOfPage":{"@id":"https:\/\/primorcosmetics.com\/hu\/markak-old\/juvena\/#primaryimage"},"image":{"@id":"https:\/\/primorcosmetics.com\/hu\/markak-old\/juvena\/#primaryimage"},"thumbnailUrl":"https:\/\/primorcosmetics.com\/wp-content\/uploads\/2021\/12\/9007867766330.jpg","datePublished":"2021-12-21T08:42:49+00:00","dateModified":"2022-07-04T15:56:36+00:00","description":"Ismerd meg m\u00e1rkainkat: A Juvena egy luxus b\u0151r\u00e1pol\u00e1si m\u00e1rka, egyenesen Sv\u00e1jcb\u00f3l, melyben a tudom\u00e1ny \u00e9s a b\u0151r\u00e1pol\u00e1s tal\u00e1lkozik az orvosi h\u00e1tt\u00e9rrel, m\u00e9rhet\u0151 eredm\u00e9nyekkel.","breadcrumb":{"@id":"https:\/\/primorcosmetics.com\/hu\/markak-old\/juvena\/#breadcrumb"},"inLanguage":"hu","potentialAction":[{"@type":"ReadAction","target":["https:\/\/primorcosmetics.com\/hu\/markak-old\/juvena\/"]}]},{"@type":"ImageObject","inLanguage":"hu","@id":"https:\/\/primorcosmetics.com\/hu\/markak-old\/juvena\/#primaryimage","url":"https:\/\/primorcosmetics.com\/wp-content\/uploads\/2021\/12\/9007867766330.jpg","contentUrl":"https:\/\/primorcosmetics.com\/wp-content\/uploads\/2021\/12\/9007867766330.jpg"},{"@type":"BreadcrumbList","@id":"https:\/\/primorcosmetics.com\/hu\/markak-old\/juvena\/#breadcrumb","itemListElement":[{"@type":"ListItem","position":1,"name":"Home","item":"https:\/\/primorcosmetics.com\/hu\/"},{"@type":"ListItem","position":2,"name":"M\u00e1rk\u00e1k","item":"https:\/\/primorcosmetics.com\/hu\/markak-old\/"},{"@type":"ListItem","position":3,"name":"JUVENA"}]},{"@type":"WebSite","@id":"https:\/\/primorcosmetics.com\/#website","url":"https:\/\/primorcosmetics.com\/","name":"Prim\u0151r Cosmetics","description":"Prim\u0151r Cosmetics Leading Hungarian beauty and cosmetics distributor","publisher":{"@id":"https:\/\/primorcosmetics.com\/#organization"},"potentialAction":[{"@type":"SearchAction","target":{"@type":"EntryPoint","urlTemplate":"https:\/\/primorcosmetics.com\/?s={search_term_string}"},"query-input":{"@type":"PropertyValueSpecification","valueRequired":true,"valueName":"search_term_string"}}],"inLanguage":"hu"},{"@type":"Organization","@id":"https:\/\/primorcosmetics.com\/#organization","name":"Prim\u0151r Kozmetikai Kft.","url":"https:\/\/primorcosmetics.com\/","logo":{"@type":"ImageObject","inLanguage":"hu","@id":"https:\/\/primorcosmetics.com\/#\/schema\/logo\/image\/","url":"https:\/\/primorcosmetics.com\/wp-content\/uploads\/2021\/12\/Primor_logo_icon_lockup_color.jpg","contentUrl":"https:\/\/primorcosmetics.com\/wp-content\/uploads\/2021\/12\/Primor_logo_icon_lockup_color.jpg","width":1920,"height":1080,"caption":"Prim\u0151r Kozmetikai Kft."},"image":{"@id":"https:\/\/primorcosmetics.com\/#\/schema\/logo\/image\/"},"sameAs":["https:\/\/www.facebook.com\/primorcosmetics","https:\/\/www.instagram.com\/primorcosmetics\/","https:\/\/www.linkedin.com\/company\/primorcosmetics\/mycompany\/","https:\/\/www.youtube.com\/channel\/UCd3Uei375tM1XLkCMPhALWQ"]}]}},"_links":{"self":[{"href":"https:\/\/primorcosmetics.com\/hu\/wp-json\/wp\/v2\/pages\/1671","targetHints":{"allow":["GET"]}}],"collection":[{"href":"https:\/\/primorcosmetics.com\/hu\/wp-json\/wp\/v2\/pages"}],"about":[{"href":"https:\/\/primorcosmetics.com\/hu\/wp-json\/wp\/v2\/types\/page"}],"author":[{"embeddable":true,"href":"https:\/\/primorcosmetics.com\/hu\/wp-json\/wp\/v2\/users\/2"}],"replies":[{"embeddable":true,"href":"https:\/\/primorcosmetics.com\/hu\/wp-json\/wp\/v2\/comments?post=1671"}],"version-history":[{"count":1,"href":"https:\/\/primorcosmetics.com\/hu\/wp-json\/wp\/v2\/pages\/1671\/revisions"}],"predecessor-version":[{"id":1672,"href":"https:\/\/primorcosmetics.com\/hu\/wp-json\/wp\/v2\/pages\/1671\/revisions\/1672"}],"up":[{"embeddable":true,"href":"https:\/\/primorcosmetics.com\/hu\/wp-json\/wp\/v2\/pages\/1659"}],"wp:attachment":[{"href":"https:\/\/primorcosmetics.com\/hu\/wp-json\/wp\/v2\/media?parent=1671"}],"curies":[{"name":"wp","href":"https:\/\/api.w.org\/{rel}","templated":true}]}}