{"id":1675,"date":"2021-12-21T08:36:45","date_gmt":"2021-12-21T08:36:45","guid":{"rendered":"https:\/\/primorcosmetics.com\/markak\/furla\/"},"modified":"2022-07-04T16:04:46","modified_gmt":"2022-07-04T16:04:46","slug":"furla","status":"publish","type":"page","link":"https:\/\/primorcosmetics.com\/hu\/markak-old\/furla\/","title":{"rendered":"FURLA"},"content":{"rendered":"\t\t<div data-elementor-type=\"wp-page\" data-elementor-id=\"1675\" class=\"elementor elementor-1675 elementor-460\" data-elementor-post-type=\"page\">\n\t\t\t\t\t\t<section class=\"elementor-section elementor-top-section elementor-element elementor-element-1a60289 elementor-section-boxed elementor-section-height-default elementor-section-height-default\" data-id=\"1a60289\" data-element_type=\"section\">\n\t\t\t\t\t\t<div class=\"elementor-container elementor-column-gap-default\">\n\t\t\t\t\t<div class=\"elementor-column elementor-col-100 elementor-top-column elementor-element elementor-element-bbd7392\" data-id=\"bbd7392\" data-element_type=\"column\">\n\t\t\t<div class=\"elementor-widget-wrap\">\n\t\t\t\t\t\t\t<\/div>\n\t\t<\/div>\n\t\t\t\t\t<\/div>\n\t\t<\/section>\n\t\t\t\t<section class=\"elementor-section elementor-top-section elementor-element elementor-element-895bee5 elementor-section-boxed elementor-section-height-default elementor-section-height-default\" data-id=\"895bee5\" data-element_type=\"section\">\n\t\t\t\t\t\t<div class=\"elementor-container elementor-column-gap-default\">\n\t\t\t\t\t<div class=\"elementor-column elementor-col-100 elementor-top-column elementor-element elementor-element-d7443bc\" data-id=\"d7443bc\" data-element_type=\"column\">\n\t\t\t<div class=\"elementor-widget-wrap elementor-element-populated\">\n\t\t\t\t\t\t<div class=\"elementor-element elementor-element-de978f0 elementor-widget elementor-widget-spacer\" data-id=\"de978f0\" data-element_type=\"widget\" data-widget_type=\"spacer.default\">\n\t\t\t\t<div class=\"elementor-widget-container\">\n\t\t\t\t\t\t\t<div class=\"elementor-spacer\">\n\t\t\t<div class=\"elementor-spacer-inner\"><\/div>\n\t\t<\/div>\n\t\t\t\t\t\t<\/div>\n\t\t\t\t<\/div>\n\t\t\t\t\t<\/div>\n\t\t<\/div>\n\t\t\t\t\t<\/div>\n\t\t<\/section>\n\t\t\t\t<section class=\"elementor-section elementor-top-section elementor-element elementor-element-522204b elementor-section-boxed elementor-section-height-default elementor-section-height-default\" data-id=\"522204b\" data-element_type=\"section\">\n\t\t\t\t\t\t<div class=\"elementor-container elementor-column-gap-default\">\n\t\t\t\t\t<div class=\"elementor-column elementor-col-100 elementor-top-column elementor-element elementor-element-a90f324\" data-id=\"a90f324\" data-element_type=\"column\">\n\t\t\t<div class=\"elementor-widget-wrap elementor-element-populated\">\n\t\t\t\t\t\t<div class=\"elementor-element elementor-element-f9c6f60 elementor-widget elementor-widget-heading\" data-id=\"f9c6f60\" data-element_type=\"widget\" data-widget_type=\"heading.default\">\n\t\t\t\t<div class=\"elementor-widget-container\">\n\t\t\t\t\t<h1 class=\"elementor-heading-title elementor-size-default\">FURLA<\/h1>\t\t\t\t<\/div>\n\t\t\t\t<\/div>\n\t\t\t\t\t<\/div>\n\t\t<\/div>\n\t\t\t\t\t<\/div>\n\t\t<\/section>\n\t\t\t\t<section class=\"elementor-section elementor-top-section elementor-element elementor-element-5bebc7f elementor-section-boxed elementor-section-height-default elementor-section-height-default\" data-id=\"5bebc7f\" data-element_type=\"section\">\n\t\t\t\t\t\t<div class=\"elementor-container elementor-column-gap-default\">\n\t\t\t\t\t<div class=\"elementor-column elementor-col-100 elementor-top-column elementor-element elementor-element-44198d4\" data-id=\"44198d4\" data-element_type=\"column\">\n\t\t\t<div class=\"elementor-widget-wrap elementor-element-populated\">\n\t\t\t\t\t\t<div class=\"elementor-element elementor-element-04171c3 elementor-widget elementor-widget-spacer\" data-id=\"04171c3\" data-element_type=\"widget\" data-widget_type=\"spacer.default\">\n\t\t\t\t<div class=\"elementor-widget-container\">\n\t\t\t\t\t\t\t<div class=\"elementor-spacer\">\n\t\t\t<div class=\"elementor-spacer-inner\"><\/div>\n\t\t<\/div>\n\t\t\t\t\t\t<\/div>\n\t\t\t\t<\/div>\n\t\t\t\t\t<\/div>\n\t\t<\/div>\n\t\t\t\t\t<\/div>\n\t\t<\/section>\n\t\t\t\t<section class=\"elementor-section elementor-top-section elementor-element elementor-element-896add9 elementor-section-boxed elementor-section-height-default elementor-section-height-default\" data-id=\"896add9\" data-element_type=\"section\">\n\t\t\t\t\t\t<div class=\"elementor-container elementor-column-gap-default\">\n\t\t\t\t\t<div class=\"elementor-column elementor-col-50 elementor-top-column elementor-element elementor-element-3e24276\" data-id=\"3e24276\" data-element_type=\"column\">\n\t\t\t<div class=\"elementor-widget-wrap elementor-element-populated\">\n\t\t\t\t\t\t<div class=\"elementor-element elementor-element-4f9bd72 elementor-widget elementor-widget-text-editor\" data-id=\"4f9bd72\" data-element_type=\"widget\" data-widget_type=\"text-editor.default\">\n\t\t\t\t<div class=\"elementor-widget-container\">\n\t\t\t\t\t\t\t\t\t<p>A Furla t\u00e1sk\u00e1kat, cip\u0151ket \u00e9s egy\u00e9b kis b\u0151r\u00e1rukat gy\u00e1rt n\u0151knek \u00e9s f\u00e9rfiaknak egyar\u00e1nt. M\u00e1ra m\u00e1r kiterjesztett\u00e9k a m\u00e1rk\u00e1t textilre, szem\u00fcvegre, \u00f3r\u00e1ra \u00e9s a k\u00f6zelm\u00faltban bevezett\u00e9k az els\u0151 parf\u00fcm kollekci\u00f3jukat is, azzal a c\u00e9llal, hogy olyan kieg\u00e9sz\u00edt\u0151ket hozzanak l\u00e9tre, amelyek k\u00f6zvet\u00edtik az olasz \u00e9let\u00e9rz\u00e9st. Arra k\u00e9rik a fogyaszt\u00f3kat, hogy a Furla term\u00e9kek \u00e1ltal fedezz\u00e9k fel \u00e9s fejezz\u00e9k ki egy\u00e9nis\u00e9g\u00fcket.<\/p>\t\t\t\t\t\t\t\t<\/div>\n\t\t\t\t<\/div>\n\t\t\t\t<div class=\"elementor-element elementor-element-78291fc elementor-widget elementor-widget-heading\" data-id=\"78291fc\" data-element_type=\"widget\" data-widget_type=\"heading.default\">\n\t\t\t\t<div class=\"elementor-widget-container\">\n\t\t\t\t\t<h2 class=\"elementor-heading-title elementor-size-default\">FURLA \u00e9rt\u00e9kek<\/h2>\t\t\t\t<\/div>\n\t\t\t\t<\/div>\n\t\t\t\t<div class=\"elementor-element elementor-element-51a330c elementor-widget elementor-widget-text-editor\" data-id=\"51a330c\" data-element_type=\"widget\" data-widget_type=\"text-editor.default\">\n\t\t\t\t<div class=\"elementor-widget-container\">\n\t\t\t\t\t\t\t\t\t<p>A Furla gy\u00f6ny\u00f6r\u0171, kiv\u00e1l\u00f3 min\u0151s\u00e9g\u0171 kieg\u00e9sz\u00edt\u0151i ki\u00e1llnak az egyed\u00fcl\u00e1ll\u00f3 olasz \u00e9letszeml\u00e9let\u00e9rt. Azzal a c\u00e9llal tervezt\u00e9k \u0151ket, hogy mosolyt csaljanak a fogyaszt\u00f3k arc\u00e1ra. A furla 5 illatb\u00f3l \u00e1ll\u00f3 kollekci\u00f3ja kifejezi a n\u0151iess\u00e9g minden aspektus\u00e1t.<\/p>\t\t\t\t\t\t\t\t<\/div>\n\t\t\t\t<\/div>\n\t\t\t\t<div class=\"elementor-element elementor-element-9d504d0 elementor-widget elementor-widget-heading\" data-id=\"9d504d0\" data-element_type=\"widget\" data-widget_type=\"heading.default\">\n\t\t\t\t<div class=\"elementor-widget-container\">\n\t\t\t\t\t<h2 class=\"elementor-heading-title elementor-size-default\">FURLA t\u00f6rt\u00e9net<\/h2>\t\t\t\t<\/div>\n\t\t\t\t<\/div>\n\t\t\t\t<div class=\"elementor-element elementor-element-5562f13 elementor-widget elementor-widget-text-editor\" data-id=\"5562f13\" data-element_type=\"widget\" data-widget_type=\"text-editor.default\">\n\t\t\t\t<div class=\"elementor-widget-container\">\n\t\t\t\t\t\t\t\t\t<p>A Furla egy eredeti inkluz\u00edv luxusm\u00e1rka, amely 90 \u00e9vvel ezel\u0151tt alkotta meg ezt a kateg\u00f3ri\u00e1t. 1927 \u00f3ta elk\u00f6telezett olyan luxus kieg\u00e9sz\u00edt\u0151k l\u00e9trehoz\u00e1sa ir\u00e1nt, amelyek sz\u00e9les k\u00f6rben el\u00e9rhet\u0151k. A kateg\u00f3ria egyetlen olasz k\u00e9pvisel\u0151jek\u00e9nt, a m\u00e1rk\u00e1nak kiemelked\u0151en fontos a min\u0151s\u00e9g, a kreativit\u00e1s \u00e9s az optimista, magabiztos szem\u00e9lyis\u00e9g.<\/p>\t\t\t\t\t\t\t\t<\/div>\n\t\t\t\t<\/div>\n\t\t\t\t<div class=\"elementor-element elementor-element-58ca072 elementor-align-center elementor-widget elementor-widget-button\" data-id=\"58ca072\" data-element_type=\"widget\" data-widget_type=\"button.default\">\n\t\t\t\t<div class=\"elementor-widget-container\">\n\t\t\t\t\t\t\t\t\t<div class=\"elementor-button-wrapper\">\n\t\t\t\t\t<a class=\"elementor-button elementor-button-link elementor-size-sm\" href=\"https:\/\/primorcosmetics.com\/hu\/kapcsolat\/\">\n\t\t\t\t\t\t<span class=\"elementor-button-content-wrapper\">\n\t\t\t\t\t\t\t\t\t<span class=\"elementor-button-text\">Kapcsolat<\/span>\n\t\t\t\t\t<\/span>\n\t\t\t\t\t<\/a>\n\t\t\t\t<\/div>\n\t\t\t\t\t\t\t\t<\/div>\n\t\t\t\t<\/div>\n\t\t\t\t\t<\/div>\n\t\t<\/div>\n\t\t\t\t<div class=\"elementor-column elementor-col-50 elementor-top-column elementor-element elementor-element-a2affe2\" data-id=\"a2affe2\" data-element_type=\"column\">\n\t\t\t<div class=\"elementor-widget-wrap elementor-element-populated\">\n\t\t\t\t\t\t<div class=\"elementor-element elementor-element-7fe6cd9 elementor-widget elementor-widget-image\" data-id=\"7fe6cd9\" data-element_type=\"widget\" data-widget_type=\"image.default\">\n\t\t\t\t<div class=\"elementor-widget-container\">\n\t\t\t\t\t\t\t\t\t\t\t\t\t\t\t<img fetchpriority=\"high\" decoding=\"async\" width=\"417\" height=\"500\" src=\"https:\/\/primorcosmetics.com\/wp-content\/uploads\/2021\/12\/5f86a3b4704fa800098e27c2.jpeg\" class=\"attachment-large size-large wp-image-1440\" alt=\"Furla parf\u00fcm\u00f6k\" srcset=\"https:\/\/primorcosmetics.com\/wp-content\/uploads\/2021\/12\/5f86a3b4704fa800098e27c2.jpeg 417w, https:\/\/primorcosmetics.com\/wp-content\/uploads\/2021\/12\/5f86a3b4704fa800098e27c2-250x300.jpeg 250w\" sizes=\"(max-width: 417px) 100vw, 417px\" \/>\t\t\t\t\t\t\t\t\t\t\t\t\t\t\t<\/div>\n\t\t\t\t<\/div>\n\t\t\t\t\t<\/div>\n\t\t<\/div>\n\t\t\t\t\t<\/div>\n\t\t<\/section>\n\t\t\t\t<\/div>\n\t\t","protected":false},"excerpt":{"rendered":"<p>FURLA A Furla t\u00e1sk\u00e1kat, cip\u0151ket \u00e9s egy\u00e9b kis b\u0151r\u00e1rukat gy\u00e1rt n\u0151knek \u00e9s f\u00e9rfiaknak egyar\u00e1nt. M\u00e1ra m\u00e1r kiterjesztett\u00e9k a m\u00e1rk\u00e1t textilre, szem\u00fcvegre, \u00f3r\u00e1ra \u00e9s a k\u00f6zelm\u00faltban bevezett\u00e9k az els\u0151 parf\u00fcm kollekci\u00f3jukat is, azzal a c\u00e9llal, hogy olyan kieg\u00e9sz\u00edt\u0151ket hozzanak l\u00e9tre, amelyek k\u00f6zvet\u00edtik az olasz \u00e9let\u00e9rz\u00e9st. Arra k\u00e9rik a fogyaszt\u00f3kat, hogy a Furla term\u00e9kek \u00e1ltal fedezz\u00e9k fel [&hellip;]<\/p>\n","protected":false},"author":2,"featured_media":0,"parent":1659,"menu_order":0,"comment_status":"closed","ping_status":"closed","template":"","meta":{"footnotes":""},"class_list":["post-1675","page","type-page","status-publish","hentry"],"yoast_head":"<!-- This site is optimized with the Yoast SEO plugin v25.7 - https:\/\/yoast.com\/wordpress\/plugins\/seo\/ -->\n<title>FURLA - Prim\u0151r Cosmetics<\/title>\n<meta name=\"robots\" content=\"index, follow, max-snippet:-1, max-image-preview:large, max-video-preview:-1\" \/>\n<link rel=\"canonical\" href=\"https:\/\/primorcosmetics.com\/hu\/markak-old\/furla\/\" \/>\n<meta property=\"og:locale\" content=\"hu_HU\" \/>\n<meta property=\"og:type\" content=\"article\" \/>\n<meta property=\"og:title\" content=\"FURLA - Prim\u0151r Cosmetics\" \/>\n<meta property=\"og:description\" content=\"FURLA A Furla t\u00e1sk\u00e1kat, cip\u0151ket \u00e9s egy\u00e9b kis b\u0151r\u00e1rukat gy\u00e1rt n\u0151knek \u00e9s f\u00e9rfiaknak egyar\u00e1nt. M\u00e1ra m\u00e1r kiterjesztett\u00e9k a m\u00e1rk\u00e1t textilre, szem\u00fcvegre, \u00f3r\u00e1ra \u00e9s a k\u00f6zelm\u00faltban bevezett\u00e9k az els\u0151 parf\u00fcm kollekci\u00f3jukat is, azzal a c\u00e9llal, hogy olyan kieg\u00e9sz\u00edt\u0151ket hozzanak l\u00e9tre, amelyek k\u00f6zvet\u00edtik az olasz \u00e9let\u00e9rz\u00e9st. Arra k\u00e9rik a fogyaszt\u00f3kat, hogy a Furla term\u00e9kek \u00e1ltal fedezz\u00e9k fel [&hellip;]\" \/>\n<meta property=\"og:url\" content=\"https:\/\/primorcosmetics.com\/hu\/markak-old\/furla\/\" \/>\n<meta property=\"og:site_name\" content=\"Prim\u0151r Cosmetics\" \/>\n<meta property=\"article:publisher\" content=\"https:\/\/www.facebook.com\/primorcosmetics\" \/>\n<meta property=\"article:modified_time\" content=\"2022-07-04T16:04:46+00:00\" \/>\n<meta property=\"og:image\" content=\"https:\/\/primorcosmetics.com\/wp-content\/uploads\/2021\/12\/5f86a3b4704fa800098e27c2.jpeg\" \/>\n<meta name=\"twitter:card\" content=\"summary_large_image\" \/>\n<meta name=\"twitter:label1\" content=\"Becs\u00fclt olvas\u00e1si id\u0151\" \/>\n\t<meta name=\"twitter:data1\" content=\"1 perc\" \/>\n<script type=\"application\/ld+json\" class=\"yoast-schema-graph\">{\"@context\":\"https:\/\/schema.org\",\"@graph\":[{\"@type\":\"WebPage\",\"@id\":\"https:\/\/primorcosmetics.com\/hu\/markak-old\/furla\/\",\"url\":\"https:\/\/primorcosmetics.com\/hu\/markak-old\/furla\/\",\"name\":\"FURLA - Prim\u0151r Cosmetics\",\"isPartOf\":{\"@id\":\"https:\/\/primorcosmetics.com\/#website\"},\"primaryImageOfPage\":{\"@id\":\"https:\/\/primorcosmetics.com\/hu\/markak-old\/furla\/#primaryimage\"},\"image\":{\"@id\":\"https:\/\/primorcosmetics.com\/hu\/markak-old\/furla\/#primaryimage\"},\"thumbnailUrl\":\"https:\/\/primorcosmetics.com\/wp-content\/uploads\/2021\/12\/5f86a3b4704fa800098e27c2.jpeg\",\"datePublished\":\"2021-12-21T08:36:45+00:00\",\"dateModified\":\"2022-07-04T16:04:46+00:00\",\"breadcrumb\":{\"@id\":\"https:\/\/primorcosmetics.com\/hu\/markak-old\/furla\/#breadcrumb\"},\"inLanguage\":\"hu\",\"potentialAction\":[{\"@type\":\"ReadAction\",\"target\":[\"https:\/\/primorcosmetics.com\/hu\/markak-old\/furla\/\"]}]},{\"@type\":\"ImageObject\",\"inLanguage\":\"hu\",\"@id\":\"https:\/\/primorcosmetics.com\/hu\/markak-old\/furla\/#primaryimage\",\"url\":\"https:\/\/primorcosmetics.com\/wp-content\/uploads\/2021\/12\/5f86a3b4704fa800098e27c2.jpeg\",\"contentUrl\":\"https:\/\/primorcosmetics.com\/wp-content\/uploads\/2021\/12\/5f86a3b4704fa800098e27c2.jpeg\"},{\"@type\":\"BreadcrumbList\",\"@id\":\"https:\/\/primorcosmetics.com\/hu\/markak-old\/furla\/#breadcrumb\",\"itemListElement\":[{\"@type\":\"ListItem\",\"position\":1,\"name\":\"Home\",\"item\":\"https:\/\/primorcosmetics.com\/hu\/\"},{\"@type\":\"ListItem\",\"position\":2,\"name\":\"M\u00e1rk\u00e1k\",\"item\":\"https:\/\/primorcosmetics.com\/hu\/markak-old\/\"},{\"@type\":\"ListItem\",\"position\":3,\"name\":\"FURLA\"}]},{\"@type\":\"WebSite\",\"@id\":\"https:\/\/primorcosmetics.com\/#website\",\"url\":\"https:\/\/primorcosmetics.com\/\",\"name\":\"Prim\u0151r Cosmetics\",\"description\":\"Prim\u0151r Cosmetics Leading Hungarian beauty and cosmetics distributor\",\"publisher\":{\"@id\":\"https:\/\/primorcosmetics.com\/#organization\"},\"potentialAction\":[{\"@type\":\"SearchAction\",\"target\":{\"@type\":\"EntryPoint\",\"urlTemplate\":\"https:\/\/primorcosmetics.com\/?s={search_term_string}\"},\"query-input\":{\"@type\":\"PropertyValueSpecification\",\"valueRequired\":true,\"valueName\":\"search_term_string\"}}],\"inLanguage\":\"hu\"},{\"@type\":\"Organization\",\"@id\":\"https:\/\/primorcosmetics.com\/#organization\",\"name\":\"Prim\u0151r Kozmetikai Kft.\",\"url\":\"https:\/\/primorcosmetics.com\/\",\"logo\":{\"@type\":\"ImageObject\",\"inLanguage\":\"hu\",\"@id\":\"https:\/\/primorcosmetics.com\/#\/schema\/logo\/image\/\",\"url\":\"https:\/\/primorcosmetics.com\/wp-content\/uploads\/2021\/12\/Primor_logo_icon_lockup_color.jpg\",\"contentUrl\":\"https:\/\/primorcosmetics.com\/wp-content\/uploads\/2021\/12\/Primor_logo_icon_lockup_color.jpg\",\"width\":1920,\"height\":1080,\"caption\":\"Prim\u0151r Kozmetikai Kft.\"},\"image\":{\"@id\":\"https:\/\/primorcosmetics.com\/#\/schema\/logo\/image\/\"},\"sameAs\":[\"https:\/\/www.facebook.com\/primorcosmetics\",\"https:\/\/www.instagram.com\/primorcosmetics\/\",\"https:\/\/www.linkedin.com\/company\/primorcosmetics\/mycompany\/\",\"https:\/\/www.youtube.com\/channel\/UCd3Uei375tM1XLkCMPhALWQ\"]}]}<\/script>\n<!-- \/ Yoast SEO plugin. -->","yoast_head_json":{"title":"FURLA - Prim\u0151r Cosmetics","robots":{"index":"index","follow":"follow","max-snippet":"max-snippet:-1","max-image-preview":"max-image-preview:large","max-video-preview":"max-video-preview:-1"},"canonical":"https:\/\/primorcosmetics.com\/hu\/markak-old\/furla\/","og_locale":"hu_HU","og_type":"article","og_title":"FURLA - Prim\u0151r Cosmetics","og_description":"FURLA A Furla t\u00e1sk\u00e1kat, cip\u0151ket \u00e9s egy\u00e9b kis b\u0151r\u00e1rukat gy\u00e1rt n\u0151knek \u00e9s f\u00e9rfiaknak egyar\u00e1nt. M\u00e1ra m\u00e1r kiterjesztett\u00e9k a m\u00e1rk\u00e1t textilre, szem\u00fcvegre, \u00f3r\u00e1ra \u00e9s a k\u00f6zelm\u00faltban bevezett\u00e9k az els\u0151 parf\u00fcm kollekci\u00f3jukat is, azzal a c\u00e9llal, hogy olyan kieg\u00e9sz\u00edt\u0151ket hozzanak l\u00e9tre, amelyek k\u00f6zvet\u00edtik az olasz \u00e9let\u00e9rz\u00e9st. Arra k\u00e9rik a fogyaszt\u00f3kat, hogy a Furla term\u00e9kek \u00e1ltal fedezz\u00e9k fel [&hellip;]","og_url":"https:\/\/primorcosmetics.com\/hu\/markak-old\/furla\/","og_site_name":"Prim\u0151r Cosmetics","article_publisher":"https:\/\/www.facebook.com\/primorcosmetics","article_modified_time":"2022-07-04T16:04:46+00:00","og_image":[{"url":"https:\/\/primorcosmetics.com\/wp-content\/uploads\/2021\/12\/5f86a3b4704fa800098e27c2.jpeg","type":"","width":"","height":""}],"twitter_card":"summary_large_image","twitter_misc":{"Becs\u00fclt olvas\u00e1si id\u0151":"1 perc"},"schema":{"@context":"https:\/\/schema.org","@graph":[{"@type":"WebPage","@id":"https:\/\/primorcosmetics.com\/hu\/markak-old\/furla\/","url":"https:\/\/primorcosmetics.com\/hu\/markak-old\/furla\/","name":"FURLA - Prim\u0151r Cosmetics","isPartOf":{"@id":"https:\/\/primorcosmetics.com\/#website"},"primaryImageOfPage":{"@id":"https:\/\/primorcosmetics.com\/hu\/markak-old\/furla\/#primaryimage"},"image":{"@id":"https:\/\/primorcosmetics.com\/hu\/markak-old\/furla\/#primaryimage"},"thumbnailUrl":"https:\/\/primorcosmetics.com\/wp-content\/uploads\/2021\/12\/5f86a3b4704fa800098e27c2.jpeg","datePublished":"2021-12-21T08:36:45+00:00","dateModified":"2022-07-04T16:04:46+00:00","breadcrumb":{"@id":"https:\/\/primorcosmetics.com\/hu\/markak-old\/furla\/#breadcrumb"},"inLanguage":"hu","potentialAction":[{"@type":"ReadAction","target":["https:\/\/primorcosmetics.com\/hu\/markak-old\/furla\/"]}]},{"@type":"ImageObject","inLanguage":"hu","@id":"https:\/\/primorcosmetics.com\/hu\/markak-old\/furla\/#primaryimage","url":"https:\/\/primorcosmetics.com\/wp-content\/uploads\/2021\/12\/5f86a3b4704fa800098e27c2.jpeg","contentUrl":"https:\/\/primorcosmetics.com\/wp-content\/uploads\/2021\/12\/5f86a3b4704fa800098e27c2.jpeg"},{"@type":"BreadcrumbList","@id":"https:\/\/primorcosmetics.com\/hu\/markak-old\/furla\/#breadcrumb","itemListElement":[{"@type":"ListItem","position":1,"name":"Home","item":"https:\/\/primorcosmetics.com\/hu\/"},{"@type":"ListItem","position":2,"name":"M\u00e1rk\u00e1k","item":"https:\/\/primorcosmetics.com\/hu\/markak-old\/"},{"@type":"ListItem","position":3,"name":"FURLA"}]},{"@type":"WebSite","@id":"https:\/\/primorcosmetics.com\/#website","url":"https:\/\/primorcosmetics.com\/","name":"Prim\u0151r Cosmetics","description":"Prim\u0151r Cosmetics Leading Hungarian beauty and cosmetics distributor","publisher":{"@id":"https:\/\/primorcosmetics.com\/#organization"},"potentialAction":[{"@type":"SearchAction","target":{"@type":"EntryPoint","urlTemplate":"https:\/\/primorcosmetics.com\/?s={search_term_string}"},"query-input":{"@type":"PropertyValueSpecification","valueRequired":true,"valueName":"search_term_string"}}],"inLanguage":"hu"},{"@type":"Organization","@id":"https:\/\/primorcosmetics.com\/#organization","name":"Prim\u0151r Kozmetikai Kft.","url":"https:\/\/primorcosmetics.com\/","logo":{"@type":"ImageObject","inLanguage":"hu","@id":"https:\/\/primorcosmetics.com\/#\/schema\/logo\/image\/","url":"https:\/\/primorcosmetics.com\/wp-content\/uploads\/2021\/12\/Primor_logo_icon_lockup_color.jpg","contentUrl":"https:\/\/primorcosmetics.com\/wp-content\/uploads\/2021\/12\/Primor_logo_icon_lockup_color.jpg","width":1920,"height":1080,"caption":"Prim\u0151r Kozmetikai Kft."},"image":{"@id":"https:\/\/primorcosmetics.com\/#\/schema\/logo\/image\/"},"sameAs":["https:\/\/www.facebook.com\/primorcosmetics","https:\/\/www.instagram.com\/primorcosmetics\/","https:\/\/www.linkedin.com\/company\/primorcosmetics\/mycompany\/","https:\/\/www.youtube.com\/channel\/UCd3Uei375tM1XLkCMPhALWQ"]}]}},"_links":{"self":[{"href":"https:\/\/primorcosmetics.com\/hu\/wp-json\/wp\/v2\/pages\/1675","targetHints":{"allow":["GET"]}}],"collection":[{"href":"https:\/\/primorcosmetics.com\/hu\/wp-json\/wp\/v2\/pages"}],"about":[{"href":"https:\/\/primorcosmetics.com\/hu\/wp-json\/wp\/v2\/types\/page"}],"author":[{"embeddable":true,"href":"https:\/\/primorcosmetics.com\/hu\/wp-json\/wp\/v2\/users\/2"}],"replies":[{"embeddable":true,"href":"https:\/\/primorcosmetics.com\/hu\/wp-json\/wp\/v2\/comments?post=1675"}],"version-history":[{"count":1,"href":"https:\/\/primorcosmetics.com\/hu\/wp-json\/wp\/v2\/pages\/1675\/revisions"}],"predecessor-version":[{"id":1676,"href":"https:\/\/primorcosmetics.com\/hu\/wp-json\/wp\/v2\/pages\/1675\/revisions\/1676"}],"up":[{"embeddable":true,"href":"https:\/\/primorcosmetics.com\/hu\/wp-json\/wp\/v2\/pages\/1659"}],"wp:attachment":[{"href":"https:\/\/primorcosmetics.com\/hu\/wp-json\/wp\/v2\/media?parent=1675"}],"curies":[{"name":"wp","href":"https:\/\/api.w.org\/{rel}","templated":true}]}}