{"id":1677,"date":"2021-12-21T08:29:33","date_gmt":"2021-12-21T08:29:33","guid":{"rendered":"https:\/\/primorcosmetics.com\/markak\/st-tropez\/"},"modified":"2025-02-03T14:34:17","modified_gmt":"2025-02-03T14:34:17","slug":"st-tropez","status":"publish","type":"page","link":"https:\/\/primorcosmetics.com\/hu\/markak-old\/st-tropez\/","title":{"rendered":"ST. TROPEZ"},"content":{"rendered":"<style>\/*! elementor - v3.8.0 - 30-10-2022 *\/\n.elementor-column .elementor-spacer-inner{height:var(--spacer-size)}.e-con{--container-widget-width:100%}.e-con-inner>.elementor-widget-spacer,.e-con>.elementor-widget-spacer{width:var(--container-widget-width,var(--spacer-size));-ms-flex-item-align:stretch;align-self:stretch;-ms-flex-negative:0;flex-shrink:0}.e-con-inner>.elementor-widget-spacer>.elementor-widget-container,.e-con-inner>.elementor-widget-spacer>.elementor-widget-container>.elementor-spacer,.e-con>.elementor-widget-spacer>.elementor-widget-container,.e-con>.elementor-widget-spacer>.elementor-widget-container>.elementor-spacer{height:100%}.e-con-inner>.elementor-widget-spacer>.elementor-widget-container>.elementor-spacer>.elementor-spacer-inner,.e-con>.elementor-widget-spacer>.elementor-widget-container>.elementor-spacer>.elementor-spacer-inner{height:var(--container-widget-height,var(--spacer-size))}<\/style>\n<style>\/*! elementor - v3.8.0 - 30-10-2022 *\/\n.elementor-heading-title{padding:0;margin:0;line-height:1}.elementor-widget-heading .elementor-heading-title[class*=elementor-size-]>a{color:inherit;font-size:inherit;line-height:inherit}.elementor-widget-heading .elementor-heading-title.elementor-size-small{font-size:15px}.elementor-widget-heading .elementor-heading-title.elementor-size-medium{font-size:19px}.elementor-widget-heading .elementor-heading-title.elementor-size-large{font-size:29px}.elementor-widget-heading .elementor-heading-title.elementor-size-xl{font-size:39px}.elementor-widget-heading .elementor-heading-title.elementor-size-xxl{font-size:59px}<\/style>\n<h1>ST. TROPEZ <\/h1>\n<p>A St.Tropez b\u0151r\u00e1pol\u00e1s ter\u00fclet\u00e9n szerzett t\u00f6bb, mint 20 \u00e9ves tapasztalat\u00e1val maxim\u00e1lis barnul\u00e1si \u00e9lm\u00e9nyt ny\u00fajt mindenkinek. A szol\u00e1rium \u00e9s az UV sug\u00e1rz\u00e1s k\u00e1ros hat\u00e1sai n\u00e9lk\u00fcl biztos\u00edtott t\u00f6k\u00e9letes napbarn\u00edtott b\u0151r\u00f6n, az eg\u00e9szs\u00e9gesebb b\u0151rsz\u00ednen \u00e9s az eg\u00e9sz \u00e9vben tart\u00f3 magabiztoss\u00e1gon k\u00edv\u00fcl, a m\u00e1rka a k\u00f6rnyezettudatoss\u00e1got is szem el\u0151tt tartja. Mindegyik \u00f6nbarn\u00edt\u00f3 \u00fajrahasznos\u00edthat\u00f3 palackba van z\u00e1rva, melyek \u00fajrahasznos\u00edtott m\u0171anyagb\u00f3l k\u00e9sz\u00fcltek Term\u00e9kei 100%-ban tiszta, veg\u00e1n \u00e9s term\u00e9szetes barn\u00edt\u00f3 hat\u00f3anyagokat tartalmaznak, ezzel hozz\u00e1j\u00e1rulva a tudatos sz\u00e9ps\u00e9g\u00e1pol\u00e1shoz.<\/p>\n<h2>St.Tropez \u00e9rt\u00e9kek<\/h2>\n<p>St. Tropez sokkal t\u00f6bbet k\u00e9pvisel, mint az egyszer\u0171 \u00f6nbarn\u00edt\u00e1s. A m\u00e1rka \u00e9rt\u00e9kei szerint a legfontosabb, hogy elfogadd \u00e9s j\u00f3l \u00e9rzed magad a b\u0151r\u00f6dben, szeresd \u00e9s \u00e9rt\u00e9keld magad az \u00e9v minden egyes napj\u00e1n. A magabiztoss\u00e1g mindenkin\u00e9l m\u00e1sb\u00f3l ered. A St. Tropez b\u0151r\u00e1pol\u00e1s oldalr\u00f3l, a t\u00f6k\u00e9letes aranybarna b\u0151rsz\u00edn el\u00e9r\u00e9s\u00e9vel igyekszik t\u00e1mogatni ezen az \u00faton: \u201eAz \u00f6nbarn\u00edt\u00e1s l\u00e9nyege nem is az, hogy milyen lesz t\u0151le a b\u0151r\u00fcnk, hanem az, hogyan \u00e9rezz\u00fck magunkat t\u0151le.\u201d A m\u00e1rka \u00faj nagyk\u00f6vete, Ashley Graham, a gy\u00f6ny\u00f6r\u0171 plus-size modell mindent megtesz annak \u00e9rdek\u00e9ben, hogy mindannyian ragyoghassunk k\u00edv\u00fcl-bel\u00fcl!<\/p>\n<h2>St.Tropez t\u00f6rt\u00e9nete<\/h2>\n<p>A St.Tropez nem v\u00e9letlen\u00fcl az Egyes\u00fclt Kir\u00e1lys\u00e1g legn\u00e9pszer\u0171bb \u00e9s legmegb\u00edzhat\u00f3bb \u00f6nbarn\u00edt\u00f3 m\u00e1rk\u00e1ja, hisz t\u00f6rt\u00e9nete eg\u00e9szen 1996-ra ny\u00falik vissza, amikoris els\u0151k k\u00f6z\u00f6tt kezdett k\u00edn\u00e1lni barn\u00edt\u00f3 term\u00e9keket szalonoknak \u00e9s \u00fcgyfeleknek egyar\u00e1nt. T\u00f6bb mint 20 \u00e9v tapasztalattal \u00e9s sz\u00e1mos d\u00edjjal a h\u00e1ta m\u00f6g\u00f6tt a m\u00e1rka vil\u00e1gszerte az \u00f6nbarn\u00edt\u00e1s c\u00edmv\u00e9d\u0151j\u00e9v\u00e9 n\u0151tte ki mag\u00e1t.<\/p>\n<p>\t\t\t<a href=\"https:\/\/primorcosmetics.com\/hu\/kapcsolat\/\" role=\"button\"><br \/>\n\t\t\t\t\t\tKapcsolat<br \/>\n\t\t\t\t\t<\/a><\/p>\n","protected":false},"excerpt":{"rendered":"<p>ST. TROPEZ A St.Tropez b\u0151r\u00e1pol\u00e1s ter\u00fclet\u00e9n szerzett t\u00f6bb, mint 20 \u00e9ves tapasztalat\u00e1val maxim\u00e1lis barnul\u00e1si \u00e9lm\u00e9nyt ny\u00fajt mindenkinek. A szol\u00e1rium \u00e9s az UV sug\u00e1rz\u00e1s k\u00e1ros hat\u00e1sai n\u00e9lk\u00fcl biztos\u00edtott t\u00f6k\u00e9letes napbarn\u00edtott b\u0151r\u00f6n, az eg\u00e9szs\u00e9gesebb b\u0151rsz\u00ednen \u00e9s az eg\u00e9sz \u00e9vben tart\u00f3 magabiztoss\u00e1gon k\u00edv\u00fcl, a m\u00e1rka a k\u00f6rnyezettudatoss\u00e1got is szem el\u0151tt tartja. Mindegyik \u00f6nbarn\u00edt\u00f3 \u00fajrahasznos\u00edthat\u00f3 palackba van z\u00e1rva, melyek [&hellip;]<\/p>\n","protected":false},"author":2,"featured_media":0,"parent":1659,"menu_order":0,"comment_status":"closed","ping_status":"closed","template":"","meta":{"footnotes":""},"class_list":["post-1677","page","type-page","status-publish","hentry"],"yoast_head":"<!-- This site is optimized with the Yoast SEO plugin v25.7 - https:\/\/yoast.com\/wordpress\/plugins\/seo\/ -->\n<title>ST. TROPEZ - Prim\u0151r Cosmetics<\/title>\n<meta name=\"description\" content=\"Ismerd meg m\u00e1rk\u00e1inkat: ST. Tropez, a legjob barnul\u00e1si \u00e9lm\u00e9ny mindenkinek\" \/>\n<meta name=\"robots\" content=\"index, follow, max-snippet:-1, max-image-preview:large, max-video-preview:-1\" \/>\n<link rel=\"canonical\" href=\"https:\/\/primorcosmetics.com\/hu\/markak-old\/st-tropez\/\" \/>\n<meta property=\"og:locale\" content=\"hu_HU\" \/>\n<meta property=\"og:type\" content=\"article\" \/>\n<meta property=\"og:title\" content=\"ST. TROPEZ - Prim\u0151r Cosmetics\" \/>\n<meta property=\"og:description\" content=\"Ismerd meg m\u00e1rk\u00e1inkat: ST. Tropez, a legjob barnul\u00e1si \u00e9lm\u00e9ny mindenkinek\" \/>\n<meta property=\"og:url\" content=\"https:\/\/primorcosmetics.com\/hu\/markak-old\/st-tropez\/\" \/>\n<meta property=\"og:site_name\" content=\"Prim\u0151r Cosmetics\" \/>\n<meta property=\"article:publisher\" content=\"https:\/\/www.facebook.com\/primorcosmetics\" \/>\n<meta property=\"article:modified_time\" content=\"2025-02-03T14:34:17+00:00\" \/>\n<meta name=\"twitter:card\" content=\"summary_large_image\" \/>\n<meta name=\"twitter:label1\" content=\"Becs\u00fclt olvas\u00e1si id\u0151\" \/>\n\t<meta name=\"twitter:data1\" content=\"2 perc\" \/>\n<script type=\"application\/ld+json\" class=\"yoast-schema-graph\">{\"@context\":\"https:\/\/schema.org\",\"@graph\":[{\"@type\":\"WebPage\",\"@id\":\"https:\/\/primorcosmetics.com\/hu\/markak-old\/st-tropez\/\",\"url\":\"https:\/\/primorcosmetics.com\/hu\/markak-old\/st-tropez\/\",\"name\":\"ST. TROPEZ - Prim\u0151r Cosmetics\",\"isPartOf\":{\"@id\":\"https:\/\/primorcosmetics.com\/#website\"},\"datePublished\":\"2021-12-21T08:29:33+00:00\",\"dateModified\":\"2025-02-03T14:34:17+00:00\",\"description\":\"Ismerd meg m\u00e1rk\u00e1inkat: ST. Tropez, a legjob barnul\u00e1si \u00e9lm\u00e9ny mindenkinek\",\"breadcrumb\":{\"@id\":\"https:\/\/primorcosmetics.com\/hu\/markak-old\/st-tropez\/#breadcrumb\"},\"inLanguage\":\"hu\",\"potentialAction\":[{\"@type\":\"ReadAction\",\"target\":[\"https:\/\/primorcosmetics.com\/hu\/markak-old\/st-tropez\/\"]}]},{\"@type\":\"BreadcrumbList\",\"@id\":\"https:\/\/primorcosmetics.com\/hu\/markak-old\/st-tropez\/#breadcrumb\",\"itemListElement\":[{\"@type\":\"ListItem\",\"position\":1,\"name\":\"Home\",\"item\":\"https:\/\/primorcosmetics.com\/hu\/\"},{\"@type\":\"ListItem\",\"position\":2,\"name\":\"M\u00e1rk\u00e1k\",\"item\":\"https:\/\/primorcosmetics.com\/hu\/markak-old\/\"},{\"@type\":\"ListItem\",\"position\":3,\"name\":\"ST. TROPEZ\"}]},{\"@type\":\"WebSite\",\"@id\":\"https:\/\/primorcosmetics.com\/#website\",\"url\":\"https:\/\/primorcosmetics.com\/\",\"name\":\"Prim\u0151r Cosmetics\",\"description\":\"Prim\u0151r Cosmetics Leading Hungarian beauty and cosmetics distributor\",\"publisher\":{\"@id\":\"https:\/\/primorcosmetics.com\/#organization\"},\"potentialAction\":[{\"@type\":\"SearchAction\",\"target\":{\"@type\":\"EntryPoint\",\"urlTemplate\":\"https:\/\/primorcosmetics.com\/?s={search_term_string}\"},\"query-input\":{\"@type\":\"PropertyValueSpecification\",\"valueRequired\":true,\"valueName\":\"search_term_string\"}}],\"inLanguage\":\"hu\"},{\"@type\":\"Organization\",\"@id\":\"https:\/\/primorcosmetics.com\/#organization\",\"name\":\"Prim\u0151r Kozmetikai Kft.\",\"url\":\"https:\/\/primorcosmetics.com\/\",\"logo\":{\"@type\":\"ImageObject\",\"inLanguage\":\"hu\",\"@id\":\"https:\/\/primorcosmetics.com\/#\/schema\/logo\/image\/\",\"url\":\"https:\/\/primorcosmetics.com\/wp-content\/uploads\/2021\/12\/Primor_logo_icon_lockup_color.jpg\",\"contentUrl\":\"https:\/\/primorcosmetics.com\/wp-content\/uploads\/2021\/12\/Primor_logo_icon_lockup_color.jpg\",\"width\":1920,\"height\":1080,\"caption\":\"Prim\u0151r Kozmetikai Kft.\"},\"image\":{\"@id\":\"https:\/\/primorcosmetics.com\/#\/schema\/logo\/image\/\"},\"sameAs\":[\"https:\/\/www.facebook.com\/primorcosmetics\",\"https:\/\/www.instagram.com\/primorcosmetics\/\",\"https:\/\/www.linkedin.com\/company\/primorcosmetics\/mycompany\/\",\"https:\/\/www.youtube.com\/channel\/UCd3Uei375tM1XLkCMPhALWQ\"]}]}<\/script>\n<!-- \/ Yoast SEO plugin. -->","yoast_head_json":{"title":"ST. TROPEZ - Prim\u0151r Cosmetics","description":"Ismerd meg m\u00e1rk\u00e1inkat: ST. Tropez, a legjob barnul\u00e1si \u00e9lm\u00e9ny mindenkinek","robots":{"index":"index","follow":"follow","max-snippet":"max-snippet:-1","max-image-preview":"max-image-preview:large","max-video-preview":"max-video-preview:-1"},"canonical":"https:\/\/primorcosmetics.com\/hu\/markak-old\/st-tropez\/","og_locale":"hu_HU","og_type":"article","og_title":"ST. TROPEZ - Prim\u0151r Cosmetics","og_description":"Ismerd meg m\u00e1rk\u00e1inkat: ST. Tropez, a legjob barnul\u00e1si \u00e9lm\u00e9ny mindenkinek","og_url":"https:\/\/primorcosmetics.com\/hu\/markak-old\/st-tropez\/","og_site_name":"Prim\u0151r Cosmetics","article_publisher":"https:\/\/www.facebook.com\/primorcosmetics","article_modified_time":"2025-02-03T14:34:17+00:00","twitter_card":"summary_large_image","twitter_misc":{"Becs\u00fclt olvas\u00e1si id\u0151":"2 perc"},"schema":{"@context":"https:\/\/schema.org","@graph":[{"@type":"WebPage","@id":"https:\/\/primorcosmetics.com\/hu\/markak-old\/st-tropez\/","url":"https:\/\/primorcosmetics.com\/hu\/markak-old\/st-tropez\/","name":"ST. TROPEZ - Prim\u0151r Cosmetics","isPartOf":{"@id":"https:\/\/primorcosmetics.com\/#website"},"datePublished":"2021-12-21T08:29:33+00:00","dateModified":"2025-02-03T14:34:17+00:00","description":"Ismerd meg m\u00e1rk\u00e1inkat: ST. Tropez, a legjob barnul\u00e1si \u00e9lm\u00e9ny mindenkinek","breadcrumb":{"@id":"https:\/\/primorcosmetics.com\/hu\/markak-old\/st-tropez\/#breadcrumb"},"inLanguage":"hu","potentialAction":[{"@type":"ReadAction","target":["https:\/\/primorcosmetics.com\/hu\/markak-old\/st-tropez\/"]}]},{"@type":"BreadcrumbList","@id":"https:\/\/primorcosmetics.com\/hu\/markak-old\/st-tropez\/#breadcrumb","itemListElement":[{"@type":"ListItem","position":1,"name":"Home","item":"https:\/\/primorcosmetics.com\/hu\/"},{"@type":"ListItem","position":2,"name":"M\u00e1rk\u00e1k","item":"https:\/\/primorcosmetics.com\/hu\/markak-old\/"},{"@type":"ListItem","position":3,"name":"ST. TROPEZ"}]},{"@type":"WebSite","@id":"https:\/\/primorcosmetics.com\/#website","url":"https:\/\/primorcosmetics.com\/","name":"Prim\u0151r Cosmetics","description":"Prim\u0151r Cosmetics Leading Hungarian beauty and cosmetics distributor","publisher":{"@id":"https:\/\/primorcosmetics.com\/#organization"},"potentialAction":[{"@type":"SearchAction","target":{"@type":"EntryPoint","urlTemplate":"https:\/\/primorcosmetics.com\/?s={search_term_string}"},"query-input":{"@type":"PropertyValueSpecification","valueRequired":true,"valueName":"search_term_string"}}],"inLanguage":"hu"},{"@type":"Organization","@id":"https:\/\/primorcosmetics.com\/#organization","name":"Prim\u0151r Kozmetikai Kft.","url":"https:\/\/primorcosmetics.com\/","logo":{"@type":"ImageObject","inLanguage":"hu","@id":"https:\/\/primorcosmetics.com\/#\/schema\/logo\/image\/","url":"https:\/\/primorcosmetics.com\/wp-content\/uploads\/2021\/12\/Primor_logo_icon_lockup_color.jpg","contentUrl":"https:\/\/primorcosmetics.com\/wp-content\/uploads\/2021\/12\/Primor_logo_icon_lockup_color.jpg","width":1920,"height":1080,"caption":"Prim\u0151r Kozmetikai Kft."},"image":{"@id":"https:\/\/primorcosmetics.com\/#\/schema\/logo\/image\/"},"sameAs":["https:\/\/www.facebook.com\/primorcosmetics","https:\/\/www.instagram.com\/primorcosmetics\/","https:\/\/www.linkedin.com\/company\/primorcosmetics\/mycompany\/","https:\/\/www.youtube.com\/channel\/UCd3Uei375tM1XLkCMPhALWQ"]}]}},"_links":{"self":[{"href":"https:\/\/primorcosmetics.com\/hu\/wp-json\/wp\/v2\/pages\/1677","targetHints":{"allow":["GET"]}}],"collection":[{"href":"https:\/\/primorcosmetics.com\/hu\/wp-json\/wp\/v2\/pages"}],"about":[{"href":"https:\/\/primorcosmetics.com\/hu\/wp-json\/wp\/v2\/types\/page"}],"author":[{"embeddable":true,"href":"https:\/\/primorcosmetics.com\/hu\/wp-json\/wp\/v2\/users\/2"}],"replies":[{"embeddable":true,"href":"https:\/\/primorcosmetics.com\/hu\/wp-json\/wp\/v2\/comments?post=1677"}],"version-history":[{"count":7,"href":"https:\/\/primorcosmetics.com\/hu\/wp-json\/wp\/v2\/pages\/1677\/revisions"}],"predecessor-version":[{"id":2579,"href":"https:\/\/primorcosmetics.com\/hu\/wp-json\/wp\/v2\/pages\/1677\/revisions\/2579"}],"up":[{"embeddable":true,"href":"https:\/\/primorcosmetics.com\/hu\/wp-json\/wp\/v2\/pages\/1659"}],"wp:attachment":[{"href":"https:\/\/primorcosmetics.com\/hu\/wp-json\/wp\/v2\/media?parent=1677"}],"curies":[{"name":"wp","href":"https:\/\/api.w.org\/{rel}","templated":true}]}}