{"id":1679,"date":"2021-12-21T06:49:12","date_gmt":"2021-12-21T06:49:12","guid":{"rendered":"https:\/\/primorcosmetics.com\/markak\/collistar\/"},"modified":"2022-07-04T16:13:46","modified_gmt":"2022-07-04T16:13:46","slug":"collistar","status":"publish","type":"page","link":"https:\/\/primorcosmetics.com\/hu\/markak-old\/collistar\/","title":{"rendered":"COLLISTAR"},"content":{"rendered":"\t\t<div data-elementor-type=\"wp-page\" data-elementor-id=\"1679\" class=\"elementor elementor-1679 elementor-440\" data-elementor-post-type=\"page\">\n\t\t\t\t\t\t<section class=\"elementor-section elementor-top-section elementor-element elementor-element-1a60289 elementor-section-boxed elementor-section-height-default elementor-section-height-default\" data-id=\"1a60289\" data-element_type=\"section\">\n\t\t\t\t\t\t<div class=\"elementor-container elementor-column-gap-default\">\n\t\t\t\t\t<div class=\"elementor-column elementor-col-100 elementor-top-column elementor-element elementor-element-bbd7392\" data-id=\"bbd7392\" data-element_type=\"column\">\n\t\t\t<div class=\"elementor-widget-wrap\">\n\t\t\t\t\t\t\t<\/div>\n\t\t<\/div>\n\t\t\t\t\t<\/div>\n\t\t<\/section>\n\t\t\t\t<section class=\"elementor-section elementor-top-section elementor-element elementor-element-895bee5 elementor-section-boxed elementor-section-height-default elementor-section-height-default\" data-id=\"895bee5\" data-element_type=\"section\">\n\t\t\t\t\t\t<div class=\"elementor-container elementor-column-gap-default\">\n\t\t\t\t\t<div class=\"elementor-column elementor-col-100 elementor-top-column elementor-element elementor-element-d7443bc\" data-id=\"d7443bc\" data-element_type=\"column\">\n\t\t\t<div class=\"elementor-widget-wrap elementor-element-populated\">\n\t\t\t\t\t\t<div class=\"elementor-element elementor-element-de978f0 elementor-widget elementor-widget-spacer\" data-id=\"de978f0\" data-element_type=\"widget\" data-widget_type=\"spacer.default\">\n\t\t\t\t<div class=\"elementor-widget-container\">\n\t\t\t\t\t\t\t<div class=\"elementor-spacer\">\n\t\t\t<div class=\"elementor-spacer-inner\"><\/div>\n\t\t<\/div>\n\t\t\t\t\t\t<\/div>\n\t\t\t\t<\/div>\n\t\t\t\t\t<\/div>\n\t\t<\/div>\n\t\t\t\t\t<\/div>\n\t\t<\/section>\n\t\t\t\t<section class=\"elementor-section elementor-top-section elementor-element elementor-element-522204b elementor-section-boxed elementor-section-height-default elementor-section-height-default\" data-id=\"522204b\" data-element_type=\"section\">\n\t\t\t\t\t\t<div class=\"elementor-container elementor-column-gap-default\">\n\t\t\t\t\t<div class=\"elementor-column elementor-col-100 elementor-top-column elementor-element elementor-element-a90f324\" data-id=\"a90f324\" data-element_type=\"column\">\n\t\t\t<div class=\"elementor-widget-wrap elementor-element-populated\">\n\t\t\t\t\t\t<div class=\"elementor-element elementor-element-f9c6f60 elementor-widget elementor-widget-heading\" data-id=\"f9c6f60\" data-element_type=\"widget\" data-widget_type=\"heading.default\">\n\t\t\t\t<div class=\"elementor-widget-container\">\n\t\t\t\t\t<h1 class=\"elementor-heading-title elementor-size-default\">COLLISTAR<\/h1>\t\t\t\t<\/div>\n\t\t\t\t<\/div>\n\t\t\t\t\t<\/div>\n\t\t<\/div>\n\t\t\t\t\t<\/div>\n\t\t<\/section>\n\t\t\t\t<section class=\"elementor-section elementor-top-section elementor-element elementor-element-5bebc7f elementor-section-boxed elementor-section-height-default elementor-section-height-default\" data-id=\"5bebc7f\" data-element_type=\"section\">\n\t\t\t\t\t\t<div class=\"elementor-container elementor-column-gap-default\">\n\t\t\t\t\t<div class=\"elementor-column elementor-col-100 elementor-top-column elementor-element elementor-element-44198d4\" data-id=\"44198d4\" data-element_type=\"column\">\n\t\t\t<div class=\"elementor-widget-wrap elementor-element-populated\">\n\t\t\t\t\t\t<div class=\"elementor-element elementor-element-04171c3 elementor-widget elementor-widget-spacer\" data-id=\"04171c3\" data-element_type=\"widget\" data-widget_type=\"spacer.default\">\n\t\t\t\t<div class=\"elementor-widget-container\">\n\t\t\t\t\t\t\t<div class=\"elementor-spacer\">\n\t\t\t<div class=\"elementor-spacer-inner\"><\/div>\n\t\t<\/div>\n\t\t\t\t\t\t<\/div>\n\t\t\t\t<\/div>\n\t\t\t\t\t<\/div>\n\t\t<\/div>\n\t\t\t\t\t<\/div>\n\t\t<\/section>\n\t\t\t\t<section class=\"elementor-section elementor-top-section elementor-element elementor-element-896add9 elementor-section-boxed elementor-section-height-default elementor-section-height-default\" data-id=\"896add9\" data-element_type=\"section\">\n\t\t\t\t\t\t<div class=\"elementor-container elementor-column-gap-default\">\n\t\t\t\t\t<div class=\"elementor-column elementor-col-50 elementor-top-column elementor-element elementor-element-3e24276\" data-id=\"3e24276\" data-element_type=\"column\">\n\t\t\t<div class=\"elementor-widget-wrap elementor-element-populated\">\n\t\t\t\t\t\t<div class=\"elementor-element elementor-element-4f9bd72 elementor-widget elementor-widget-text-editor\" data-id=\"4f9bd72\" data-element_type=\"widget\" data-widget_type=\"text-editor.default\">\n\t\t\t\t<div class=\"elementor-widget-container\">\n\t\t\t\t\t\t\t\t\t<p>A Collistar egy piacvezet\u0151 olasz m\u00e1rka, mely a legfrissebb trendeknek megfelel\u0151, ut\u00e1nozhatatlan \u00e9s forradalmi b\u0151r\u00e1pol\u00e1si term\u00e9keir\u0151l ismert. A testkezel\u00e9sek szak\u00e9rt\u0151je. B\u0151r\u00e1pol\u00e1si term\u00e9kei a legkorszer\u0171bb kutat\u00e1si eredm\u00e9nyek \u00e1ltal igazolt, \u00e9rt\u00e9kes formul\u00e1kat \u00e9s gondosan v\u00e1logatott, akt\u00edv \u00f6sszetev\u0151ket tartalmazz\u00e1k, t\u00f6k\u00e9letes megjelen\u00e9st biztos\u00edtva a n\u0151k sz\u00e1m\u00e1ra. A b\u0151r\u00e1pol\u00e1s ter\u00fclet\u00e9n folyamatosan a maximumra t\u00f6rekszik, ahol az innov\u00e1ci\u00f3 \u00e9s az inspir\u00e1ci\u00f3 a legfontosabb A Collistar portf\u00f3li\u00f3j\u00e1ban mindenki megtal\u00e1lhatja a sz\u00e1m\u00e1ra legmegfelel\u0151bb, komplett arc \u00e9s test\u00e1pol\u00e1shoz sz\u00fcks\u00e9ges b\u0151r\u00e1pol\u00f3 term\u00e9keket.<\/p>\t\t\t\t\t\t\t\t<\/div>\n\t\t\t\t<\/div>\n\t\t\t\t<div class=\"elementor-element elementor-element-78291fc elementor-widget elementor-widget-heading\" data-id=\"78291fc\" data-element_type=\"widget\" data-widget_type=\"heading.default\">\n\t\t\t\t<div class=\"elementor-widget-container\">\n\t\t\t\t\t<h2 class=\"elementor-heading-title elementor-size-default\">Collistar \u00e9rt\u00e9kek<\/h2>\t\t\t\t<\/div>\n\t\t\t\t<\/div>\n\t\t\t\t<div class=\"elementor-element elementor-element-51a330c elementor-widget elementor-widget-text-editor\" data-id=\"51a330c\" data-element_type=\"widget\" data-widget_type=\"text-editor.default\">\n\t\t\t\t<div class=\"elementor-widget-container\">\n\t\t\t\t\t\t\t\t\t<p>Az innovat\u00edv olasz m\u00e1rka filoz\u00f3fi\u00e1ja a sz\u00e9ps\u00e9g ir\u00e1nti elhivatotts\u00e1g \u00e9s az innov\u00e1ci\u00f3 ir\u00e1nti elk\u00f6telezetts\u00e9g. A term\u00e9kek a spa \u00e9lm\u00e9nyt egyes\u00edtik a kutat\u00e1sok \u00e1ltal igazolt, hat\u00e9kony v\u00e9geredm\u00e9nyekkel.<\/p>\t\t\t\t\t\t\t\t<\/div>\n\t\t\t\t<\/div>\n\t\t\t\t<div class=\"elementor-element elementor-element-9d504d0 elementor-widget elementor-widget-heading\" data-id=\"9d504d0\" data-element_type=\"widget\" data-widget_type=\"heading.default\">\n\t\t\t\t<div class=\"elementor-widget-container\">\n\t\t\t\t\t<h2 class=\"elementor-heading-title elementor-size-default\">Collistar t\u00f6rt\u00e9nete<\/h2>\t\t\t\t<\/div>\n\t\t\t\t<\/div>\n\t\t\t\t<div class=\"elementor-element elementor-element-5562f13 elementor-widget elementor-widget-text-editor\" data-id=\"5562f13\" data-element_type=\"widget\" data-widget_type=\"text-editor.default\">\n\t\t\t\t<div class=\"elementor-widget-container\">\n\t\t\t\t\t\t\t\t\t<p>A Collistar t\u00f6rt\u00e9nete a divat \u00e9s b\u0151r\u00e1pol\u00e1s vil\u00e1g\u00e1nak sz\u00edv\u00e9be, az olaszorsz\u00e1gi Mil\u00e1n\u00f3ba ny\u00falik vissza eg\u00e9szen 1983-ig. M\u00e1r a kezdetekt\u0151l fogva a cs\u00facsmin\u0151s\u00e9gre \u00e9s a tudom\u00e1nyos kutat\u00e1sok eredm\u00e9nyess\u00e9g\u00e9re helyezt\u00e9k a hangs\u00falyt. Min\u0151s\u00e9gi b\u0151r\u00e1pol\u00e1si term\u00e9keinek k\u00f6sz\u00f6nhet\u0151en azonban hamarosan nem csup\u00e1n Olaszorsz\u00e1gban, de k\u00fclf\u00f6ld\u00f6n is elismertt\u00e9 \u00e9s rendk\u00edv\u00fcl keresett\u00e9 v\u00e1lt a v\u00e1s\u00e1rl\u00f3k k\u00f6r\u00e9ben. Innovat\u00edv b\u0151r\u00e1pol\u00e1si term\u00e9kei napjainkban m\u00e1r a vil\u00e1g t\u00f6bb, mint 40 orsz\u00e1g\u00e1ban az olasz sz\u00e9ps\u00e9g \u00e9s st\u00edlus szimb\u00f3lumak\u00e9nt van jelen.<\/p>\t\t\t\t\t\t\t\t<\/div>\n\t\t\t\t<\/div>\n\t\t\t\t<div class=\"elementor-element elementor-element-58ca072 elementor-align-center elementor-widget elementor-widget-button\" data-id=\"58ca072\" data-element_type=\"widget\" data-widget_type=\"button.default\">\n\t\t\t\t<div class=\"elementor-widget-container\">\n\t\t\t\t\t\t\t\t\t<div class=\"elementor-button-wrapper\">\n\t\t\t\t\t<a class=\"elementor-button elementor-button-link elementor-size-sm\" href=\"https:\/\/primorcosmetics.com\/hu\/kapcsolat\/\">\n\t\t\t\t\t\t<span class=\"elementor-button-content-wrapper\">\n\t\t\t\t\t\t\t\t\t<span class=\"elementor-button-text\">Kapcsolat<\/span>\n\t\t\t\t\t<\/span>\n\t\t\t\t\t<\/a>\n\t\t\t\t<\/div>\n\t\t\t\t\t\t\t\t<\/div>\n\t\t\t\t<\/div>\n\t\t\t\t\t<\/div>\n\t\t<\/div>\n\t\t\t\t<div class=\"elementor-column elementor-col-50 elementor-top-column elementor-element elementor-element-a2affe2\" data-id=\"a2affe2\" data-element_type=\"column\">\n\t\t\t<div class=\"elementor-widget-wrap elementor-element-populated\">\n\t\t\t\t\t\t<div class=\"elementor-element elementor-element-7fe6cd9 elementor-widget elementor-widget-image\" data-id=\"7fe6cd9\" data-element_type=\"widget\" data-widget_type=\"image.default\">\n\t\t\t\t<div class=\"elementor-widget-container\">\n\t\t\t\t\t\t\t\t\t\t\t\t\t\t\t<img fetchpriority=\"high\" decoding=\"async\" width=\"709\" height=\"1024\" src=\"https:\/\/primorcosmetics.com\/wp-content\/uploads\/2022\/01\/Group_Routine-Body_2021_01-709x1024.jpg\" class=\"attachment-large size-large wp-image-1492\" alt=\"Collistar b\u0151r\u00e1pol\u00e1si term\u00e9kek\" srcset=\"https:\/\/primorcosmetics.com\/wp-content\/uploads\/2022\/01\/Group_Routine-Body_2021_01-709x1024.jpg 709w, https:\/\/primorcosmetics.com\/wp-content\/uploads\/2022\/01\/Group_Routine-Body_2021_01-208x300.jpg 208w, https:\/\/primorcosmetics.com\/wp-content\/uploads\/2022\/01\/Group_Routine-Body_2021_01-768x1109.jpg 768w, https:\/\/primorcosmetics.com\/wp-content\/uploads\/2022\/01\/Group_Routine-Body_2021_01-1063x1536.jpg 1063w, https:\/\/primorcosmetics.com\/wp-content\/uploads\/2022\/01\/Group_Routine-Body_2021_01-1418x2048.jpg 1418w, https:\/\/primorcosmetics.com\/wp-content\/uploads\/2022\/01\/Group_Routine-Body_2021_01-scaled.jpg 1772w\" sizes=\"(max-width: 709px) 100vw, 709px\" \/>\t\t\t\t\t\t\t\t\t\t\t\t\t\t\t<\/div>\n\t\t\t\t<\/div>\n\t\t\t\t\t<\/div>\n\t\t<\/div>\n\t\t\t\t\t<\/div>\n\t\t<\/section>\n\t\t\t\t<\/div>\n\t\t","protected":false},"excerpt":{"rendered":"<p>COLLISTAR A Collistar egy piacvezet\u0151 olasz m\u00e1rka, mely a legfrissebb trendeknek megfelel\u0151, ut\u00e1nozhatatlan \u00e9s forradalmi b\u0151r\u00e1pol\u00e1si term\u00e9keir\u0151l ismert. A testkezel\u00e9sek szak\u00e9rt\u0151je. B\u0151r\u00e1pol\u00e1si term\u00e9kei a legkorszer\u0171bb kutat\u00e1si eredm\u00e9nyek \u00e1ltal igazolt, \u00e9rt\u00e9kes formul\u00e1kat \u00e9s gondosan v\u00e1logatott, akt\u00edv \u00f6sszetev\u0151ket tartalmazz\u00e1k, t\u00f6k\u00e9letes megjelen\u00e9st biztos\u00edtva a n\u0151k sz\u00e1m\u00e1ra. A b\u0151r\u00e1pol\u00e1s ter\u00fclet\u00e9n folyamatosan a maximumra t\u00f6rekszik, ahol az innov\u00e1ci\u00f3 \u00e9s az [&hellip;]<\/p>\n","protected":false},"author":2,"featured_media":0,"parent":1659,"menu_order":0,"comment_status":"closed","ping_status":"closed","template":"","meta":{"footnotes":""},"class_list":["post-1679","page","type-page","status-publish","hentry"],"yoast_head":"<!-- This site is optimized with the Yoast SEO plugin v25.7 - https:\/\/yoast.com\/wordpress\/plugins\/seo\/ -->\n<title>COLLISTAR - Prim\u0151r Cosmetics<\/title>\n<meta name=\"description\" content=\"Ismerd meg m\u00e1rk\u00e1inkat: A Collistar egy piacvezet\u0151 olasz m\u00e1rka, mely a legfrissebb trendeknek megfelel\u0151, ut\u00e1nozhatatlan \u00e9s forradalmi b\u0151r\u00e1pol\u00e1si term\u00e9keir\u0151l ismert.\" \/>\n<meta name=\"robots\" content=\"index, follow, max-snippet:-1, max-image-preview:large, max-video-preview:-1\" \/>\n<link rel=\"canonical\" href=\"https:\/\/primorcosmetics.com\/hu\/markak-old\/collistar\/\" \/>\n<meta property=\"og:locale\" content=\"hu_HU\" \/>\n<meta property=\"og:type\" content=\"article\" \/>\n<meta property=\"og:title\" content=\"COLLISTAR - Prim\u0151r Cosmetics\" \/>\n<meta property=\"og:description\" content=\"Ismerd meg m\u00e1rk\u00e1inkat: A Collistar egy piacvezet\u0151 olasz m\u00e1rka, mely a legfrissebb trendeknek megfelel\u0151, ut\u00e1nozhatatlan \u00e9s forradalmi b\u0151r\u00e1pol\u00e1si term\u00e9keir\u0151l ismert.\" \/>\n<meta property=\"og:url\" content=\"https:\/\/primorcosmetics.com\/hu\/markak-old\/collistar\/\" \/>\n<meta property=\"og:site_name\" content=\"Prim\u0151r Cosmetics\" \/>\n<meta property=\"article:publisher\" content=\"https:\/\/www.facebook.com\/primorcosmetics\" \/>\n<meta property=\"article:modified_time\" content=\"2022-07-04T16:13:46+00:00\" \/>\n<meta property=\"og:image\" content=\"https:\/\/primorcosmetics.com\/wp-content\/uploads\/2022\/01\/Group_Routine-Body_2021_01-709x1024.jpg\" \/>\n<meta name=\"twitter:card\" content=\"summary_large_image\" \/>\n<meta name=\"twitter:label1\" content=\"Becs\u00fclt olvas\u00e1si id\u0151\" \/>\n\t<meta name=\"twitter:data1\" content=\"2 perc\" \/>\n<script type=\"application\/ld+json\" class=\"yoast-schema-graph\">{\"@context\":\"https:\/\/schema.org\",\"@graph\":[{\"@type\":\"WebPage\",\"@id\":\"https:\/\/primorcosmetics.com\/hu\/markak-old\/collistar\/\",\"url\":\"https:\/\/primorcosmetics.com\/hu\/markak-old\/collistar\/\",\"name\":\"COLLISTAR - Prim\u0151r Cosmetics\",\"isPartOf\":{\"@id\":\"https:\/\/primorcosmetics.com\/#website\"},\"primaryImageOfPage\":{\"@id\":\"https:\/\/primorcosmetics.com\/hu\/markak-old\/collistar\/#primaryimage\"},\"image\":{\"@id\":\"https:\/\/primorcosmetics.com\/hu\/markak-old\/collistar\/#primaryimage\"},\"thumbnailUrl\":\"https:\/\/primorcosmetics.com\/wp-content\/uploads\/2022\/01\/Group_Routine-Body_2021_01-709x1024.jpg\",\"datePublished\":\"2021-12-21T06:49:12+00:00\",\"dateModified\":\"2022-07-04T16:13:46+00:00\",\"description\":\"Ismerd meg m\u00e1rk\u00e1inkat: A Collistar egy piacvezet\u0151 olasz m\u00e1rka, mely a legfrissebb trendeknek megfelel\u0151, ut\u00e1nozhatatlan \u00e9s forradalmi b\u0151r\u00e1pol\u00e1si term\u00e9keir\u0151l ismert.\",\"breadcrumb\":{\"@id\":\"https:\/\/primorcosmetics.com\/hu\/markak-old\/collistar\/#breadcrumb\"},\"inLanguage\":\"hu\",\"potentialAction\":[{\"@type\":\"ReadAction\",\"target\":[\"https:\/\/primorcosmetics.com\/hu\/markak-old\/collistar\/\"]}]},{\"@type\":\"ImageObject\",\"inLanguage\":\"hu\",\"@id\":\"https:\/\/primorcosmetics.com\/hu\/markak-old\/collistar\/#primaryimage\",\"url\":\"https:\/\/primorcosmetics.com\/wp-content\/uploads\/2022\/01\/Group_Routine-Body_2021_01-709x1024.jpg\",\"contentUrl\":\"https:\/\/primorcosmetics.com\/wp-content\/uploads\/2022\/01\/Group_Routine-Body_2021_01-709x1024.jpg\"},{\"@type\":\"BreadcrumbList\",\"@id\":\"https:\/\/primorcosmetics.com\/hu\/markak-old\/collistar\/#breadcrumb\",\"itemListElement\":[{\"@type\":\"ListItem\",\"position\":1,\"name\":\"Home\",\"item\":\"https:\/\/primorcosmetics.com\/hu\/\"},{\"@type\":\"ListItem\",\"position\":2,\"name\":\"M\u00e1rk\u00e1k\",\"item\":\"https:\/\/primorcosmetics.com\/hu\/markak-old\/\"},{\"@type\":\"ListItem\",\"position\":3,\"name\":\"COLLISTAR\"}]},{\"@type\":\"WebSite\",\"@id\":\"https:\/\/primorcosmetics.com\/#website\",\"url\":\"https:\/\/primorcosmetics.com\/\",\"name\":\"Prim\u0151r Cosmetics\",\"description\":\"Prim\u0151r Cosmetics Leading Hungarian beauty and cosmetics distributor\",\"publisher\":{\"@id\":\"https:\/\/primorcosmetics.com\/#organization\"},\"potentialAction\":[{\"@type\":\"SearchAction\",\"target\":{\"@type\":\"EntryPoint\",\"urlTemplate\":\"https:\/\/primorcosmetics.com\/?s={search_term_string}\"},\"query-input\":{\"@type\":\"PropertyValueSpecification\",\"valueRequired\":true,\"valueName\":\"search_term_string\"}}],\"inLanguage\":\"hu\"},{\"@type\":\"Organization\",\"@id\":\"https:\/\/primorcosmetics.com\/#organization\",\"name\":\"Prim\u0151r Kozmetikai Kft.\",\"url\":\"https:\/\/primorcosmetics.com\/\",\"logo\":{\"@type\":\"ImageObject\",\"inLanguage\":\"hu\",\"@id\":\"https:\/\/primorcosmetics.com\/#\/schema\/logo\/image\/\",\"url\":\"https:\/\/primorcosmetics.com\/wp-content\/uploads\/2021\/12\/Primor_logo_icon_lockup_color.jpg\",\"contentUrl\":\"https:\/\/primorcosmetics.com\/wp-content\/uploads\/2021\/12\/Primor_logo_icon_lockup_color.jpg\",\"width\":1920,\"height\":1080,\"caption\":\"Prim\u0151r Kozmetikai Kft.\"},\"image\":{\"@id\":\"https:\/\/primorcosmetics.com\/#\/schema\/logo\/image\/\"},\"sameAs\":[\"https:\/\/www.facebook.com\/primorcosmetics\",\"https:\/\/www.instagram.com\/primorcosmetics\/\",\"https:\/\/www.linkedin.com\/company\/primorcosmetics\/mycompany\/\",\"https:\/\/www.youtube.com\/channel\/UCd3Uei375tM1XLkCMPhALWQ\"]}]}<\/script>\n<!-- \/ Yoast SEO plugin. -->","yoast_head_json":{"title":"COLLISTAR - Prim\u0151r Cosmetics","description":"Ismerd meg m\u00e1rk\u00e1inkat: A Collistar egy piacvezet\u0151 olasz m\u00e1rka, mely a legfrissebb trendeknek megfelel\u0151, ut\u00e1nozhatatlan \u00e9s forradalmi b\u0151r\u00e1pol\u00e1si term\u00e9keir\u0151l ismert.","robots":{"index":"index","follow":"follow","max-snippet":"max-snippet:-1","max-image-preview":"max-image-preview:large","max-video-preview":"max-video-preview:-1"},"canonical":"https:\/\/primorcosmetics.com\/hu\/markak-old\/collistar\/","og_locale":"hu_HU","og_type":"article","og_title":"COLLISTAR - Prim\u0151r Cosmetics","og_description":"Ismerd meg m\u00e1rk\u00e1inkat: A Collistar egy piacvezet\u0151 olasz m\u00e1rka, mely a legfrissebb trendeknek megfelel\u0151, ut\u00e1nozhatatlan \u00e9s forradalmi b\u0151r\u00e1pol\u00e1si term\u00e9keir\u0151l ismert.","og_url":"https:\/\/primorcosmetics.com\/hu\/markak-old\/collistar\/","og_site_name":"Prim\u0151r Cosmetics","article_publisher":"https:\/\/www.facebook.com\/primorcosmetics","article_modified_time":"2022-07-04T16:13:46+00:00","og_image":[{"url":"https:\/\/primorcosmetics.com\/wp-content\/uploads\/2022\/01\/Group_Routine-Body_2021_01-709x1024.jpg","type":"","width":"","height":""}],"twitter_card":"summary_large_image","twitter_misc":{"Becs\u00fclt olvas\u00e1si id\u0151":"2 perc"},"schema":{"@context":"https:\/\/schema.org","@graph":[{"@type":"WebPage","@id":"https:\/\/primorcosmetics.com\/hu\/markak-old\/collistar\/","url":"https:\/\/primorcosmetics.com\/hu\/markak-old\/collistar\/","name":"COLLISTAR - Prim\u0151r Cosmetics","isPartOf":{"@id":"https:\/\/primorcosmetics.com\/#website"},"primaryImageOfPage":{"@id":"https:\/\/primorcosmetics.com\/hu\/markak-old\/collistar\/#primaryimage"},"image":{"@id":"https:\/\/primorcosmetics.com\/hu\/markak-old\/collistar\/#primaryimage"},"thumbnailUrl":"https:\/\/primorcosmetics.com\/wp-content\/uploads\/2022\/01\/Group_Routine-Body_2021_01-709x1024.jpg","datePublished":"2021-12-21T06:49:12+00:00","dateModified":"2022-07-04T16:13:46+00:00","description":"Ismerd meg m\u00e1rk\u00e1inkat: A Collistar egy piacvezet\u0151 olasz m\u00e1rka, mely a legfrissebb trendeknek megfelel\u0151, ut\u00e1nozhatatlan \u00e9s forradalmi b\u0151r\u00e1pol\u00e1si term\u00e9keir\u0151l ismert.","breadcrumb":{"@id":"https:\/\/primorcosmetics.com\/hu\/markak-old\/collistar\/#breadcrumb"},"inLanguage":"hu","potentialAction":[{"@type":"ReadAction","target":["https:\/\/primorcosmetics.com\/hu\/markak-old\/collistar\/"]}]},{"@type":"ImageObject","inLanguage":"hu","@id":"https:\/\/primorcosmetics.com\/hu\/markak-old\/collistar\/#primaryimage","url":"https:\/\/primorcosmetics.com\/wp-content\/uploads\/2022\/01\/Group_Routine-Body_2021_01-709x1024.jpg","contentUrl":"https:\/\/primorcosmetics.com\/wp-content\/uploads\/2022\/01\/Group_Routine-Body_2021_01-709x1024.jpg"},{"@type":"BreadcrumbList","@id":"https:\/\/primorcosmetics.com\/hu\/markak-old\/collistar\/#breadcrumb","itemListElement":[{"@type":"ListItem","position":1,"name":"Home","item":"https:\/\/primorcosmetics.com\/hu\/"},{"@type":"ListItem","position":2,"name":"M\u00e1rk\u00e1k","item":"https:\/\/primorcosmetics.com\/hu\/markak-old\/"},{"@type":"ListItem","position":3,"name":"COLLISTAR"}]},{"@type":"WebSite","@id":"https:\/\/primorcosmetics.com\/#website","url":"https:\/\/primorcosmetics.com\/","name":"Prim\u0151r Cosmetics","description":"Prim\u0151r Cosmetics Leading Hungarian beauty and cosmetics distributor","publisher":{"@id":"https:\/\/primorcosmetics.com\/#organization"},"potentialAction":[{"@type":"SearchAction","target":{"@type":"EntryPoint","urlTemplate":"https:\/\/primorcosmetics.com\/?s={search_term_string}"},"query-input":{"@type":"PropertyValueSpecification","valueRequired":true,"valueName":"search_term_string"}}],"inLanguage":"hu"},{"@type":"Organization","@id":"https:\/\/primorcosmetics.com\/#organization","name":"Prim\u0151r Kozmetikai Kft.","url":"https:\/\/primorcosmetics.com\/","logo":{"@type":"ImageObject","inLanguage":"hu","@id":"https:\/\/primorcosmetics.com\/#\/schema\/logo\/image\/","url":"https:\/\/primorcosmetics.com\/wp-content\/uploads\/2021\/12\/Primor_logo_icon_lockup_color.jpg","contentUrl":"https:\/\/primorcosmetics.com\/wp-content\/uploads\/2021\/12\/Primor_logo_icon_lockup_color.jpg","width":1920,"height":1080,"caption":"Prim\u0151r Kozmetikai Kft."},"image":{"@id":"https:\/\/primorcosmetics.com\/#\/schema\/logo\/image\/"},"sameAs":["https:\/\/www.facebook.com\/primorcosmetics","https:\/\/www.instagram.com\/primorcosmetics\/","https:\/\/www.linkedin.com\/company\/primorcosmetics\/mycompany\/","https:\/\/www.youtube.com\/channel\/UCd3Uei375tM1XLkCMPhALWQ"]}]}},"_links":{"self":[{"href":"https:\/\/primorcosmetics.com\/hu\/wp-json\/wp\/v2\/pages\/1679","targetHints":{"allow":["GET"]}}],"collection":[{"href":"https:\/\/primorcosmetics.com\/hu\/wp-json\/wp\/v2\/pages"}],"about":[{"href":"https:\/\/primorcosmetics.com\/hu\/wp-json\/wp\/v2\/types\/page"}],"author":[{"embeddable":true,"href":"https:\/\/primorcosmetics.com\/hu\/wp-json\/wp\/v2\/users\/2"}],"replies":[{"embeddable":true,"href":"https:\/\/primorcosmetics.com\/hu\/wp-json\/wp\/v2\/comments?post=1679"}],"version-history":[{"count":1,"href":"https:\/\/primorcosmetics.com\/hu\/wp-json\/wp\/v2\/pages\/1679\/revisions"}],"predecessor-version":[{"id":1680,"href":"https:\/\/primorcosmetics.com\/hu\/wp-json\/wp\/v2\/pages\/1679\/revisions\/1680"}],"up":[{"embeddable":true,"href":"https:\/\/primorcosmetics.com\/hu\/wp-json\/wp\/v2\/pages\/1659"}],"wp:attachment":[{"href":"https:\/\/primorcosmetics.com\/hu\/wp-json\/wp\/v2\/media?parent=1679"}],"curies":[{"name":"wp","href":"https:\/\/api.w.org\/{rel}","templated":true}]}}