{"id":1681,"date":"2021-12-21T08:23:07","date_gmt":"2021-12-21T08:23:07","guid":{"rendered":"https:\/\/primorcosmetics.com\/markak\/lancaster\/"},"modified":"2022-07-04T16:16:16","modified_gmt":"2022-07-04T16:16:16","slug":"lancaster","status":"publish","type":"page","link":"https:\/\/primorcosmetics.com\/hu\/markak-old\/lancaster\/","title":{"rendered":"LANCASTER"},"content":{"rendered":"\t\t<div data-elementor-type=\"wp-page\" data-elementor-id=\"1681\" class=\"elementor elementor-1681 elementor-447\" data-elementor-post-type=\"page\">\n\t\t\t\t\t\t<section class=\"elementor-section elementor-top-section elementor-element elementor-element-1a60289 elementor-section-boxed elementor-section-height-default elementor-section-height-default\" data-id=\"1a60289\" data-element_type=\"section\">\n\t\t\t\t\t\t<div class=\"elementor-container elementor-column-gap-default\">\n\t\t\t\t\t<div class=\"elementor-column elementor-col-100 elementor-top-column elementor-element elementor-element-bbd7392\" data-id=\"bbd7392\" data-element_type=\"column\">\n\t\t\t<div class=\"elementor-widget-wrap\">\n\t\t\t\t\t\t\t<\/div>\n\t\t<\/div>\n\t\t\t\t\t<\/div>\n\t\t<\/section>\n\t\t\t\t<section class=\"elementor-section elementor-top-section elementor-element elementor-element-895bee5 elementor-section-boxed elementor-section-height-default elementor-section-height-default\" data-id=\"895bee5\" data-element_type=\"section\">\n\t\t\t\t\t\t<div class=\"elementor-container elementor-column-gap-default\">\n\t\t\t\t\t<div class=\"elementor-column elementor-col-100 elementor-top-column elementor-element elementor-element-d7443bc\" data-id=\"d7443bc\" data-element_type=\"column\">\n\t\t\t<div class=\"elementor-widget-wrap elementor-element-populated\">\n\t\t\t\t\t\t<div class=\"elementor-element elementor-element-de978f0 elementor-widget elementor-widget-spacer\" data-id=\"de978f0\" data-element_type=\"widget\" data-widget_type=\"spacer.default\">\n\t\t\t\t<div class=\"elementor-widget-container\">\n\t\t\t\t\t\t\t<div class=\"elementor-spacer\">\n\t\t\t<div class=\"elementor-spacer-inner\"><\/div>\n\t\t<\/div>\n\t\t\t\t\t\t<\/div>\n\t\t\t\t<\/div>\n\t\t\t\t\t<\/div>\n\t\t<\/div>\n\t\t\t\t\t<\/div>\n\t\t<\/section>\n\t\t\t\t<section class=\"elementor-section elementor-top-section elementor-element elementor-element-522204b elementor-section-boxed elementor-section-height-default elementor-section-height-default\" data-id=\"522204b\" data-element_type=\"section\">\n\t\t\t\t\t\t<div class=\"elementor-container elementor-column-gap-default\">\n\t\t\t\t\t<div class=\"elementor-column elementor-col-100 elementor-top-column elementor-element elementor-element-a90f324\" data-id=\"a90f324\" data-element_type=\"column\">\n\t\t\t<div class=\"elementor-widget-wrap elementor-element-populated\">\n\t\t\t\t\t\t<div class=\"elementor-element elementor-element-f9c6f60 elementor-widget elementor-widget-heading\" data-id=\"f9c6f60\" data-element_type=\"widget\" data-widget_type=\"heading.default\">\n\t\t\t\t<div class=\"elementor-widget-container\">\n\t\t\t\t\t<h1 class=\"elementor-heading-title elementor-size-default\">LANCASTER<\/h1>\t\t\t\t<\/div>\n\t\t\t\t<\/div>\n\t\t\t\t\t<\/div>\n\t\t<\/div>\n\t\t\t\t\t<\/div>\n\t\t<\/section>\n\t\t\t\t<section class=\"elementor-section elementor-top-section elementor-element elementor-element-5bebc7f elementor-section-boxed elementor-section-height-default elementor-section-height-default\" data-id=\"5bebc7f\" data-element_type=\"section\">\n\t\t\t\t\t\t<div class=\"elementor-container elementor-column-gap-default\">\n\t\t\t\t\t<div class=\"elementor-column elementor-col-100 elementor-top-column elementor-element elementor-element-44198d4\" data-id=\"44198d4\" data-element_type=\"column\">\n\t\t\t<div class=\"elementor-widget-wrap elementor-element-populated\">\n\t\t\t\t\t\t<div class=\"elementor-element elementor-element-04171c3 elementor-widget elementor-widget-spacer\" data-id=\"04171c3\" data-element_type=\"widget\" data-widget_type=\"spacer.default\">\n\t\t\t\t<div class=\"elementor-widget-container\">\n\t\t\t\t\t\t\t<div class=\"elementor-spacer\">\n\t\t\t<div class=\"elementor-spacer-inner\"><\/div>\n\t\t<\/div>\n\t\t\t\t\t\t<\/div>\n\t\t\t\t<\/div>\n\t\t\t\t\t<\/div>\n\t\t<\/div>\n\t\t\t\t\t<\/div>\n\t\t<\/section>\n\t\t\t\t<section class=\"elementor-section elementor-top-section elementor-element elementor-element-896add9 elementor-section-boxed elementor-section-height-default elementor-section-height-default\" data-id=\"896add9\" data-element_type=\"section\">\n\t\t\t\t\t\t<div class=\"elementor-container elementor-column-gap-default\">\n\t\t\t\t\t<div class=\"elementor-column elementor-col-50 elementor-top-column elementor-element elementor-element-3e24276\" data-id=\"3e24276\" data-element_type=\"column\">\n\t\t\t<div class=\"elementor-widget-wrap elementor-element-populated\">\n\t\t\t\t\t\t<div class=\"elementor-element elementor-element-4f9bd72 elementor-widget elementor-widget-text-editor\" data-id=\"4f9bd72\" data-element_type=\"widget\" data-widget_type=\"text-editor.default\">\n\t\t\t\t<div class=\"elementor-widget-container\">\n\t\t\t\t\t\t\t\t\t<p>A Lancaster t\u00f6bb \u00e9ves tapasztalattal rendelkez\u0151, pr\u00e9mium b\u0151r\u00e1pol\u00f3 m\u00e1rka, mely a napoz\u00f3 term\u00e9kek mellett kiv\u00e1l\u00f3 min\u0151s\u00e9g\u0171 napoz\u00e1s ut\u00e1ni \u00e9s \u00f6nbarn\u00edt\u00f3 k\u00e9sz\u00edtm\u00e9nyeket is k\u00edn\u00e1l. Napv\u00e9d\u0151 term\u00e9keiben \u00f6tv\u00f6zik az \u00e1ltaluk kifejlesztett, k\u00fcl\u00f6nleges FULL Light Technology-nak k\u00f6sz\u00f6nhet\u0151 magas f\u00e9nyv\u00e9delmet, finom text\u00far\u00e1kat, \u00e9s a p\u00e1ratlan illatot, melyeknek k\u00f6sz\u00f6nhet\u0151en kiv\u00e9teles biztons\u00e1g \u00e9s k\u00e9nyelem \u00e9rz\u00e9s\u00e9t biztos\u00edtj\u00e1k. M\u00edg napoz\u00e1s ut\u00e1ni term\u00e9kei megnyugtatj\u00e1k, puh\u00e1v\u00e1 \u00e9s hidrat\u00e1ltt\u00e1 teszik a b\u0151rt, addig az \u00f6nbarn\u00edt\u00f3 term\u00e9keinek k\u00f6sz\u00f6nhet\u0151en eg\u00e9sz \u00e9vben gy\u00f6ny\u00f6r\u0171, napbarn\u00edtott b\u0151rsz\u00edn\u00fcnk lehet.<\/p>\t\t\t\t\t\t\t\t<\/div>\n\t\t\t\t<\/div>\n\t\t\t\t<div class=\"elementor-element elementor-element-78291fc elementor-widget elementor-widget-heading\" data-id=\"78291fc\" data-element_type=\"widget\" data-widget_type=\"heading.default\">\n\t\t\t\t<div class=\"elementor-widget-container\">\n\t\t\t\t\t<h2 class=\"elementor-heading-title elementor-size-default\">LANCASTER \u00e9rt\u00e9kek<\/h2>\t\t\t\t<\/div>\n\t\t\t\t<\/div>\n\t\t\t\t<div class=\"elementor-element elementor-element-51a330c elementor-widget elementor-widget-text-editor\" data-id=\"51a330c\" data-element_type=\"widget\" data-widget_type=\"text-editor.default\">\n\t\t\t\t<div class=\"elementor-widget-container\">\n\t\t\t\t\t\t\t\t\t<p>A Lancaster hisz abban, hogy a b\u0151r\u00e1pol\u00e1s fontos r\u00e9sze a f\u00e9nyv\u00e9delem, hisz a napf\u00e9ny az \u00f6r\u00f6m \u00e9s a term\u00e9szetes sz\u00e9ps\u00e9g forr\u00e1sa, ez\u00e9rt olyan b\u0151r\u00e1pol\u00f3 term\u00e9keket biztos\u00edt, melyekkel mindenki biztons\u00e1gosan \u00e9lvezheti a napf\u00e9ny pozit\u00edv hat\u00e1sait, az \u00e9v 365 napj\u00e1n, annak k\u00e1ros hat\u00e1sai n\u00e9lk\u00fcl.<\/p>\t\t\t\t\t\t\t\t<\/div>\n\t\t\t\t<\/div>\n\t\t\t\t<div class=\"elementor-element elementor-element-9d504d0 elementor-widget elementor-widget-heading\" data-id=\"9d504d0\" data-element_type=\"widget\" data-widget_type=\"heading.default\">\n\t\t\t\t<div class=\"elementor-widget-container\">\n\t\t\t\t\t<h2 class=\"elementor-heading-title elementor-size-default\">LANCASTER t\u00f6rt\u00e9nete<\/h2>\t\t\t\t<\/div>\n\t\t\t\t<\/div>\n\t\t\t\t<div class=\"elementor-element elementor-element-5562f13 elementor-widget elementor-widget-text-editor\" data-id=\"5562f13\" data-element_type=\"widget\" data-widget_type=\"text-editor.default\">\n\t\t\t\t<div class=\"elementor-widget-container\">\n\t\t\t\t\t\t\t\t\t<p>A Lancaster t\u00f6rt\u00e9nete 1946-ban kezd\u0151d\u00f6tt Monac\u00f3ban, ahol az els\u0151 laborat\u00f3rium\u00e1t alap\u00edtotta, amely gyorsan meg is hozta a v\u00e1rt sikert, hiszen r\u00f6vid id\u0151 alatt az egyik t\u00e1mogat\u00f3juk maga Grace Kelly, monac\u00f3i hercegn\u0151 lett. A m\u00e1rka innovat\u00edv \u00e9s d\u00edjnyertes technol\u00f3gi\u00e1j\u00e1val m\u00e1r t\u00f6bb, mint 70 \u00e9ve k\u00edn\u00e1lja b\u0151rv\u00e9d\u0151, \u00f6nbarn\u00edt\u00f3 \u00e9s regener\u00e1l\u00f3 term\u00e9keit.<\/p>\t\t\t\t\t\t\t\t<\/div>\n\t\t\t\t<\/div>\n\t\t\t\t<div class=\"elementor-element elementor-element-58ca072 elementor-align-center elementor-widget elementor-widget-button\" data-id=\"58ca072\" data-element_type=\"widget\" data-widget_type=\"button.default\">\n\t\t\t\t<div class=\"elementor-widget-container\">\n\t\t\t\t\t\t\t\t\t<div class=\"elementor-button-wrapper\">\n\t\t\t\t\t<a class=\"elementor-button elementor-button-link elementor-size-sm\" href=\"https:\/\/primorcosmetics.com\/hu\/kapcsolat\/\">\n\t\t\t\t\t\t<span class=\"elementor-button-content-wrapper\">\n\t\t\t\t\t\t\t\t\t<span class=\"elementor-button-text\">Kapcsolat<\/span>\n\t\t\t\t\t<\/span>\n\t\t\t\t\t<\/a>\n\t\t\t\t<\/div>\n\t\t\t\t\t\t\t\t<\/div>\n\t\t\t\t<\/div>\n\t\t\t\t\t<\/div>\n\t\t<\/div>\n\t\t\t\t<div class=\"elementor-column elementor-col-50 elementor-top-column elementor-element elementor-element-a2affe2\" data-id=\"a2affe2\" data-element_type=\"column\">\n\t\t\t<div class=\"elementor-widget-wrap elementor-element-populated\">\n\t\t\t\t\t\t<div class=\"elementor-element elementor-element-7fe6cd9 elementor-widget elementor-widget-image\" data-id=\"7fe6cd9\" data-element_type=\"widget\" data-widget_type=\"image.default\">\n\t\t\t\t<div class=\"elementor-widget-container\">\n\t\t\t\t\t\t\t\t\t\t\t\t\t\t\t<img fetchpriority=\"high\" decoding=\"async\" width=\"800\" height=\"1000\" src=\"https:\/\/primorcosmetics.com\/wp-content\/uploads\/2021\/12\/200720_LANCASTER_1278_I-819x1024.jpg\" class=\"attachment-large size-large wp-image-1438\" alt=\"Lancaster b\u0151r\u00e1pol\u00e1s\" srcset=\"https:\/\/primorcosmetics.com\/wp-content\/uploads\/2021\/12\/200720_LANCASTER_1278_I-819x1024.jpg 819w, https:\/\/primorcosmetics.com\/wp-content\/uploads\/2021\/12\/200720_LANCASTER_1278_I-240x300.jpg 240w, https:\/\/primorcosmetics.com\/wp-content\/uploads\/2021\/12\/200720_LANCASTER_1278_I-768x960.jpg 768w, https:\/\/primorcosmetics.com\/wp-content\/uploads\/2021\/12\/200720_LANCASTER_1278_I-1229x1536.jpg 1229w, https:\/\/primorcosmetics.com\/wp-content\/uploads\/2021\/12\/200720_LANCASTER_1278_I-1638x2048.jpg 1638w, https:\/\/primorcosmetics.com\/wp-content\/uploads\/2021\/12\/200720_LANCASTER_1278_I.jpg 2000w\" sizes=\"(max-width: 800px) 100vw, 800px\" \/>\t\t\t\t\t\t\t\t\t\t\t\t\t\t\t<\/div>\n\t\t\t\t<\/div>\n\t\t\t\t\t<\/div>\n\t\t<\/div>\n\t\t\t\t\t<\/div>\n\t\t<\/section>\n\t\t\t\t<\/div>\n\t\t","protected":false},"excerpt":{"rendered":"<p>LANCASTER A Lancaster t\u00f6bb \u00e9ves tapasztalattal rendelkez\u0151, pr\u00e9mium b\u0151r\u00e1pol\u00f3 m\u00e1rka, mely a napoz\u00f3 term\u00e9kek mellett kiv\u00e1l\u00f3 min\u0151s\u00e9g\u0171 napoz\u00e1s ut\u00e1ni \u00e9s \u00f6nbarn\u00edt\u00f3 k\u00e9sz\u00edtm\u00e9nyeket is k\u00edn\u00e1l. Napv\u00e9d\u0151 term\u00e9keiben \u00f6tv\u00f6zik az \u00e1ltaluk kifejlesztett, k\u00fcl\u00f6nleges FULL Light Technology-nak k\u00f6sz\u00f6nhet\u0151 magas f\u00e9nyv\u00e9delmet, finom text\u00far\u00e1kat, \u00e9s a p\u00e1ratlan illatot, melyeknek k\u00f6sz\u00f6nhet\u0151en kiv\u00e9teles biztons\u00e1g \u00e9s k\u00e9nyelem \u00e9rz\u00e9s\u00e9t biztos\u00edtj\u00e1k. M\u00edg napoz\u00e1s ut\u00e1ni term\u00e9kei [&hellip;]<\/p>\n","protected":false},"author":2,"featured_media":0,"parent":1659,"menu_order":0,"comment_status":"closed","ping_status":"closed","template":"","meta":{"footnotes":""},"class_list":["post-1681","page","type-page","status-publish","hentry"],"yoast_head":"<!-- This site is optimized with the Yoast SEO plugin v25.7 - https:\/\/yoast.com\/wordpress\/plugins\/seo\/ -->\n<title>LANCASTER - Prim\u0151r Cosmetics<\/title>\n<meta name=\"description\" content=\"A Lancaster t\u00f6bb \u00e9ves tapasztalattal rendelkez\u0151, pr\u00e9mium b\u0151r\u00e1pol\u00f3 m\u00e1rka, mely a napoz\u00f3 term\u00e9kek mellett kiv\u00e1l\u00f3 min\u0151s\u00e9g\u0171 napoz\u00e1s ut\u00e1ni \u00e9s \u00f6nbarn\u00edt\u00f3 k\u00e9sz\u00edtm\u00e9nyeket is k\u00edn\u00e1l.\" \/>\n<meta name=\"robots\" content=\"index, follow, max-snippet:-1, max-image-preview:large, max-video-preview:-1\" \/>\n<link rel=\"canonical\" href=\"https:\/\/primorcosmetics.com\/hu\/markak-old\/lancaster\/\" \/>\n<meta property=\"og:locale\" content=\"hu_HU\" \/>\n<meta property=\"og:type\" content=\"article\" \/>\n<meta property=\"og:title\" content=\"LANCASTER - Prim\u0151r Cosmetics\" \/>\n<meta property=\"og:description\" content=\"A Lancaster t\u00f6bb \u00e9ves tapasztalattal rendelkez\u0151, pr\u00e9mium b\u0151r\u00e1pol\u00f3 m\u00e1rka, mely a napoz\u00f3 term\u00e9kek mellett kiv\u00e1l\u00f3 min\u0151s\u00e9g\u0171 napoz\u00e1s ut\u00e1ni \u00e9s \u00f6nbarn\u00edt\u00f3 k\u00e9sz\u00edtm\u00e9nyeket is k\u00edn\u00e1l.\" \/>\n<meta property=\"og:url\" content=\"https:\/\/primorcosmetics.com\/hu\/markak-old\/lancaster\/\" \/>\n<meta property=\"og:site_name\" content=\"Prim\u0151r Cosmetics\" \/>\n<meta property=\"article:publisher\" content=\"https:\/\/www.facebook.com\/primorcosmetics\" \/>\n<meta property=\"article:modified_time\" content=\"2022-07-04T16:16:16+00:00\" \/>\n<meta property=\"og:image\" content=\"https:\/\/primorcosmetics.com\/wp-content\/uploads\/2021\/12\/200720_LANCASTER_1278_I-819x1024.jpg\" \/>\n<meta name=\"twitter:card\" content=\"summary_large_image\" \/>\n<meta name=\"twitter:label1\" content=\"Becs\u00fclt olvas\u00e1si id\u0151\" \/>\n\t<meta name=\"twitter:data1\" content=\"1 perc\" \/>\n<script type=\"application\/ld+json\" class=\"yoast-schema-graph\">{\"@context\":\"https:\/\/schema.org\",\"@graph\":[{\"@type\":\"WebPage\",\"@id\":\"https:\/\/primorcosmetics.com\/hu\/markak-old\/lancaster\/\",\"url\":\"https:\/\/primorcosmetics.com\/hu\/markak-old\/lancaster\/\",\"name\":\"LANCASTER - Prim\u0151r Cosmetics\",\"isPartOf\":{\"@id\":\"https:\/\/primorcosmetics.com\/#website\"},\"primaryImageOfPage\":{\"@id\":\"https:\/\/primorcosmetics.com\/hu\/markak-old\/lancaster\/#primaryimage\"},\"image\":{\"@id\":\"https:\/\/primorcosmetics.com\/hu\/markak-old\/lancaster\/#primaryimage\"},\"thumbnailUrl\":\"https:\/\/primorcosmetics.com\/wp-content\/uploads\/2021\/12\/200720_LANCASTER_1278_I-819x1024.jpg\",\"datePublished\":\"2021-12-21T08:23:07+00:00\",\"dateModified\":\"2022-07-04T16:16:16+00:00\",\"description\":\"A Lancaster t\u00f6bb \u00e9ves tapasztalattal rendelkez\u0151, pr\u00e9mium b\u0151r\u00e1pol\u00f3 m\u00e1rka, mely a napoz\u00f3 term\u00e9kek mellett kiv\u00e1l\u00f3 min\u0151s\u00e9g\u0171 napoz\u00e1s ut\u00e1ni \u00e9s \u00f6nbarn\u00edt\u00f3 k\u00e9sz\u00edtm\u00e9nyeket is k\u00edn\u00e1l.\",\"breadcrumb\":{\"@id\":\"https:\/\/primorcosmetics.com\/hu\/markak-old\/lancaster\/#breadcrumb\"},\"inLanguage\":\"hu\",\"potentialAction\":[{\"@type\":\"ReadAction\",\"target\":[\"https:\/\/primorcosmetics.com\/hu\/markak-old\/lancaster\/\"]}]},{\"@type\":\"ImageObject\",\"inLanguage\":\"hu\",\"@id\":\"https:\/\/primorcosmetics.com\/hu\/markak-old\/lancaster\/#primaryimage\",\"url\":\"https:\/\/primorcosmetics.com\/wp-content\/uploads\/2021\/12\/200720_LANCASTER_1278_I-819x1024.jpg\",\"contentUrl\":\"https:\/\/primorcosmetics.com\/wp-content\/uploads\/2021\/12\/200720_LANCASTER_1278_I-819x1024.jpg\"},{\"@type\":\"BreadcrumbList\",\"@id\":\"https:\/\/primorcosmetics.com\/hu\/markak-old\/lancaster\/#breadcrumb\",\"itemListElement\":[{\"@type\":\"ListItem\",\"position\":1,\"name\":\"Home\",\"item\":\"https:\/\/primorcosmetics.com\/hu\/\"},{\"@type\":\"ListItem\",\"position\":2,\"name\":\"M\u00e1rk\u00e1k\",\"item\":\"https:\/\/primorcosmetics.com\/hu\/markak-old\/\"},{\"@type\":\"ListItem\",\"position\":3,\"name\":\"LANCASTER\"}]},{\"@type\":\"WebSite\",\"@id\":\"https:\/\/primorcosmetics.com\/#website\",\"url\":\"https:\/\/primorcosmetics.com\/\",\"name\":\"Prim\u0151r Cosmetics\",\"description\":\"Prim\u0151r Cosmetics Leading Hungarian beauty and cosmetics distributor\",\"publisher\":{\"@id\":\"https:\/\/primorcosmetics.com\/#organization\"},\"potentialAction\":[{\"@type\":\"SearchAction\",\"target\":{\"@type\":\"EntryPoint\",\"urlTemplate\":\"https:\/\/primorcosmetics.com\/?s={search_term_string}\"},\"query-input\":{\"@type\":\"PropertyValueSpecification\",\"valueRequired\":true,\"valueName\":\"search_term_string\"}}],\"inLanguage\":\"hu\"},{\"@type\":\"Organization\",\"@id\":\"https:\/\/primorcosmetics.com\/#organization\",\"name\":\"Prim\u0151r Kozmetikai Kft.\",\"url\":\"https:\/\/primorcosmetics.com\/\",\"logo\":{\"@type\":\"ImageObject\",\"inLanguage\":\"hu\",\"@id\":\"https:\/\/primorcosmetics.com\/#\/schema\/logo\/image\/\",\"url\":\"https:\/\/primorcosmetics.com\/wp-content\/uploads\/2021\/12\/Primor_logo_icon_lockup_color.jpg\",\"contentUrl\":\"https:\/\/primorcosmetics.com\/wp-content\/uploads\/2021\/12\/Primor_logo_icon_lockup_color.jpg\",\"width\":1920,\"height\":1080,\"caption\":\"Prim\u0151r Kozmetikai Kft.\"},\"image\":{\"@id\":\"https:\/\/primorcosmetics.com\/#\/schema\/logo\/image\/\"},\"sameAs\":[\"https:\/\/www.facebook.com\/primorcosmetics\",\"https:\/\/www.instagram.com\/primorcosmetics\/\",\"https:\/\/www.linkedin.com\/company\/primorcosmetics\/mycompany\/\",\"https:\/\/www.youtube.com\/channel\/UCd3Uei375tM1XLkCMPhALWQ\"]}]}<\/script>\n<!-- \/ Yoast SEO plugin. -->","yoast_head_json":{"title":"LANCASTER - Prim\u0151r Cosmetics","description":"A Lancaster t\u00f6bb \u00e9ves tapasztalattal rendelkez\u0151, pr\u00e9mium b\u0151r\u00e1pol\u00f3 m\u00e1rka, mely a napoz\u00f3 term\u00e9kek mellett kiv\u00e1l\u00f3 min\u0151s\u00e9g\u0171 napoz\u00e1s ut\u00e1ni \u00e9s \u00f6nbarn\u00edt\u00f3 k\u00e9sz\u00edtm\u00e9nyeket is k\u00edn\u00e1l.","robots":{"index":"index","follow":"follow","max-snippet":"max-snippet:-1","max-image-preview":"max-image-preview:large","max-video-preview":"max-video-preview:-1"},"canonical":"https:\/\/primorcosmetics.com\/hu\/markak-old\/lancaster\/","og_locale":"hu_HU","og_type":"article","og_title":"LANCASTER - Prim\u0151r Cosmetics","og_description":"A Lancaster t\u00f6bb \u00e9ves tapasztalattal rendelkez\u0151, pr\u00e9mium b\u0151r\u00e1pol\u00f3 m\u00e1rka, mely a napoz\u00f3 term\u00e9kek mellett kiv\u00e1l\u00f3 min\u0151s\u00e9g\u0171 napoz\u00e1s ut\u00e1ni \u00e9s \u00f6nbarn\u00edt\u00f3 k\u00e9sz\u00edtm\u00e9nyeket is k\u00edn\u00e1l.","og_url":"https:\/\/primorcosmetics.com\/hu\/markak-old\/lancaster\/","og_site_name":"Prim\u0151r Cosmetics","article_publisher":"https:\/\/www.facebook.com\/primorcosmetics","article_modified_time":"2022-07-04T16:16:16+00:00","og_image":[{"url":"https:\/\/primorcosmetics.com\/wp-content\/uploads\/2021\/12\/200720_LANCASTER_1278_I-819x1024.jpg","type":"","width":"","height":""}],"twitter_card":"summary_large_image","twitter_misc":{"Becs\u00fclt olvas\u00e1si id\u0151":"1 perc"},"schema":{"@context":"https:\/\/schema.org","@graph":[{"@type":"WebPage","@id":"https:\/\/primorcosmetics.com\/hu\/markak-old\/lancaster\/","url":"https:\/\/primorcosmetics.com\/hu\/markak-old\/lancaster\/","name":"LANCASTER - Prim\u0151r Cosmetics","isPartOf":{"@id":"https:\/\/primorcosmetics.com\/#website"},"primaryImageOfPage":{"@id":"https:\/\/primorcosmetics.com\/hu\/markak-old\/lancaster\/#primaryimage"},"image":{"@id":"https:\/\/primorcosmetics.com\/hu\/markak-old\/lancaster\/#primaryimage"},"thumbnailUrl":"https:\/\/primorcosmetics.com\/wp-content\/uploads\/2021\/12\/200720_LANCASTER_1278_I-819x1024.jpg","datePublished":"2021-12-21T08:23:07+00:00","dateModified":"2022-07-04T16:16:16+00:00","description":"A Lancaster t\u00f6bb \u00e9ves tapasztalattal rendelkez\u0151, pr\u00e9mium b\u0151r\u00e1pol\u00f3 m\u00e1rka, mely a napoz\u00f3 term\u00e9kek mellett kiv\u00e1l\u00f3 min\u0151s\u00e9g\u0171 napoz\u00e1s ut\u00e1ni \u00e9s \u00f6nbarn\u00edt\u00f3 k\u00e9sz\u00edtm\u00e9nyeket is k\u00edn\u00e1l.","breadcrumb":{"@id":"https:\/\/primorcosmetics.com\/hu\/markak-old\/lancaster\/#breadcrumb"},"inLanguage":"hu","potentialAction":[{"@type":"ReadAction","target":["https:\/\/primorcosmetics.com\/hu\/markak-old\/lancaster\/"]}]},{"@type":"ImageObject","inLanguage":"hu","@id":"https:\/\/primorcosmetics.com\/hu\/markak-old\/lancaster\/#primaryimage","url":"https:\/\/primorcosmetics.com\/wp-content\/uploads\/2021\/12\/200720_LANCASTER_1278_I-819x1024.jpg","contentUrl":"https:\/\/primorcosmetics.com\/wp-content\/uploads\/2021\/12\/200720_LANCASTER_1278_I-819x1024.jpg"},{"@type":"BreadcrumbList","@id":"https:\/\/primorcosmetics.com\/hu\/markak-old\/lancaster\/#breadcrumb","itemListElement":[{"@type":"ListItem","position":1,"name":"Home","item":"https:\/\/primorcosmetics.com\/hu\/"},{"@type":"ListItem","position":2,"name":"M\u00e1rk\u00e1k","item":"https:\/\/primorcosmetics.com\/hu\/markak-old\/"},{"@type":"ListItem","position":3,"name":"LANCASTER"}]},{"@type":"WebSite","@id":"https:\/\/primorcosmetics.com\/#website","url":"https:\/\/primorcosmetics.com\/","name":"Prim\u0151r Cosmetics","description":"Prim\u0151r Cosmetics Leading Hungarian beauty and cosmetics distributor","publisher":{"@id":"https:\/\/primorcosmetics.com\/#organization"},"potentialAction":[{"@type":"SearchAction","target":{"@type":"EntryPoint","urlTemplate":"https:\/\/primorcosmetics.com\/?s={search_term_string}"},"query-input":{"@type":"PropertyValueSpecification","valueRequired":true,"valueName":"search_term_string"}}],"inLanguage":"hu"},{"@type":"Organization","@id":"https:\/\/primorcosmetics.com\/#organization","name":"Prim\u0151r Kozmetikai Kft.","url":"https:\/\/primorcosmetics.com\/","logo":{"@type":"ImageObject","inLanguage":"hu","@id":"https:\/\/primorcosmetics.com\/#\/schema\/logo\/image\/","url":"https:\/\/primorcosmetics.com\/wp-content\/uploads\/2021\/12\/Primor_logo_icon_lockup_color.jpg","contentUrl":"https:\/\/primorcosmetics.com\/wp-content\/uploads\/2021\/12\/Primor_logo_icon_lockup_color.jpg","width":1920,"height":1080,"caption":"Prim\u0151r Kozmetikai Kft."},"image":{"@id":"https:\/\/primorcosmetics.com\/#\/schema\/logo\/image\/"},"sameAs":["https:\/\/www.facebook.com\/primorcosmetics","https:\/\/www.instagram.com\/primorcosmetics\/","https:\/\/www.linkedin.com\/company\/primorcosmetics\/mycompany\/","https:\/\/www.youtube.com\/channel\/UCd3Uei375tM1XLkCMPhALWQ"]}]}},"_links":{"self":[{"href":"https:\/\/primorcosmetics.com\/hu\/wp-json\/wp\/v2\/pages\/1681","targetHints":{"allow":["GET"]}}],"collection":[{"href":"https:\/\/primorcosmetics.com\/hu\/wp-json\/wp\/v2\/pages"}],"about":[{"href":"https:\/\/primorcosmetics.com\/hu\/wp-json\/wp\/v2\/types\/page"}],"author":[{"embeddable":true,"href":"https:\/\/primorcosmetics.com\/hu\/wp-json\/wp\/v2\/users\/2"}],"replies":[{"embeddable":true,"href":"https:\/\/primorcosmetics.com\/hu\/wp-json\/wp\/v2\/comments?post=1681"}],"version-history":[{"count":1,"href":"https:\/\/primorcosmetics.com\/hu\/wp-json\/wp\/v2\/pages\/1681\/revisions"}],"predecessor-version":[{"id":1682,"href":"https:\/\/primorcosmetics.com\/hu\/wp-json\/wp\/v2\/pages\/1681\/revisions\/1682"}],"up":[{"embeddable":true,"href":"https:\/\/primorcosmetics.com\/hu\/wp-json\/wp\/v2\/pages\/1659"}],"wp:attachment":[{"href":"https:\/\/primorcosmetics.com\/hu\/wp-json\/wp\/v2\/media?parent=1681"}],"curies":[{"name":"wp","href":"https:\/\/api.w.org\/{rel}","templated":true}]}}