{"id":1687,"date":"2021-12-21T06:35:56","date_gmt":"2021-12-21T06:35:56","guid":{"rendered":"https:\/\/primorcosmetics.com\/markak\/carolina-herrera\/"},"modified":"2022-07-05T08:31:55","modified_gmt":"2022-07-05T08:31:55","slug":"carolina-herrera","status":"publish","type":"page","link":"https:\/\/primorcosmetics.com\/hu\/markak-old\/carolina-herrera\/","title":{"rendered":"CAROLINA HERRERA"},"content":{"rendered":"\t\t<div data-elementor-type=\"wp-page\" data-elementor-id=\"1687\" class=\"elementor elementor-1687 elementor-422\" data-elementor-post-type=\"page\">\n\t\t\t\t\t\t<section class=\"elementor-section elementor-top-section elementor-element elementor-element-1a60289 elementor-section-boxed elementor-section-height-default elementor-section-height-default\" data-id=\"1a60289\" data-element_type=\"section\">\n\t\t\t\t\t\t<div class=\"elementor-container elementor-column-gap-default\">\n\t\t\t\t\t<div class=\"elementor-column elementor-col-100 elementor-top-column elementor-element elementor-element-bbd7392\" data-id=\"bbd7392\" data-element_type=\"column\">\n\t\t\t<div class=\"elementor-widget-wrap\">\n\t\t\t\t\t\t\t<\/div>\n\t\t<\/div>\n\t\t\t\t\t<\/div>\n\t\t<\/section>\n\t\t\t\t<section class=\"elementor-section elementor-top-section elementor-element elementor-element-895bee5 elementor-section-boxed elementor-section-height-default elementor-section-height-default\" data-id=\"895bee5\" data-element_type=\"section\">\n\t\t\t\t\t\t<div class=\"elementor-container elementor-column-gap-default\">\n\t\t\t\t\t<div class=\"elementor-column elementor-col-100 elementor-top-column elementor-element elementor-element-d7443bc\" data-id=\"d7443bc\" data-element_type=\"column\">\n\t\t\t<div class=\"elementor-widget-wrap elementor-element-populated\">\n\t\t\t\t\t\t<div class=\"elementor-element elementor-element-de978f0 elementor-widget elementor-widget-spacer\" data-id=\"de978f0\" data-element_type=\"widget\" data-widget_type=\"spacer.default\">\n\t\t\t\t<div class=\"elementor-widget-container\">\n\t\t\t\t\t\t\t<div class=\"elementor-spacer\">\n\t\t\t<div class=\"elementor-spacer-inner\"><\/div>\n\t\t<\/div>\n\t\t\t\t\t\t<\/div>\n\t\t\t\t<\/div>\n\t\t\t\t\t<\/div>\n\t\t<\/div>\n\t\t\t\t\t<\/div>\n\t\t<\/section>\n\t\t\t\t<section class=\"elementor-section elementor-top-section elementor-element elementor-element-522204b elementor-section-boxed elementor-section-height-default elementor-section-height-default\" data-id=\"522204b\" data-element_type=\"section\">\n\t\t\t\t\t\t<div class=\"elementor-container elementor-column-gap-default\">\n\t\t\t\t\t<div class=\"elementor-column elementor-col-100 elementor-top-column elementor-element elementor-element-a90f324\" data-id=\"a90f324\" data-element_type=\"column\">\n\t\t\t<div class=\"elementor-widget-wrap elementor-element-populated\">\n\t\t\t\t\t\t<div class=\"elementor-element elementor-element-f9c6f60 elementor-widget elementor-widget-heading\" data-id=\"f9c6f60\" data-element_type=\"widget\" data-widget_type=\"heading.default\">\n\t\t\t\t<div class=\"elementor-widget-container\">\n\t\t\t\t\t<h1 class=\"elementor-heading-title elementor-size-default\">CAROLINA HERRERA<\/h1>\t\t\t\t<\/div>\n\t\t\t\t<\/div>\n\t\t\t\t\t<\/div>\n\t\t<\/div>\n\t\t\t\t\t<\/div>\n\t\t<\/section>\n\t\t\t\t<section class=\"elementor-section elementor-top-section elementor-element elementor-element-5bebc7f elementor-section-boxed elementor-section-height-default elementor-section-height-default\" data-id=\"5bebc7f\" data-element_type=\"section\">\n\t\t\t\t\t\t<div class=\"elementor-container elementor-column-gap-default\">\n\t\t\t\t\t<div class=\"elementor-column elementor-col-100 elementor-top-column elementor-element elementor-element-44198d4\" data-id=\"44198d4\" data-element_type=\"column\">\n\t\t\t<div class=\"elementor-widget-wrap elementor-element-populated\">\n\t\t\t\t\t\t<div class=\"elementor-element elementor-element-04171c3 elementor-widget elementor-widget-spacer\" data-id=\"04171c3\" data-element_type=\"widget\" data-widget_type=\"spacer.default\">\n\t\t\t\t<div class=\"elementor-widget-container\">\n\t\t\t\t\t\t\t<div class=\"elementor-spacer\">\n\t\t\t<div class=\"elementor-spacer-inner\"><\/div>\n\t\t<\/div>\n\t\t\t\t\t\t<\/div>\n\t\t\t\t<\/div>\n\t\t\t\t\t<\/div>\n\t\t<\/div>\n\t\t\t\t\t<\/div>\n\t\t<\/section>\n\t\t\t\t<section class=\"elementor-section elementor-top-section elementor-element elementor-element-896add9 elementor-section-boxed elementor-section-height-default elementor-section-height-default\" data-id=\"896add9\" data-element_type=\"section\">\n\t\t\t\t\t\t<div class=\"elementor-container elementor-column-gap-default\">\n\t\t\t\t\t<div class=\"elementor-column elementor-col-50 elementor-top-column elementor-element elementor-element-3e24276\" data-id=\"3e24276\" data-element_type=\"column\">\n\t\t\t<div class=\"elementor-widget-wrap elementor-element-populated\">\n\t\t\t\t\t\t<div class=\"elementor-element elementor-element-4f9bd72 elementor-widget elementor-widget-text-editor\" data-id=\"4f9bd72\" data-element_type=\"widget\" data-widget_type=\"text-editor.default\">\n\t\t\t\t<div class=\"elementor-widget-container\">\n\t\t\t\t\t\t\t\t\t<p>A Carolina Herrera parf\u00fcm\u00f6k az id\u0151tlen kifinomults\u00e1g szimb\u00f3lumai, melyek Mrs. Herrera venezuelai fiatals\u00e1g\u00e1nak eml\u00e9keit id\u00e9zik fel. A haute couture l\u00e1gys\u00e1g\u00e1t klasszikus eleganci\u00e1val \u00f6tv\u00f6zve, a Carolina Herrera parf\u00fcm\u00f6k a kiv\u00e9teles st\u00edlus \u00e9s egy\u00e9nis\u00e9g l\u00e1thatatlan kieg\u00e9sz\u00edt\u0151i. Legf\u0151bb illatvonalai: Good Girl, Bad Boy \u00e9s a 212.<\/p>\t\t\t\t\t\t\t\t<\/div>\n\t\t\t\t<\/div>\n\t\t\t\t<div class=\"elementor-element elementor-element-78291fc elementor-widget elementor-widget-heading\" data-id=\"78291fc\" data-element_type=\"widget\" data-widget_type=\"heading.default\">\n\t\t\t\t<div class=\"elementor-widget-container\">\n\t\t\t\t\t<h2 class=\"elementor-heading-title elementor-size-default\">Carolina Herrera \u00e9rt\u00e9kek<\/h2>\t\t\t\t<\/div>\n\t\t\t\t<\/div>\n\t\t\t\t<div class=\"elementor-element elementor-element-51a330c elementor-widget elementor-widget-text-editor\" data-id=\"51a330c\" data-element_type=\"widget\" data-widget_type=\"text-editor.default\">\n\t\t\t\t<div class=\"elementor-widget-container\">\n\t\t\t\t\t\t\t\t\t<p>A Carolina Herrera divath\u00e1zat az elegancia, ragyog\u00e1s, a kortalans\u00e1g \u00e9s a pezsg\u0151 \u00e9let sz\u00e9ps\u00e9g\u00e9ben rejl\u0151 \u00f6r\u00f6m\u00f6k megtal\u00e1l\u00e1sa jellemzi. Ezzel a m\u00e1rka v\u00e9djegye nem m\u00e1s, mint a mer\u00e9sz elegancia \u00e9s a modern kifinomults\u00e1g. Az eg\u00e9sz m\u00e1rka a luxust, kifinomults\u00e1got \u00e9s az id\u0151tlen eleganci\u00e1t testes\u00edti meg.<\/p>\t\t\t\t\t\t\t\t<\/div>\n\t\t\t\t<\/div>\n\t\t\t\t<div class=\"elementor-element elementor-element-9d504d0 elementor-widget elementor-widget-heading\" data-id=\"9d504d0\" data-element_type=\"widget\" data-widget_type=\"heading.default\">\n\t\t\t\t<div class=\"elementor-widget-container\">\n\t\t\t\t\t<h2 class=\"elementor-heading-title elementor-size-default\">Carolina Herrera t\u00f6rt\u00e9nete<\/h2>\t\t\t\t<\/div>\n\t\t\t\t<\/div>\n\t\t\t\t<div class=\"elementor-element elementor-element-5562f13 elementor-widget elementor-widget-text-editor\" data-id=\"5562f13\" data-element_type=\"widget\" data-widget_type=\"text-editor.default\">\n\t\t\t\t<div class=\"elementor-widget-container\">\n\t\t\t\t\t\t\t\t\t<p>Carolina Herrera m\u00e1r a kezdetekt\u0151l kit\u0171nt egyed\u00fcl\u00e1ll\u00f3 st\u00edlus\u00e1val, manaps\u00e1g pedig a vil\u00e1g legjobban \u00f6lt\u00f6z\u00f6tt n\u0151i k\u00f6z\u00f6tt tartj\u00e1k sz\u00e1mon. Els\u0151 ruhakollekci\u00f3j\u00e1t 1981-ben mutatta be, New York-ban. A nagyv\u00e1ros az\u00f3ta is hatalmas inspir\u00e1ci\u00f3t jelent sz\u00e1m\u00e1ra. . Abban hisz, hogy a divat ott kezd\u0151dik \u00e9s ott is v\u00e9gz\u0151dik. Az els\u0151 Carolina Herrera parf\u00fcm saj\u00e1t haszn\u00e1latra k\u00e9sz\u00fclt, f\u0151 illatjegye a j\u00e1zmin volt, majd 1988-ban megh\u00f3d\u00edtotta a parf\u00fcm piacot is. Ezt k\u00f6vet\u0151en im\u00e1dott v\u00e1rosa el\u0151tt tisztelegve bemutatta a 212 parf\u00fcm kollekci\u00f3t, melynek elnevez\u00e9se Manhattan ker\u00fcletre utal. Ezt pedig az ikonikus Good Girl \u00e9s Bad Boy parf\u00fcm p\u00e1ros k\u00f6vette, melyek azonnal a nagyk\u00f6z\u00f6ns\u00e9g kedvenceiv\u00e9 v\u00e1ltak.<\/p>\t\t\t\t\t\t\t\t<\/div>\n\t\t\t\t<\/div>\n\t\t\t\t<div class=\"elementor-element elementor-element-58ca072 elementor-align-center elementor-widget elementor-widget-button\" data-id=\"58ca072\" data-element_type=\"widget\" data-widget_type=\"button.default\">\n\t\t\t\t<div class=\"elementor-widget-container\">\n\t\t\t\t\t\t\t\t\t<div class=\"elementor-button-wrapper\">\n\t\t\t\t\t<a class=\"elementor-button elementor-button-link elementor-size-sm\" href=\"https:\/\/primorcosmetics.com\/hu\/kapcsolat\/\">\n\t\t\t\t\t\t<span class=\"elementor-button-content-wrapper\">\n\t\t\t\t\t\t\t\t\t<span class=\"elementor-button-text\">Kapcsolat<\/span>\n\t\t\t\t\t<\/span>\n\t\t\t\t\t<\/a>\n\t\t\t\t<\/div>\n\t\t\t\t\t\t\t\t<\/div>\n\t\t\t\t<\/div>\n\t\t\t\t\t<\/div>\n\t\t<\/div>\n\t\t\t\t<div class=\"elementor-column elementor-col-50 elementor-top-column elementor-element elementor-element-a2affe2\" data-id=\"a2affe2\" data-element_type=\"column\">\n\t\t\t<div class=\"elementor-widget-wrap elementor-element-populated\">\n\t\t\t\t\t\t<div class=\"elementor-element elementor-element-7fe6cd9 elementor-widget elementor-widget-image\" data-id=\"7fe6cd9\" data-element_type=\"widget\" data-widget_type=\"image.default\">\n\t\t\t\t<div class=\"elementor-widget-container\">\n\t\t\t\t\t\t\t\t\t\t\t\t\t\t\t<img fetchpriority=\"high\" decoding=\"async\" width=\"727\" height=\"1024\" src=\"https:\/\/primorcosmetics.com\/wp-content\/uploads\/2022\/01\/GOOD-GIRL-VERY-GGRE2021_SCH-19357_INTERNATIONAL-ENGLISH-VISUAL-CAMPAIGN-727x1024.jpg\" class=\"attachment-large size-large wp-image-1494\" alt=\"CARolina Herrera partf\u00fcm\" srcset=\"https:\/\/primorcosmetics.com\/wp-content\/uploads\/2022\/01\/GOOD-GIRL-VERY-GGRE2021_SCH-19357_INTERNATIONAL-ENGLISH-VISUAL-CAMPAIGN-727x1024.jpg 727w, https:\/\/primorcosmetics.com\/wp-content\/uploads\/2022\/01\/GOOD-GIRL-VERY-GGRE2021_SCH-19357_INTERNATIONAL-ENGLISH-VISUAL-CAMPAIGN-213x300.jpg 213w, https:\/\/primorcosmetics.com\/wp-content\/uploads\/2022\/01\/GOOD-GIRL-VERY-GGRE2021_SCH-19357_INTERNATIONAL-ENGLISH-VISUAL-CAMPAIGN-768x1082.jpg 768w, https:\/\/primorcosmetics.com\/wp-content\/uploads\/2022\/01\/GOOD-GIRL-VERY-GGRE2021_SCH-19357_INTERNATIONAL-ENGLISH-VISUAL-CAMPAIGN-1091x1536.jpg 1091w, https:\/\/primorcosmetics.com\/wp-content\/uploads\/2022\/01\/GOOD-GIRL-VERY-GGRE2021_SCH-19357_INTERNATIONAL-ENGLISH-VISUAL-CAMPAIGN-1454x2048.jpg 1454w, https:\/\/primorcosmetics.com\/wp-content\/uploads\/2022\/01\/GOOD-GIRL-VERY-GGRE2021_SCH-19357_INTERNATIONAL-ENGLISH-VISUAL-CAMPAIGN.jpg 1677w\" sizes=\"(max-width: 727px) 100vw, 727px\" \/>\t\t\t\t\t\t\t\t\t\t\t\t\t\t\t<\/div>\n\t\t\t\t<\/div>\n\t\t\t\t\t<\/div>\n\t\t<\/div>\n\t\t\t\t\t<\/div>\n\t\t<\/section>\n\t\t\t\t<\/div>\n\t\t","protected":false},"excerpt":{"rendered":"<p>CAROLINA HERRERA A Carolina Herrera parf\u00fcm\u00f6k az id\u0151tlen kifinomults\u00e1g szimb\u00f3lumai, melyek Mrs. Herrera venezuelai fiatals\u00e1g\u00e1nak eml\u00e9keit id\u00e9zik fel. A haute couture l\u00e1gys\u00e1g\u00e1t klasszikus eleganci\u00e1val \u00f6tv\u00f6zve, a Carolina Herrera parf\u00fcm\u00f6k a kiv\u00e9teles st\u00edlus \u00e9s egy\u00e9nis\u00e9g l\u00e1thatatlan kieg\u00e9sz\u00edt\u0151i. Legf\u0151bb illatvonalai: Good Girl, Bad Boy \u00e9s a 212. Carolina Herrera \u00e9rt\u00e9kek A Carolina Herrera divath\u00e1zat az elegancia, ragyog\u00e1s, [&hellip;]<\/p>\n","protected":false},"author":2,"featured_media":0,"parent":1659,"menu_order":0,"comment_status":"closed","ping_status":"closed","template":"","meta":{"footnotes":""},"class_list":["post-1687","page","type-page","status-publish","hentry"],"yoast_head":"<!-- This site is optimized with the Yoast SEO plugin v25.7 - https:\/\/yoast.com\/wordpress\/plugins\/seo\/ -->\n<title>CAROLINA HERRERA - Prim\u0151r Cosmetics<\/title>\n<meta name=\"description\" content=\"Ismerd meg M\u00e1rk\u00e1inkat: A Carolina Herrera parf\u00fcm\u00f6k az id\u0151tlen kifinomults\u00e1g szimb\u00f3lumai, melyek Mrs. Herrera venezuelai fiatals\u00e1g\u00e1nak eml\u00e9keit id\u00e9zik fel.\" \/>\n<meta name=\"robots\" content=\"index, follow, max-snippet:-1, max-image-preview:large, max-video-preview:-1\" \/>\n<link rel=\"canonical\" href=\"https:\/\/primorcosmetics.com\/hu\/markak-old\/carolina-herrera\/\" \/>\n<meta property=\"og:locale\" content=\"hu_HU\" \/>\n<meta property=\"og:type\" content=\"article\" \/>\n<meta property=\"og:title\" content=\"CAROLINA HERRERA - Prim\u0151r Cosmetics\" \/>\n<meta property=\"og:description\" content=\"Ismerd meg M\u00e1rk\u00e1inkat: A Carolina Herrera parf\u00fcm\u00f6k az id\u0151tlen kifinomults\u00e1g szimb\u00f3lumai, melyek Mrs. Herrera venezuelai fiatals\u00e1g\u00e1nak eml\u00e9keit id\u00e9zik fel.\" \/>\n<meta property=\"og:url\" content=\"https:\/\/primorcosmetics.com\/hu\/markak-old\/carolina-herrera\/\" \/>\n<meta property=\"og:site_name\" content=\"Prim\u0151r Cosmetics\" \/>\n<meta property=\"article:publisher\" content=\"https:\/\/www.facebook.com\/primorcosmetics\" \/>\n<meta property=\"article:modified_time\" content=\"2022-07-05T08:31:55+00:00\" \/>\n<meta property=\"og:image\" content=\"https:\/\/primorcosmetics.com\/wp-content\/uploads\/2022\/01\/GOOD-GIRL-VERY-GGRE2021_SCH-19357_INTERNATIONAL-ENGLISH-VISUAL-CAMPAIGN-727x1024.jpg\" \/>\n<meta name=\"twitter:card\" content=\"summary_large_image\" \/>\n<meta name=\"twitter:label1\" content=\"Becs\u00fclt olvas\u00e1si id\u0151\" \/>\n\t<meta name=\"twitter:data1\" content=\"1 perc\" \/>\n<script type=\"application\/ld+json\" class=\"yoast-schema-graph\">{\"@context\":\"https:\/\/schema.org\",\"@graph\":[{\"@type\":\"WebPage\",\"@id\":\"https:\/\/primorcosmetics.com\/hu\/markak-old\/carolina-herrera\/\",\"url\":\"https:\/\/primorcosmetics.com\/hu\/markak-old\/carolina-herrera\/\",\"name\":\"CAROLINA HERRERA - Prim\u0151r Cosmetics\",\"isPartOf\":{\"@id\":\"https:\/\/primorcosmetics.com\/#website\"},\"primaryImageOfPage\":{\"@id\":\"https:\/\/primorcosmetics.com\/hu\/markak-old\/carolina-herrera\/#primaryimage\"},\"image\":{\"@id\":\"https:\/\/primorcosmetics.com\/hu\/markak-old\/carolina-herrera\/#primaryimage\"},\"thumbnailUrl\":\"https:\/\/primorcosmetics.com\/wp-content\/uploads\/2022\/01\/GOOD-GIRL-VERY-GGRE2021_SCH-19357_INTERNATIONAL-ENGLISH-VISUAL-CAMPAIGN-727x1024.jpg\",\"datePublished\":\"2021-12-21T06:35:56+00:00\",\"dateModified\":\"2022-07-05T08:31:55+00:00\",\"description\":\"Ismerd meg M\u00e1rk\u00e1inkat: A Carolina Herrera parf\u00fcm\u00f6k az id\u0151tlen kifinomults\u00e1g szimb\u00f3lumai, melyek Mrs. Herrera venezuelai fiatals\u00e1g\u00e1nak eml\u00e9keit id\u00e9zik fel.\",\"breadcrumb\":{\"@id\":\"https:\/\/primorcosmetics.com\/hu\/markak-old\/carolina-herrera\/#breadcrumb\"},\"inLanguage\":\"hu\",\"potentialAction\":[{\"@type\":\"ReadAction\",\"target\":[\"https:\/\/primorcosmetics.com\/hu\/markak-old\/carolina-herrera\/\"]}]},{\"@type\":\"ImageObject\",\"inLanguage\":\"hu\",\"@id\":\"https:\/\/primorcosmetics.com\/hu\/markak-old\/carolina-herrera\/#primaryimage\",\"url\":\"https:\/\/primorcosmetics.com\/wp-content\/uploads\/2022\/01\/GOOD-GIRL-VERY-GGRE2021_SCH-19357_INTERNATIONAL-ENGLISH-VISUAL-CAMPAIGN-727x1024.jpg\",\"contentUrl\":\"https:\/\/primorcosmetics.com\/wp-content\/uploads\/2022\/01\/GOOD-GIRL-VERY-GGRE2021_SCH-19357_INTERNATIONAL-ENGLISH-VISUAL-CAMPAIGN-727x1024.jpg\"},{\"@type\":\"BreadcrumbList\",\"@id\":\"https:\/\/primorcosmetics.com\/hu\/markak-old\/carolina-herrera\/#breadcrumb\",\"itemListElement\":[{\"@type\":\"ListItem\",\"position\":1,\"name\":\"Home\",\"item\":\"https:\/\/primorcosmetics.com\/hu\/\"},{\"@type\":\"ListItem\",\"position\":2,\"name\":\"M\u00e1rk\u00e1k\",\"item\":\"https:\/\/primorcosmetics.com\/hu\/markak-old\/\"},{\"@type\":\"ListItem\",\"position\":3,\"name\":\"CAROLINA HERRERA\"}]},{\"@type\":\"WebSite\",\"@id\":\"https:\/\/primorcosmetics.com\/#website\",\"url\":\"https:\/\/primorcosmetics.com\/\",\"name\":\"Prim\u0151r Cosmetics\",\"description\":\"Prim\u0151r Cosmetics Leading Hungarian beauty and cosmetics distributor\",\"publisher\":{\"@id\":\"https:\/\/primorcosmetics.com\/#organization\"},\"potentialAction\":[{\"@type\":\"SearchAction\",\"target\":{\"@type\":\"EntryPoint\",\"urlTemplate\":\"https:\/\/primorcosmetics.com\/?s={search_term_string}\"},\"query-input\":{\"@type\":\"PropertyValueSpecification\",\"valueRequired\":true,\"valueName\":\"search_term_string\"}}],\"inLanguage\":\"hu\"},{\"@type\":\"Organization\",\"@id\":\"https:\/\/primorcosmetics.com\/#organization\",\"name\":\"Prim\u0151r Kozmetikai Kft.\",\"url\":\"https:\/\/primorcosmetics.com\/\",\"logo\":{\"@type\":\"ImageObject\",\"inLanguage\":\"hu\",\"@id\":\"https:\/\/primorcosmetics.com\/#\/schema\/logo\/image\/\",\"url\":\"https:\/\/primorcosmetics.com\/wp-content\/uploads\/2021\/12\/Primor_logo_icon_lockup_color.jpg\",\"contentUrl\":\"https:\/\/primorcosmetics.com\/wp-content\/uploads\/2021\/12\/Primor_logo_icon_lockup_color.jpg\",\"width\":1920,\"height\":1080,\"caption\":\"Prim\u0151r Kozmetikai Kft.\"},\"image\":{\"@id\":\"https:\/\/primorcosmetics.com\/#\/schema\/logo\/image\/\"},\"sameAs\":[\"https:\/\/www.facebook.com\/primorcosmetics\",\"https:\/\/www.instagram.com\/primorcosmetics\/\",\"https:\/\/www.linkedin.com\/company\/primorcosmetics\/mycompany\/\",\"https:\/\/www.youtube.com\/channel\/UCd3Uei375tM1XLkCMPhALWQ\"]}]}<\/script>\n<!-- \/ Yoast SEO plugin. -->","yoast_head_json":{"title":"CAROLINA HERRERA - Prim\u0151r Cosmetics","description":"Ismerd meg M\u00e1rk\u00e1inkat: A Carolina Herrera parf\u00fcm\u00f6k az id\u0151tlen kifinomults\u00e1g szimb\u00f3lumai, melyek Mrs. Herrera venezuelai fiatals\u00e1g\u00e1nak eml\u00e9keit id\u00e9zik fel.","robots":{"index":"index","follow":"follow","max-snippet":"max-snippet:-1","max-image-preview":"max-image-preview:large","max-video-preview":"max-video-preview:-1"},"canonical":"https:\/\/primorcosmetics.com\/hu\/markak-old\/carolina-herrera\/","og_locale":"hu_HU","og_type":"article","og_title":"CAROLINA HERRERA - Prim\u0151r Cosmetics","og_description":"Ismerd meg M\u00e1rk\u00e1inkat: A Carolina Herrera parf\u00fcm\u00f6k az id\u0151tlen kifinomults\u00e1g szimb\u00f3lumai, melyek Mrs. Herrera venezuelai fiatals\u00e1g\u00e1nak eml\u00e9keit id\u00e9zik fel.","og_url":"https:\/\/primorcosmetics.com\/hu\/markak-old\/carolina-herrera\/","og_site_name":"Prim\u0151r Cosmetics","article_publisher":"https:\/\/www.facebook.com\/primorcosmetics","article_modified_time":"2022-07-05T08:31:55+00:00","og_image":[{"url":"https:\/\/primorcosmetics.com\/wp-content\/uploads\/2022\/01\/GOOD-GIRL-VERY-GGRE2021_SCH-19357_INTERNATIONAL-ENGLISH-VISUAL-CAMPAIGN-727x1024.jpg","type":"","width":"","height":""}],"twitter_card":"summary_large_image","twitter_misc":{"Becs\u00fclt olvas\u00e1si id\u0151":"1 perc"},"schema":{"@context":"https:\/\/schema.org","@graph":[{"@type":"WebPage","@id":"https:\/\/primorcosmetics.com\/hu\/markak-old\/carolina-herrera\/","url":"https:\/\/primorcosmetics.com\/hu\/markak-old\/carolina-herrera\/","name":"CAROLINA HERRERA - Prim\u0151r Cosmetics","isPartOf":{"@id":"https:\/\/primorcosmetics.com\/#website"},"primaryImageOfPage":{"@id":"https:\/\/primorcosmetics.com\/hu\/markak-old\/carolina-herrera\/#primaryimage"},"image":{"@id":"https:\/\/primorcosmetics.com\/hu\/markak-old\/carolina-herrera\/#primaryimage"},"thumbnailUrl":"https:\/\/primorcosmetics.com\/wp-content\/uploads\/2022\/01\/GOOD-GIRL-VERY-GGRE2021_SCH-19357_INTERNATIONAL-ENGLISH-VISUAL-CAMPAIGN-727x1024.jpg","datePublished":"2021-12-21T06:35:56+00:00","dateModified":"2022-07-05T08:31:55+00:00","description":"Ismerd meg M\u00e1rk\u00e1inkat: A Carolina Herrera parf\u00fcm\u00f6k az id\u0151tlen kifinomults\u00e1g szimb\u00f3lumai, melyek Mrs. Herrera venezuelai fiatals\u00e1g\u00e1nak eml\u00e9keit id\u00e9zik fel.","breadcrumb":{"@id":"https:\/\/primorcosmetics.com\/hu\/markak-old\/carolina-herrera\/#breadcrumb"},"inLanguage":"hu","potentialAction":[{"@type":"ReadAction","target":["https:\/\/primorcosmetics.com\/hu\/markak-old\/carolina-herrera\/"]}]},{"@type":"ImageObject","inLanguage":"hu","@id":"https:\/\/primorcosmetics.com\/hu\/markak-old\/carolina-herrera\/#primaryimage","url":"https:\/\/primorcosmetics.com\/wp-content\/uploads\/2022\/01\/GOOD-GIRL-VERY-GGRE2021_SCH-19357_INTERNATIONAL-ENGLISH-VISUAL-CAMPAIGN-727x1024.jpg","contentUrl":"https:\/\/primorcosmetics.com\/wp-content\/uploads\/2022\/01\/GOOD-GIRL-VERY-GGRE2021_SCH-19357_INTERNATIONAL-ENGLISH-VISUAL-CAMPAIGN-727x1024.jpg"},{"@type":"BreadcrumbList","@id":"https:\/\/primorcosmetics.com\/hu\/markak-old\/carolina-herrera\/#breadcrumb","itemListElement":[{"@type":"ListItem","position":1,"name":"Home","item":"https:\/\/primorcosmetics.com\/hu\/"},{"@type":"ListItem","position":2,"name":"M\u00e1rk\u00e1k","item":"https:\/\/primorcosmetics.com\/hu\/markak-old\/"},{"@type":"ListItem","position":3,"name":"CAROLINA HERRERA"}]},{"@type":"WebSite","@id":"https:\/\/primorcosmetics.com\/#website","url":"https:\/\/primorcosmetics.com\/","name":"Prim\u0151r Cosmetics","description":"Prim\u0151r Cosmetics Leading Hungarian beauty and cosmetics distributor","publisher":{"@id":"https:\/\/primorcosmetics.com\/#organization"},"potentialAction":[{"@type":"SearchAction","target":{"@type":"EntryPoint","urlTemplate":"https:\/\/primorcosmetics.com\/?s={search_term_string}"},"query-input":{"@type":"PropertyValueSpecification","valueRequired":true,"valueName":"search_term_string"}}],"inLanguage":"hu"},{"@type":"Organization","@id":"https:\/\/primorcosmetics.com\/#organization","name":"Prim\u0151r Kozmetikai Kft.","url":"https:\/\/primorcosmetics.com\/","logo":{"@type":"ImageObject","inLanguage":"hu","@id":"https:\/\/primorcosmetics.com\/#\/schema\/logo\/image\/","url":"https:\/\/primorcosmetics.com\/wp-content\/uploads\/2021\/12\/Primor_logo_icon_lockup_color.jpg","contentUrl":"https:\/\/primorcosmetics.com\/wp-content\/uploads\/2021\/12\/Primor_logo_icon_lockup_color.jpg","width":1920,"height":1080,"caption":"Prim\u0151r Kozmetikai Kft."},"image":{"@id":"https:\/\/primorcosmetics.com\/#\/schema\/logo\/image\/"},"sameAs":["https:\/\/www.facebook.com\/primorcosmetics","https:\/\/www.instagram.com\/primorcosmetics\/","https:\/\/www.linkedin.com\/company\/primorcosmetics\/mycompany\/","https:\/\/www.youtube.com\/channel\/UCd3Uei375tM1XLkCMPhALWQ"]}]}},"_links":{"self":[{"href":"https:\/\/primorcosmetics.com\/hu\/wp-json\/wp\/v2\/pages\/1687","targetHints":{"allow":["GET"]}}],"collection":[{"href":"https:\/\/primorcosmetics.com\/hu\/wp-json\/wp\/v2\/pages"}],"about":[{"href":"https:\/\/primorcosmetics.com\/hu\/wp-json\/wp\/v2\/types\/page"}],"author":[{"embeddable":true,"href":"https:\/\/primorcosmetics.com\/hu\/wp-json\/wp\/v2\/users\/2"}],"replies":[{"embeddable":true,"href":"https:\/\/primorcosmetics.com\/hu\/wp-json\/wp\/v2\/comments?post=1687"}],"version-history":[{"count":1,"href":"https:\/\/primorcosmetics.com\/hu\/wp-json\/wp\/v2\/pages\/1687\/revisions"}],"predecessor-version":[{"id":1688,"href":"https:\/\/primorcosmetics.com\/hu\/wp-json\/wp\/v2\/pages\/1687\/revisions\/1688"}],"up":[{"embeddable":true,"href":"https:\/\/primorcosmetics.com\/hu\/wp-json\/wp\/v2\/pages\/1659"}],"wp:attachment":[{"href":"https:\/\/primorcosmetics.com\/hu\/wp-json\/wp\/v2\/media?parent=1687"}],"curies":[{"name":"wp","href":"https:\/\/api.w.org\/{rel}","templated":true}]}}