{"id":1689,"date":"2021-12-21T06:31:36","date_gmt":"2021-12-21T06:31:36","guid":{"rendered":"https:\/\/primorcosmetics.com\/markak\/paco-rabanne\/"},"modified":"2022-07-05T08:36:29","modified_gmt":"2022-07-05T08:36:29","slug":"paco-rabanne","status":"publish","type":"page","link":"https:\/\/primorcosmetics.com\/hu\/markak-old\/paco-rabanne\/","title":{"rendered":"PACO RABANNE"},"content":{"rendered":"\t\t<div data-elementor-type=\"wp-page\" data-elementor-id=\"1689\" class=\"elementor elementor-1689 elementor-416\" data-elementor-post-type=\"page\">\n\t\t\t\t\t\t<section class=\"elementor-section elementor-top-section elementor-element elementor-element-1a60289 elementor-section-boxed elementor-section-height-default elementor-section-height-default\" data-id=\"1a60289\" data-element_type=\"section\">\n\t\t\t\t\t\t<div class=\"elementor-container elementor-column-gap-default\">\n\t\t\t\t\t<div class=\"elementor-column elementor-col-100 elementor-top-column elementor-element elementor-element-bbd7392\" data-id=\"bbd7392\" data-element_type=\"column\">\n\t\t\t<div class=\"elementor-widget-wrap\">\n\t\t\t\t\t\t\t<\/div>\n\t\t<\/div>\n\t\t\t\t\t<\/div>\n\t\t<\/section>\n\t\t\t\t<section class=\"elementor-section elementor-top-section elementor-element elementor-element-895bee5 elementor-section-boxed elementor-section-height-default elementor-section-height-default\" data-id=\"895bee5\" data-element_type=\"section\">\n\t\t\t\t\t\t<div class=\"elementor-container elementor-column-gap-default\">\n\t\t\t\t\t<div class=\"elementor-column elementor-col-100 elementor-top-column elementor-element elementor-element-d7443bc\" data-id=\"d7443bc\" data-element_type=\"column\">\n\t\t\t<div class=\"elementor-widget-wrap elementor-element-populated\">\n\t\t\t\t\t\t<div class=\"elementor-element elementor-element-de978f0 elementor-widget elementor-widget-spacer\" data-id=\"de978f0\" data-element_type=\"widget\" data-widget_type=\"spacer.default\">\n\t\t\t\t<div class=\"elementor-widget-container\">\n\t\t\t\t\t\t\t<div class=\"elementor-spacer\">\n\t\t\t<div class=\"elementor-spacer-inner\"><\/div>\n\t\t<\/div>\n\t\t\t\t\t\t<\/div>\n\t\t\t\t<\/div>\n\t\t\t\t\t<\/div>\n\t\t<\/div>\n\t\t\t\t\t<\/div>\n\t\t<\/section>\n\t\t\t\t<section class=\"elementor-section elementor-top-section elementor-element elementor-element-522204b elementor-section-boxed elementor-section-height-default elementor-section-height-default\" data-id=\"522204b\" data-element_type=\"section\">\n\t\t\t\t\t\t<div class=\"elementor-container elementor-column-gap-default\">\n\t\t\t\t\t<div class=\"elementor-column elementor-col-100 elementor-top-column elementor-element elementor-element-a90f324\" data-id=\"a90f324\" data-element_type=\"column\">\n\t\t\t<div class=\"elementor-widget-wrap elementor-element-populated\">\n\t\t\t\t\t\t<div class=\"elementor-element elementor-element-f9c6f60 elementor-widget elementor-widget-heading\" data-id=\"f9c6f60\" data-element_type=\"widget\" data-widget_type=\"heading.default\">\n\t\t\t\t<div class=\"elementor-widget-container\">\n\t\t\t\t\t<h1 class=\"elementor-heading-title elementor-size-default\">PACO RABANNE<\/h1>\t\t\t\t<\/div>\n\t\t\t\t<\/div>\n\t\t\t\t\t<\/div>\n\t\t<\/div>\n\t\t\t\t\t<\/div>\n\t\t<\/section>\n\t\t\t\t<section class=\"elementor-section elementor-top-section elementor-element elementor-element-5bebc7f elementor-section-boxed elementor-section-height-default elementor-section-height-default\" data-id=\"5bebc7f\" data-element_type=\"section\">\n\t\t\t\t\t\t<div class=\"elementor-container elementor-column-gap-default\">\n\t\t\t\t\t<div class=\"elementor-column elementor-col-100 elementor-top-column elementor-element elementor-element-44198d4\" data-id=\"44198d4\" data-element_type=\"column\">\n\t\t\t<div class=\"elementor-widget-wrap elementor-element-populated\">\n\t\t\t\t\t\t<div class=\"elementor-element elementor-element-04171c3 elementor-widget elementor-widget-spacer\" data-id=\"04171c3\" data-element_type=\"widget\" data-widget_type=\"spacer.default\">\n\t\t\t\t<div class=\"elementor-widget-container\">\n\t\t\t\t\t\t\t<div class=\"elementor-spacer\">\n\t\t\t<div class=\"elementor-spacer-inner\"><\/div>\n\t\t<\/div>\n\t\t\t\t\t\t<\/div>\n\t\t\t\t<\/div>\n\t\t\t\t\t<\/div>\n\t\t<\/div>\n\t\t\t\t\t<\/div>\n\t\t<\/section>\n\t\t\t\t<section class=\"elementor-section elementor-top-section elementor-element elementor-element-896add9 elementor-section-boxed elementor-section-height-default elementor-section-height-default\" data-id=\"896add9\" data-element_type=\"section\">\n\t\t\t\t\t\t<div class=\"elementor-container elementor-column-gap-default\">\n\t\t\t\t\t<div class=\"elementor-column elementor-col-50 elementor-top-column elementor-element elementor-element-3e24276\" data-id=\"3e24276\" data-element_type=\"column\">\n\t\t\t<div class=\"elementor-widget-wrap elementor-element-populated\">\n\t\t\t\t\t\t<div class=\"elementor-element elementor-element-4f9bd72 elementor-widget elementor-widget-text-editor\" data-id=\"4f9bd72\" data-element_type=\"widget\" data-widget_type=\"text-editor.default\">\n\t\t\t\t<div class=\"elementor-widget-container\">\n\t\t\t\t\t\t\t\t\t<p>Paco Rabanne legf\u0151bb ism\u00e9rvei a mer\u00e9szs\u00e9g \u00e9s az avantg\u00e1rd st\u00edlus. A k\u00fcl\u00f6nleges, f\u00e9mb\u0151l k\u00e9sz\u00fclt ruhakollekci\u00f3kt\u00f3l kezdve a parf\u00fcm kre\u00e1ci\u00f3kon \u00e1t minden szab\u00e1lyt \u00e1th\u00e1g. Innovat\u00edv st\u00edlus\u00e1val mindig valami \u00fajdons\u00e1got teremt, amivel k\u00e9pes a leger\u0151sebb \u00e9rzelmeket kiv\u00e1ltani. Megh\u00f6kkent\u0151 \u00e9s provokat\u00edv. Minden Paco Rabanne parf\u00fcm kiv\u00e9teles er\u0151vel b\u00edr, melyek garant\u00e1ltan mindenkiben m\u00e9ly benyom\u00e1st keltenek.<\/p>\t\t\t\t\t\t\t\t<\/div>\n\t\t\t\t<\/div>\n\t\t\t\t<div class=\"elementor-element elementor-element-78291fc elementor-widget elementor-widget-heading\" data-id=\"78291fc\" data-element_type=\"widget\" data-widget_type=\"heading.default\">\n\t\t\t\t<div class=\"elementor-widget-container\">\n\t\t\t\t\t<h2 class=\"elementor-heading-title elementor-size-default\">PACO RABANNE \u00e9rt\u00e9kek<\/h2>\t\t\t\t<\/div>\n\t\t\t\t<\/div>\n\t\t\t\t<div class=\"elementor-element elementor-element-51a330c elementor-widget elementor-widget-text-editor\" data-id=\"51a330c\" data-element_type=\"widget\" data-widget_type=\"text-editor.default\">\n\t\t\t\t<div class=\"elementor-widget-container\">\n\t\t\t\t\t\t\t\t\t<p>Ruhak\u00f6ltem\u00e9nyei \u00e9s parf\u00fcm kre\u00e1ci\u00f3i ugyanazt az \u00fczenetet k\u00f6zvet\u00edtik, miszerint csakis rajtad m\u00falik, hogy eml\u00e9kezni fognak-e r\u00e1d. Minden Paco Rabanne parf\u00fcm a luxusra, min\u0151s\u00e9gi pomp\u00e1ra \u00e9s az extravaganci\u00e1ra helyezi a hangs\u00falyt. A jellegzetes \u00e9s egyedi illat\u00fcvegekbe z\u00e1rt parf\u00fcm kompoz\u00edci\u00f3k \u00e9pp olyan eredetiek, mint alkot\u00f3juk.<\/p>\t\t\t\t\t\t\t\t<\/div>\n\t\t\t\t<\/div>\n\t\t\t\t<div class=\"elementor-element elementor-element-9d504d0 elementor-widget elementor-widget-heading\" data-id=\"9d504d0\" data-element_type=\"widget\" data-widget_type=\"heading.default\">\n\t\t\t\t<div class=\"elementor-widget-container\">\n\t\t\t\t\t<h2 class=\"elementor-heading-title elementor-size-default\">PACO RABANNE t\u00f6rt\u00e9nete<\/h2>\t\t\t\t<\/div>\n\t\t\t\t<\/div>\n\t\t\t\t<div class=\"elementor-element elementor-element-5562f13 elementor-widget elementor-widget-text-editor\" data-id=\"5562f13\" data-element_type=\"widget\" data-widget_type=\"text-editor.default\">\n\t\t\t\t<div class=\"elementor-widget-container\">\n\t\t\t\t\t\t\t\t\t<p>Paco Rabanne 1934-ben sz\u00fcletett San Sebastianban, Spanyolorsz\u00e1gban. Karrierj\u00e9t pedig P\u00e1rizsban kezdte az 1950-es \u00e9vekben. M\u00e1r a tanulm\u00e1nyai sor\u00e1n is felsz\u00ednre t\u00f6rt a szokatlan, nem h\u00e9tk\u00f6znapi dolgok ir\u00e1nti vonz\u00f3d\u00e1sa, melyet k\u00e9s\u0151bb k\u00fcl\u00f6nleges \u00e9s mer\u00e9sz technik\u00e1iban mutatott meg, folyamatos inspir\u00e1ci\u00f3k\u00e9nt szolg\u00e1lva a divatvil\u00e1g szerelmeseinek. P\u00e9ld\u00e1ul haute-couture ruhakollekci\u00f3inak megalkot\u00e1s\u00e1n\u00e1l nem f\u00e9lt olyan anyagok felhaszn\u00e1l\u00e1s\u00e1t\u00f3l sem, mint a f\u00e9m vagy a m\u0171anyag.<\/p>\t\t\t\t\t\t\t\t<\/div>\n\t\t\t\t<\/div>\n\t\t\t\t<div class=\"elementor-element elementor-element-58ca072 elementor-align-center elementor-widget elementor-widget-button\" data-id=\"58ca072\" data-element_type=\"widget\" data-widget_type=\"button.default\">\n\t\t\t\t<div class=\"elementor-widget-container\">\n\t\t\t\t\t\t\t\t\t<div class=\"elementor-button-wrapper\">\n\t\t\t\t\t<a class=\"elementor-button elementor-button-link elementor-size-sm\" href=\"https:\/\/primorcosmetics.com\/hu\/kapcsolat\/\">\n\t\t\t\t\t\t<span class=\"elementor-button-content-wrapper\">\n\t\t\t\t\t\t\t\t\t<span class=\"elementor-button-text\">Kapcsolat<\/span>\n\t\t\t\t\t<\/span>\n\t\t\t\t\t<\/a>\n\t\t\t\t<\/div>\n\t\t\t\t\t\t\t\t<\/div>\n\t\t\t\t<\/div>\n\t\t\t\t\t<\/div>\n\t\t<\/div>\n\t\t\t\t<div class=\"elementor-column elementor-col-50 elementor-top-column elementor-element elementor-element-a2affe2\" data-id=\"a2affe2\" data-element_type=\"column\">\n\t\t\t<div class=\"elementor-widget-wrap elementor-element-populated\">\n\t\t\t\t\t\t<div class=\"elementor-element elementor-element-7fe6cd9 elementor-widget elementor-widget-image\" data-id=\"7fe6cd9\" data-element_type=\"widget\" data-widget_type=\"image.default\">\n\t\t\t\t<div class=\"elementor-widget-container\">\n\t\t\t\t\t\t\t\t\t\t\t\t\t\t\t<img fetchpriority=\"high\" decoding=\"async\" width=\"727\" height=\"1024\" src=\"https:\/\/primorcosmetics.com\/wp-content\/uploads\/2022\/01\/1-MILLION-LADY-MILLIONMB_SPR-10062_INTERNATIONAL-GROUP-VISUAL-CAMPAIGN-727x1024.jpg\" class=\"attachment-large size-large wp-image-1495\" alt=\"Pacor Rabanne parf\u00fcm\u00f6k\" srcset=\"https:\/\/primorcosmetics.com\/wp-content\/uploads\/2022\/01\/1-MILLION-LADY-MILLIONMB_SPR-10062_INTERNATIONAL-GROUP-VISUAL-CAMPAIGN-727x1024.jpg 727w, https:\/\/primorcosmetics.com\/wp-content\/uploads\/2022\/01\/1-MILLION-LADY-MILLIONMB_SPR-10062_INTERNATIONAL-GROUP-VISUAL-CAMPAIGN-213x300.jpg 213w, https:\/\/primorcosmetics.com\/wp-content\/uploads\/2022\/01\/1-MILLION-LADY-MILLIONMB_SPR-10062_INTERNATIONAL-GROUP-VISUAL-CAMPAIGN-768x1082.jpg 768w, https:\/\/primorcosmetics.com\/wp-content\/uploads\/2022\/01\/1-MILLION-LADY-MILLIONMB_SPR-10062_INTERNATIONAL-GROUP-VISUAL-CAMPAIGN-1090x1536.jpg 1090w, https:\/\/primorcosmetics.com\/wp-content\/uploads\/2022\/01\/1-MILLION-LADY-MILLIONMB_SPR-10062_INTERNATIONAL-GROUP-VISUAL-CAMPAIGN.jpg 1258w\" sizes=\"(max-width: 727px) 100vw, 727px\" \/>\t\t\t\t\t\t\t\t\t\t\t\t\t\t\t<\/div>\n\t\t\t\t<\/div>\n\t\t\t\t\t<\/div>\n\t\t<\/div>\n\t\t\t\t\t<\/div>\n\t\t<\/section>\n\t\t\t\t<\/div>\n\t\t","protected":false},"excerpt":{"rendered":"<p>PACO RABANNE Paco Rabanne legf\u0151bb ism\u00e9rvei a mer\u00e9szs\u00e9g \u00e9s az avantg\u00e1rd st\u00edlus. A k\u00fcl\u00f6nleges, f\u00e9mb\u0151l k\u00e9sz\u00fclt ruhakollekci\u00f3kt\u00f3l kezdve a parf\u00fcm kre\u00e1ci\u00f3kon \u00e1t minden szab\u00e1lyt \u00e1th\u00e1g. Innovat\u00edv st\u00edlus\u00e1val mindig valami \u00fajdons\u00e1got teremt, amivel k\u00e9pes a leger\u0151sebb \u00e9rzelmeket kiv\u00e1ltani. Megh\u00f6kkent\u0151 \u00e9s provokat\u00edv. Minden Paco Rabanne parf\u00fcm kiv\u00e9teles er\u0151vel b\u00edr, melyek garant\u00e1ltan mindenkiben m\u00e9ly benyom\u00e1st keltenek. PACO RABANNE [&hellip;]<\/p>\n","protected":false},"author":2,"featured_media":0,"parent":1659,"menu_order":0,"comment_status":"closed","ping_status":"closed","template":"","meta":{"footnotes":""},"class_list":["post-1689","page","type-page","status-publish","hentry"],"yoast_head":"<!-- This site is optimized with the Yoast SEO plugin v25.7 - https:\/\/yoast.com\/wordpress\/plugins\/seo\/ -->\n<title>PACO RABANNE - Prim\u0151r Cosmetics<\/title>\n<meta name=\"description\" content=\"Ismerd meg m\u00e1rk\u00e1inkat: Paco Rabanne - mer\u00e9szs\u00e9g \u00e9s az avantg\u00e1rd st\u00edlus A k\u00fcl\u00f6nleges, f\u00e9mb\u0151l k\u00e9sz\u00fclt ruhakollekci\u00f3kt\u00f3l kezdve a parf\u00fcm kre\u00e1ci\u00f3kon \u00e1t minden szab\u00e1lyt \u00e1th\u00e1g.\" \/>\n<meta name=\"robots\" content=\"index, follow, max-snippet:-1, max-image-preview:large, max-video-preview:-1\" \/>\n<link rel=\"canonical\" href=\"https:\/\/primorcosmetics.com\/hu\/markak-old\/paco-rabanne\/\" \/>\n<meta property=\"og:locale\" content=\"hu_HU\" \/>\n<meta property=\"og:type\" content=\"article\" \/>\n<meta property=\"og:title\" content=\"PACO RABANNE - Prim\u0151r Cosmetics\" \/>\n<meta property=\"og:description\" content=\"Ismerd meg m\u00e1rk\u00e1inkat: Paco Rabanne - mer\u00e9szs\u00e9g \u00e9s az avantg\u00e1rd st\u00edlus A k\u00fcl\u00f6nleges, f\u00e9mb\u0151l k\u00e9sz\u00fclt ruhakollekci\u00f3kt\u00f3l kezdve a parf\u00fcm kre\u00e1ci\u00f3kon \u00e1t minden szab\u00e1lyt \u00e1th\u00e1g.\" \/>\n<meta property=\"og:url\" content=\"https:\/\/primorcosmetics.com\/hu\/markak-old\/paco-rabanne\/\" \/>\n<meta property=\"og:site_name\" content=\"Prim\u0151r Cosmetics\" \/>\n<meta property=\"article:publisher\" content=\"https:\/\/www.facebook.com\/primorcosmetics\" \/>\n<meta property=\"article:modified_time\" content=\"2022-07-05T08:36:29+00:00\" \/>\n<meta property=\"og:image\" content=\"https:\/\/primorcosmetics.com\/wp-content\/uploads\/2022\/01\/1-MILLION-LADY-MILLIONMB_SPR-10062_INTERNATIONAL-GROUP-VISUAL-CAMPAIGN-727x1024.jpg\" \/>\n<meta name=\"twitter:card\" content=\"summary_large_image\" \/>\n<meta name=\"twitter:label1\" content=\"Becs\u00fclt olvas\u00e1si id\u0151\" \/>\n\t<meta name=\"twitter:data1\" content=\"1 perc\" \/>\n<script type=\"application\/ld+json\" class=\"yoast-schema-graph\">{\"@context\":\"https:\/\/schema.org\",\"@graph\":[{\"@type\":\"WebPage\",\"@id\":\"https:\/\/primorcosmetics.com\/hu\/markak-old\/paco-rabanne\/\",\"url\":\"https:\/\/primorcosmetics.com\/hu\/markak-old\/paco-rabanne\/\",\"name\":\"PACO RABANNE - Prim\u0151r Cosmetics\",\"isPartOf\":{\"@id\":\"https:\/\/primorcosmetics.com\/#website\"},\"primaryImageOfPage\":{\"@id\":\"https:\/\/primorcosmetics.com\/hu\/markak-old\/paco-rabanne\/#primaryimage\"},\"image\":{\"@id\":\"https:\/\/primorcosmetics.com\/hu\/markak-old\/paco-rabanne\/#primaryimage\"},\"thumbnailUrl\":\"https:\/\/primorcosmetics.com\/wp-content\/uploads\/2022\/01\/1-MILLION-LADY-MILLIONMB_SPR-10062_INTERNATIONAL-GROUP-VISUAL-CAMPAIGN-727x1024.jpg\",\"datePublished\":\"2021-12-21T06:31:36+00:00\",\"dateModified\":\"2022-07-05T08:36:29+00:00\",\"description\":\"Ismerd meg m\u00e1rk\u00e1inkat: Paco Rabanne - mer\u00e9szs\u00e9g \u00e9s az avantg\u00e1rd st\u00edlus A k\u00fcl\u00f6nleges, f\u00e9mb\u0151l k\u00e9sz\u00fclt ruhakollekci\u00f3kt\u00f3l kezdve a parf\u00fcm kre\u00e1ci\u00f3kon \u00e1t minden szab\u00e1lyt \u00e1th\u00e1g.\",\"breadcrumb\":{\"@id\":\"https:\/\/primorcosmetics.com\/hu\/markak-old\/paco-rabanne\/#breadcrumb\"},\"inLanguage\":\"hu\",\"potentialAction\":[{\"@type\":\"ReadAction\",\"target\":[\"https:\/\/primorcosmetics.com\/hu\/markak-old\/paco-rabanne\/\"]}]},{\"@type\":\"ImageObject\",\"inLanguage\":\"hu\",\"@id\":\"https:\/\/primorcosmetics.com\/hu\/markak-old\/paco-rabanne\/#primaryimage\",\"url\":\"https:\/\/primorcosmetics.com\/wp-content\/uploads\/2022\/01\/1-MILLION-LADY-MILLIONMB_SPR-10062_INTERNATIONAL-GROUP-VISUAL-CAMPAIGN-727x1024.jpg\",\"contentUrl\":\"https:\/\/primorcosmetics.com\/wp-content\/uploads\/2022\/01\/1-MILLION-LADY-MILLIONMB_SPR-10062_INTERNATIONAL-GROUP-VISUAL-CAMPAIGN-727x1024.jpg\"},{\"@type\":\"BreadcrumbList\",\"@id\":\"https:\/\/primorcosmetics.com\/hu\/markak-old\/paco-rabanne\/#breadcrumb\",\"itemListElement\":[{\"@type\":\"ListItem\",\"position\":1,\"name\":\"Home\",\"item\":\"https:\/\/primorcosmetics.com\/hu\/\"},{\"@type\":\"ListItem\",\"position\":2,\"name\":\"M\u00e1rk\u00e1k\",\"item\":\"https:\/\/primorcosmetics.com\/hu\/markak-old\/\"},{\"@type\":\"ListItem\",\"position\":3,\"name\":\"PACO RABANNE\"}]},{\"@type\":\"WebSite\",\"@id\":\"https:\/\/primorcosmetics.com\/#website\",\"url\":\"https:\/\/primorcosmetics.com\/\",\"name\":\"Prim\u0151r Cosmetics\",\"description\":\"Prim\u0151r Cosmetics Leading Hungarian beauty and cosmetics distributor\",\"publisher\":{\"@id\":\"https:\/\/primorcosmetics.com\/#organization\"},\"potentialAction\":[{\"@type\":\"SearchAction\",\"target\":{\"@type\":\"EntryPoint\",\"urlTemplate\":\"https:\/\/primorcosmetics.com\/?s={search_term_string}\"},\"query-input\":{\"@type\":\"PropertyValueSpecification\",\"valueRequired\":true,\"valueName\":\"search_term_string\"}}],\"inLanguage\":\"hu\"},{\"@type\":\"Organization\",\"@id\":\"https:\/\/primorcosmetics.com\/#organization\",\"name\":\"Prim\u0151r Kozmetikai Kft.\",\"url\":\"https:\/\/primorcosmetics.com\/\",\"logo\":{\"@type\":\"ImageObject\",\"inLanguage\":\"hu\",\"@id\":\"https:\/\/primorcosmetics.com\/#\/schema\/logo\/image\/\",\"url\":\"https:\/\/primorcosmetics.com\/wp-content\/uploads\/2021\/12\/Primor_logo_icon_lockup_color.jpg\",\"contentUrl\":\"https:\/\/primorcosmetics.com\/wp-content\/uploads\/2021\/12\/Primor_logo_icon_lockup_color.jpg\",\"width\":1920,\"height\":1080,\"caption\":\"Prim\u0151r Kozmetikai Kft.\"},\"image\":{\"@id\":\"https:\/\/primorcosmetics.com\/#\/schema\/logo\/image\/\"},\"sameAs\":[\"https:\/\/www.facebook.com\/primorcosmetics\",\"https:\/\/www.instagram.com\/primorcosmetics\/\",\"https:\/\/www.linkedin.com\/company\/primorcosmetics\/mycompany\/\",\"https:\/\/www.youtube.com\/channel\/UCd3Uei375tM1XLkCMPhALWQ\"]}]}<\/script>\n<!-- \/ Yoast SEO plugin. -->","yoast_head_json":{"title":"PACO RABANNE - Prim\u0151r Cosmetics","description":"Ismerd meg m\u00e1rk\u00e1inkat: Paco Rabanne - mer\u00e9szs\u00e9g \u00e9s az avantg\u00e1rd st\u00edlus A k\u00fcl\u00f6nleges, f\u00e9mb\u0151l k\u00e9sz\u00fclt ruhakollekci\u00f3kt\u00f3l kezdve a parf\u00fcm kre\u00e1ci\u00f3kon \u00e1t minden szab\u00e1lyt \u00e1th\u00e1g.","robots":{"index":"index","follow":"follow","max-snippet":"max-snippet:-1","max-image-preview":"max-image-preview:large","max-video-preview":"max-video-preview:-1"},"canonical":"https:\/\/primorcosmetics.com\/hu\/markak-old\/paco-rabanne\/","og_locale":"hu_HU","og_type":"article","og_title":"PACO RABANNE - Prim\u0151r Cosmetics","og_description":"Ismerd meg m\u00e1rk\u00e1inkat: Paco Rabanne - mer\u00e9szs\u00e9g \u00e9s az avantg\u00e1rd st\u00edlus A k\u00fcl\u00f6nleges, f\u00e9mb\u0151l k\u00e9sz\u00fclt ruhakollekci\u00f3kt\u00f3l kezdve a parf\u00fcm kre\u00e1ci\u00f3kon \u00e1t minden szab\u00e1lyt \u00e1th\u00e1g.","og_url":"https:\/\/primorcosmetics.com\/hu\/markak-old\/paco-rabanne\/","og_site_name":"Prim\u0151r Cosmetics","article_publisher":"https:\/\/www.facebook.com\/primorcosmetics","article_modified_time":"2022-07-05T08:36:29+00:00","og_image":[{"url":"https:\/\/primorcosmetics.com\/wp-content\/uploads\/2022\/01\/1-MILLION-LADY-MILLIONMB_SPR-10062_INTERNATIONAL-GROUP-VISUAL-CAMPAIGN-727x1024.jpg","type":"","width":"","height":""}],"twitter_card":"summary_large_image","twitter_misc":{"Becs\u00fclt olvas\u00e1si id\u0151":"1 perc"},"schema":{"@context":"https:\/\/schema.org","@graph":[{"@type":"WebPage","@id":"https:\/\/primorcosmetics.com\/hu\/markak-old\/paco-rabanne\/","url":"https:\/\/primorcosmetics.com\/hu\/markak-old\/paco-rabanne\/","name":"PACO RABANNE - Prim\u0151r Cosmetics","isPartOf":{"@id":"https:\/\/primorcosmetics.com\/#website"},"primaryImageOfPage":{"@id":"https:\/\/primorcosmetics.com\/hu\/markak-old\/paco-rabanne\/#primaryimage"},"image":{"@id":"https:\/\/primorcosmetics.com\/hu\/markak-old\/paco-rabanne\/#primaryimage"},"thumbnailUrl":"https:\/\/primorcosmetics.com\/wp-content\/uploads\/2022\/01\/1-MILLION-LADY-MILLIONMB_SPR-10062_INTERNATIONAL-GROUP-VISUAL-CAMPAIGN-727x1024.jpg","datePublished":"2021-12-21T06:31:36+00:00","dateModified":"2022-07-05T08:36:29+00:00","description":"Ismerd meg m\u00e1rk\u00e1inkat: Paco Rabanne - mer\u00e9szs\u00e9g \u00e9s az avantg\u00e1rd st\u00edlus A k\u00fcl\u00f6nleges, f\u00e9mb\u0151l k\u00e9sz\u00fclt ruhakollekci\u00f3kt\u00f3l kezdve a parf\u00fcm kre\u00e1ci\u00f3kon \u00e1t minden szab\u00e1lyt \u00e1th\u00e1g.","breadcrumb":{"@id":"https:\/\/primorcosmetics.com\/hu\/markak-old\/paco-rabanne\/#breadcrumb"},"inLanguage":"hu","potentialAction":[{"@type":"ReadAction","target":["https:\/\/primorcosmetics.com\/hu\/markak-old\/paco-rabanne\/"]}]},{"@type":"ImageObject","inLanguage":"hu","@id":"https:\/\/primorcosmetics.com\/hu\/markak-old\/paco-rabanne\/#primaryimage","url":"https:\/\/primorcosmetics.com\/wp-content\/uploads\/2022\/01\/1-MILLION-LADY-MILLIONMB_SPR-10062_INTERNATIONAL-GROUP-VISUAL-CAMPAIGN-727x1024.jpg","contentUrl":"https:\/\/primorcosmetics.com\/wp-content\/uploads\/2022\/01\/1-MILLION-LADY-MILLIONMB_SPR-10062_INTERNATIONAL-GROUP-VISUAL-CAMPAIGN-727x1024.jpg"},{"@type":"BreadcrumbList","@id":"https:\/\/primorcosmetics.com\/hu\/markak-old\/paco-rabanne\/#breadcrumb","itemListElement":[{"@type":"ListItem","position":1,"name":"Home","item":"https:\/\/primorcosmetics.com\/hu\/"},{"@type":"ListItem","position":2,"name":"M\u00e1rk\u00e1k","item":"https:\/\/primorcosmetics.com\/hu\/markak-old\/"},{"@type":"ListItem","position":3,"name":"PACO RABANNE"}]},{"@type":"WebSite","@id":"https:\/\/primorcosmetics.com\/#website","url":"https:\/\/primorcosmetics.com\/","name":"Prim\u0151r Cosmetics","description":"Prim\u0151r Cosmetics Leading Hungarian beauty and cosmetics distributor","publisher":{"@id":"https:\/\/primorcosmetics.com\/#organization"},"potentialAction":[{"@type":"SearchAction","target":{"@type":"EntryPoint","urlTemplate":"https:\/\/primorcosmetics.com\/?s={search_term_string}"},"query-input":{"@type":"PropertyValueSpecification","valueRequired":true,"valueName":"search_term_string"}}],"inLanguage":"hu"},{"@type":"Organization","@id":"https:\/\/primorcosmetics.com\/#organization","name":"Prim\u0151r Kozmetikai Kft.","url":"https:\/\/primorcosmetics.com\/","logo":{"@type":"ImageObject","inLanguage":"hu","@id":"https:\/\/primorcosmetics.com\/#\/schema\/logo\/image\/","url":"https:\/\/primorcosmetics.com\/wp-content\/uploads\/2021\/12\/Primor_logo_icon_lockup_color.jpg","contentUrl":"https:\/\/primorcosmetics.com\/wp-content\/uploads\/2021\/12\/Primor_logo_icon_lockup_color.jpg","width":1920,"height":1080,"caption":"Prim\u0151r Kozmetikai Kft."},"image":{"@id":"https:\/\/primorcosmetics.com\/#\/schema\/logo\/image\/"},"sameAs":["https:\/\/www.facebook.com\/primorcosmetics","https:\/\/www.instagram.com\/primorcosmetics\/","https:\/\/www.linkedin.com\/company\/primorcosmetics\/mycompany\/","https:\/\/www.youtube.com\/channel\/UCd3Uei375tM1XLkCMPhALWQ"]}]}},"_links":{"self":[{"href":"https:\/\/primorcosmetics.com\/hu\/wp-json\/wp\/v2\/pages\/1689","targetHints":{"allow":["GET"]}}],"collection":[{"href":"https:\/\/primorcosmetics.com\/hu\/wp-json\/wp\/v2\/pages"}],"about":[{"href":"https:\/\/primorcosmetics.com\/hu\/wp-json\/wp\/v2\/types\/page"}],"author":[{"embeddable":true,"href":"https:\/\/primorcosmetics.com\/hu\/wp-json\/wp\/v2\/users\/2"}],"replies":[{"embeddable":true,"href":"https:\/\/primorcosmetics.com\/hu\/wp-json\/wp\/v2\/comments?post=1689"}],"version-history":[{"count":1,"href":"https:\/\/primorcosmetics.com\/hu\/wp-json\/wp\/v2\/pages\/1689\/revisions"}],"predecessor-version":[{"id":1690,"href":"https:\/\/primorcosmetics.com\/hu\/wp-json\/wp\/v2\/pages\/1689\/revisions\/1690"}],"up":[{"embeddable":true,"href":"https:\/\/primorcosmetics.com\/hu\/wp-json\/wp\/v2\/pages\/1659"}],"wp:attachment":[{"href":"https:\/\/primorcosmetics.com\/hu\/wp-json\/wp\/v2\/media?parent=1689"}],"curies":[{"name":"wp","href":"https:\/\/api.w.org\/{rel}","templated":true}]}}