{"id":1695,"date":"2021-12-20T20:54:32","date_gmt":"2021-12-20T20:54:32","guid":{"rendered":"https:\/\/primorcosmetics.com\/markak\/joop\/"},"modified":"2022-07-05T12:34:00","modified_gmt":"2022-07-05T12:34:00","slug":"joop","status":"publish","type":"page","link":"https:\/\/primorcosmetics.com\/hu\/markak-old\/joop\/","title":{"rendered":"JOOP!"},"content":{"rendered":"\t\t<div data-elementor-type=\"wp-page\" data-elementor-id=\"1695\" class=\"elementor elementor-1695 elementor-393\" data-elementor-post-type=\"page\">\n\t\t\t\t\t\t<section class=\"elementor-section elementor-top-section elementor-element elementor-element-1a60289 elementor-section-boxed elementor-section-height-default elementor-section-height-default\" data-id=\"1a60289\" data-element_type=\"section\">\n\t\t\t\t\t\t<div class=\"elementor-container elementor-column-gap-default\">\n\t\t\t\t\t<div class=\"elementor-column elementor-col-100 elementor-top-column elementor-element elementor-element-bbd7392\" data-id=\"bbd7392\" data-element_type=\"column\">\n\t\t\t<div class=\"elementor-widget-wrap\">\n\t\t\t\t\t\t\t<\/div>\n\t\t<\/div>\n\t\t\t\t\t<\/div>\n\t\t<\/section>\n\t\t\t\t<section class=\"elementor-section elementor-top-section elementor-element elementor-element-895bee5 elementor-section-boxed elementor-section-height-default elementor-section-height-default\" data-id=\"895bee5\" data-element_type=\"section\">\n\t\t\t\t\t\t<div class=\"elementor-container elementor-column-gap-default\">\n\t\t\t\t\t<div class=\"elementor-column elementor-col-100 elementor-top-column elementor-element elementor-element-d7443bc\" data-id=\"d7443bc\" data-element_type=\"column\">\n\t\t\t<div class=\"elementor-widget-wrap elementor-element-populated\">\n\t\t\t\t\t\t<div class=\"elementor-element elementor-element-de978f0 elementor-widget elementor-widget-spacer\" data-id=\"de978f0\" data-element_type=\"widget\" data-widget_type=\"spacer.default\">\n\t\t\t\t<div class=\"elementor-widget-container\">\n\t\t\t\t\t\t\t<div class=\"elementor-spacer\">\n\t\t\t<div class=\"elementor-spacer-inner\"><\/div>\n\t\t<\/div>\n\t\t\t\t\t\t<\/div>\n\t\t\t\t<\/div>\n\t\t\t\t\t<\/div>\n\t\t<\/div>\n\t\t\t\t\t<\/div>\n\t\t<\/section>\n\t\t\t\t<section class=\"elementor-section elementor-top-section elementor-element elementor-element-522204b elementor-section-boxed elementor-section-height-default elementor-section-height-default\" data-id=\"522204b\" data-element_type=\"section\">\n\t\t\t\t\t\t<div class=\"elementor-container elementor-column-gap-default\">\n\t\t\t\t\t<div class=\"elementor-column elementor-col-100 elementor-top-column elementor-element elementor-element-a90f324\" data-id=\"a90f324\" data-element_type=\"column\">\n\t\t\t<div class=\"elementor-widget-wrap elementor-element-populated\">\n\t\t\t\t\t\t<div class=\"elementor-element elementor-element-f9c6f60 elementor-widget elementor-widget-heading\" data-id=\"f9c6f60\" data-element_type=\"widget\" data-widget_type=\"heading.default\">\n\t\t\t\t<div class=\"elementor-widget-container\">\n\t\t\t\t\t<h1 class=\"elementor-heading-title elementor-size-default\">JOOP!<\/h1>\t\t\t\t<\/div>\n\t\t\t\t<\/div>\n\t\t\t\t\t<\/div>\n\t\t<\/div>\n\t\t\t\t\t<\/div>\n\t\t<\/section>\n\t\t\t\t<section class=\"elementor-section elementor-top-section elementor-element elementor-element-5bebc7f elementor-section-boxed elementor-section-height-default elementor-section-height-default\" data-id=\"5bebc7f\" data-element_type=\"section\">\n\t\t\t\t\t\t<div class=\"elementor-container elementor-column-gap-default\">\n\t\t\t\t\t<div class=\"elementor-column elementor-col-100 elementor-top-column elementor-element elementor-element-44198d4\" data-id=\"44198d4\" data-element_type=\"column\">\n\t\t\t<div class=\"elementor-widget-wrap elementor-element-populated\">\n\t\t\t\t\t\t<div class=\"elementor-element elementor-element-04171c3 elementor-widget elementor-widget-spacer\" data-id=\"04171c3\" data-element_type=\"widget\" data-widget_type=\"spacer.default\">\n\t\t\t\t<div class=\"elementor-widget-container\">\n\t\t\t\t\t\t\t<div class=\"elementor-spacer\">\n\t\t\t<div class=\"elementor-spacer-inner\"><\/div>\n\t\t<\/div>\n\t\t\t\t\t\t<\/div>\n\t\t\t\t<\/div>\n\t\t\t\t\t<\/div>\n\t\t<\/div>\n\t\t\t\t\t<\/div>\n\t\t<\/section>\n\t\t\t\t<section class=\"elementor-section elementor-top-section elementor-element elementor-element-896add9 elementor-section-boxed elementor-section-height-default elementor-section-height-default\" data-id=\"896add9\" data-element_type=\"section\">\n\t\t\t\t\t\t<div class=\"elementor-container elementor-column-gap-default\">\n\t\t\t\t\t<div class=\"elementor-column elementor-col-50 elementor-top-column elementor-element elementor-element-3e24276\" data-id=\"3e24276\" data-element_type=\"column\">\n\t\t\t<div class=\"elementor-widget-wrap elementor-element-populated\">\n\t\t\t\t\t\t<div class=\"elementor-element elementor-element-4f9bd72 elementor-widget elementor-widget-text-editor\" data-id=\"4f9bd72\" data-element_type=\"widget\" data-widget_type=\"text-editor.default\">\n\t\t\t\t<div class=\"elementor-widget-container\">\n\t\t\t\t\t\t\t\t\t<p>Wolfang Joop 1944-ben sz\u00fcletett n\u00e9met tervez\u0151. 1981-ben saj\u00e1t divatm\u00e1rk\u00e1t hozott l\u00e9tre Joop! n\u00e9ven ahol n\u0151i, f\u00e9rfi \u00e9s gyerekruh\u00e1zatot, kieg\u00e9sz\u00edt\u0151ket \u00e9s otthoni cikkeket is k\u00edn\u00e1lt.<\/p><p>A m\u00e1rk\u00e1t a modern l\u00e1t\u00e1sm\u00f3d, kreativit\u00e1s \u00e9s szenved\u00e9ly jellemzi. Az elegancia \u00e9s hordhat\u00f3s\u00e1g szimb\u00f3luma, ruh\u00e1i a h\u00e9tk\u00f6znapi sikk megfelel\u0151i, melyet b\u00e1rmely koroszt\u00e1ly mag\u00e1\u00e9nak tudhat. A Joop! cs\u00e1b\u00edt\u00f3, egyedi st\u00edlus\u00e1r\u00f3l ismert.<\/p>\t\t\t\t\t\t\t\t<\/div>\n\t\t\t\t<\/div>\n\t\t\t\t<div class=\"elementor-element elementor-element-78291fc elementor-widget elementor-widget-heading\" data-id=\"78291fc\" data-element_type=\"widget\" data-widget_type=\"heading.default\">\n\t\t\t\t<div class=\"elementor-widget-container\">\n\t\t\t\t\t<h2 class=\"elementor-heading-title elementor-size-default\">JOOP! \u00e9rt\u00e9kek<\/h2>\t\t\t\t<\/div>\n\t\t\t\t<\/div>\n\t\t\t\t<div class=\"elementor-element elementor-element-51a330c elementor-widget elementor-widget-text-editor\" data-id=\"51a330c\" data-element_type=\"widget\" data-widget_type=\"text-editor.default\">\n\t\t\t\t<div class=\"elementor-widget-container\">\n\t\t\t\t\t\t\t\t\t<p>A Joop! f\u00e9rfi innovat\u00edv \u00e9s szabad szellem\u0171, aki nem f\u00e9l \u00e1th\u00e1gni a szab\u00e1lyokat, \u00e9s \u00e1lland\u00f3an \u00faj kih\u00edv\u00e1sok keres. Egyedi, cs\u00e1b\u00edt\u00f3 kreat\u00edv \u00e9s vakmer\u0151.<\/p>\t\t\t\t\t\t\t\t<\/div>\n\t\t\t\t<\/div>\n\t\t\t\t<div class=\"elementor-element elementor-element-9d504d0 elementor-widget elementor-widget-heading\" data-id=\"9d504d0\" data-element_type=\"widget\" data-widget_type=\"heading.default\">\n\t\t\t\t<div class=\"elementor-widget-container\">\n\t\t\t\t\t<h2 class=\"elementor-heading-title elementor-size-default\">JOOP! t\u00f6rt\u00e9nete<\/h2>\t\t\t\t<\/div>\n\t\t\t\t<\/div>\n\t\t\t\t<div class=\"elementor-element elementor-element-5562f13 elementor-widget elementor-widget-text-editor\" data-id=\"5562f13\" data-element_type=\"widget\" data-widget_type=\"text-editor.default\">\n\t\t\t\t<div class=\"elementor-widget-container\">\n\t\t\t\t\t\t\t\t\t<p>A Joop! m\u00e1rk\u00e1t a n\u00e9met Wolfgang Joop alap\u00edtotta 1986-ban, aki pszichol\u00f3giai tanulm\u00e1nyai mellett a sz\u00e9ps\u00e9g \u00e9s a m\u0171v\u00e9szetek elk\u00f6telezett h\u00edve is volt.<\/p><p>1989-ben ker\u00fclt megalkot\u00e1sra a vil\u00e1gszerte sikeres Joop! Homme illat, ami akkoriban egy hihetetlen\u00fcl mer\u00e9sz l\u00e9p\u00e9snek sz\u00e1m\u00edtott a parf\u00fcmgy\u00e1rt\u00e1sban, ugyanis ez volt az els\u0151 r\u00f3zsasz\u00edn illat, ami f\u00e9rfiak sz\u00e1m\u00e1ra k\u00e9sz\u00fclt. Az \u00fcveg tiszta, m\u00e9rn\u00f6ki vonalaival \u00e9s az egyszer\u0171, letisztult kupakj\u00e1val a mai napig is rendk\u00edv\u00fcl modern hat\u00e1st kelt. A Joop! Homme a f\u00e9rfiass\u00e1g esszenci\u00e1ja. Azt a f\u00e9rfit testes\u00edti meg, aki szabad szellem\u0171, cs\u00e1b\u00edt\u00f3 \u00e9s k\u00e9pes \u00e1th\u00e1gni a szab\u00e1lyokat. Ezek a tulajdons\u00e1gok az\u00f3ta a m\u00e1rka v\u00e9djegy\u00e9v\u00e9 is v\u00e1ltak \u00e9s egyben siker\u00e9nek is a kulcsa, aminek k\u00f6sz\u00f6nhet\u0151en m\u00e1ra m\u00e1r vil\u00e1gszerte t\u00f6bb ezer darabot \u00e9rt\u00e9kes\u00edtenek az ikonikus illatb\u00f3l.<\/p>\t\t\t\t\t\t\t\t<\/div>\n\t\t\t\t<\/div>\n\t\t\t\t<div class=\"elementor-element elementor-element-58ca072 elementor-align-center elementor-widget elementor-widget-button\" data-id=\"58ca072\" data-element_type=\"widget\" data-widget_type=\"button.default\">\n\t\t\t\t<div class=\"elementor-widget-container\">\n\t\t\t\t\t\t\t\t\t<div class=\"elementor-button-wrapper\">\n\t\t\t\t\t<a class=\"elementor-button elementor-button-link elementor-size-sm\" href=\"https:\/\/primorcosmetics.com\/hu\/kapcsolat\/\">\n\t\t\t\t\t\t<span class=\"elementor-button-content-wrapper\">\n\t\t\t\t\t\t\t\t\t<span class=\"elementor-button-text\">Kapcsolat<\/span>\n\t\t\t\t\t<\/span>\n\t\t\t\t\t<\/a>\n\t\t\t\t<\/div>\n\t\t\t\t\t\t\t\t<\/div>\n\t\t\t\t<\/div>\n\t\t\t\t\t<\/div>\n\t\t<\/div>\n\t\t\t\t<div class=\"elementor-column elementor-col-50 elementor-top-column elementor-element elementor-element-a2affe2\" data-id=\"a2affe2\" data-element_type=\"column\">\n\t\t\t<div class=\"elementor-widget-wrap elementor-element-populated\">\n\t\t\t\t\t\t<div class=\"elementor-element elementor-element-7fe6cd9 elementor-widget elementor-widget-image\" data-id=\"7fe6cd9\" data-element_type=\"widget\" data-widget_type=\"image.default\">\n\t\t\t\t<div class=\"elementor-widget-container\">\n\t\t\t\t\t\t\t\t\t\t\t\t\t\t\t<img fetchpriority=\"high\" decoding=\"async\" width=\"800\" height=\"1000\" src=\"https:\/\/primorcosmetics.com\/wp-content\/uploads\/2022\/01\/JP_Xmas_20_Social_Media_KV_Support_IG_1_Homme_4480x5600.jpg-819x1024.jpg\" class=\"attachment-large size-large wp-image-1503\" alt=\"Joop! parf\u00fcm\" srcset=\"https:\/\/primorcosmetics.com\/wp-content\/uploads\/2022\/01\/JP_Xmas_20_Social_Media_KV_Support_IG_1_Homme_4480x5600.jpg-819x1024.jpg 819w, https:\/\/primorcosmetics.com\/wp-content\/uploads\/2022\/01\/JP_Xmas_20_Social_Media_KV_Support_IG_1_Homme_4480x5600.jpg-240x300.jpg 240w, https:\/\/primorcosmetics.com\/wp-content\/uploads\/2022\/01\/JP_Xmas_20_Social_Media_KV_Support_IG_1_Homme_4480x5600.jpg-768x960.jpg 768w, https:\/\/primorcosmetics.com\/wp-content\/uploads\/2022\/01\/JP_Xmas_20_Social_Media_KV_Support_IG_1_Homme_4480x5600.jpg-1229x1536.jpg 1229w, https:\/\/primorcosmetics.com\/wp-content\/uploads\/2022\/01\/JP_Xmas_20_Social_Media_KV_Support_IG_1_Homme_4480x5600.jpg-1638x2048.jpg 1638w, https:\/\/primorcosmetics.com\/wp-content\/uploads\/2022\/01\/JP_Xmas_20_Social_Media_KV_Support_IG_1_Homme_4480x5600.jpg-scaled.jpg 2048w\" sizes=\"(max-width: 800px) 100vw, 800px\" \/>\t\t\t\t\t\t\t\t\t\t\t\t\t\t\t<\/div>\n\t\t\t\t<\/div>\n\t\t\t\t\t<\/div>\n\t\t<\/div>\n\t\t\t\t\t<\/div>\n\t\t<\/section>\n\t\t\t\t<\/div>\n\t\t","protected":false},"excerpt":{"rendered":"<p>JOOP! Wolfang Joop 1944-ben sz\u00fcletett n\u00e9met tervez\u0151. 1981-ben saj\u00e1t divatm\u00e1rk\u00e1t hozott l\u00e9tre Joop! n\u00e9ven ahol n\u0151i, f\u00e9rfi \u00e9s gyerekruh\u00e1zatot, kieg\u00e9sz\u00edt\u0151ket \u00e9s otthoni cikkeket is k\u00edn\u00e1lt. A m\u00e1rk\u00e1t a modern l\u00e1t\u00e1sm\u00f3d, kreativit\u00e1s \u00e9s szenved\u00e9ly jellemzi. Az elegancia \u00e9s hordhat\u00f3s\u00e1g szimb\u00f3luma, ruh\u00e1i a h\u00e9tk\u00f6znapi sikk megfelel\u0151i, melyet b\u00e1rmely koroszt\u00e1ly mag\u00e1\u00e9nak tudhat. A Joop! cs\u00e1b\u00edt\u00f3, egyedi st\u00edlus\u00e1r\u00f3l ismert. [&hellip;]<\/p>\n","protected":false},"author":2,"featured_media":0,"parent":1659,"menu_order":0,"comment_status":"closed","ping_status":"closed","template":"","meta":{"footnotes":""},"class_list":["post-1695","page","type-page","status-publish","hentry"],"yoast_head":"<!-- This site is optimized with the Yoast SEO plugin v25.7 - https:\/\/yoast.com\/wordpress\/plugins\/seo\/ -->\n<title>JOOP! - Prim\u0151r Cosmetics<\/title>\n<meta name=\"description\" content=\"Ismerd meg m\u00e1rk\u00e1inkat: Joop! innovat\u00edv \u00e9s szabad szellem\u0171, aki nem f\u00e9l \u00e1th\u00e1gni a szab\u00e1lyokat, \u00e9s \u00e1lland\u00f3an \u00faj kih\u00edv\u00e1sok keres.\" \/>\n<meta name=\"robots\" content=\"index, follow, max-snippet:-1, max-image-preview:large, max-video-preview:-1\" \/>\n<link rel=\"canonical\" href=\"https:\/\/primorcosmetics.com\/hu\/markak-old\/joop\/\" \/>\n<meta property=\"og:locale\" content=\"hu_HU\" \/>\n<meta property=\"og:type\" content=\"article\" \/>\n<meta property=\"og:title\" content=\"JOOP! - Prim\u0151r Cosmetics\" \/>\n<meta property=\"og:description\" content=\"Ismerd meg m\u00e1rk\u00e1inkat: Joop! innovat\u00edv \u00e9s szabad szellem\u0171, aki nem f\u00e9l \u00e1th\u00e1gni a szab\u00e1lyokat, \u00e9s \u00e1lland\u00f3an \u00faj kih\u00edv\u00e1sok keres.\" \/>\n<meta property=\"og:url\" content=\"https:\/\/primorcosmetics.com\/hu\/markak-old\/joop\/\" \/>\n<meta property=\"og:site_name\" content=\"Prim\u0151r Cosmetics\" \/>\n<meta property=\"article:publisher\" content=\"https:\/\/www.facebook.com\/primorcosmetics\" \/>\n<meta property=\"article:modified_time\" content=\"2022-07-05T12:34:00+00:00\" \/>\n<meta property=\"og:image\" content=\"https:\/\/primorcosmetics.com\/wp-content\/uploads\/2022\/01\/JP_Xmas_20_Social_Media_KV_Support_IG_1_Homme_4480x5600.jpg-819x1024.jpg\" \/>\n<meta name=\"twitter:card\" content=\"summary_large_image\" \/>\n<meta name=\"twitter:label1\" content=\"Becs\u00fclt olvas\u00e1si id\u0151\" \/>\n\t<meta name=\"twitter:data1\" content=\"2 perc\" \/>\n<script type=\"application\/ld+json\" class=\"yoast-schema-graph\">{\"@context\":\"https:\/\/schema.org\",\"@graph\":[{\"@type\":\"WebPage\",\"@id\":\"https:\/\/primorcosmetics.com\/hu\/markak-old\/joop\/\",\"url\":\"https:\/\/primorcosmetics.com\/hu\/markak-old\/joop\/\",\"name\":\"JOOP! - Prim\u0151r Cosmetics\",\"isPartOf\":{\"@id\":\"https:\/\/primorcosmetics.com\/#website\"},\"primaryImageOfPage\":{\"@id\":\"https:\/\/primorcosmetics.com\/hu\/markak-old\/joop\/#primaryimage\"},\"image\":{\"@id\":\"https:\/\/primorcosmetics.com\/hu\/markak-old\/joop\/#primaryimage\"},\"thumbnailUrl\":\"https:\/\/primorcosmetics.com\/wp-content\/uploads\/2022\/01\/JP_Xmas_20_Social_Media_KV_Support_IG_1_Homme_4480x5600.jpg-819x1024.jpg\",\"datePublished\":\"2021-12-20T20:54:32+00:00\",\"dateModified\":\"2022-07-05T12:34:00+00:00\",\"description\":\"Ismerd meg m\u00e1rk\u00e1inkat: Joop! innovat\u00edv \u00e9s szabad szellem\u0171, aki nem f\u00e9l \u00e1th\u00e1gni a szab\u00e1lyokat, \u00e9s \u00e1lland\u00f3an \u00faj kih\u00edv\u00e1sok keres.\",\"breadcrumb\":{\"@id\":\"https:\/\/primorcosmetics.com\/hu\/markak-old\/joop\/#breadcrumb\"},\"inLanguage\":\"hu\",\"potentialAction\":[{\"@type\":\"ReadAction\",\"target\":[\"https:\/\/primorcosmetics.com\/hu\/markak-old\/joop\/\"]}]},{\"@type\":\"ImageObject\",\"inLanguage\":\"hu\",\"@id\":\"https:\/\/primorcosmetics.com\/hu\/markak-old\/joop\/#primaryimage\",\"url\":\"https:\/\/primorcosmetics.com\/wp-content\/uploads\/2022\/01\/JP_Xmas_20_Social_Media_KV_Support_IG_1_Homme_4480x5600.jpg-819x1024.jpg\",\"contentUrl\":\"https:\/\/primorcosmetics.com\/wp-content\/uploads\/2022\/01\/JP_Xmas_20_Social_Media_KV_Support_IG_1_Homme_4480x5600.jpg-819x1024.jpg\"},{\"@type\":\"BreadcrumbList\",\"@id\":\"https:\/\/primorcosmetics.com\/hu\/markak-old\/joop\/#breadcrumb\",\"itemListElement\":[{\"@type\":\"ListItem\",\"position\":1,\"name\":\"Home\",\"item\":\"https:\/\/primorcosmetics.com\/hu\/\"},{\"@type\":\"ListItem\",\"position\":2,\"name\":\"M\u00e1rk\u00e1k\",\"item\":\"https:\/\/primorcosmetics.com\/hu\/markak-old\/\"},{\"@type\":\"ListItem\",\"position\":3,\"name\":\"JOOP!\"}]},{\"@type\":\"WebSite\",\"@id\":\"https:\/\/primorcosmetics.com\/#website\",\"url\":\"https:\/\/primorcosmetics.com\/\",\"name\":\"Prim\u0151r Cosmetics\",\"description\":\"Prim\u0151r Cosmetics Leading Hungarian beauty and cosmetics distributor\",\"publisher\":{\"@id\":\"https:\/\/primorcosmetics.com\/#organization\"},\"potentialAction\":[{\"@type\":\"SearchAction\",\"target\":{\"@type\":\"EntryPoint\",\"urlTemplate\":\"https:\/\/primorcosmetics.com\/?s={search_term_string}\"},\"query-input\":{\"@type\":\"PropertyValueSpecification\",\"valueRequired\":true,\"valueName\":\"search_term_string\"}}],\"inLanguage\":\"hu\"},{\"@type\":\"Organization\",\"@id\":\"https:\/\/primorcosmetics.com\/#organization\",\"name\":\"Prim\u0151r Kozmetikai Kft.\",\"url\":\"https:\/\/primorcosmetics.com\/\",\"logo\":{\"@type\":\"ImageObject\",\"inLanguage\":\"hu\",\"@id\":\"https:\/\/primorcosmetics.com\/#\/schema\/logo\/image\/\",\"url\":\"https:\/\/primorcosmetics.com\/wp-content\/uploads\/2021\/12\/Primor_logo_icon_lockup_color.jpg\",\"contentUrl\":\"https:\/\/primorcosmetics.com\/wp-content\/uploads\/2021\/12\/Primor_logo_icon_lockup_color.jpg\",\"width\":1920,\"height\":1080,\"caption\":\"Prim\u0151r Kozmetikai Kft.\"},\"image\":{\"@id\":\"https:\/\/primorcosmetics.com\/#\/schema\/logo\/image\/\"},\"sameAs\":[\"https:\/\/www.facebook.com\/primorcosmetics\",\"https:\/\/www.instagram.com\/primorcosmetics\/\",\"https:\/\/www.linkedin.com\/company\/primorcosmetics\/mycompany\/\",\"https:\/\/www.youtube.com\/channel\/UCd3Uei375tM1XLkCMPhALWQ\"]}]}<\/script>\n<!-- \/ Yoast SEO plugin. -->","yoast_head_json":{"title":"JOOP! - Prim\u0151r Cosmetics","description":"Ismerd meg m\u00e1rk\u00e1inkat: Joop! innovat\u00edv \u00e9s szabad szellem\u0171, aki nem f\u00e9l \u00e1th\u00e1gni a szab\u00e1lyokat, \u00e9s \u00e1lland\u00f3an \u00faj kih\u00edv\u00e1sok keres.","robots":{"index":"index","follow":"follow","max-snippet":"max-snippet:-1","max-image-preview":"max-image-preview:large","max-video-preview":"max-video-preview:-1"},"canonical":"https:\/\/primorcosmetics.com\/hu\/markak-old\/joop\/","og_locale":"hu_HU","og_type":"article","og_title":"JOOP! - Prim\u0151r Cosmetics","og_description":"Ismerd meg m\u00e1rk\u00e1inkat: Joop! innovat\u00edv \u00e9s szabad szellem\u0171, aki nem f\u00e9l \u00e1th\u00e1gni a szab\u00e1lyokat, \u00e9s \u00e1lland\u00f3an \u00faj kih\u00edv\u00e1sok keres.","og_url":"https:\/\/primorcosmetics.com\/hu\/markak-old\/joop\/","og_site_name":"Prim\u0151r Cosmetics","article_publisher":"https:\/\/www.facebook.com\/primorcosmetics","article_modified_time":"2022-07-05T12:34:00+00:00","og_image":[{"url":"https:\/\/primorcosmetics.com\/wp-content\/uploads\/2022\/01\/JP_Xmas_20_Social_Media_KV_Support_IG_1_Homme_4480x5600.jpg-819x1024.jpg","type":"","width":"","height":""}],"twitter_card":"summary_large_image","twitter_misc":{"Becs\u00fclt olvas\u00e1si id\u0151":"2 perc"},"schema":{"@context":"https:\/\/schema.org","@graph":[{"@type":"WebPage","@id":"https:\/\/primorcosmetics.com\/hu\/markak-old\/joop\/","url":"https:\/\/primorcosmetics.com\/hu\/markak-old\/joop\/","name":"JOOP! - Prim\u0151r Cosmetics","isPartOf":{"@id":"https:\/\/primorcosmetics.com\/#website"},"primaryImageOfPage":{"@id":"https:\/\/primorcosmetics.com\/hu\/markak-old\/joop\/#primaryimage"},"image":{"@id":"https:\/\/primorcosmetics.com\/hu\/markak-old\/joop\/#primaryimage"},"thumbnailUrl":"https:\/\/primorcosmetics.com\/wp-content\/uploads\/2022\/01\/JP_Xmas_20_Social_Media_KV_Support_IG_1_Homme_4480x5600.jpg-819x1024.jpg","datePublished":"2021-12-20T20:54:32+00:00","dateModified":"2022-07-05T12:34:00+00:00","description":"Ismerd meg m\u00e1rk\u00e1inkat: Joop! innovat\u00edv \u00e9s szabad szellem\u0171, aki nem f\u00e9l \u00e1th\u00e1gni a szab\u00e1lyokat, \u00e9s \u00e1lland\u00f3an \u00faj kih\u00edv\u00e1sok keres.","breadcrumb":{"@id":"https:\/\/primorcosmetics.com\/hu\/markak-old\/joop\/#breadcrumb"},"inLanguage":"hu","potentialAction":[{"@type":"ReadAction","target":["https:\/\/primorcosmetics.com\/hu\/markak-old\/joop\/"]}]},{"@type":"ImageObject","inLanguage":"hu","@id":"https:\/\/primorcosmetics.com\/hu\/markak-old\/joop\/#primaryimage","url":"https:\/\/primorcosmetics.com\/wp-content\/uploads\/2022\/01\/JP_Xmas_20_Social_Media_KV_Support_IG_1_Homme_4480x5600.jpg-819x1024.jpg","contentUrl":"https:\/\/primorcosmetics.com\/wp-content\/uploads\/2022\/01\/JP_Xmas_20_Social_Media_KV_Support_IG_1_Homme_4480x5600.jpg-819x1024.jpg"},{"@type":"BreadcrumbList","@id":"https:\/\/primorcosmetics.com\/hu\/markak-old\/joop\/#breadcrumb","itemListElement":[{"@type":"ListItem","position":1,"name":"Home","item":"https:\/\/primorcosmetics.com\/hu\/"},{"@type":"ListItem","position":2,"name":"M\u00e1rk\u00e1k","item":"https:\/\/primorcosmetics.com\/hu\/markak-old\/"},{"@type":"ListItem","position":3,"name":"JOOP!"}]},{"@type":"WebSite","@id":"https:\/\/primorcosmetics.com\/#website","url":"https:\/\/primorcosmetics.com\/","name":"Prim\u0151r Cosmetics","description":"Prim\u0151r Cosmetics Leading Hungarian beauty and cosmetics distributor","publisher":{"@id":"https:\/\/primorcosmetics.com\/#organization"},"potentialAction":[{"@type":"SearchAction","target":{"@type":"EntryPoint","urlTemplate":"https:\/\/primorcosmetics.com\/?s={search_term_string}"},"query-input":{"@type":"PropertyValueSpecification","valueRequired":true,"valueName":"search_term_string"}}],"inLanguage":"hu"},{"@type":"Organization","@id":"https:\/\/primorcosmetics.com\/#organization","name":"Prim\u0151r Kozmetikai Kft.","url":"https:\/\/primorcosmetics.com\/","logo":{"@type":"ImageObject","inLanguage":"hu","@id":"https:\/\/primorcosmetics.com\/#\/schema\/logo\/image\/","url":"https:\/\/primorcosmetics.com\/wp-content\/uploads\/2021\/12\/Primor_logo_icon_lockup_color.jpg","contentUrl":"https:\/\/primorcosmetics.com\/wp-content\/uploads\/2021\/12\/Primor_logo_icon_lockup_color.jpg","width":1920,"height":1080,"caption":"Prim\u0151r Kozmetikai Kft."},"image":{"@id":"https:\/\/primorcosmetics.com\/#\/schema\/logo\/image\/"},"sameAs":["https:\/\/www.facebook.com\/primorcosmetics","https:\/\/www.instagram.com\/primorcosmetics\/","https:\/\/www.linkedin.com\/company\/primorcosmetics\/mycompany\/","https:\/\/www.youtube.com\/channel\/UCd3Uei375tM1XLkCMPhALWQ"]}]}},"_links":{"self":[{"href":"https:\/\/primorcosmetics.com\/hu\/wp-json\/wp\/v2\/pages\/1695","targetHints":{"allow":["GET"]}}],"collection":[{"href":"https:\/\/primorcosmetics.com\/hu\/wp-json\/wp\/v2\/pages"}],"about":[{"href":"https:\/\/primorcosmetics.com\/hu\/wp-json\/wp\/v2\/types\/page"}],"author":[{"embeddable":true,"href":"https:\/\/primorcosmetics.com\/hu\/wp-json\/wp\/v2\/users\/2"}],"replies":[{"embeddable":true,"href":"https:\/\/primorcosmetics.com\/hu\/wp-json\/wp\/v2\/comments?post=1695"}],"version-history":[{"count":1,"href":"https:\/\/primorcosmetics.com\/hu\/wp-json\/wp\/v2\/pages\/1695\/revisions"}],"predecessor-version":[{"id":1696,"href":"https:\/\/primorcosmetics.com\/hu\/wp-json\/wp\/v2\/pages\/1695\/revisions\/1696"}],"up":[{"embeddable":true,"href":"https:\/\/primorcosmetics.com\/hu\/wp-json\/wp\/v2\/pages\/1659"}],"wp:attachment":[{"href":"https:\/\/primorcosmetics.com\/hu\/wp-json\/wp\/v2\/media?parent=1695"}],"curies":[{"name":"wp","href":"https:\/\/api.w.org\/{rel}","templated":true}]}}