{"id":1699,"date":"2021-12-20T20:44:44","date_gmt":"2021-12-20T20:44:44","guid":{"rendered":"https:\/\/primorcosmetics.com\/markak\/davidoff\/"},"modified":"2022-07-05T12:41:35","modified_gmt":"2022-07-05T12:41:35","slug":"davidoff","status":"publish","type":"page","link":"https:\/\/primorcosmetics.com\/hu\/markak-old\/davidoff\/","title":{"rendered":"DAVIDOFF"},"content":{"rendered":"\t\t<div data-elementor-type=\"wp-page\" data-elementor-id=\"1699\" class=\"elementor elementor-1699 elementor-374\" data-elementor-post-type=\"page\">\n\t\t\t\t\t\t<section class=\"elementor-section elementor-top-section elementor-element elementor-element-1a60289 elementor-section-boxed elementor-section-height-default elementor-section-height-default\" data-id=\"1a60289\" data-element_type=\"section\">\n\t\t\t\t\t\t<div class=\"elementor-container elementor-column-gap-default\">\n\t\t\t\t\t<div class=\"elementor-column elementor-col-100 elementor-top-column elementor-element elementor-element-bbd7392\" data-id=\"bbd7392\" data-element_type=\"column\">\n\t\t\t<div class=\"elementor-widget-wrap\">\n\t\t\t\t\t\t\t<\/div>\n\t\t<\/div>\n\t\t\t\t\t<\/div>\n\t\t<\/section>\n\t\t\t\t<section class=\"elementor-section elementor-top-section elementor-element elementor-element-895bee5 elementor-section-boxed elementor-section-height-default elementor-section-height-default\" data-id=\"895bee5\" data-element_type=\"section\">\n\t\t\t\t\t\t<div class=\"elementor-container elementor-column-gap-default\">\n\t\t\t\t\t<div class=\"elementor-column elementor-col-100 elementor-top-column elementor-element elementor-element-d7443bc\" data-id=\"d7443bc\" data-element_type=\"column\">\n\t\t\t<div class=\"elementor-widget-wrap elementor-element-populated\">\n\t\t\t\t\t\t<div class=\"elementor-element elementor-element-de978f0 elementor-widget elementor-widget-spacer\" data-id=\"de978f0\" data-element_type=\"widget\" data-widget_type=\"spacer.default\">\n\t\t\t\t<div class=\"elementor-widget-container\">\n\t\t\t\t\t\t\t<div class=\"elementor-spacer\">\n\t\t\t<div class=\"elementor-spacer-inner\"><\/div>\n\t\t<\/div>\n\t\t\t\t\t\t<\/div>\n\t\t\t\t<\/div>\n\t\t\t\t\t<\/div>\n\t\t<\/div>\n\t\t\t\t\t<\/div>\n\t\t<\/section>\n\t\t\t\t<section class=\"elementor-section elementor-top-section elementor-element elementor-element-522204b elementor-section-boxed elementor-section-height-default elementor-section-height-default\" data-id=\"522204b\" data-element_type=\"section\">\n\t\t\t\t\t\t<div class=\"elementor-container elementor-column-gap-default\">\n\t\t\t\t\t<div class=\"elementor-column elementor-col-100 elementor-top-column elementor-element elementor-element-a90f324\" data-id=\"a90f324\" data-element_type=\"column\">\n\t\t\t<div class=\"elementor-widget-wrap elementor-element-populated\">\n\t\t\t\t\t\t<div class=\"elementor-element elementor-element-f9c6f60 elementor-widget elementor-widget-heading\" data-id=\"f9c6f60\" data-element_type=\"widget\" data-widget_type=\"heading.default\">\n\t\t\t\t<div class=\"elementor-widget-container\">\n\t\t\t\t\t<h1 class=\"elementor-heading-title elementor-size-default\">DAVIDOFF<\/h1>\t\t\t\t<\/div>\n\t\t\t\t<\/div>\n\t\t\t\t\t<\/div>\n\t\t<\/div>\n\t\t\t\t\t<\/div>\n\t\t<\/section>\n\t\t\t\t<section class=\"elementor-section elementor-top-section elementor-element elementor-element-5bebc7f elementor-section-boxed elementor-section-height-default elementor-section-height-default\" data-id=\"5bebc7f\" data-element_type=\"section\">\n\t\t\t\t\t\t<div class=\"elementor-container elementor-column-gap-default\">\n\t\t\t\t\t<div class=\"elementor-column elementor-col-100 elementor-top-column elementor-element elementor-element-44198d4\" data-id=\"44198d4\" data-element_type=\"column\">\n\t\t\t<div class=\"elementor-widget-wrap elementor-element-populated\">\n\t\t\t\t\t\t<div class=\"elementor-element elementor-element-04171c3 elementor-widget elementor-widget-spacer\" data-id=\"04171c3\" data-element_type=\"widget\" data-widget_type=\"spacer.default\">\n\t\t\t\t<div class=\"elementor-widget-container\">\n\t\t\t\t\t\t\t<div class=\"elementor-spacer\">\n\t\t\t<div class=\"elementor-spacer-inner\"><\/div>\n\t\t<\/div>\n\t\t\t\t\t\t<\/div>\n\t\t\t\t<\/div>\n\t\t\t\t\t<\/div>\n\t\t<\/div>\n\t\t\t\t\t<\/div>\n\t\t<\/section>\n\t\t\t\t<section class=\"elementor-section elementor-top-section elementor-element elementor-element-896add9 elementor-section-boxed elementor-section-height-default elementor-section-height-default\" data-id=\"896add9\" data-element_type=\"section\">\n\t\t\t\t\t\t<div class=\"elementor-container elementor-column-gap-default\">\n\t\t\t\t\t<div class=\"elementor-column elementor-col-50 elementor-top-column elementor-element elementor-element-3e24276\" data-id=\"3e24276\" data-element_type=\"column\">\n\t\t\t<div class=\"elementor-widget-wrap elementor-element-populated\">\n\t\t\t\t\t\t<div class=\"elementor-element elementor-element-4f9bd72 elementor-widget elementor-widget-text-editor\" data-id=\"4f9bd72\" data-element_type=\"widget\" data-widget_type=\"text-editor.default\">\n\t\t\t\t<div class=\"elementor-widget-container\">\n\t\t\t\t\t\t\t\t\t<p>A m\u00e1rka eleinte exkluz\u00edv szivarokat, \u00f3r\u00e1kat, \u00edr\u00f3szereket \u00e9s b\u0151r\u00e1rukat forgalmazott. Term\u00e9kk\u00f6r\u00fckben m\u00e1ra luxus kateg\u00f3ri\u00e1s parf\u00fcm\u00f6k, szem\u00fcvegek, k\u00e1v\u00e9 \u00e9s konyak is megtal\u00e1lhat\u00f3. A m\u00e1rka sz\u00e1m\u00e1ra rendk\u00edv\u00fcl fontos, hogy term\u00e9kei el\u0151\u00e1ll\u00edt\u00e1s\u00e1hoz csakis a legjobb alapanyagokat haszn\u00e1lja, \u00e9s a legmagasabb elv\u00e1r\u00e1soknak is megfeleljen. Ez a t\u00f6k\u00e9letess\u00e9gre t\u00f6reked\u00e9s a Davidoff m\u00e1rka filoz\u00f3fi\u00e1j\u00e1nak alapja. Term\u00e9keik azt a pozit\u00edv \u00e9letfelfog\u00e1st \u00e9s nagyvonal\u00fa st\u00edlust t\u00fckr\u00f6zik, melyek a m\u00e1rka alap\u00edt\u00f3j\u00e1t, Zino Davidoff-ot jellemezt\u00e9k.<\/p><p>A m\u00e1rka \u00e9rt\u00e9keihez h\u0171en a parf\u00fcm\u00f6k ter\u00e9n is k\u00fcl\u00f6nleges, term\u00e9szetes \u00f6sszetev\u0151k ut\u00e1n kutatva olyan egyedi illatokat szerettek volna alkotni, melyek kiemelik visel\u0151j\u00fck szem\u00e9lyis\u00e9g\u00e9t. Az \u00f3ce\u00e1nok frissess\u00e9ge \u00e9s a term\u00e9szet \u00e1ltal inspir\u00e1lt Davidoff az er\u0151t \u00e9s frissess\u00e9get testes\u00edti meg a f\u00e9rfiaknak \u00e9s n\u0151knek k\u00e9sz\u00edtett illataival.<\/p>\t\t\t\t\t\t\t\t<\/div>\n\t\t\t\t<\/div>\n\t\t\t\t<div class=\"elementor-element elementor-element-78291fc elementor-widget elementor-widget-heading\" data-id=\"78291fc\" data-element_type=\"widget\" data-widget_type=\"heading.default\">\n\t\t\t\t<div class=\"elementor-widget-container\">\n\t\t\t\t\t<h2 class=\"elementor-heading-title elementor-size-default\">DAVIDOFF \u00e9rt\u00e9kek<\/h2>\t\t\t\t<\/div>\n\t\t\t\t<\/div>\n\t\t\t\t<div class=\"elementor-element elementor-element-51a330c elementor-widget elementor-widget-text-editor\" data-id=\"51a330c\" data-element_type=\"widget\" data-widget_type=\"text-editor.default\">\n\t\t\t\t<div class=\"elementor-widget-container\">\n\t\t\t\t\t\t\t\t\t<p>Kifinomults\u00e1g, szabads\u00e1g, er\u0151 \u00e9s term\u00e9szetess\u00e9g.<\/p>\t\t\t\t\t\t\t\t<\/div>\n\t\t\t\t<\/div>\n\t\t\t\t<div class=\"elementor-element elementor-element-9d504d0 elementor-widget elementor-widget-heading\" data-id=\"9d504d0\" data-element_type=\"widget\" data-widget_type=\"heading.default\">\n\t\t\t\t<div class=\"elementor-widget-container\">\n\t\t\t\t\t<h2 class=\"elementor-heading-title elementor-size-default\">DAVIDOFF t\u00f6rt\u00e9nete<\/h2>\t\t\t\t<\/div>\n\t\t\t\t<\/div>\n\t\t\t\t<div class=\"elementor-element elementor-element-5562f13 elementor-widget elementor-widget-text-editor\" data-id=\"5562f13\" data-element_type=\"widget\" data-widget_type=\"text-editor.default\">\n\t\t\t\t<div class=\"elementor-widget-container\">\n\t\t\t\t\t\t\t\t\t<p>A m\u00e1rka az orosz sz\u00e1rmaz\u00e1s\u00fa, Sv\u00e1jcban sz\u00fcletett Zino Davidoff nev\u00e9hez f\u0171z\u0151dik. M\u0171velt, az \u00fajdons\u00e1gokra nyitott \u00fariember volt, r\u00e1ad\u00e1sul kiv\u00e1l\u00f3 \u00fczletember is, aki im\u00e1dott utazni \u00e9s felfedezni a vil\u00e1g kincseit, ezekb\u0151l mer\u00edtette inspir\u00e1ci\u00f3it. Egy igazi \u00e9letm\u0171v\u00e9sz volt, aki k\u00e9pes volt megbecs\u00fclni az \u00e9let apr\u00f3 \u00f6r\u00f6meit. Term\u00e9szetes, vele sz\u00fcletett, nyers er\u0151, kifinomults\u00e1g \u00e9s f\u00e9rfiass\u00e1g jellemezte. 1984-ben jelent meg els\u0151 f\u00e9rfi illata, majd 1989-ben a h\u00edres Cool Water, mely minden id\u0151k egyik legsikeresebb illata lett, \u00e9s \u00e9vr\u0151l \u00e9vre jelennek meg limit\u00e1lt kiad\u00e1sai is.<\/p>\t\t\t\t\t\t\t\t<\/div>\n\t\t\t\t<\/div>\n\t\t\t\t<div class=\"elementor-element elementor-element-58ca072 elementor-align-center elementor-widget elementor-widget-button\" data-id=\"58ca072\" data-element_type=\"widget\" data-widget_type=\"button.default\">\n\t\t\t\t<div class=\"elementor-widget-container\">\n\t\t\t\t\t\t\t\t\t<div class=\"elementor-button-wrapper\">\n\t\t\t\t\t<a class=\"elementor-button elementor-button-link elementor-size-sm\" href=\"https:\/\/primorcosmetics.com\/hu\/kapcsolat\/\">\n\t\t\t\t\t\t<span class=\"elementor-button-content-wrapper\">\n\t\t\t\t\t\t\t\t\t<span class=\"elementor-button-text\">Kapcsolat<\/span>\n\t\t\t\t\t<\/span>\n\t\t\t\t\t<\/a>\n\t\t\t\t<\/div>\n\t\t\t\t\t\t\t\t<\/div>\n\t\t\t\t<\/div>\n\t\t\t\t\t<\/div>\n\t\t<\/div>\n\t\t\t\t<div class=\"elementor-column elementor-col-50 elementor-top-column elementor-element elementor-element-a2affe2\" data-id=\"a2affe2\" data-element_type=\"column\">\n\t\t\t<div class=\"elementor-widget-wrap elementor-element-populated\">\n\t\t\t\t\t\t<div class=\"elementor-element elementor-element-7fe6cd9 elementor-widget elementor-widget-image\" data-id=\"7fe6cd9\" data-element_type=\"widget\" data-widget_type=\"image.default\">\n\t\t\t\t<div class=\"elementor-widget-container\">\n\t\t\t\t\t\t\t\t\t\t\t\t\t\t\t<img fetchpriority=\"high\" decoding=\"async\" width=\"724\" height=\"1024\" src=\"https:\/\/primorcosmetics.com\/wp-content\/uploads\/2021\/12\/149280_610fb53479a274fcc8ac1d82b83c8fad_cool-water-parfum-724x1024.jpg\" class=\"attachment-large size-large wp-image-1425\" alt=\"Davidoff parf\u00fcm\u00f6k\" srcset=\"https:\/\/primorcosmetics.com\/wp-content\/uploads\/2021\/12\/149280_610fb53479a274fcc8ac1d82b83c8fad_cool-water-parfum-724x1024.jpg 724w, https:\/\/primorcosmetics.com\/wp-content\/uploads\/2021\/12\/149280_610fb53479a274fcc8ac1d82b83c8fad_cool-water-parfum-212x300.jpg 212w, https:\/\/primorcosmetics.com\/wp-content\/uploads\/2021\/12\/149280_610fb53479a274fcc8ac1d82b83c8fad_cool-water-parfum.jpg 744w\" sizes=\"(max-width: 724px) 100vw, 724px\" \/>\t\t\t\t\t\t\t\t\t\t\t\t\t\t\t<\/div>\n\t\t\t\t<\/div>\n\t\t\t\t\t<\/div>\n\t\t<\/div>\n\t\t\t\t\t<\/div>\n\t\t<\/section>\n\t\t\t\t<\/div>\n\t\t","protected":false},"excerpt":{"rendered":"<p>DAVIDOFF A m\u00e1rka eleinte exkluz\u00edv szivarokat, \u00f3r\u00e1kat, \u00edr\u00f3szereket \u00e9s b\u0151r\u00e1rukat forgalmazott. Term\u00e9kk\u00f6r\u00fckben m\u00e1ra luxus kateg\u00f3ri\u00e1s parf\u00fcm\u00f6k, szem\u00fcvegek, k\u00e1v\u00e9 \u00e9s konyak is megtal\u00e1lhat\u00f3. A m\u00e1rka sz\u00e1m\u00e1ra rendk\u00edv\u00fcl fontos, hogy term\u00e9kei el\u0151\u00e1ll\u00edt\u00e1s\u00e1hoz csakis a legjobb alapanyagokat haszn\u00e1lja, \u00e9s a legmagasabb elv\u00e1r\u00e1soknak is megfeleljen. Ez a t\u00f6k\u00e9letess\u00e9gre t\u00f6reked\u00e9s a Davidoff m\u00e1rka filoz\u00f3fi\u00e1j\u00e1nak alapja. Term\u00e9keik azt a pozit\u00edv \u00e9letfelfog\u00e1st [&hellip;]<\/p>\n","protected":false},"author":2,"featured_media":0,"parent":1659,"menu_order":0,"comment_status":"closed","ping_status":"closed","template":"","meta":{"footnotes":""},"class_list":["post-1699","page","type-page","status-publish","hentry"],"yoast_head":"<!-- This site is optimized with the Yoast SEO plugin v25.7 - https:\/\/yoast.com\/wordpress\/plugins\/seo\/ -->\n<title>DAVIDOFF - Prim\u0151r Cosmetics<\/title>\n<meta name=\"robots\" content=\"index, follow, max-snippet:-1, max-image-preview:large, max-video-preview:-1\" \/>\n<link rel=\"canonical\" href=\"https:\/\/primorcosmetics.com\/hu\/markak-old\/davidoff\/\" \/>\n<meta property=\"og:locale\" content=\"hu_HU\" \/>\n<meta property=\"og:type\" content=\"article\" \/>\n<meta property=\"og:title\" content=\"DAVIDOFF - Prim\u0151r Cosmetics\" \/>\n<meta property=\"og:description\" content=\"DAVIDOFF A m\u00e1rka eleinte exkluz\u00edv szivarokat, \u00f3r\u00e1kat, \u00edr\u00f3szereket \u00e9s b\u0151r\u00e1rukat forgalmazott. Term\u00e9kk\u00f6r\u00fckben m\u00e1ra luxus kateg\u00f3ri\u00e1s parf\u00fcm\u00f6k, szem\u00fcvegek, k\u00e1v\u00e9 \u00e9s konyak is megtal\u00e1lhat\u00f3. A m\u00e1rka sz\u00e1m\u00e1ra rendk\u00edv\u00fcl fontos, hogy term\u00e9kei el\u0151\u00e1ll\u00edt\u00e1s\u00e1hoz csakis a legjobb alapanyagokat haszn\u00e1lja, \u00e9s a legmagasabb elv\u00e1r\u00e1soknak is megfeleljen. Ez a t\u00f6k\u00e9letess\u00e9gre t\u00f6reked\u00e9s a Davidoff m\u00e1rka filoz\u00f3fi\u00e1j\u00e1nak alapja. Term\u00e9keik azt a pozit\u00edv \u00e9letfelfog\u00e1st [&hellip;]\" \/>\n<meta property=\"og:url\" content=\"https:\/\/primorcosmetics.com\/hu\/markak-old\/davidoff\/\" \/>\n<meta property=\"og:site_name\" content=\"Prim\u0151r Cosmetics\" \/>\n<meta property=\"article:publisher\" content=\"https:\/\/www.facebook.com\/primorcosmetics\" \/>\n<meta property=\"article:modified_time\" content=\"2022-07-05T12:41:35+00:00\" \/>\n<meta property=\"og:image\" content=\"https:\/\/primorcosmetics.com\/wp-content\/uploads\/2021\/12\/149280_610fb53479a274fcc8ac1d82b83c8fad_cool-water-parfum-724x1024.jpg\" \/>\n<meta name=\"twitter:card\" content=\"summary_large_image\" \/>\n<meta name=\"twitter:label1\" content=\"Becs\u00fclt olvas\u00e1si id\u0151\" \/>\n\t<meta name=\"twitter:data1\" content=\"2 perc\" \/>\n<script type=\"application\/ld+json\" class=\"yoast-schema-graph\">{\"@context\":\"https:\/\/schema.org\",\"@graph\":[{\"@type\":\"WebPage\",\"@id\":\"https:\/\/primorcosmetics.com\/hu\/markak-old\/davidoff\/\",\"url\":\"https:\/\/primorcosmetics.com\/hu\/markak-old\/davidoff\/\",\"name\":\"DAVIDOFF - Prim\u0151r Cosmetics\",\"isPartOf\":{\"@id\":\"https:\/\/primorcosmetics.com\/#website\"},\"primaryImageOfPage\":{\"@id\":\"https:\/\/primorcosmetics.com\/hu\/markak-old\/davidoff\/#primaryimage\"},\"image\":{\"@id\":\"https:\/\/primorcosmetics.com\/hu\/markak-old\/davidoff\/#primaryimage\"},\"thumbnailUrl\":\"https:\/\/primorcosmetics.com\/wp-content\/uploads\/2021\/12\/149280_610fb53479a274fcc8ac1d82b83c8fad_cool-water-parfum-724x1024.jpg\",\"datePublished\":\"2021-12-20T20:44:44+00:00\",\"dateModified\":\"2022-07-05T12:41:35+00:00\",\"breadcrumb\":{\"@id\":\"https:\/\/primorcosmetics.com\/hu\/markak-old\/davidoff\/#breadcrumb\"},\"inLanguage\":\"hu\",\"potentialAction\":[{\"@type\":\"ReadAction\",\"target\":[\"https:\/\/primorcosmetics.com\/hu\/markak-old\/davidoff\/\"]}]},{\"@type\":\"ImageObject\",\"inLanguage\":\"hu\",\"@id\":\"https:\/\/primorcosmetics.com\/hu\/markak-old\/davidoff\/#primaryimage\",\"url\":\"https:\/\/primorcosmetics.com\/wp-content\/uploads\/2021\/12\/149280_610fb53479a274fcc8ac1d82b83c8fad_cool-water-parfum-724x1024.jpg\",\"contentUrl\":\"https:\/\/primorcosmetics.com\/wp-content\/uploads\/2021\/12\/149280_610fb53479a274fcc8ac1d82b83c8fad_cool-water-parfum-724x1024.jpg\"},{\"@type\":\"BreadcrumbList\",\"@id\":\"https:\/\/primorcosmetics.com\/hu\/markak-old\/davidoff\/#breadcrumb\",\"itemListElement\":[{\"@type\":\"ListItem\",\"position\":1,\"name\":\"Home\",\"item\":\"https:\/\/primorcosmetics.com\/hu\/\"},{\"@type\":\"ListItem\",\"position\":2,\"name\":\"M\u00e1rk\u00e1k\",\"item\":\"https:\/\/primorcosmetics.com\/hu\/markak-old\/\"},{\"@type\":\"ListItem\",\"position\":3,\"name\":\"DAVIDOFF\"}]},{\"@type\":\"WebSite\",\"@id\":\"https:\/\/primorcosmetics.com\/#website\",\"url\":\"https:\/\/primorcosmetics.com\/\",\"name\":\"Prim\u0151r Cosmetics\",\"description\":\"Prim\u0151r Cosmetics Leading Hungarian beauty and cosmetics distributor\",\"publisher\":{\"@id\":\"https:\/\/primorcosmetics.com\/#organization\"},\"potentialAction\":[{\"@type\":\"SearchAction\",\"target\":{\"@type\":\"EntryPoint\",\"urlTemplate\":\"https:\/\/primorcosmetics.com\/?s={search_term_string}\"},\"query-input\":{\"@type\":\"PropertyValueSpecification\",\"valueRequired\":true,\"valueName\":\"search_term_string\"}}],\"inLanguage\":\"hu\"},{\"@type\":\"Organization\",\"@id\":\"https:\/\/primorcosmetics.com\/#organization\",\"name\":\"Prim\u0151r Kozmetikai Kft.\",\"url\":\"https:\/\/primorcosmetics.com\/\",\"logo\":{\"@type\":\"ImageObject\",\"inLanguage\":\"hu\",\"@id\":\"https:\/\/primorcosmetics.com\/#\/schema\/logo\/image\/\",\"url\":\"https:\/\/primorcosmetics.com\/wp-content\/uploads\/2021\/12\/Primor_logo_icon_lockup_color.jpg\",\"contentUrl\":\"https:\/\/primorcosmetics.com\/wp-content\/uploads\/2021\/12\/Primor_logo_icon_lockup_color.jpg\",\"width\":1920,\"height\":1080,\"caption\":\"Prim\u0151r Kozmetikai Kft.\"},\"image\":{\"@id\":\"https:\/\/primorcosmetics.com\/#\/schema\/logo\/image\/\"},\"sameAs\":[\"https:\/\/www.facebook.com\/primorcosmetics\",\"https:\/\/www.instagram.com\/primorcosmetics\/\",\"https:\/\/www.linkedin.com\/company\/primorcosmetics\/mycompany\/\",\"https:\/\/www.youtube.com\/channel\/UCd3Uei375tM1XLkCMPhALWQ\"]}]}<\/script>\n<!-- \/ Yoast SEO plugin. -->","yoast_head_json":{"title":"DAVIDOFF - Prim\u0151r Cosmetics","robots":{"index":"index","follow":"follow","max-snippet":"max-snippet:-1","max-image-preview":"max-image-preview:large","max-video-preview":"max-video-preview:-1"},"canonical":"https:\/\/primorcosmetics.com\/hu\/markak-old\/davidoff\/","og_locale":"hu_HU","og_type":"article","og_title":"DAVIDOFF - Prim\u0151r Cosmetics","og_description":"DAVIDOFF A m\u00e1rka eleinte exkluz\u00edv szivarokat, \u00f3r\u00e1kat, \u00edr\u00f3szereket \u00e9s b\u0151r\u00e1rukat forgalmazott. Term\u00e9kk\u00f6r\u00fckben m\u00e1ra luxus kateg\u00f3ri\u00e1s parf\u00fcm\u00f6k, szem\u00fcvegek, k\u00e1v\u00e9 \u00e9s konyak is megtal\u00e1lhat\u00f3. A m\u00e1rka sz\u00e1m\u00e1ra rendk\u00edv\u00fcl fontos, hogy term\u00e9kei el\u0151\u00e1ll\u00edt\u00e1s\u00e1hoz csakis a legjobb alapanyagokat haszn\u00e1lja, \u00e9s a legmagasabb elv\u00e1r\u00e1soknak is megfeleljen. Ez a t\u00f6k\u00e9letess\u00e9gre t\u00f6reked\u00e9s a Davidoff m\u00e1rka filoz\u00f3fi\u00e1j\u00e1nak alapja. Term\u00e9keik azt a pozit\u00edv \u00e9letfelfog\u00e1st [&hellip;]","og_url":"https:\/\/primorcosmetics.com\/hu\/markak-old\/davidoff\/","og_site_name":"Prim\u0151r Cosmetics","article_publisher":"https:\/\/www.facebook.com\/primorcosmetics","article_modified_time":"2022-07-05T12:41:35+00:00","og_image":[{"url":"https:\/\/primorcosmetics.com\/wp-content\/uploads\/2021\/12\/149280_610fb53479a274fcc8ac1d82b83c8fad_cool-water-parfum-724x1024.jpg","type":"","width":"","height":""}],"twitter_card":"summary_large_image","twitter_misc":{"Becs\u00fclt olvas\u00e1si id\u0151":"2 perc"},"schema":{"@context":"https:\/\/schema.org","@graph":[{"@type":"WebPage","@id":"https:\/\/primorcosmetics.com\/hu\/markak-old\/davidoff\/","url":"https:\/\/primorcosmetics.com\/hu\/markak-old\/davidoff\/","name":"DAVIDOFF - Prim\u0151r Cosmetics","isPartOf":{"@id":"https:\/\/primorcosmetics.com\/#website"},"primaryImageOfPage":{"@id":"https:\/\/primorcosmetics.com\/hu\/markak-old\/davidoff\/#primaryimage"},"image":{"@id":"https:\/\/primorcosmetics.com\/hu\/markak-old\/davidoff\/#primaryimage"},"thumbnailUrl":"https:\/\/primorcosmetics.com\/wp-content\/uploads\/2021\/12\/149280_610fb53479a274fcc8ac1d82b83c8fad_cool-water-parfum-724x1024.jpg","datePublished":"2021-12-20T20:44:44+00:00","dateModified":"2022-07-05T12:41:35+00:00","breadcrumb":{"@id":"https:\/\/primorcosmetics.com\/hu\/markak-old\/davidoff\/#breadcrumb"},"inLanguage":"hu","potentialAction":[{"@type":"ReadAction","target":["https:\/\/primorcosmetics.com\/hu\/markak-old\/davidoff\/"]}]},{"@type":"ImageObject","inLanguage":"hu","@id":"https:\/\/primorcosmetics.com\/hu\/markak-old\/davidoff\/#primaryimage","url":"https:\/\/primorcosmetics.com\/wp-content\/uploads\/2021\/12\/149280_610fb53479a274fcc8ac1d82b83c8fad_cool-water-parfum-724x1024.jpg","contentUrl":"https:\/\/primorcosmetics.com\/wp-content\/uploads\/2021\/12\/149280_610fb53479a274fcc8ac1d82b83c8fad_cool-water-parfum-724x1024.jpg"},{"@type":"BreadcrumbList","@id":"https:\/\/primorcosmetics.com\/hu\/markak-old\/davidoff\/#breadcrumb","itemListElement":[{"@type":"ListItem","position":1,"name":"Home","item":"https:\/\/primorcosmetics.com\/hu\/"},{"@type":"ListItem","position":2,"name":"M\u00e1rk\u00e1k","item":"https:\/\/primorcosmetics.com\/hu\/markak-old\/"},{"@type":"ListItem","position":3,"name":"DAVIDOFF"}]},{"@type":"WebSite","@id":"https:\/\/primorcosmetics.com\/#website","url":"https:\/\/primorcosmetics.com\/","name":"Prim\u0151r Cosmetics","description":"Prim\u0151r Cosmetics Leading Hungarian beauty and cosmetics distributor","publisher":{"@id":"https:\/\/primorcosmetics.com\/#organization"},"potentialAction":[{"@type":"SearchAction","target":{"@type":"EntryPoint","urlTemplate":"https:\/\/primorcosmetics.com\/?s={search_term_string}"},"query-input":{"@type":"PropertyValueSpecification","valueRequired":true,"valueName":"search_term_string"}}],"inLanguage":"hu"},{"@type":"Organization","@id":"https:\/\/primorcosmetics.com\/#organization","name":"Prim\u0151r Kozmetikai Kft.","url":"https:\/\/primorcosmetics.com\/","logo":{"@type":"ImageObject","inLanguage":"hu","@id":"https:\/\/primorcosmetics.com\/#\/schema\/logo\/image\/","url":"https:\/\/primorcosmetics.com\/wp-content\/uploads\/2021\/12\/Primor_logo_icon_lockup_color.jpg","contentUrl":"https:\/\/primorcosmetics.com\/wp-content\/uploads\/2021\/12\/Primor_logo_icon_lockup_color.jpg","width":1920,"height":1080,"caption":"Prim\u0151r Kozmetikai Kft."},"image":{"@id":"https:\/\/primorcosmetics.com\/#\/schema\/logo\/image\/"},"sameAs":["https:\/\/www.facebook.com\/primorcosmetics","https:\/\/www.instagram.com\/primorcosmetics\/","https:\/\/www.linkedin.com\/company\/primorcosmetics\/mycompany\/","https:\/\/www.youtube.com\/channel\/UCd3Uei375tM1XLkCMPhALWQ"]}]}},"_links":{"self":[{"href":"https:\/\/primorcosmetics.com\/hu\/wp-json\/wp\/v2\/pages\/1699","targetHints":{"allow":["GET"]}}],"collection":[{"href":"https:\/\/primorcosmetics.com\/hu\/wp-json\/wp\/v2\/pages"}],"about":[{"href":"https:\/\/primorcosmetics.com\/hu\/wp-json\/wp\/v2\/types\/page"}],"author":[{"embeddable":true,"href":"https:\/\/primorcosmetics.com\/hu\/wp-json\/wp\/v2\/users\/2"}],"replies":[{"embeddable":true,"href":"https:\/\/primorcosmetics.com\/hu\/wp-json\/wp\/v2\/comments?post=1699"}],"version-history":[{"count":1,"href":"https:\/\/primorcosmetics.com\/hu\/wp-json\/wp\/v2\/pages\/1699\/revisions"}],"predecessor-version":[{"id":1700,"href":"https:\/\/primorcosmetics.com\/hu\/wp-json\/wp\/v2\/pages\/1699\/revisions\/1700"}],"up":[{"embeddable":true,"href":"https:\/\/primorcosmetics.com\/hu\/wp-json\/wp\/v2\/pages\/1659"}],"wp:attachment":[{"href":"https:\/\/primorcosmetics.com\/hu\/wp-json\/wp\/v2\/media?parent=1699"}],"curies":[{"name":"wp","href":"https:\/\/api.w.org\/{rel}","templated":true}]}}