{"id":1703,"date":"2021-12-20T20:33:57","date_gmt":"2021-12-20T20:33:57","guid":{"rendered":"https:\/\/primorcosmetics.com\/markak\/burberry\/"},"modified":"2022-07-05T12:56:51","modified_gmt":"2022-07-05T12:56:51","slug":"burberry","status":"publish","type":"page","link":"https:\/\/primorcosmetics.com\/hu\/markak-old\/burberry\/","title":{"rendered":"BURBERRY"},"content":{"rendered":"\t\t<div data-elementor-type=\"wp-page\" data-elementor-id=\"1703\" class=\"elementor elementor-1703 elementor-350\" data-elementor-post-type=\"page\">\n\t\t\t\t\t\t<section class=\"elementor-section elementor-top-section elementor-element elementor-element-1a60289 elementor-section-boxed elementor-section-height-default elementor-section-height-default\" data-id=\"1a60289\" data-element_type=\"section\">\n\t\t\t\t\t\t<div class=\"elementor-container elementor-column-gap-default\">\n\t\t\t\t\t<div class=\"elementor-column elementor-col-100 elementor-top-column elementor-element elementor-element-bbd7392\" data-id=\"bbd7392\" data-element_type=\"column\">\n\t\t\t<div class=\"elementor-widget-wrap\">\n\t\t\t\t\t\t\t<\/div>\n\t\t<\/div>\n\t\t\t\t\t<\/div>\n\t\t<\/section>\n\t\t\t\t<section class=\"elementor-section elementor-top-section elementor-element elementor-element-895bee5 elementor-section-boxed elementor-section-height-default elementor-section-height-default\" data-id=\"895bee5\" data-element_type=\"section\">\n\t\t\t\t\t\t<div class=\"elementor-container elementor-column-gap-default\">\n\t\t\t\t\t<div class=\"elementor-column elementor-col-100 elementor-top-column elementor-element elementor-element-d7443bc\" data-id=\"d7443bc\" data-element_type=\"column\">\n\t\t\t<div class=\"elementor-widget-wrap elementor-element-populated\">\n\t\t\t\t\t\t<div class=\"elementor-element elementor-element-de978f0 elementor-widget elementor-widget-spacer\" data-id=\"de978f0\" data-element_type=\"widget\" data-widget_type=\"spacer.default\">\n\t\t\t\t<div class=\"elementor-widget-container\">\n\t\t\t\t\t\t\t<div class=\"elementor-spacer\">\n\t\t\t<div class=\"elementor-spacer-inner\"><\/div>\n\t\t<\/div>\n\t\t\t\t\t\t<\/div>\n\t\t\t\t<\/div>\n\t\t\t\t\t<\/div>\n\t\t<\/div>\n\t\t\t\t\t<\/div>\n\t\t<\/section>\n\t\t\t\t<section class=\"elementor-section elementor-top-section elementor-element elementor-element-522204b elementor-section-boxed elementor-section-height-default elementor-section-height-default\" data-id=\"522204b\" data-element_type=\"section\">\n\t\t\t\t\t\t<div class=\"elementor-container elementor-column-gap-default\">\n\t\t\t\t\t<div class=\"elementor-column elementor-col-100 elementor-top-column elementor-element elementor-element-a90f324\" data-id=\"a90f324\" data-element_type=\"column\">\n\t\t\t<div class=\"elementor-widget-wrap elementor-element-populated\">\n\t\t\t\t\t\t<div class=\"elementor-element elementor-element-f9c6f60 elementor-widget elementor-widget-heading\" data-id=\"f9c6f60\" data-element_type=\"widget\" data-widget_type=\"heading.default\">\n\t\t\t\t<div class=\"elementor-widget-container\">\n\t\t\t\t\t<h1 class=\"elementor-heading-title elementor-size-default\">BURBERRY<\/h1>\t\t\t\t<\/div>\n\t\t\t\t<\/div>\n\t\t\t\t\t<\/div>\n\t\t<\/div>\n\t\t\t\t\t<\/div>\n\t\t<\/section>\n\t\t\t\t<section class=\"elementor-section elementor-top-section elementor-element elementor-element-5bebc7f elementor-section-boxed elementor-section-height-default elementor-section-height-default\" data-id=\"5bebc7f\" data-element_type=\"section\">\n\t\t\t\t\t\t<div class=\"elementor-container elementor-column-gap-default\">\n\t\t\t\t\t<div class=\"elementor-column elementor-col-100 elementor-top-column elementor-element elementor-element-44198d4\" data-id=\"44198d4\" data-element_type=\"column\">\n\t\t\t<div class=\"elementor-widget-wrap elementor-element-populated\">\n\t\t\t\t\t\t<div class=\"elementor-element elementor-element-04171c3 elementor-widget elementor-widget-spacer\" data-id=\"04171c3\" data-element_type=\"widget\" data-widget_type=\"spacer.default\">\n\t\t\t\t<div class=\"elementor-widget-container\">\n\t\t\t\t\t\t\t<div class=\"elementor-spacer\">\n\t\t\t<div class=\"elementor-spacer-inner\"><\/div>\n\t\t<\/div>\n\t\t\t\t\t\t<\/div>\n\t\t\t\t<\/div>\n\t\t\t\t\t<\/div>\n\t\t<\/div>\n\t\t\t\t\t<\/div>\n\t\t<\/section>\n\t\t\t\t<section class=\"elementor-section elementor-top-section elementor-element elementor-element-896add9 elementor-section-boxed elementor-section-height-default elementor-section-height-default\" data-id=\"896add9\" data-element_type=\"section\">\n\t\t\t\t\t\t<div class=\"elementor-container elementor-column-gap-default\">\n\t\t\t\t\t<div class=\"elementor-column elementor-col-50 elementor-top-column elementor-element elementor-element-3e24276\" data-id=\"3e24276\" data-element_type=\"column\">\n\t\t\t<div class=\"elementor-widget-wrap elementor-element-populated\">\n\t\t\t\t\t\t<div class=\"elementor-element elementor-element-4f9bd72 elementor-widget elementor-widget-text-editor\" data-id=\"4f9bd72\" data-element_type=\"widget\" data-widget_type=\"text-editor.default\">\n\t\t\t\t<div class=\"elementor-widget-container\">\n\t\t\t\t\t\t\t\t\t<p>Ma a Burberry az Egyes\u00fclt Kir\u00e1lys\u00e1g legikonikusabb m\u00e1rk\u00e1ja, mely egyed\u00fcl\u00e1ll\u00f3 m\u00f3don k\u00e9pes \u00f6tv\u00f6zni a hagyom\u00e1nyokat, az excentrikus soksz\u00edn\u0171s\u00e9get \u00e9s a fiatals\u00e1got.<\/p><p>A Burberry f\u00e9rfi parf\u00fcm\u00f6k extravag\u00e1ns, gyakran mer\u00e9sz illatok, \u00e9s azoknak a f\u00e9rfiaknak sz\u00f3lnak, akik szeretik a nagyv\u00e1ros ny\u00fczsg\u00e9s\u00e9t. A Burberry n\u0151i illatok egy csipetnyi luxust, egy cseppnyi b\u00e1jt k\u00f6lcs\u00f6n\u00f6znek visel\u0151j\u00fcknek, \u00e9s olyan nagyv\u00e1rosi n\u0151knek sz\u00f3lnak, akik nem szeretn\u00e9nek beleolvadni a t\u00f6megbe.<\/p>\t\t\t\t\t\t\t\t<\/div>\n\t\t\t\t<\/div>\n\t\t\t\t<div class=\"elementor-element elementor-element-78291fc elementor-widget elementor-widget-heading\" data-id=\"78291fc\" data-element_type=\"widget\" data-widget_type=\"heading.default\">\n\t\t\t\t<div class=\"elementor-widget-container\">\n\t\t\t\t\t<h2 class=\"elementor-heading-title elementor-size-default\">BURBERRY \u00e9rt\u00e9kek<\/h2>\t\t\t\t<\/div>\n\t\t\t\t<\/div>\n\t\t\t\t<div class=\"elementor-element elementor-element-51a330c elementor-widget elementor-widget-text-editor\" data-id=\"51a330c\" data-element_type=\"widget\" data-widget_type=\"text-editor.default\">\n\t\t\t\t<div class=\"elementor-widget-container\">\n\t\t\t\t\t\t\t\t\t<p>A Burberry illatok a kifog\u00e1stalan min\u0151s\u00e9get, eleganci\u00e1t \u00e9s kozmopolita \u00e9rz\u00e9st testes\u00edtik meg.<\/p>\t\t\t\t\t\t\t\t<\/div>\n\t\t\t\t<\/div>\n\t\t\t\t<div class=\"elementor-element elementor-element-9d504d0 elementor-widget elementor-widget-heading\" data-id=\"9d504d0\" data-element_type=\"widget\" data-widget_type=\"heading.default\">\n\t\t\t\t<div class=\"elementor-widget-container\">\n\t\t\t\t\t<h2 class=\"elementor-heading-title elementor-size-default\">BURBERRY t\u00f6rt\u00e9nete<\/h2>\t\t\t\t<\/div>\n\t\t\t\t<\/div>\n\t\t\t\t<div class=\"elementor-element elementor-element-5562f13 elementor-widget elementor-widget-text-editor\" data-id=\"5562f13\" data-element_type=\"widget\" data-widget_type=\"text-editor.default\">\n\t\t\t\t<div class=\"elementor-widget-container\">\n\t\t\t\t\t\t\t\t\t<p>A Burberry 1856 \u00f3ta l\u00e9tez\u0151 brit ruh\u00e1zati m\u00e1rka, melyet Thomas Burberry textilkeresked\u0151 alap\u00edtott.<\/p><p>A m\u00e1rka eredetileg a kifinomult angol eleganci\u00e1t \u00e9s st\u00edlust dikt\u00e1l\u00f3 ruh\u00e1ir\u00f3l, p\u00e9ld\u00e1ul az ikonikus Burberry kab\u00e1tr\u00f3l v\u00e1lt h\u00edress\u00e9, amely tervez\u00e9sekor azonban nem \u00e9pp a design volt az els\u0151dleges szempont, hanem az, hogy v\u00e9denie kellett a zord, es\u0151s brit id\u0151j\u00e1r\u00e1st\u00f3l. \u00cdgy kezdetben kifejezetten funkcion\u00e1lis ruhadarabokat k\u00edn\u00e1lt a m\u00e1rka, \u00e9s olyan felfedez\u0151k viselt\u00e9k a speci\u00e1lis elj\u00e1r\u00e1sokkal k\u00e9sz\u00fclt darabokat, mint p\u00e9ld\u00e1ul Roald Amundsen. A k\u00fcl\u00f6nleges, v\u00edz\u00e1ll\u00f3 daraboknak k\u00f6sz\u00f6nhet\u0151en hamar felfigyelt a m\u00e1rk\u00e1ra a brit hadsereg is, \u00edgy a II. Vil\u00e1gh\u00e1bor\u00fa idej\u00e9n m\u00e1r a teljes kir\u00e1lyi hadsereget \u00e9s l\u00e9gier\u0151t Burberry-be \u00f6lt\u00f6ztett\u00e9k.<\/p><p>Az ikonikus kock\u00e1s Burberry mint\u00e1t az 1920-as \u00e9vekben alkalmazt\u00e1k el\u0151sz\u00f6r b\u00e9l\u00e9sanyagk\u00e9nt, majd a 30-as \u00e9vekben m\u00e1r k\u00fcls\u0151 mintak\u00e9nt is megjelent a ruhadarabokon.<\/p><p>Ma a Burberry m\u00e1rka az id\u0151tlen eleganci\u00e1t \u00e9s kifinomult \u00edzl\u00e9st testes\u00edti meg a divat \u00e9s a parf\u00fcm\u00f6k vil\u00e1g\u00e1ban. A m\u00e1rka meg\u00fajult arculat\u00e1t a Burberry kreat\u00edv igazgat\u00f3j\u00e1nak, Ricardo Tisci-nek k\u00f6sz\u00f6nheti, aki 2018 \u00f3ta rendszeresen \u00fajra\u00e9rtelmezi a m\u00e1rka trad\u00edci\u00f3kban gazdag gy\u00f6kereit, \u00e9s innovat\u00edv kollekci\u00f3ival mindig nagy hat\u00e1ssal van a divatvil\u00e1gra.<\/p>\t\t\t\t\t\t\t\t<\/div>\n\t\t\t\t<\/div>\n\t\t\t\t<div class=\"elementor-element elementor-element-58ca072 elementor-align-center elementor-widget elementor-widget-button\" data-id=\"58ca072\" data-element_type=\"widget\" data-widget_type=\"button.default\">\n\t\t\t\t<div class=\"elementor-widget-container\">\n\t\t\t\t\t\t\t\t\t<div class=\"elementor-button-wrapper\">\n\t\t\t\t\t<a class=\"elementor-button elementor-button-link elementor-size-sm\" href=\"https:\/\/primorcosmetics.com\/hu\/kapcsolat\/\">\n\t\t\t\t\t\t<span class=\"elementor-button-content-wrapper\">\n\t\t\t\t\t\t\t\t\t<span class=\"elementor-button-text\">Kapcsolat<\/span>\n\t\t\t\t\t<\/span>\n\t\t\t\t\t<\/a>\n\t\t\t\t<\/div>\n\t\t\t\t\t\t\t\t<\/div>\n\t\t\t\t<\/div>\n\t\t\t\t\t<\/div>\n\t\t<\/div>\n\t\t\t\t<div class=\"elementor-column elementor-col-50 elementor-top-column elementor-element elementor-element-a2affe2\" data-id=\"a2affe2\" data-element_type=\"column\">\n\t\t\t<div class=\"elementor-widget-wrap elementor-element-populated\">\n\t\t\t\t\t\t<div class=\"elementor-element elementor-element-7fe6cd9 elementor-widget elementor-widget-image\" data-id=\"7fe6cd9\" data-element_type=\"widget\" data-widget_type=\"image.default\">\n\t\t\t\t<div class=\"elementor-widget-container\">\n\t\t\t\t\t\t\t\t\t\t\t\t\t\t\t<img fetchpriority=\"high\" decoding=\"async\" width=\"724\" height=\"1024\" src=\"https:\/\/primorcosmetics.com\/wp-content\/uploads\/2021\/12\/BURBERRY-HERO-CAMPAIGN-VISUAL\u7684\u526f\u672c-724x1024.jpg\" class=\"attachment-large size-large wp-image-1421\" alt=\"Burberry par\u00fcm\" srcset=\"https:\/\/primorcosmetics.com\/wp-content\/uploads\/2021\/12\/BURBERRY-HERO-CAMPAIGN-VISUAL\u7684\u526f\u672c-724x1024.jpg 724w, https:\/\/primorcosmetics.com\/wp-content\/uploads\/2021\/12\/BURBERRY-HERO-CAMPAIGN-VISUAL\u7684\u526f\u672c-212x300.jpg 212w, https:\/\/primorcosmetics.com\/wp-content\/uploads\/2021\/12\/BURBERRY-HERO-CAMPAIGN-VISUAL\u7684\u526f\u672c-768x1086.jpg 768w, https:\/\/primorcosmetics.com\/wp-content\/uploads\/2021\/12\/BURBERRY-HERO-CAMPAIGN-VISUAL\u7684\u526f\u672c-1086x1536.jpg 1086w, https:\/\/primorcosmetics.com\/wp-content\/uploads\/2021\/12\/BURBERRY-HERO-CAMPAIGN-VISUAL\u7684\u526f\u672c-1448x2048.jpg 1448w, https:\/\/primorcosmetics.com\/wp-content\/uploads\/2021\/12\/BURBERRY-HERO-CAMPAIGN-VISUAL\u7684\u526f\u672c.jpg 1600w\" sizes=\"(max-width: 724px) 100vw, 724px\" \/>\t\t\t\t\t\t\t\t\t\t\t\t\t\t\t<\/div>\n\t\t\t\t<\/div>\n\t\t\t\t\t<\/div>\n\t\t<\/div>\n\t\t\t\t\t<\/div>\n\t\t<\/section>\n\t\t\t\t<\/div>\n\t\t","protected":false},"excerpt":{"rendered":"<p>BURBERRY Ma a Burberry az Egyes\u00fclt Kir\u00e1lys\u00e1g legikonikusabb m\u00e1rk\u00e1ja, mely egyed\u00fcl\u00e1ll\u00f3 m\u00f3don k\u00e9pes \u00f6tv\u00f6zni a hagyom\u00e1nyokat, az excentrikus soksz\u00edn\u0171s\u00e9get \u00e9s a fiatals\u00e1got. A Burberry f\u00e9rfi parf\u00fcm\u00f6k extravag\u00e1ns, gyakran mer\u00e9sz illatok, \u00e9s azoknak a f\u00e9rfiaknak sz\u00f3lnak, akik szeretik a nagyv\u00e1ros ny\u00fczsg\u00e9s\u00e9t. A Burberry n\u0151i illatok egy csipetnyi luxust, egy cseppnyi b\u00e1jt k\u00f6lcs\u00f6n\u00f6znek visel\u0151j\u00fcknek, \u00e9s olyan nagyv\u00e1rosi [&hellip;]<\/p>\n","protected":false},"author":2,"featured_media":0,"parent":1659,"menu_order":0,"comment_status":"closed","ping_status":"closed","template":"","meta":{"footnotes":""},"class_list":["post-1703","page","type-page","status-publish","hentry"],"yoast_head":"<!-- This site is optimized with the Yoast SEO plugin v25.7 - https:\/\/yoast.com\/wordpress\/plugins\/seo\/ -->\n<title>BURBERRY - Prim\u0151r Cosmetics<\/title>\n<meta name=\"description\" content=\"Ismerd meg m\u00e1rk\u00e1ink: Burberry az Egyes\u00fclt Kir\u00e1lys\u00e1g legikonikusabb m\u00e1rk\u00e1ja, mely egyed\u00fcl\u00e1ll\u00f3 m\u00f3don k\u00e9pes \u00f6tv\u00f6zni a hagyom\u00e1nyokat, az excentrikus soksz\u00edn\u0171s\u00e9get \u00e9s a fiatals\u00e1got.\" \/>\n<meta name=\"robots\" content=\"index, follow, max-snippet:-1, max-image-preview:large, max-video-preview:-1\" \/>\n<link rel=\"canonical\" href=\"https:\/\/primorcosmetics.com\/hu\/markak-old\/burberry\/\" \/>\n<meta property=\"og:locale\" content=\"hu_HU\" \/>\n<meta property=\"og:type\" content=\"article\" \/>\n<meta property=\"og:title\" content=\"BURBERRY - Prim\u0151r Cosmetics\" \/>\n<meta property=\"og:description\" content=\"Ismerd meg m\u00e1rk\u00e1ink: Burberry az Egyes\u00fclt Kir\u00e1lys\u00e1g legikonikusabb m\u00e1rk\u00e1ja, mely egyed\u00fcl\u00e1ll\u00f3 m\u00f3don k\u00e9pes \u00f6tv\u00f6zni a hagyom\u00e1nyokat, az excentrikus soksz\u00edn\u0171s\u00e9get \u00e9s a fiatals\u00e1got.\" \/>\n<meta property=\"og:url\" content=\"https:\/\/primorcosmetics.com\/hu\/markak-old\/burberry\/\" \/>\n<meta property=\"og:site_name\" content=\"Prim\u0151r Cosmetics\" \/>\n<meta property=\"article:publisher\" content=\"https:\/\/www.facebook.com\/primorcosmetics\" \/>\n<meta property=\"article:modified_time\" content=\"2022-07-05T12:56:51+00:00\" \/>\n<meta property=\"og:image\" content=\"https:\/\/primorcosmetics.com\/wp-content\/uploads\/2021\/12\/BURBERRY-HERO-CAMPAIGN-VISUAL\u7684\u526f\u672c-724x1024.jpg\" \/>\n<meta name=\"twitter:card\" content=\"summary_large_image\" \/>\n<meta name=\"twitter:label1\" content=\"Becs\u00fclt olvas\u00e1si id\u0151\" \/>\n\t<meta name=\"twitter:data1\" content=\"2 perc\" \/>\n<script type=\"application\/ld+json\" class=\"yoast-schema-graph\">{\"@context\":\"https:\/\/schema.org\",\"@graph\":[{\"@type\":\"WebPage\",\"@id\":\"https:\/\/primorcosmetics.com\/hu\/markak-old\/burberry\/\",\"url\":\"https:\/\/primorcosmetics.com\/hu\/markak-old\/burberry\/\",\"name\":\"BURBERRY - Prim\u0151r Cosmetics\",\"isPartOf\":{\"@id\":\"https:\/\/primorcosmetics.com\/#website\"},\"datePublished\":\"2021-12-20T20:33:57+00:00\",\"dateModified\":\"2022-07-05T12:56:51+00:00\",\"description\":\"Ismerd meg m\u00e1rk\u00e1ink: Burberry az Egyes\u00fclt Kir\u00e1lys\u00e1g legikonikusabb m\u00e1rk\u00e1ja, mely egyed\u00fcl\u00e1ll\u00f3 m\u00f3don k\u00e9pes \u00f6tv\u00f6zni a hagyom\u00e1nyokat, az excentrikus soksz\u00edn\u0171s\u00e9get \u00e9s a fiatals\u00e1got.\",\"breadcrumb\":{\"@id\":\"https:\/\/primorcosmetics.com\/hu\/markak-old\/burberry\/#breadcrumb\"},\"inLanguage\":\"hu\",\"potentialAction\":[{\"@type\":\"ReadAction\",\"target\":[\"https:\/\/primorcosmetics.com\/hu\/markak-old\/burberry\/\"]}]},{\"@type\":\"BreadcrumbList\",\"@id\":\"https:\/\/primorcosmetics.com\/hu\/markak-old\/burberry\/#breadcrumb\",\"itemListElement\":[{\"@type\":\"ListItem\",\"position\":1,\"name\":\"Home\",\"item\":\"https:\/\/primorcosmetics.com\/hu\/\"},{\"@type\":\"ListItem\",\"position\":2,\"name\":\"M\u00e1rk\u00e1k\",\"item\":\"https:\/\/primorcosmetics.com\/hu\/markak-old\/\"},{\"@type\":\"ListItem\",\"position\":3,\"name\":\"BURBERRY\"}]},{\"@type\":\"WebSite\",\"@id\":\"https:\/\/primorcosmetics.com\/#website\",\"url\":\"https:\/\/primorcosmetics.com\/\",\"name\":\"Prim\u0151r Cosmetics\",\"description\":\"Prim\u0151r Cosmetics Leading Hungarian beauty and cosmetics distributor\",\"publisher\":{\"@id\":\"https:\/\/primorcosmetics.com\/#organization\"},\"potentialAction\":[{\"@type\":\"SearchAction\",\"target\":{\"@type\":\"EntryPoint\",\"urlTemplate\":\"https:\/\/primorcosmetics.com\/?s={search_term_string}\"},\"query-input\":{\"@type\":\"PropertyValueSpecification\",\"valueRequired\":true,\"valueName\":\"search_term_string\"}}],\"inLanguage\":\"hu\"},{\"@type\":\"Organization\",\"@id\":\"https:\/\/primorcosmetics.com\/#organization\",\"name\":\"Prim\u0151r Kozmetikai Kft.\",\"url\":\"https:\/\/primorcosmetics.com\/\",\"logo\":{\"@type\":\"ImageObject\",\"inLanguage\":\"hu\",\"@id\":\"https:\/\/primorcosmetics.com\/#\/schema\/logo\/image\/\",\"url\":\"https:\/\/primorcosmetics.com\/wp-content\/uploads\/2021\/12\/Primor_logo_icon_lockup_color.jpg\",\"contentUrl\":\"https:\/\/primorcosmetics.com\/wp-content\/uploads\/2021\/12\/Primor_logo_icon_lockup_color.jpg\",\"width\":1920,\"height\":1080,\"caption\":\"Prim\u0151r Kozmetikai Kft.\"},\"image\":{\"@id\":\"https:\/\/primorcosmetics.com\/#\/schema\/logo\/image\/\"},\"sameAs\":[\"https:\/\/www.facebook.com\/primorcosmetics\",\"https:\/\/www.instagram.com\/primorcosmetics\/\",\"https:\/\/www.linkedin.com\/company\/primorcosmetics\/mycompany\/\",\"https:\/\/www.youtube.com\/channel\/UCd3Uei375tM1XLkCMPhALWQ\"]}]}<\/script>\n<!-- \/ Yoast SEO plugin. -->","yoast_head_json":{"title":"BURBERRY - Prim\u0151r Cosmetics","description":"Ismerd meg m\u00e1rk\u00e1ink: Burberry az Egyes\u00fclt Kir\u00e1lys\u00e1g legikonikusabb m\u00e1rk\u00e1ja, mely egyed\u00fcl\u00e1ll\u00f3 m\u00f3don k\u00e9pes \u00f6tv\u00f6zni a hagyom\u00e1nyokat, az excentrikus soksz\u00edn\u0171s\u00e9get \u00e9s a fiatals\u00e1got.","robots":{"index":"index","follow":"follow","max-snippet":"max-snippet:-1","max-image-preview":"max-image-preview:large","max-video-preview":"max-video-preview:-1"},"canonical":"https:\/\/primorcosmetics.com\/hu\/markak-old\/burberry\/","og_locale":"hu_HU","og_type":"article","og_title":"BURBERRY - Prim\u0151r Cosmetics","og_description":"Ismerd meg m\u00e1rk\u00e1ink: Burberry az Egyes\u00fclt Kir\u00e1lys\u00e1g legikonikusabb m\u00e1rk\u00e1ja, mely egyed\u00fcl\u00e1ll\u00f3 m\u00f3don k\u00e9pes \u00f6tv\u00f6zni a hagyom\u00e1nyokat, az excentrikus soksz\u00edn\u0171s\u00e9get \u00e9s a fiatals\u00e1got.","og_url":"https:\/\/primorcosmetics.com\/hu\/markak-old\/burberry\/","og_site_name":"Prim\u0151r Cosmetics","article_publisher":"https:\/\/www.facebook.com\/primorcosmetics","article_modified_time":"2022-07-05T12:56:51+00:00","og_image":[{"url":"https:\/\/primorcosmetics.com\/wp-content\/uploads\/2021\/12\/BURBERRY-HERO-CAMPAIGN-VISUAL\u7684\u526f\u672c-724x1024.jpg","type":"","width":"","height":""}],"twitter_card":"summary_large_image","twitter_misc":{"Becs\u00fclt olvas\u00e1si id\u0151":"2 perc"},"schema":{"@context":"https:\/\/schema.org","@graph":[{"@type":"WebPage","@id":"https:\/\/primorcosmetics.com\/hu\/markak-old\/burberry\/","url":"https:\/\/primorcosmetics.com\/hu\/markak-old\/burberry\/","name":"BURBERRY - Prim\u0151r Cosmetics","isPartOf":{"@id":"https:\/\/primorcosmetics.com\/#website"},"datePublished":"2021-12-20T20:33:57+00:00","dateModified":"2022-07-05T12:56:51+00:00","description":"Ismerd meg m\u00e1rk\u00e1ink: Burberry az Egyes\u00fclt Kir\u00e1lys\u00e1g legikonikusabb m\u00e1rk\u00e1ja, mely egyed\u00fcl\u00e1ll\u00f3 m\u00f3don k\u00e9pes \u00f6tv\u00f6zni a hagyom\u00e1nyokat, az excentrikus soksz\u00edn\u0171s\u00e9get \u00e9s a fiatals\u00e1got.","breadcrumb":{"@id":"https:\/\/primorcosmetics.com\/hu\/markak-old\/burberry\/#breadcrumb"},"inLanguage":"hu","potentialAction":[{"@type":"ReadAction","target":["https:\/\/primorcosmetics.com\/hu\/markak-old\/burberry\/"]}]},{"@type":"BreadcrumbList","@id":"https:\/\/primorcosmetics.com\/hu\/markak-old\/burberry\/#breadcrumb","itemListElement":[{"@type":"ListItem","position":1,"name":"Home","item":"https:\/\/primorcosmetics.com\/hu\/"},{"@type":"ListItem","position":2,"name":"M\u00e1rk\u00e1k","item":"https:\/\/primorcosmetics.com\/hu\/markak-old\/"},{"@type":"ListItem","position":3,"name":"BURBERRY"}]},{"@type":"WebSite","@id":"https:\/\/primorcosmetics.com\/#website","url":"https:\/\/primorcosmetics.com\/","name":"Prim\u0151r Cosmetics","description":"Prim\u0151r Cosmetics Leading Hungarian beauty and cosmetics distributor","publisher":{"@id":"https:\/\/primorcosmetics.com\/#organization"},"potentialAction":[{"@type":"SearchAction","target":{"@type":"EntryPoint","urlTemplate":"https:\/\/primorcosmetics.com\/?s={search_term_string}"},"query-input":{"@type":"PropertyValueSpecification","valueRequired":true,"valueName":"search_term_string"}}],"inLanguage":"hu"},{"@type":"Organization","@id":"https:\/\/primorcosmetics.com\/#organization","name":"Prim\u0151r Kozmetikai Kft.","url":"https:\/\/primorcosmetics.com\/","logo":{"@type":"ImageObject","inLanguage":"hu","@id":"https:\/\/primorcosmetics.com\/#\/schema\/logo\/image\/","url":"https:\/\/primorcosmetics.com\/wp-content\/uploads\/2021\/12\/Primor_logo_icon_lockup_color.jpg","contentUrl":"https:\/\/primorcosmetics.com\/wp-content\/uploads\/2021\/12\/Primor_logo_icon_lockup_color.jpg","width":1920,"height":1080,"caption":"Prim\u0151r Kozmetikai Kft."},"image":{"@id":"https:\/\/primorcosmetics.com\/#\/schema\/logo\/image\/"},"sameAs":["https:\/\/www.facebook.com\/primorcosmetics","https:\/\/www.instagram.com\/primorcosmetics\/","https:\/\/www.linkedin.com\/company\/primorcosmetics\/mycompany\/","https:\/\/www.youtube.com\/channel\/UCd3Uei375tM1XLkCMPhALWQ"]}]}},"_links":{"self":[{"href":"https:\/\/primorcosmetics.com\/hu\/wp-json\/wp\/v2\/pages\/1703","targetHints":{"allow":["GET"]}}],"collection":[{"href":"https:\/\/primorcosmetics.com\/hu\/wp-json\/wp\/v2\/pages"}],"about":[{"href":"https:\/\/primorcosmetics.com\/hu\/wp-json\/wp\/v2\/types\/page"}],"author":[{"embeddable":true,"href":"https:\/\/primorcosmetics.com\/hu\/wp-json\/wp\/v2\/users\/2"}],"replies":[{"embeddable":true,"href":"https:\/\/primorcosmetics.com\/hu\/wp-json\/wp\/v2\/comments?post=1703"}],"version-history":[{"count":1,"href":"https:\/\/primorcosmetics.com\/hu\/wp-json\/wp\/v2\/pages\/1703\/revisions"}],"predecessor-version":[{"id":1704,"href":"https:\/\/primorcosmetics.com\/hu\/wp-json\/wp\/v2\/pages\/1703\/revisions\/1704"}],"up":[{"embeddable":true,"href":"https:\/\/primorcosmetics.com\/hu\/wp-json\/wp\/v2\/pages\/1659"}],"wp:attachment":[{"href":"https:\/\/primorcosmetics.com\/hu\/wp-json\/wp\/v2\/media?parent=1703"}],"curies":[{"name":"wp","href":"https:\/\/api.w.org\/{rel}","templated":true}]}}