{"id":1711,"date":"2021-12-20T20:20:44","date_gmt":"2021-12-20T20:20:44","guid":{"rendered":"https:\/\/primorcosmetics.com\/markak\/hugo-boss\/"},"modified":"2022-07-05T13:41:55","modified_gmt":"2022-07-05T13:41:55","slug":"hugo-boss","status":"publish","type":"page","link":"https:\/\/primorcosmetics.com\/hu\/markak-old\/hugo-boss\/","title":{"rendered":"HUGO BOSS"},"content":{"rendered":"\t\t<div data-elementor-type=\"wp-page\" data-elementor-id=\"1711\" class=\"elementor elementor-1711 elementor-326\" data-elementor-post-type=\"page\">\n\t\t\t\t\t\t<section class=\"elementor-section elementor-top-section elementor-element elementor-element-1a60289 elementor-section-boxed elementor-section-height-default elementor-section-height-default\" data-id=\"1a60289\" data-element_type=\"section\">\n\t\t\t\t\t\t<div class=\"elementor-container elementor-column-gap-default\">\n\t\t\t\t\t<div class=\"elementor-column elementor-col-100 elementor-top-column elementor-element elementor-element-bbd7392\" data-id=\"bbd7392\" data-element_type=\"column\">\n\t\t\t<div class=\"elementor-widget-wrap\">\n\t\t\t\t\t\t\t<\/div>\n\t\t<\/div>\n\t\t\t\t\t<\/div>\n\t\t<\/section>\n\t\t\t\t<section class=\"elementor-section elementor-top-section elementor-element elementor-element-895bee5 elementor-section-boxed elementor-section-height-default elementor-section-height-default\" data-id=\"895bee5\" data-element_type=\"section\">\n\t\t\t\t\t\t<div class=\"elementor-container elementor-column-gap-default\">\n\t\t\t\t\t<div class=\"elementor-column elementor-col-100 elementor-top-column elementor-element elementor-element-d7443bc\" data-id=\"d7443bc\" data-element_type=\"column\">\n\t\t\t<div class=\"elementor-widget-wrap elementor-element-populated\">\n\t\t\t\t\t\t<div class=\"elementor-element elementor-element-de978f0 elementor-widget elementor-widget-spacer\" data-id=\"de978f0\" data-element_type=\"widget\" data-widget_type=\"spacer.default\">\n\t\t\t\t<div class=\"elementor-widget-container\">\n\t\t\t\t\t\t\t<div class=\"elementor-spacer\">\n\t\t\t<div class=\"elementor-spacer-inner\"><\/div>\n\t\t<\/div>\n\t\t\t\t\t\t<\/div>\n\t\t\t\t<\/div>\n\t\t\t\t\t<\/div>\n\t\t<\/div>\n\t\t\t\t\t<\/div>\n\t\t<\/section>\n\t\t\t\t<section class=\"elementor-section elementor-top-section elementor-element elementor-element-522204b elementor-section-boxed elementor-section-height-default elementor-section-height-default\" data-id=\"522204b\" data-element_type=\"section\">\n\t\t\t\t\t\t<div class=\"elementor-container elementor-column-gap-default\">\n\t\t\t\t\t<div class=\"elementor-column elementor-col-100 elementor-top-column elementor-element elementor-element-a90f324\" data-id=\"a90f324\" data-element_type=\"column\">\n\t\t\t<div class=\"elementor-widget-wrap elementor-element-populated\">\n\t\t\t\t\t\t<div class=\"elementor-element elementor-element-f9c6f60 elementor-widget elementor-widget-heading\" data-id=\"f9c6f60\" data-element_type=\"widget\" data-widget_type=\"heading.default\">\n\t\t\t\t<div class=\"elementor-widget-container\">\n\t\t\t\t\t<h1 class=\"elementor-heading-title elementor-size-default\">HUGO BOSS <\/h1>\t\t\t\t<\/div>\n\t\t\t\t<\/div>\n\t\t\t\t\t<\/div>\n\t\t<\/div>\n\t\t\t\t\t<\/div>\n\t\t<\/section>\n\t\t\t\t<section class=\"elementor-section elementor-top-section elementor-element elementor-element-5bebc7f elementor-section-boxed elementor-section-height-default elementor-section-height-default\" data-id=\"5bebc7f\" data-element_type=\"section\">\n\t\t\t\t\t\t<div class=\"elementor-container elementor-column-gap-default\">\n\t\t\t\t\t<div class=\"elementor-column elementor-col-100 elementor-top-column elementor-element elementor-element-44198d4\" data-id=\"44198d4\" data-element_type=\"column\">\n\t\t\t<div class=\"elementor-widget-wrap elementor-element-populated\">\n\t\t\t\t\t\t<div class=\"elementor-element elementor-element-04171c3 elementor-widget elementor-widget-spacer\" data-id=\"04171c3\" data-element_type=\"widget\" data-widget_type=\"spacer.default\">\n\t\t\t\t<div class=\"elementor-widget-container\">\n\t\t\t\t\t\t\t<div class=\"elementor-spacer\">\n\t\t\t<div class=\"elementor-spacer-inner\"><\/div>\n\t\t<\/div>\n\t\t\t\t\t\t<\/div>\n\t\t\t\t<\/div>\n\t\t\t\t\t<\/div>\n\t\t<\/div>\n\t\t\t\t\t<\/div>\n\t\t<\/section>\n\t\t\t\t<section class=\"elementor-section elementor-top-section elementor-element elementor-element-896add9 elementor-section-boxed elementor-section-height-default elementor-section-height-default\" data-id=\"896add9\" data-element_type=\"section\">\n\t\t\t\t\t\t<div class=\"elementor-container elementor-column-gap-default\">\n\t\t\t\t\t<div class=\"elementor-column elementor-col-50 elementor-top-column elementor-element elementor-element-3e24276\" data-id=\"3e24276\" data-element_type=\"column\">\n\t\t\t<div class=\"elementor-widget-wrap elementor-element-populated\">\n\t\t\t\t\t\t<div class=\"elementor-element elementor-element-4f9bd72 elementor-widget elementor-widget-text-editor\" data-id=\"4f9bd72\" data-element_type=\"widget\" data-widget_type=\"text-editor.default\">\n\t\t\t\t<div class=\"elementor-widget-container\">\n\t\t\t\t\t\t\t\t\t<p><strong>\u201eSemmi sem vonz\u00f3bb a sikern\u00e9l \u00e9s az elsz\u00e1nts\u00e1gn\u00e1l.\u201d<\/strong><\/p><p>A Hugo Boss ma a siker, az elegancia, a magabiztoss\u00e1g \u00e9s c\u00e9ltudatoss\u00e1g szinonim\u00e1jak\u00e9nt ismert, f\u00e9rfiakat \u00e9s n\u0151ket is megsz\u00f3l\u00edt\u00f3 pr\u00e9mium divatm\u00e1rka. A jelenkor egyik legismertebb divatm\u00e1rk\u00e1ja kiv\u00e1l\u00f3 min\u0151s\u00e9g\u0171 luxus term\u00e9keivel. A m\u00e1rka kiemeli a f\u00e9rfi \u00e9s n\u0151 er\u0151s egy\u00e9nis\u00e9g\u00e9t, kihangs\u00falyozza visel\u0151j\u00fck megjelen\u00e9s\u00e9t \u00e9s kieg\u00e9sz\u00edti modern \u00e9letst\u00edlus\u00e1t. A m\u00e1rka kiemeli a f\u00e9rfi \u00e9s n\u0151 er\u0151s egy\u00e9nis\u00e9g\u00e9t, kihangs\u00falyozza visel\u0151j\u00fck megjelen\u00e9s\u00e9t, \u00e9s kieg\u00e9sz\u00edti modern \u00e9letst\u00edlus\u00e1t.<\/p>\t\t\t\t\t\t\t\t<\/div>\n\t\t\t\t<\/div>\n\t\t\t\t<div class=\"elementor-element elementor-element-78291fc elementor-widget elementor-widget-heading\" data-id=\"78291fc\" data-element_type=\"widget\" data-widget_type=\"heading.default\">\n\t\t\t\t<div class=\"elementor-widget-container\">\n\t\t\t\t\t<h2 class=\"elementor-heading-title elementor-size-default\">HUGO BOSS \u00c9rt\u00e9kek<\/h2>\t\t\t\t<\/div>\n\t\t\t\t<\/div>\n\t\t\t\t<div class=\"elementor-element elementor-element-51a330c elementor-widget elementor-widget-text-editor\" data-id=\"51a330c\" data-element_type=\"widget\" data-widget_type=\"text-editor.default\">\n\t\t\t\t<div class=\"elementor-widget-container\">\n\t\t\t\t\t\t\t\t\t<p>Hugo Boss legf\u0151bb \u00e9rt\u00e9ke a sikerben, eleganci\u00e1ban \u00e9s a kifinomults\u00e1gban rejlik. A Hugo Boss parf\u00fcm visel\u0151je<\/p><p>magabiztos \u00e9s c\u00e9ltudatos szem\u00e9ly.<\/p>\t\t\t\t\t\t\t\t<\/div>\n\t\t\t\t<\/div>\n\t\t\t\t<div class=\"elementor-element elementor-element-9d504d0 elementor-widget elementor-widget-heading\" data-id=\"9d504d0\" data-element_type=\"widget\" data-widget_type=\"heading.default\">\n\t\t\t\t<div class=\"elementor-widget-container\">\n\t\t\t\t\t<h2 class=\"elementor-heading-title elementor-size-default\">HUGO BOSS t\u00f6rt\u00e9nete<\/h2>\t\t\t\t<\/div>\n\t\t\t\t<\/div>\n\t\t\t\t<div class=\"elementor-element elementor-element-5562f13 elementor-widget elementor-widget-text-editor\" data-id=\"5562f13\" data-element_type=\"widget\" data-widget_type=\"text-editor.default\">\n\t\t\t\t<div class=\"elementor-widget-container\">\n\t\t\t\t\t\t\t\t\t<p>Hugo Ferdinand Boss 1885-ben a n\u00e9met Metzingenben sz\u00fcletett egy textilt \u00e1rus\u00edt\u00f3 bolttulajdonos csal\u00e1dba. A boltot \u0151 vette \u00e1t m\u00e9g az els\u0151 vil\u00e1gh\u00e1bor\u00fa el\u0151tt, majd a k\u00e9t h\u00e1bor\u00fa k\u00f6z\u00f6tt, 1924-ben megnyitotta saj\u00e1t ruhagy\u00e1r\u00e1t. A fellend\u00fcl\u00e9st sz\u00e1m\u00e1ra az 1938-as \u00e1llami megb\u00edz\u00e1s hozta a hadsereg egyenruh\u00e1j\u00e1nak gy\u00e1rt\u00e1s\u00e1ra. A h\u00e1bor\u00fa ut\u00e1n a Boss-gy\u00e1r tov\u00e1bbra is egyenruh\u00e1kat gy\u00e1rtott, akkor m\u00e1r a francia katon\u00e1k \u00e9s a V\u00f6r\u00f6skereszt sz\u00e1m\u00e1ra.<\/p><p>K\u00e9s\u0151bb a gy\u00e1rt\u00e1s az 1970-es \u00e9vekt\u0151l a st\u00edlusos f\u00e9rfi\u00f6lt\u00f6ny\u00f6k \u00e9s a sportruh\u00e1zat gy\u00e1rt\u00e1s\u00e1ra kezdett f\u00f3kusz\u00e1lni, a 80-as \u00e9vekben pedig egy tudatos profilv\u00e1lt\u00e1snak k\u00f6sz\u00f6nhet\u0151en a Boss term\u00e9kk\u00edn\u00e1lat\u00e1ban megjelentek a f\u00e9rfik\u00f6lnik, p\u00f3l\u00f3k, illetve a b\u0151r- \u00e9s k\u00f6t\u00f6tt term\u00e9kek is.<\/p><p>A Boss ma m\u00e1r a kifinomult \u00f6lt\u00f6ny\u00f6kr\u0151l, az ig\u00e9nyes ruh\u00e1zatr\u00f3l, parf\u00fcm\u00f6kr\u0151l \u00e9s kieg\u00e9sz\u00edt\u0151kr\u0151l ismert m\u00e1rka, mely a funkcionalit\u00e1st, letisztult vonalakat \u00e9s r\u00e9szleteket szem el\u0151tt tartva folyamatosan l\u00e9p\u00e9st tart a nemzetk\u00f6zi trendekkel.<\/p>\t\t\t\t\t\t\t\t<\/div>\n\t\t\t\t<\/div>\n\t\t\t\t<div class=\"elementor-element elementor-element-58ca072 elementor-align-center elementor-widget elementor-widget-button\" data-id=\"58ca072\" data-element_type=\"widget\" data-widget_type=\"button.default\">\n\t\t\t\t<div class=\"elementor-widget-container\">\n\t\t\t\t\t\t\t\t\t<div class=\"elementor-button-wrapper\">\n\t\t\t\t\t<a class=\"elementor-button elementor-button-link elementor-size-sm\" href=\"https:\/\/primorcosmetics.com\/hu\/kapcsolat\/\">\n\t\t\t\t\t\t<span class=\"elementor-button-content-wrapper\">\n\t\t\t\t\t\t\t\t\t<span class=\"elementor-button-text\">Kapcsolat<\/span>\n\t\t\t\t\t<\/span>\n\t\t\t\t\t<\/a>\n\t\t\t\t<\/div>\n\t\t\t\t\t\t\t\t<\/div>\n\t\t\t\t<\/div>\n\t\t\t\t\t<\/div>\n\t\t<\/div>\n\t\t\t\t<div class=\"elementor-column elementor-col-50 elementor-top-column elementor-element elementor-element-a2affe2\" data-id=\"a2affe2\" data-element_type=\"column\">\n\t\t\t<div class=\"elementor-widget-wrap elementor-element-populated\">\n\t\t\t\t\t\t<div class=\"elementor-element elementor-element-7fe6cd9 elementor-widget elementor-widget-image\" data-id=\"7fe6cd9\" data-element_type=\"widget\" data-widget_type=\"image.default\">\n\t\t\t\t<div class=\"elementor-widget-container\">\n\t\t\t\t\t\t\t\t\t\t\t\t\t\t\t<img fetchpriority=\"high\" decoding=\"async\" width=\"576\" height=\"1024\" src=\"https:\/\/primorcosmetics.com\/wp-content\/uploads\/2022\/01\/HB_BB_20_Digital_KV_Chris_Hemsworth_1080x1920-576x1024.jpg\" class=\"attachment-large size-large wp-image-1501\" alt=\"boss parf\u00fcm\u00f6k\" srcset=\"https:\/\/primorcosmetics.com\/wp-content\/uploads\/2022\/01\/HB_BB_20_Digital_KV_Chris_Hemsworth_1080x1920-576x1024.jpg 576w, https:\/\/primorcosmetics.com\/wp-content\/uploads\/2022\/01\/HB_BB_20_Digital_KV_Chris_Hemsworth_1080x1920-169x300.jpg 169w, https:\/\/primorcosmetics.com\/wp-content\/uploads\/2022\/01\/HB_BB_20_Digital_KV_Chris_Hemsworth_1080x1920-768x1365.jpg 768w, https:\/\/primorcosmetics.com\/wp-content\/uploads\/2022\/01\/HB_BB_20_Digital_KV_Chris_Hemsworth_1080x1920-864x1536.jpg 864w, https:\/\/primorcosmetics.com\/wp-content\/uploads\/2022\/01\/HB_BB_20_Digital_KV_Chris_Hemsworth_1080x1920.jpg 1080w\" sizes=\"(max-width: 576px) 100vw, 576px\" \/>\t\t\t\t\t\t\t\t\t\t\t\t\t\t\t<\/div>\n\t\t\t\t<\/div>\n\t\t\t\t\t<\/div>\n\t\t<\/div>\n\t\t\t\t\t<\/div>\n\t\t<\/section>\n\t\t\t\t<\/div>\n\t\t","protected":false},"excerpt":{"rendered":"<p>HUGO BOSS \u201eSemmi sem vonz\u00f3bb a sikern\u00e9l \u00e9s az elsz\u00e1nts\u00e1gn\u00e1l.\u201d A Hugo Boss ma a siker, az elegancia, a magabiztoss\u00e1g \u00e9s c\u00e9ltudatoss\u00e1g szinonim\u00e1jak\u00e9nt ismert, f\u00e9rfiakat \u00e9s n\u0151ket is megsz\u00f3l\u00edt\u00f3 pr\u00e9mium divatm\u00e1rka. A jelenkor egyik legismertebb divatm\u00e1rk\u00e1ja kiv\u00e1l\u00f3 min\u0151s\u00e9g\u0171 luxus term\u00e9keivel. A m\u00e1rka kiemeli a f\u00e9rfi \u00e9s n\u0151 er\u0151s egy\u00e9nis\u00e9g\u00e9t, kihangs\u00falyozza visel\u0151j\u00fck megjelen\u00e9s\u00e9t \u00e9s kieg\u00e9sz\u00edti modern [&hellip;]<\/p>\n","protected":false},"author":2,"featured_media":0,"parent":1659,"menu_order":0,"comment_status":"closed","ping_status":"closed","template":"","meta":{"footnotes":""},"class_list":["post-1711","page","type-page","status-publish","hentry"],"yoast_head":"<!-- This site is optimized with the Yoast SEO plugin v25.7 - https:\/\/yoast.com\/wordpress\/plugins\/seo\/ -->\n<title>HUGO BOSS - Prim\u0151r Cosmetics<\/title>\n<meta name=\"description\" content=\"Ismed meg m\u00e1rk\u00e1inkat: Boss siker, elegancia \u00e9s a kifinomults\u00e1g A Hugo Boss parf\u00fcm visel\u0151je magabiztos \u00e9s c\u00e9ltudatos szem\u00e9ly.\" \/>\n<meta name=\"robots\" content=\"index, follow, max-snippet:-1, max-image-preview:large, max-video-preview:-1\" \/>\n<link rel=\"canonical\" href=\"https:\/\/primorcosmetics.com\/hu\/markak-old\/hugo-boss\/\" \/>\n<meta property=\"og:locale\" content=\"hu_HU\" \/>\n<meta property=\"og:type\" content=\"article\" \/>\n<meta property=\"og:title\" content=\"HUGO BOSS - Prim\u0151r Cosmetics\" \/>\n<meta property=\"og:description\" content=\"Ismed meg m\u00e1rk\u00e1inkat: Boss siker, elegancia \u00e9s a kifinomults\u00e1g A Hugo Boss parf\u00fcm visel\u0151je magabiztos \u00e9s c\u00e9ltudatos szem\u00e9ly.\" \/>\n<meta property=\"og:url\" content=\"https:\/\/primorcosmetics.com\/hu\/markak-old\/hugo-boss\/\" \/>\n<meta property=\"og:site_name\" content=\"Prim\u0151r Cosmetics\" \/>\n<meta property=\"article:publisher\" content=\"https:\/\/www.facebook.com\/primorcosmetics\" \/>\n<meta property=\"article:modified_time\" content=\"2022-07-05T13:41:55+00:00\" \/>\n<meta property=\"og:image\" content=\"https:\/\/primorcosmetics.com\/wp-content\/uploads\/2022\/01\/HB_BB_20_Digital_KV_Chris_Hemsworth_1080x1920-576x1024.jpg\" \/>\n<meta name=\"twitter:card\" content=\"summary_large_image\" \/>\n<meta name=\"twitter:label1\" content=\"Becs\u00fclt olvas\u00e1si id\u0151\" \/>\n\t<meta name=\"twitter:data1\" content=\"2 perc\" \/>\n<script type=\"application\/ld+json\" class=\"yoast-schema-graph\">{\"@context\":\"https:\/\/schema.org\",\"@graph\":[{\"@type\":\"WebPage\",\"@id\":\"https:\/\/primorcosmetics.com\/hu\/markak-old\/hugo-boss\/\",\"url\":\"https:\/\/primorcosmetics.com\/hu\/markak-old\/hugo-boss\/\",\"name\":\"HUGO BOSS - Prim\u0151r Cosmetics\",\"isPartOf\":{\"@id\":\"https:\/\/primorcosmetics.com\/#website\"},\"primaryImageOfPage\":{\"@id\":\"https:\/\/primorcosmetics.com\/hu\/markak-old\/hugo-boss\/#primaryimage\"},\"image\":{\"@id\":\"https:\/\/primorcosmetics.com\/hu\/markak-old\/hugo-boss\/#primaryimage\"},\"thumbnailUrl\":\"https:\/\/primorcosmetics.com\/wp-content\/uploads\/2022\/01\/HB_BB_20_Digital_KV_Chris_Hemsworth_1080x1920-576x1024.jpg\",\"datePublished\":\"2021-12-20T20:20:44+00:00\",\"dateModified\":\"2022-07-05T13:41:55+00:00\",\"description\":\"Ismed meg m\u00e1rk\u00e1inkat: Boss siker, elegancia \u00e9s a kifinomults\u00e1g A Hugo Boss parf\u00fcm visel\u0151je magabiztos \u00e9s c\u00e9ltudatos szem\u00e9ly.\",\"breadcrumb\":{\"@id\":\"https:\/\/primorcosmetics.com\/hu\/markak-old\/hugo-boss\/#breadcrumb\"},\"inLanguage\":\"hu\",\"potentialAction\":[{\"@type\":\"ReadAction\",\"target\":[\"https:\/\/primorcosmetics.com\/hu\/markak-old\/hugo-boss\/\"]}]},{\"@type\":\"ImageObject\",\"inLanguage\":\"hu\",\"@id\":\"https:\/\/primorcosmetics.com\/hu\/markak-old\/hugo-boss\/#primaryimage\",\"url\":\"https:\/\/primorcosmetics.com\/wp-content\/uploads\/2022\/01\/HB_BB_20_Digital_KV_Chris_Hemsworth_1080x1920-576x1024.jpg\",\"contentUrl\":\"https:\/\/primorcosmetics.com\/wp-content\/uploads\/2022\/01\/HB_BB_20_Digital_KV_Chris_Hemsworth_1080x1920-576x1024.jpg\"},{\"@type\":\"BreadcrumbList\",\"@id\":\"https:\/\/primorcosmetics.com\/hu\/markak-old\/hugo-boss\/#breadcrumb\",\"itemListElement\":[{\"@type\":\"ListItem\",\"position\":1,\"name\":\"Home\",\"item\":\"https:\/\/primorcosmetics.com\/hu\/\"},{\"@type\":\"ListItem\",\"position\":2,\"name\":\"M\u00e1rk\u00e1k\",\"item\":\"https:\/\/primorcosmetics.com\/hu\/markak-old\/\"},{\"@type\":\"ListItem\",\"position\":3,\"name\":\"HUGO BOSS\"}]},{\"@type\":\"WebSite\",\"@id\":\"https:\/\/primorcosmetics.com\/#website\",\"url\":\"https:\/\/primorcosmetics.com\/\",\"name\":\"Prim\u0151r Cosmetics\",\"description\":\"Prim\u0151r Cosmetics Leading Hungarian beauty and cosmetics distributor\",\"publisher\":{\"@id\":\"https:\/\/primorcosmetics.com\/#organization\"},\"potentialAction\":[{\"@type\":\"SearchAction\",\"target\":{\"@type\":\"EntryPoint\",\"urlTemplate\":\"https:\/\/primorcosmetics.com\/?s={search_term_string}\"},\"query-input\":{\"@type\":\"PropertyValueSpecification\",\"valueRequired\":true,\"valueName\":\"search_term_string\"}}],\"inLanguage\":\"hu\"},{\"@type\":\"Organization\",\"@id\":\"https:\/\/primorcosmetics.com\/#organization\",\"name\":\"Prim\u0151r Kozmetikai Kft.\",\"url\":\"https:\/\/primorcosmetics.com\/\",\"logo\":{\"@type\":\"ImageObject\",\"inLanguage\":\"hu\",\"@id\":\"https:\/\/primorcosmetics.com\/#\/schema\/logo\/image\/\",\"url\":\"https:\/\/primorcosmetics.com\/wp-content\/uploads\/2021\/12\/Primor_logo_icon_lockup_color.jpg\",\"contentUrl\":\"https:\/\/primorcosmetics.com\/wp-content\/uploads\/2021\/12\/Primor_logo_icon_lockup_color.jpg\",\"width\":1920,\"height\":1080,\"caption\":\"Prim\u0151r Kozmetikai Kft.\"},\"image\":{\"@id\":\"https:\/\/primorcosmetics.com\/#\/schema\/logo\/image\/\"},\"sameAs\":[\"https:\/\/www.facebook.com\/primorcosmetics\",\"https:\/\/www.instagram.com\/primorcosmetics\/\",\"https:\/\/www.linkedin.com\/company\/primorcosmetics\/mycompany\/\",\"https:\/\/www.youtube.com\/channel\/UCd3Uei375tM1XLkCMPhALWQ\"]}]}<\/script>\n<!-- \/ Yoast SEO plugin. -->","yoast_head_json":{"title":"HUGO BOSS - Prim\u0151r Cosmetics","description":"Ismed meg m\u00e1rk\u00e1inkat: Boss siker, elegancia \u00e9s a kifinomults\u00e1g A Hugo Boss parf\u00fcm visel\u0151je magabiztos \u00e9s c\u00e9ltudatos szem\u00e9ly.","robots":{"index":"index","follow":"follow","max-snippet":"max-snippet:-1","max-image-preview":"max-image-preview:large","max-video-preview":"max-video-preview:-1"},"canonical":"https:\/\/primorcosmetics.com\/hu\/markak-old\/hugo-boss\/","og_locale":"hu_HU","og_type":"article","og_title":"HUGO BOSS - Prim\u0151r Cosmetics","og_description":"Ismed meg m\u00e1rk\u00e1inkat: Boss siker, elegancia \u00e9s a kifinomults\u00e1g A Hugo Boss parf\u00fcm visel\u0151je magabiztos \u00e9s c\u00e9ltudatos szem\u00e9ly.","og_url":"https:\/\/primorcosmetics.com\/hu\/markak-old\/hugo-boss\/","og_site_name":"Prim\u0151r Cosmetics","article_publisher":"https:\/\/www.facebook.com\/primorcosmetics","article_modified_time":"2022-07-05T13:41:55+00:00","og_image":[{"url":"https:\/\/primorcosmetics.com\/wp-content\/uploads\/2022\/01\/HB_BB_20_Digital_KV_Chris_Hemsworth_1080x1920-576x1024.jpg","type":"","width":"","height":""}],"twitter_card":"summary_large_image","twitter_misc":{"Becs\u00fclt olvas\u00e1si id\u0151":"2 perc"},"schema":{"@context":"https:\/\/schema.org","@graph":[{"@type":"WebPage","@id":"https:\/\/primorcosmetics.com\/hu\/markak-old\/hugo-boss\/","url":"https:\/\/primorcosmetics.com\/hu\/markak-old\/hugo-boss\/","name":"HUGO BOSS - Prim\u0151r Cosmetics","isPartOf":{"@id":"https:\/\/primorcosmetics.com\/#website"},"primaryImageOfPage":{"@id":"https:\/\/primorcosmetics.com\/hu\/markak-old\/hugo-boss\/#primaryimage"},"image":{"@id":"https:\/\/primorcosmetics.com\/hu\/markak-old\/hugo-boss\/#primaryimage"},"thumbnailUrl":"https:\/\/primorcosmetics.com\/wp-content\/uploads\/2022\/01\/HB_BB_20_Digital_KV_Chris_Hemsworth_1080x1920-576x1024.jpg","datePublished":"2021-12-20T20:20:44+00:00","dateModified":"2022-07-05T13:41:55+00:00","description":"Ismed meg m\u00e1rk\u00e1inkat: Boss siker, elegancia \u00e9s a kifinomults\u00e1g A Hugo Boss parf\u00fcm visel\u0151je magabiztos \u00e9s c\u00e9ltudatos szem\u00e9ly.","breadcrumb":{"@id":"https:\/\/primorcosmetics.com\/hu\/markak-old\/hugo-boss\/#breadcrumb"},"inLanguage":"hu","potentialAction":[{"@type":"ReadAction","target":["https:\/\/primorcosmetics.com\/hu\/markak-old\/hugo-boss\/"]}]},{"@type":"ImageObject","inLanguage":"hu","@id":"https:\/\/primorcosmetics.com\/hu\/markak-old\/hugo-boss\/#primaryimage","url":"https:\/\/primorcosmetics.com\/wp-content\/uploads\/2022\/01\/HB_BB_20_Digital_KV_Chris_Hemsworth_1080x1920-576x1024.jpg","contentUrl":"https:\/\/primorcosmetics.com\/wp-content\/uploads\/2022\/01\/HB_BB_20_Digital_KV_Chris_Hemsworth_1080x1920-576x1024.jpg"},{"@type":"BreadcrumbList","@id":"https:\/\/primorcosmetics.com\/hu\/markak-old\/hugo-boss\/#breadcrumb","itemListElement":[{"@type":"ListItem","position":1,"name":"Home","item":"https:\/\/primorcosmetics.com\/hu\/"},{"@type":"ListItem","position":2,"name":"M\u00e1rk\u00e1k","item":"https:\/\/primorcosmetics.com\/hu\/markak-old\/"},{"@type":"ListItem","position":3,"name":"HUGO BOSS"}]},{"@type":"WebSite","@id":"https:\/\/primorcosmetics.com\/#website","url":"https:\/\/primorcosmetics.com\/","name":"Prim\u0151r Cosmetics","description":"Prim\u0151r Cosmetics Leading Hungarian beauty and cosmetics distributor","publisher":{"@id":"https:\/\/primorcosmetics.com\/#organization"},"potentialAction":[{"@type":"SearchAction","target":{"@type":"EntryPoint","urlTemplate":"https:\/\/primorcosmetics.com\/?s={search_term_string}"},"query-input":{"@type":"PropertyValueSpecification","valueRequired":true,"valueName":"search_term_string"}}],"inLanguage":"hu"},{"@type":"Organization","@id":"https:\/\/primorcosmetics.com\/#organization","name":"Prim\u0151r Kozmetikai Kft.","url":"https:\/\/primorcosmetics.com\/","logo":{"@type":"ImageObject","inLanguage":"hu","@id":"https:\/\/primorcosmetics.com\/#\/schema\/logo\/image\/","url":"https:\/\/primorcosmetics.com\/wp-content\/uploads\/2021\/12\/Primor_logo_icon_lockup_color.jpg","contentUrl":"https:\/\/primorcosmetics.com\/wp-content\/uploads\/2021\/12\/Primor_logo_icon_lockup_color.jpg","width":1920,"height":1080,"caption":"Prim\u0151r Kozmetikai Kft."},"image":{"@id":"https:\/\/primorcosmetics.com\/#\/schema\/logo\/image\/"},"sameAs":["https:\/\/www.facebook.com\/primorcosmetics","https:\/\/www.instagram.com\/primorcosmetics\/","https:\/\/www.linkedin.com\/company\/primorcosmetics\/mycompany\/","https:\/\/www.youtube.com\/channel\/UCd3Uei375tM1XLkCMPhALWQ"]}]}},"_links":{"self":[{"href":"https:\/\/primorcosmetics.com\/hu\/wp-json\/wp\/v2\/pages\/1711","targetHints":{"allow":["GET"]}}],"collection":[{"href":"https:\/\/primorcosmetics.com\/hu\/wp-json\/wp\/v2\/pages"}],"about":[{"href":"https:\/\/primorcosmetics.com\/hu\/wp-json\/wp\/v2\/types\/page"}],"author":[{"embeddable":true,"href":"https:\/\/primorcosmetics.com\/hu\/wp-json\/wp\/v2\/users\/2"}],"replies":[{"embeddable":true,"href":"https:\/\/primorcosmetics.com\/hu\/wp-json\/wp\/v2\/comments?post=1711"}],"version-history":[{"count":3,"href":"https:\/\/primorcosmetics.com\/hu\/wp-json\/wp\/v2\/pages\/1711\/revisions"}],"predecessor-version":[{"id":1714,"href":"https:\/\/primorcosmetics.com\/hu\/wp-json\/wp\/v2\/pages\/1711\/revisions\/1714"}],"up":[{"embeddable":true,"href":"https:\/\/primorcosmetics.com\/hu\/wp-json\/wp\/v2\/pages\/1659"}],"wp:attachment":[{"href":"https:\/\/primorcosmetics.com\/hu\/wp-json\/wp\/v2\/media?parent=1711"}],"curies":[{"name":"wp","href":"https:\/\/api.w.org\/{rel}","templated":true}]}}