{"id":1715,"date":"2021-12-20T19:05:25","date_gmt":"2021-12-20T19:05:25","guid":{"rendered":"https:\/\/primorcosmetics.com\/markak\/antonio-banderas\/"},"modified":"2022-07-05T13:46:37","modified_gmt":"2022-07-05T13:46:37","slug":"antonio-banderas","status":"publish","type":"page","link":"https:\/\/primorcosmetics.com\/hu\/markak-old\/antonio-banderas\/","title":{"rendered":"Antonio Banderas"},"content":{"rendered":"\t\t<div data-elementor-type=\"wp-page\" data-elementor-id=\"1715\" class=\"elementor elementor-1715 elementor-278\" data-elementor-post-type=\"page\">\n\t\t\t\t\t\t<section class=\"elementor-section elementor-top-section elementor-element elementor-element-1a60289 elementor-section-boxed elementor-section-height-default elementor-section-height-default\" data-id=\"1a60289\" data-element_type=\"section\">\n\t\t\t\t\t\t<div class=\"elementor-container elementor-column-gap-default\">\n\t\t\t\t\t<div class=\"elementor-column elementor-col-100 elementor-top-column elementor-element elementor-element-bbd7392\" data-id=\"bbd7392\" data-element_type=\"column\">\n\t\t\t<div class=\"elementor-widget-wrap\">\n\t\t\t\t\t\t\t<\/div>\n\t\t<\/div>\n\t\t\t\t\t<\/div>\n\t\t<\/section>\n\t\t\t\t<section class=\"elementor-section elementor-top-section elementor-element elementor-element-895bee5 elementor-section-boxed elementor-section-height-default elementor-section-height-default\" data-id=\"895bee5\" data-element_type=\"section\">\n\t\t\t\t\t\t<div class=\"elementor-container elementor-column-gap-default\">\n\t\t\t\t\t<div class=\"elementor-column elementor-col-100 elementor-top-column elementor-element elementor-element-d7443bc\" data-id=\"d7443bc\" data-element_type=\"column\">\n\t\t\t<div class=\"elementor-widget-wrap elementor-element-populated\">\n\t\t\t\t\t\t<div class=\"elementor-element elementor-element-de978f0 elementor-widget elementor-widget-spacer\" data-id=\"de978f0\" data-element_type=\"widget\" data-widget_type=\"spacer.default\">\n\t\t\t\t<div class=\"elementor-widget-container\">\n\t\t\t\t\t\t\t<div class=\"elementor-spacer\">\n\t\t\t<div class=\"elementor-spacer-inner\"><\/div>\n\t\t<\/div>\n\t\t\t\t\t\t<\/div>\n\t\t\t\t<\/div>\n\t\t\t\t\t<\/div>\n\t\t<\/div>\n\t\t\t\t\t<\/div>\n\t\t<\/section>\n\t\t\t\t<section class=\"elementor-section elementor-top-section elementor-element elementor-element-522204b elementor-section-boxed elementor-section-height-default elementor-section-height-default\" data-id=\"522204b\" data-element_type=\"section\">\n\t\t\t\t\t\t<div class=\"elementor-container elementor-column-gap-default\">\n\t\t\t\t\t<div class=\"elementor-column elementor-col-100 elementor-top-column elementor-element elementor-element-a90f324\" data-id=\"a90f324\" data-element_type=\"column\">\n\t\t\t<div class=\"elementor-widget-wrap elementor-element-populated\">\n\t\t\t\t\t\t<div class=\"elementor-element elementor-element-f9c6f60 elementor-widget elementor-widget-heading\" data-id=\"f9c6f60\" data-element_type=\"widget\" data-widget_type=\"heading.default\">\n\t\t\t\t<div class=\"elementor-widget-container\">\n\t\t\t\t\t<h1 class=\"elementor-heading-title elementor-size-default\">Antonio Banderas<\/h1>\t\t\t\t<\/div>\n\t\t\t\t<\/div>\n\t\t\t\t\t<\/div>\n\t\t<\/div>\n\t\t\t\t\t<\/div>\n\t\t<\/section>\n\t\t\t\t<section class=\"elementor-section elementor-top-section elementor-element elementor-element-5bebc7f elementor-section-boxed elementor-section-height-default elementor-section-height-default\" data-id=\"5bebc7f\" data-element_type=\"section\">\n\t\t\t\t\t\t<div class=\"elementor-container elementor-column-gap-default\">\n\t\t\t\t\t<div class=\"elementor-column elementor-col-100 elementor-top-column elementor-element elementor-element-44198d4\" data-id=\"44198d4\" data-element_type=\"column\">\n\t\t\t<div class=\"elementor-widget-wrap elementor-element-populated\">\n\t\t\t\t\t\t<div class=\"elementor-element elementor-element-04171c3 elementor-widget elementor-widget-spacer\" data-id=\"04171c3\" data-element_type=\"widget\" data-widget_type=\"spacer.default\">\n\t\t\t\t<div class=\"elementor-widget-container\">\n\t\t\t\t\t\t\t<div class=\"elementor-spacer\">\n\t\t\t<div class=\"elementor-spacer-inner\"><\/div>\n\t\t<\/div>\n\t\t\t\t\t\t<\/div>\n\t\t\t\t<\/div>\n\t\t\t\t\t<\/div>\n\t\t<\/div>\n\t\t\t\t\t<\/div>\n\t\t<\/section>\n\t\t\t\t<section class=\"elementor-section elementor-top-section elementor-element elementor-element-896add9 elementor-section-boxed elementor-section-height-default elementor-section-height-default\" data-id=\"896add9\" data-element_type=\"section\">\n\t\t\t\t\t\t<div class=\"elementor-container elementor-column-gap-default\">\n\t\t\t\t\t<div class=\"elementor-column elementor-col-50 elementor-top-column elementor-element elementor-element-3e24276\" data-id=\"3e24276\" data-element_type=\"column\">\n\t\t\t<div class=\"elementor-widget-wrap elementor-element-populated\">\n\t\t\t\t\t\t<div class=\"elementor-element elementor-element-4f9bd72 elementor-widget elementor-widget-text-editor\" data-id=\"4f9bd72\" data-element_type=\"widget\" data-widget_type=\"text-editor.default\">\n\t\t\t\t<div class=\"elementor-widget-container\">\n\t\t\t\t\t\t\t\t\t<p>Antonio Banderas legend\u00e1s cs\u00e1b\u00edt\u00f3, humor\u00e9rz\u00e9ke mellett term\u00e9szetes karizm\u00e1ja a legnagyobb fegyvere. A vil\u00e1gh\u00edr\u0171 sz\u00edn\u00e9sz az illatm\u00e1rka nagyk\u00f6vete \u00e9s egyben els\u0151 sz\u00e1m\u00fa tesztel\u0151je, aki akt\u00edvan r\u00e9szt vesz a m\u00e1rka \u00e9let\u00e9ben.<\/p><p>H\u00edres latinos szenved\u00e9lyess\u00e9g\u00e9r\u0151l, ami minden \u00e1ltala alkotott kre\u00e1ci\u00f3ban visszak\u00f6sz\u00f6n.<\/p>\t\t\t\t\t\t\t\t<\/div>\n\t\t\t\t<\/div>\n\t\t\t\t<div class=\"elementor-element elementor-element-78291fc elementor-widget elementor-widget-heading\" data-id=\"78291fc\" data-element_type=\"widget\" data-widget_type=\"heading.default\">\n\t\t\t\t<div class=\"elementor-widget-container\">\n\t\t\t\t\t<h2 class=\"elementor-heading-title elementor-size-default\">Antonio Banderas \u00e9rt\u00e9kek<\/h2>\t\t\t\t<\/div>\n\t\t\t\t<\/div>\n\t\t\t\t<div class=\"elementor-element elementor-element-51a330c elementor-widget elementor-widget-text-editor\" data-id=\"51a330c\" data-element_type=\"widget\" data-widget_type=\"text-editor.default\">\n\t\t\t\t<div class=\"elementor-widget-container\">\n\t\t\t\t\t\t\t\t\t<p>A m\u00e1rka egyar\u00e1nt k\u00edn\u00e1l cs\u00e1b\u00edt\u00f3 n\u0151i \u00e9s f\u00e9rfi illatokat, amelyek eleganci\u00e1t \u00e9s magabiztoss\u00e1got sug\u00e1roznak. F\u0151 \u00e9rt\u00e9kei a soksz\u00edn\u0171s\u00e9g, a min\u0151s\u00e9gi illatjegyek, illetve a minden alkalomhoz megfelel\u0151 n\u0151i \u00e9s f\u00e9rfi illatp\u00e1rok.<\/p><p>Az Antonio Banderas illatok h\u00e1rom f\u0151 alappill\u00e9rre \u00e9p\u00fclnek. Az els\u0151 az \u00e9rz\u00e9ki Seduction illatcsal\u00e1d, amelyet friss, napk\u00f6zben is k\u00f6nnyed\u00e9n viselhet\u0151, m\u00e9gis cs\u00e1b\u00edt\u00f3 illatok alkotnak, a m\u00e1sodik a Secret illatcsal\u00e1d, amelyn\u00e9l kifinomult \u00e9s k\u00fcl\u00f6nleges parf\u00fcm\u00f6k k\u00f6z\u00fcl v\u00e1logathatunk, amelyek t\u00f6k\u00e9letesen passzolnak alkalmi \u00e9s esti viselethez. Mindk\u00e9t illatcsal\u00e1d rendelkezik igaz\u00e1n \u00e9rz\u00e9ki, cs\u00e1b\u00edt\u00f3 n\u0151i illattal is, amelyek ugyan azt az eleganci\u00e1t \u00e9s magas min\u0151s\u00e9get k\u00e9pviselik, mint f\u00e9rfi p\u00e1rjaik. A harmadik \u00e9s egyben leg\u00fajabb pill\u00e9r a m\u00e1rk\u00e1n bel\u00fcl a The Icon, amely a siker \u00edz\u00e9re v\u00e1gy\u00f3 f\u00e9rfiaknak sz\u00f3l, akik mindent megtesznek az \u00e1ltaluk kit\u0171z\u00f6tt c\u00e9lok el\u00e9r\u00e9s\u00e9hez. Ehhez t\u00f6k\u00e9letes kieg\u00e9sz\u00edt\u0151 sz\u00e1mukra az \u00faj illat, amely magabiztoss\u00e1got ad. A h\u00e1rom f\u0151 alappill\u00e9ren k\u00edv\u00fcl, l\u00e9tezik m\u00e9g egy klasszikus illatvonal is, amelyet a legr\u00e9gebben megjelent illatok alkotnak, mint a Diavolo \u00e9s Mediterr\u00e1neo. Az illatokat Eau de Toilette koncentr\u00e1ci\u00f3val alkott\u00e1k meg.<\/p><p>Az Antonio Banderas parf\u00fcm\u00f6k megtal\u00e1lhat\u00f3ak a drog\u00e9ri\u00e1k polcain \u00e9s online.<\/p>\t\t\t\t\t\t\t\t<\/div>\n\t\t\t\t<\/div>\n\t\t\t\t<div class=\"elementor-element elementor-element-58ca072 elementor-align-center elementor-widget elementor-widget-button\" data-id=\"58ca072\" data-element_type=\"widget\" data-widget_type=\"button.default\">\n\t\t\t\t<div class=\"elementor-widget-container\">\n\t\t\t\t\t\t\t\t\t<div class=\"elementor-button-wrapper\">\n\t\t\t\t\t<a class=\"elementor-button elementor-button-link elementor-size-sm\" href=\"https:\/\/primorcosmetics.com\/hu\/kapcsolat\/\">\n\t\t\t\t\t\t<span class=\"elementor-button-content-wrapper\">\n\t\t\t\t\t\t\t\t\t<span class=\"elementor-button-text\">Kapcsolat<\/span>\n\t\t\t\t\t<\/span>\n\t\t\t\t\t<\/a>\n\t\t\t\t<\/div>\n\t\t\t\t\t\t\t\t<\/div>\n\t\t\t\t<\/div>\n\t\t\t\t\t<\/div>\n\t\t<\/div>\n\t\t\t\t<div class=\"elementor-column elementor-col-50 elementor-top-column elementor-element elementor-element-a2affe2\" data-id=\"a2affe2\" data-element_type=\"column\">\n\t\t\t<div class=\"elementor-widget-wrap elementor-element-populated\">\n\t\t\t\t\t\t<div class=\"elementor-element elementor-element-7fe6cd9 elementor-widget elementor-widget-image\" data-id=\"7fe6cd9\" data-element_type=\"widget\" data-widget_type=\"image.default\">\n\t\t\t\t<div class=\"elementor-widget-container\">\n\t\t\t\t\t\t\t\t\t\t\t\t\t\t\t<img fetchpriority=\"high\" decoding=\"async\" width=\"800\" height=\"567\" src=\"https:\/\/primorcosmetics.com\/wp-content\/uploads\/2021\/12\/antoniobanderas_theicon_abtheiconlaunch2021_conversion_SM_hero_singleimagead_3331x2362_0_NONE_SBA-3002_LEADAD-1024x726.jpg\" class=\"attachment-large size-large wp-image-1444\" alt=\"Antoni Banderas parf\u00fcm\" srcset=\"https:\/\/primorcosmetics.com\/wp-content\/uploads\/2021\/12\/antoniobanderas_theicon_abtheiconlaunch2021_conversion_SM_hero_singleimagead_3331x2362_0_NONE_SBA-3002_LEADAD-1024x726.jpg 1024w, https:\/\/primorcosmetics.com\/wp-content\/uploads\/2021\/12\/antoniobanderas_theicon_abtheiconlaunch2021_conversion_SM_hero_singleimagead_3331x2362_0_NONE_SBA-3002_LEADAD-300x213.jpg 300w, https:\/\/primorcosmetics.com\/wp-content\/uploads\/2021\/12\/antoniobanderas_theicon_abtheiconlaunch2021_conversion_SM_hero_singleimagead_3331x2362_0_NONE_SBA-3002_LEADAD-768x545.jpg 768w, https:\/\/primorcosmetics.com\/wp-content\/uploads\/2021\/12\/antoniobanderas_theicon_abtheiconlaunch2021_conversion_SM_hero_singleimagead_3331x2362_0_NONE_SBA-3002_LEADAD-1536x1089.jpg 1536w, https:\/\/primorcosmetics.com\/wp-content\/uploads\/2021\/12\/antoniobanderas_theicon_abtheiconlaunch2021_conversion_SM_hero_singleimagead_3331x2362_0_NONE_SBA-3002_LEADAD-2048x1452.jpg 2048w\" sizes=\"(max-width: 800px) 100vw, 800px\" \/>\t\t\t\t\t\t\t\t\t\t\t\t\t\t\t<\/div>\n\t\t\t\t<\/div>\n\t\t\t\t\t<\/div>\n\t\t<\/div>\n\t\t\t\t\t<\/div>\n\t\t<\/section>\n\t\t\t\t<\/div>\n\t\t","protected":false},"excerpt":{"rendered":"<p>Antonio Banderas Antonio Banderas legend\u00e1s cs\u00e1b\u00edt\u00f3, humor\u00e9rz\u00e9ke mellett term\u00e9szetes karizm\u00e1ja a legnagyobb fegyvere. A vil\u00e1gh\u00edr\u0171 sz\u00edn\u00e9sz az illatm\u00e1rka nagyk\u00f6vete \u00e9s egyben els\u0151 sz\u00e1m\u00fa tesztel\u0151je, aki akt\u00edvan r\u00e9szt vesz a m\u00e1rka \u00e9let\u00e9ben. H\u00edres latinos szenved\u00e9lyess\u00e9g\u00e9r\u0151l, ami minden \u00e1ltala alkotott kre\u00e1ci\u00f3ban visszak\u00f6sz\u00f6n. Antonio Banderas \u00e9rt\u00e9kek A m\u00e1rka egyar\u00e1nt k\u00edn\u00e1l cs\u00e1b\u00edt\u00f3 n\u0151i \u00e9s f\u00e9rfi illatokat, amelyek eleganci\u00e1t \u00e9s [&hellip;]<\/p>\n","protected":false},"author":2,"featured_media":0,"parent":1659,"menu_order":0,"comment_status":"closed","ping_status":"closed","template":"","meta":{"footnotes":""},"class_list":["post-1715","page","type-page","status-publish","hentry"],"yoast_head":"<!-- This site is optimized with the Yoast SEO plugin v25.7 - https:\/\/yoast.com\/wordpress\/plugins\/seo\/ -->\n<title>Antonio Banderas - Prim\u0151r Cosmetics<\/title>\n<meta name=\"robots\" content=\"index, follow, max-snippet:-1, max-image-preview:large, max-video-preview:-1\" \/>\n<link rel=\"canonical\" href=\"https:\/\/primorcosmetics.com\/hu\/markak-old\/antonio-banderas\/\" \/>\n<meta property=\"og:locale\" content=\"hu_HU\" \/>\n<meta property=\"og:type\" content=\"article\" \/>\n<meta property=\"og:title\" content=\"Antonio Banderas - Prim\u0151r Cosmetics\" \/>\n<meta property=\"og:description\" content=\"Antonio Banderas Antonio Banderas legend\u00e1s cs\u00e1b\u00edt\u00f3, humor\u00e9rz\u00e9ke mellett term\u00e9szetes karizm\u00e1ja a legnagyobb fegyvere. A vil\u00e1gh\u00edr\u0171 sz\u00edn\u00e9sz az illatm\u00e1rka nagyk\u00f6vete \u00e9s egyben els\u0151 sz\u00e1m\u00fa tesztel\u0151je, aki akt\u00edvan r\u00e9szt vesz a m\u00e1rka \u00e9let\u00e9ben. H\u00edres latinos szenved\u00e9lyess\u00e9g\u00e9r\u0151l, ami minden \u00e1ltala alkotott kre\u00e1ci\u00f3ban visszak\u00f6sz\u00f6n. Antonio Banderas \u00e9rt\u00e9kek A m\u00e1rka egyar\u00e1nt k\u00edn\u00e1l cs\u00e1b\u00edt\u00f3 n\u0151i \u00e9s f\u00e9rfi illatokat, amelyek eleganci\u00e1t \u00e9s [&hellip;]\" \/>\n<meta property=\"og:url\" content=\"https:\/\/primorcosmetics.com\/hu\/markak-old\/antonio-banderas\/\" \/>\n<meta property=\"og:site_name\" content=\"Prim\u0151r Cosmetics\" \/>\n<meta property=\"article:publisher\" content=\"https:\/\/www.facebook.com\/primorcosmetics\" \/>\n<meta property=\"article:modified_time\" content=\"2022-07-05T13:46:37+00:00\" \/>\n<meta property=\"og:image\" content=\"https:\/\/primorcosmetics.com\/wp-content\/uploads\/2021\/12\/antoniobanderas_theicon_abtheiconlaunch2021_conversion_SM_hero_singleimagead_3331x2362_0_NONE_SBA-3002_LEADAD-1024x726.jpg\" \/>\n<meta name=\"twitter:card\" content=\"summary_large_image\" \/>\n<meta name=\"twitter:label1\" content=\"Becs\u00fclt olvas\u00e1si id\u0151\" \/>\n\t<meta name=\"twitter:data1\" content=\"2 perc\" \/>\n<script type=\"application\/ld+json\" class=\"yoast-schema-graph\">{\"@context\":\"https:\/\/schema.org\",\"@graph\":[{\"@type\":\"WebPage\",\"@id\":\"https:\/\/primorcosmetics.com\/hu\/markak-old\/antonio-banderas\/\",\"url\":\"https:\/\/primorcosmetics.com\/hu\/markak-old\/antonio-banderas\/\",\"name\":\"Antonio Banderas - Prim\u0151r Cosmetics\",\"isPartOf\":{\"@id\":\"https:\/\/primorcosmetics.com\/#website\"},\"primaryImageOfPage\":{\"@id\":\"https:\/\/primorcosmetics.com\/hu\/markak-old\/antonio-banderas\/#primaryimage\"},\"image\":{\"@id\":\"https:\/\/primorcosmetics.com\/hu\/markak-old\/antonio-banderas\/#primaryimage\"},\"thumbnailUrl\":\"https:\/\/primorcosmetics.com\/wp-content\/uploads\/2021\/12\/antoniobanderas_theicon_abtheiconlaunch2021_conversion_SM_hero_singleimagead_3331x2362_0_NONE_SBA-3002_LEADAD-1024x726.jpg\",\"datePublished\":\"2021-12-20T19:05:25+00:00\",\"dateModified\":\"2022-07-05T13:46:37+00:00\",\"breadcrumb\":{\"@id\":\"https:\/\/primorcosmetics.com\/hu\/markak-old\/antonio-banderas\/#breadcrumb\"},\"inLanguage\":\"hu\",\"potentialAction\":[{\"@type\":\"ReadAction\",\"target\":[\"https:\/\/primorcosmetics.com\/hu\/markak-old\/antonio-banderas\/\"]}]},{\"@type\":\"ImageObject\",\"inLanguage\":\"hu\",\"@id\":\"https:\/\/primorcosmetics.com\/hu\/markak-old\/antonio-banderas\/#primaryimage\",\"url\":\"https:\/\/primorcosmetics.com\/wp-content\/uploads\/2021\/12\/antoniobanderas_theicon_abtheiconlaunch2021_conversion_SM_hero_singleimagead_3331x2362_0_NONE_SBA-3002_LEADAD-1024x726.jpg\",\"contentUrl\":\"https:\/\/primorcosmetics.com\/wp-content\/uploads\/2021\/12\/antoniobanderas_theicon_abtheiconlaunch2021_conversion_SM_hero_singleimagead_3331x2362_0_NONE_SBA-3002_LEADAD-1024x726.jpg\"},{\"@type\":\"BreadcrumbList\",\"@id\":\"https:\/\/primorcosmetics.com\/hu\/markak-old\/antonio-banderas\/#breadcrumb\",\"itemListElement\":[{\"@type\":\"ListItem\",\"position\":1,\"name\":\"Home\",\"item\":\"https:\/\/primorcosmetics.com\/hu\/\"},{\"@type\":\"ListItem\",\"position\":2,\"name\":\"M\u00e1rk\u00e1k\",\"item\":\"https:\/\/primorcosmetics.com\/hu\/markak-old\/\"},{\"@type\":\"ListItem\",\"position\":3,\"name\":\"Antonio Banderas\"}]},{\"@type\":\"WebSite\",\"@id\":\"https:\/\/primorcosmetics.com\/#website\",\"url\":\"https:\/\/primorcosmetics.com\/\",\"name\":\"Prim\u0151r Cosmetics\",\"description\":\"Prim\u0151r Cosmetics Leading Hungarian beauty and cosmetics distributor\",\"publisher\":{\"@id\":\"https:\/\/primorcosmetics.com\/#organization\"},\"potentialAction\":[{\"@type\":\"SearchAction\",\"target\":{\"@type\":\"EntryPoint\",\"urlTemplate\":\"https:\/\/primorcosmetics.com\/?s={search_term_string}\"},\"query-input\":{\"@type\":\"PropertyValueSpecification\",\"valueRequired\":true,\"valueName\":\"search_term_string\"}}],\"inLanguage\":\"hu\"},{\"@type\":\"Organization\",\"@id\":\"https:\/\/primorcosmetics.com\/#organization\",\"name\":\"Prim\u0151r Kozmetikai Kft.\",\"url\":\"https:\/\/primorcosmetics.com\/\",\"logo\":{\"@type\":\"ImageObject\",\"inLanguage\":\"hu\",\"@id\":\"https:\/\/primorcosmetics.com\/#\/schema\/logo\/image\/\",\"url\":\"https:\/\/primorcosmetics.com\/wp-content\/uploads\/2021\/12\/Primor_logo_icon_lockup_color.jpg\",\"contentUrl\":\"https:\/\/primorcosmetics.com\/wp-content\/uploads\/2021\/12\/Primor_logo_icon_lockup_color.jpg\",\"width\":1920,\"height\":1080,\"caption\":\"Prim\u0151r Kozmetikai Kft.\"},\"image\":{\"@id\":\"https:\/\/primorcosmetics.com\/#\/schema\/logo\/image\/\"},\"sameAs\":[\"https:\/\/www.facebook.com\/primorcosmetics\",\"https:\/\/www.instagram.com\/primorcosmetics\/\",\"https:\/\/www.linkedin.com\/company\/primorcosmetics\/mycompany\/\",\"https:\/\/www.youtube.com\/channel\/UCd3Uei375tM1XLkCMPhALWQ\"]}]}<\/script>\n<!-- \/ Yoast SEO plugin. -->","yoast_head_json":{"title":"Antonio Banderas - Prim\u0151r Cosmetics","robots":{"index":"index","follow":"follow","max-snippet":"max-snippet:-1","max-image-preview":"max-image-preview:large","max-video-preview":"max-video-preview:-1"},"canonical":"https:\/\/primorcosmetics.com\/hu\/markak-old\/antonio-banderas\/","og_locale":"hu_HU","og_type":"article","og_title":"Antonio Banderas - Prim\u0151r Cosmetics","og_description":"Antonio Banderas Antonio Banderas legend\u00e1s cs\u00e1b\u00edt\u00f3, humor\u00e9rz\u00e9ke mellett term\u00e9szetes karizm\u00e1ja a legnagyobb fegyvere. A vil\u00e1gh\u00edr\u0171 sz\u00edn\u00e9sz az illatm\u00e1rka nagyk\u00f6vete \u00e9s egyben els\u0151 sz\u00e1m\u00fa tesztel\u0151je, aki akt\u00edvan r\u00e9szt vesz a m\u00e1rka \u00e9let\u00e9ben. H\u00edres latinos szenved\u00e9lyess\u00e9g\u00e9r\u0151l, ami minden \u00e1ltala alkotott kre\u00e1ci\u00f3ban visszak\u00f6sz\u00f6n. Antonio Banderas \u00e9rt\u00e9kek A m\u00e1rka egyar\u00e1nt k\u00edn\u00e1l cs\u00e1b\u00edt\u00f3 n\u0151i \u00e9s f\u00e9rfi illatokat, amelyek eleganci\u00e1t \u00e9s [&hellip;]","og_url":"https:\/\/primorcosmetics.com\/hu\/markak-old\/antonio-banderas\/","og_site_name":"Prim\u0151r Cosmetics","article_publisher":"https:\/\/www.facebook.com\/primorcosmetics","article_modified_time":"2022-07-05T13:46:37+00:00","og_image":[{"url":"https:\/\/primorcosmetics.com\/wp-content\/uploads\/2021\/12\/antoniobanderas_theicon_abtheiconlaunch2021_conversion_SM_hero_singleimagead_3331x2362_0_NONE_SBA-3002_LEADAD-1024x726.jpg","type":"","width":"","height":""}],"twitter_card":"summary_large_image","twitter_misc":{"Becs\u00fclt olvas\u00e1si id\u0151":"2 perc"},"schema":{"@context":"https:\/\/schema.org","@graph":[{"@type":"WebPage","@id":"https:\/\/primorcosmetics.com\/hu\/markak-old\/antonio-banderas\/","url":"https:\/\/primorcosmetics.com\/hu\/markak-old\/antonio-banderas\/","name":"Antonio Banderas - Prim\u0151r Cosmetics","isPartOf":{"@id":"https:\/\/primorcosmetics.com\/#website"},"primaryImageOfPage":{"@id":"https:\/\/primorcosmetics.com\/hu\/markak-old\/antonio-banderas\/#primaryimage"},"image":{"@id":"https:\/\/primorcosmetics.com\/hu\/markak-old\/antonio-banderas\/#primaryimage"},"thumbnailUrl":"https:\/\/primorcosmetics.com\/wp-content\/uploads\/2021\/12\/antoniobanderas_theicon_abtheiconlaunch2021_conversion_SM_hero_singleimagead_3331x2362_0_NONE_SBA-3002_LEADAD-1024x726.jpg","datePublished":"2021-12-20T19:05:25+00:00","dateModified":"2022-07-05T13:46:37+00:00","breadcrumb":{"@id":"https:\/\/primorcosmetics.com\/hu\/markak-old\/antonio-banderas\/#breadcrumb"},"inLanguage":"hu","potentialAction":[{"@type":"ReadAction","target":["https:\/\/primorcosmetics.com\/hu\/markak-old\/antonio-banderas\/"]}]},{"@type":"ImageObject","inLanguage":"hu","@id":"https:\/\/primorcosmetics.com\/hu\/markak-old\/antonio-banderas\/#primaryimage","url":"https:\/\/primorcosmetics.com\/wp-content\/uploads\/2021\/12\/antoniobanderas_theicon_abtheiconlaunch2021_conversion_SM_hero_singleimagead_3331x2362_0_NONE_SBA-3002_LEADAD-1024x726.jpg","contentUrl":"https:\/\/primorcosmetics.com\/wp-content\/uploads\/2021\/12\/antoniobanderas_theicon_abtheiconlaunch2021_conversion_SM_hero_singleimagead_3331x2362_0_NONE_SBA-3002_LEADAD-1024x726.jpg"},{"@type":"BreadcrumbList","@id":"https:\/\/primorcosmetics.com\/hu\/markak-old\/antonio-banderas\/#breadcrumb","itemListElement":[{"@type":"ListItem","position":1,"name":"Home","item":"https:\/\/primorcosmetics.com\/hu\/"},{"@type":"ListItem","position":2,"name":"M\u00e1rk\u00e1k","item":"https:\/\/primorcosmetics.com\/hu\/markak-old\/"},{"@type":"ListItem","position":3,"name":"Antonio Banderas"}]},{"@type":"WebSite","@id":"https:\/\/primorcosmetics.com\/#website","url":"https:\/\/primorcosmetics.com\/","name":"Prim\u0151r Cosmetics","description":"Prim\u0151r Cosmetics Leading Hungarian beauty and cosmetics distributor","publisher":{"@id":"https:\/\/primorcosmetics.com\/#organization"},"potentialAction":[{"@type":"SearchAction","target":{"@type":"EntryPoint","urlTemplate":"https:\/\/primorcosmetics.com\/?s={search_term_string}"},"query-input":{"@type":"PropertyValueSpecification","valueRequired":true,"valueName":"search_term_string"}}],"inLanguage":"hu"},{"@type":"Organization","@id":"https:\/\/primorcosmetics.com\/#organization","name":"Prim\u0151r Kozmetikai Kft.","url":"https:\/\/primorcosmetics.com\/","logo":{"@type":"ImageObject","inLanguage":"hu","@id":"https:\/\/primorcosmetics.com\/#\/schema\/logo\/image\/","url":"https:\/\/primorcosmetics.com\/wp-content\/uploads\/2021\/12\/Primor_logo_icon_lockup_color.jpg","contentUrl":"https:\/\/primorcosmetics.com\/wp-content\/uploads\/2021\/12\/Primor_logo_icon_lockup_color.jpg","width":1920,"height":1080,"caption":"Prim\u0151r Kozmetikai Kft."},"image":{"@id":"https:\/\/primorcosmetics.com\/#\/schema\/logo\/image\/"},"sameAs":["https:\/\/www.facebook.com\/primorcosmetics","https:\/\/www.instagram.com\/primorcosmetics\/","https:\/\/www.linkedin.com\/company\/primorcosmetics\/mycompany\/","https:\/\/www.youtube.com\/channel\/UCd3Uei375tM1XLkCMPhALWQ"]}]}},"_links":{"self":[{"href":"https:\/\/primorcosmetics.com\/hu\/wp-json\/wp\/v2\/pages\/1715","targetHints":{"allow":["GET"]}}],"collection":[{"href":"https:\/\/primorcosmetics.com\/hu\/wp-json\/wp\/v2\/pages"}],"about":[{"href":"https:\/\/primorcosmetics.com\/hu\/wp-json\/wp\/v2\/types\/page"}],"author":[{"embeddable":true,"href":"https:\/\/primorcosmetics.com\/hu\/wp-json\/wp\/v2\/users\/2"}],"replies":[{"embeddable":true,"href":"https:\/\/primorcosmetics.com\/hu\/wp-json\/wp\/v2\/comments?post=1715"}],"version-history":[{"count":3,"href":"https:\/\/primorcosmetics.com\/hu\/wp-json\/wp\/v2\/pages\/1715\/revisions"}],"predecessor-version":[{"id":1718,"href":"https:\/\/primorcosmetics.com\/hu\/wp-json\/wp\/v2\/pages\/1715\/revisions\/1718"}],"up":[{"embeddable":true,"href":"https:\/\/primorcosmetics.com\/hu\/wp-json\/wp\/v2\/pages\/1659"}],"wp:attachment":[{"href":"https:\/\/primorcosmetics.com\/hu\/wp-json\/wp\/v2\/media?parent=1715"}],"curies":[{"name":"wp","href":"https:\/\/api.w.org\/{rel}","templated":true}]}}