{"id":1719,"date":"2021-12-20T19:34:44","date_gmt":"2021-12-20T19:34:44","guid":{"rendered":"https:\/\/primorcosmetics.com\/markak\/benetton\/"},"modified":"2022-07-05T13:52:55","modified_gmt":"2022-07-05T13:52:55","slug":"benetton","status":"publish","type":"page","link":"https:\/\/primorcosmetics.com\/hu\/markak-old\/benetton\/","title":{"rendered":"Benetton"},"content":{"rendered":"\t\t<div data-elementor-type=\"wp-page\" data-elementor-id=\"1719\" class=\"elementor elementor-1719 elementor-285\" data-elementor-post-type=\"page\">\n\t\t\t\t\t\t<section class=\"elementor-section elementor-top-section elementor-element elementor-element-1a60289 elementor-section-boxed elementor-section-height-default elementor-section-height-default\" data-id=\"1a60289\" data-element_type=\"section\">\n\t\t\t\t\t\t<div class=\"elementor-container elementor-column-gap-default\">\n\t\t\t\t\t<div class=\"elementor-column elementor-col-100 elementor-top-column elementor-element elementor-element-bbd7392\" data-id=\"bbd7392\" data-element_type=\"column\">\n\t\t\t<div class=\"elementor-widget-wrap\">\n\t\t\t\t\t\t\t<\/div>\n\t\t<\/div>\n\t\t\t\t\t<\/div>\n\t\t<\/section>\n\t\t\t\t<section class=\"elementor-section elementor-top-section elementor-element elementor-element-895bee5 elementor-section-boxed elementor-section-height-default elementor-section-height-default\" data-id=\"895bee5\" data-element_type=\"section\">\n\t\t\t\t\t\t<div class=\"elementor-container elementor-column-gap-default\">\n\t\t\t\t\t<div class=\"elementor-column elementor-col-100 elementor-top-column elementor-element elementor-element-d7443bc\" data-id=\"d7443bc\" data-element_type=\"column\">\n\t\t\t<div class=\"elementor-widget-wrap elementor-element-populated\">\n\t\t\t\t\t\t<div class=\"elementor-element elementor-element-de978f0 elementor-widget elementor-widget-spacer\" data-id=\"de978f0\" data-element_type=\"widget\" data-widget_type=\"spacer.default\">\n\t\t\t\t<div class=\"elementor-widget-container\">\n\t\t\t\t\t\t\t<div class=\"elementor-spacer\">\n\t\t\t<div class=\"elementor-spacer-inner\"><\/div>\n\t\t<\/div>\n\t\t\t\t\t\t<\/div>\n\t\t\t\t<\/div>\n\t\t\t\t\t<\/div>\n\t\t<\/div>\n\t\t\t\t\t<\/div>\n\t\t<\/section>\n\t\t\t\t<section class=\"elementor-section elementor-top-section elementor-element elementor-element-522204b elementor-section-boxed elementor-section-height-default elementor-section-height-default\" data-id=\"522204b\" data-element_type=\"section\">\n\t\t\t\t\t\t<div class=\"elementor-container elementor-column-gap-default\">\n\t\t\t\t\t<div class=\"elementor-column elementor-col-100 elementor-top-column elementor-element elementor-element-a90f324\" data-id=\"a90f324\" data-element_type=\"column\">\n\t\t\t<div class=\"elementor-widget-wrap elementor-element-populated\">\n\t\t\t\t\t\t<div class=\"elementor-element elementor-element-f9c6f60 elementor-widget elementor-widget-heading\" data-id=\"f9c6f60\" data-element_type=\"widget\" data-widget_type=\"heading.default\">\n\t\t\t\t<div class=\"elementor-widget-container\">\n\t\t\t\t\t<h1 class=\"elementor-heading-title elementor-size-default\">Benetton<\/h1>\t\t\t\t<\/div>\n\t\t\t\t<\/div>\n\t\t\t\t\t<\/div>\n\t\t<\/div>\n\t\t\t\t\t<\/div>\n\t\t<\/section>\n\t\t\t\t<section class=\"elementor-section elementor-top-section elementor-element elementor-element-5bebc7f elementor-section-boxed elementor-section-height-default elementor-section-height-default\" data-id=\"5bebc7f\" data-element_type=\"section\">\n\t\t\t\t\t\t<div class=\"elementor-container elementor-column-gap-default\">\n\t\t\t\t\t<div class=\"elementor-column elementor-col-100 elementor-top-column elementor-element elementor-element-44198d4\" data-id=\"44198d4\" data-element_type=\"column\">\n\t\t\t<div class=\"elementor-widget-wrap elementor-element-populated\">\n\t\t\t\t\t\t<div class=\"elementor-element elementor-element-04171c3 elementor-widget elementor-widget-spacer\" data-id=\"04171c3\" data-element_type=\"widget\" data-widget_type=\"spacer.default\">\n\t\t\t\t<div class=\"elementor-widget-container\">\n\t\t\t\t\t\t\t<div class=\"elementor-spacer\">\n\t\t\t<div class=\"elementor-spacer-inner\"><\/div>\n\t\t<\/div>\n\t\t\t\t\t\t<\/div>\n\t\t\t\t<\/div>\n\t\t\t\t\t<\/div>\n\t\t<\/div>\n\t\t\t\t\t<\/div>\n\t\t<\/section>\n\t\t\t\t<section class=\"elementor-section elementor-top-section elementor-element elementor-element-896add9 elementor-section-boxed elementor-section-height-default elementor-section-height-default\" data-id=\"896add9\" data-element_type=\"section\">\n\t\t\t\t\t\t<div class=\"elementor-container elementor-column-gap-default\">\n\t\t\t\t\t<div class=\"elementor-column elementor-col-50 elementor-top-column elementor-element elementor-element-3e24276\" data-id=\"3e24276\" data-element_type=\"column\">\n\t\t\t<div class=\"elementor-widget-wrap elementor-element-populated\">\n\t\t\t\t\t\t<div class=\"elementor-element elementor-element-4f9bd72 elementor-widget elementor-widget-text-editor\" data-id=\"4f9bd72\" data-element_type=\"widget\" data-widget_type=\"text-editor.default\">\n\t\t\t\t<div class=\"elementor-widget-container\">\n\t\t\t\t\t\t\t\t\t<p>A DIVERZIT\u00c1S SZ\u00cdNEI<\/p><p>A vil\u00e1g tele van k\u00fcl\u00f6nb\u00f6z\u0151 sz\u00edn\u0171 emberekkel, akik a k\u00fcl\u00f6nb\u00f6z\u0151s\u00e9geik ellen\u00e9re egy\u00fctt tudnak \u00e9lni \u00e9s \u00e1lmodni. A sz\u00edn nem hat\u00e1rozza meg kik vagyunk, honnan sz\u00e1rmazunk. . A sz\u00edn egy hozz\u00e1\u00e1ll\u00e1s, egy \u00e9rz\u00e9s, egy st\u00edlus.<\/p>\t\t\t\t\t\t\t\t<\/div>\n\t\t\t\t<\/div>\n\t\t\t\t<div class=\"elementor-element elementor-element-78291fc elementor-widget elementor-widget-heading\" data-id=\"78291fc\" data-element_type=\"widget\" data-widget_type=\"heading.default\">\n\t\t\t\t<div class=\"elementor-widget-container\">\n\t\t\t\t\t<h2 class=\"elementor-heading-title elementor-size-default\">Benetton \u00e9rt\u00e9kek<\/h2>\t\t\t\t<\/div>\n\t\t\t\t<\/div>\n\t\t\t\t<div class=\"elementor-element elementor-element-51a330c elementor-widget elementor-widget-text-editor\" data-id=\"51a330c\" data-element_type=\"widget\" data-widget_type=\"text-editor.default\">\n\t\t\t\t<div class=\"elementor-widget-container\">\n\t\t\t\t\t\t\t\t\t<p>A COLORS illatok a vil\u00e1g v\u00e1ltozatoss\u00e1g\u00e1t \u00e9s sz\u00edneit \u00fcnneplik \u2013 a Benetton m\u00e1rka a diverzit\u00e1st \u00e9lteti. <\/p><p>Minden sz\u00edn saj\u00e1t szem\u00e9lyis\u00e9ggel rendelkezik \u00e9s megvan a saj\u00e1t t\u00f6rt\u00e9nete T\u00e1mogatj\u00e1k a szabads\u00e1got, a multikulturalizmust \u00e9s az optimizmust, egy olyan vil\u00e1got, ahol minden sz\u00ednt \u00e9rt\u00e9kelnek\u2026 A feket\u00e9t\u0151l a r\u00f3zsasz\u00ednig.<\/p><p>A Benetton Colors parf\u00fcm\u00f6k azoknak k\u00e9sz\u00fcltek, akik hisznek egy jobb vil\u00e1gban. <\/p><p>Illatai a vid\u00e1ms\u00e1got \u00e9s optimizmust testes\u00edtik meg, lend\u00fcletet \u00e9s frissess\u00e9get ny\u00fajtanak. N\u0151i \u00e9s f\u00e9rfi illatok azoknak, akik b\u00fcszk\u00e9k arra, hogy k\u00fcl\u00f6nb\u00f6z\u0151ek. <\/p><p>A m\u00e1sik fontos illatkollekci\u00f3 a Benetton parf\u00fcm\u00f6k \u00e9let\u00e9ben a Sisterland, amely 2021-ben ker\u00fclt bevezet\u00e9sre. A Sisterland egy k\u00e9pzeletbeli hely, amelyet a Benetton hozott l\u00e9tre annak \u00e9rdek\u00e9ben, hogy a n\u0151i bar\u00e1ts\u00e1got n\u00e9pszer\u0171s\u00edtse. A kollekci\u00f3t h\u00e1rom parf\u00fcm alkotja, amelyek h\u00e1rom bar\u00e1tn\u0151t szimboliz\u00e1lnak, akik k\u00fcl\u00f6nb\u00f6znek egym\u00e1st\u00f3l m\u00e9gis \u00f6sszetartanak \u00e9s nagyon j\u00f3l \u00e9rzik magukat egym\u00e1st t\u00e1rsas\u00e1g\u00e1ban. Ugyan \u00fagy, mint a h\u00e1rom bar\u00e1tn\u0151, a h\u00e1rom parf\u00fcm is jelent\u0151sen k\u00fcl\u00f6nb\u00f6zik egym\u00e1st\u00f3l. \u00c9rdekess\u00e9ge a kollekci\u00f3nak, hogy a parf\u00fcm\u00f6s \u00fcvegek bab\u00e1kat form\u00e1znak, akik a h\u00e1rom bar\u00e1tn\u0151t jelen\u00edtik meg.<\/p><p>A Benetton illatok Eau de Toilettek, amelyek a drog\u00e9ri\u00e1kban \u00e9s online tal\u00e1lhat\u00f3ak meg.<\/p>\t\t\t\t\t\t\t\t<\/div>\n\t\t\t\t<\/div>\n\t\t\t\t<div class=\"elementor-element elementor-element-58ca072 elementor-align-center elementor-widget elementor-widget-button\" data-id=\"58ca072\" data-element_type=\"widget\" data-widget_type=\"button.default\">\n\t\t\t\t<div class=\"elementor-widget-container\">\n\t\t\t\t\t\t\t\t\t<div class=\"elementor-button-wrapper\">\n\t\t\t\t\t<a class=\"elementor-button elementor-button-link elementor-size-sm\" href=\"https:\/\/primorcosmetics.com\/hu\/kapcsolat\/\">\n\t\t\t\t\t\t<span class=\"elementor-button-content-wrapper\">\n\t\t\t\t\t\t\t\t\t<span class=\"elementor-button-text\">Kapcsolat<\/span>\n\t\t\t\t\t<\/span>\n\t\t\t\t\t<\/a>\n\t\t\t\t<\/div>\n\t\t\t\t\t\t\t\t<\/div>\n\t\t\t\t<\/div>\n\t\t\t\t\t<\/div>\n\t\t<\/div>\n\t\t\t\t<div class=\"elementor-column elementor-col-50 elementor-top-column elementor-element elementor-element-a2affe2\" data-id=\"a2affe2\" data-element_type=\"column\">\n\t\t\t<div class=\"elementor-widget-wrap elementor-element-populated\">\n\t\t\t\t\t\t<div class=\"elementor-element elementor-element-7fe6cd9 elementor-widget elementor-widget-image\" data-id=\"7fe6cd9\" data-element_type=\"widget\" data-widget_type=\"image.default\">\n\t\t\t\t<div class=\"elementor-widget-container\">\n\t\t\t\t\t\t\t\t\t\t\t\t\t\t\t<img fetchpriority=\"high\" decoding=\"async\" width=\"800\" height=\"800\" src=\"https:\/\/primorcosmetics.com\/wp-content\/uploads\/2021\/12\/benetton_sisterland_bntsisterlandlaunchfem2021_conversion_SM_dr_singleimagead_1080x1080_0_ES_SBE-2647_VISUALMB-1024x1024.jpg\" class=\"attachment-large size-large wp-image-1445\" alt=\"benetton parf\u00fcm\u00f6k\" srcset=\"https:\/\/primorcosmetics.com\/wp-content\/uploads\/2021\/12\/benetton_sisterland_bntsisterlandlaunchfem2021_conversion_SM_dr_singleimagead_1080x1080_0_ES_SBE-2647_VISUALMB-1024x1024.jpg 1024w, https:\/\/primorcosmetics.com\/wp-content\/uploads\/2021\/12\/benetton_sisterland_bntsisterlandlaunchfem2021_conversion_SM_dr_singleimagead_1080x1080_0_ES_SBE-2647_VISUALMB-300x300.jpg 300w, https:\/\/primorcosmetics.com\/wp-content\/uploads\/2021\/12\/benetton_sisterland_bntsisterlandlaunchfem2021_conversion_SM_dr_singleimagead_1080x1080_0_ES_SBE-2647_VISUALMB-150x150.jpg 150w, https:\/\/primorcosmetics.com\/wp-content\/uploads\/2021\/12\/benetton_sisterland_bntsisterlandlaunchfem2021_conversion_SM_dr_singleimagead_1080x1080_0_ES_SBE-2647_VISUALMB-768x768.jpg 768w, https:\/\/primorcosmetics.com\/wp-content\/uploads\/2021\/12\/benetton_sisterland_bntsisterlandlaunchfem2021_conversion_SM_dr_singleimagead_1080x1080_0_ES_SBE-2647_VISUALMB.jpg 1080w\" sizes=\"(max-width: 800px) 100vw, 800px\" \/>\t\t\t\t\t\t\t\t\t\t\t\t\t\t\t<\/div>\n\t\t\t\t<\/div>\n\t\t\t\t\t<\/div>\n\t\t<\/div>\n\t\t\t\t\t<\/div>\n\t\t<\/section>\n\t\t\t\t<\/div>\n\t\t","protected":false},"excerpt":{"rendered":"<p>Benetton A DIVERZIT\u00c1S SZ\u00cdNEI A vil\u00e1g tele van k\u00fcl\u00f6nb\u00f6z\u0151 sz\u00edn\u0171 emberekkel, akik a k\u00fcl\u00f6nb\u00f6z\u0151s\u00e9geik ellen\u00e9re egy\u00fctt tudnak \u00e9lni \u00e9s \u00e1lmodni. A sz\u00edn nem hat\u00e1rozza meg kik vagyunk, honnan sz\u00e1rmazunk. . A sz\u00edn egy hozz\u00e1\u00e1ll\u00e1s, egy \u00e9rz\u00e9s, egy st\u00edlus. Benetton \u00e9rt\u00e9kek A COLORS illatok a vil\u00e1g v\u00e1ltozatoss\u00e1g\u00e1t \u00e9s sz\u00edneit \u00fcnneplik \u2013 a Benetton m\u00e1rka a diverzit\u00e1st [&hellip;]<\/p>\n","protected":false},"author":2,"featured_media":0,"parent":1659,"menu_order":0,"comment_status":"closed","ping_status":"closed","template":"","meta":{"footnotes":""},"class_list":["post-1719","page","type-page","status-publish","hentry"],"yoast_head":"<!-- This site is optimized with the Yoast SEO plugin v25.7 - https:\/\/yoast.com\/wordpress\/plugins\/seo\/ -->\n<title>Benetton - Prim\u0151r Cosmetics<\/title>\n<meta name=\"robots\" content=\"index, follow, max-snippet:-1, max-image-preview:large, max-video-preview:-1\" \/>\n<link rel=\"canonical\" href=\"https:\/\/primorcosmetics.com\/hu\/markak-old\/benetton\/\" \/>\n<meta property=\"og:locale\" content=\"hu_HU\" \/>\n<meta property=\"og:type\" content=\"article\" \/>\n<meta property=\"og:title\" content=\"Benetton - Prim\u0151r Cosmetics\" \/>\n<meta property=\"og:description\" content=\"Benetton A DIVERZIT\u00c1S SZ\u00cdNEI A vil\u00e1g tele van k\u00fcl\u00f6nb\u00f6z\u0151 sz\u00edn\u0171 emberekkel, akik a k\u00fcl\u00f6nb\u00f6z\u0151s\u00e9geik ellen\u00e9re egy\u00fctt tudnak \u00e9lni \u00e9s \u00e1lmodni. A sz\u00edn nem hat\u00e1rozza meg kik vagyunk, honnan sz\u00e1rmazunk. . A sz\u00edn egy hozz\u00e1\u00e1ll\u00e1s, egy \u00e9rz\u00e9s, egy st\u00edlus. Benetton \u00e9rt\u00e9kek A COLORS illatok a vil\u00e1g v\u00e1ltozatoss\u00e1g\u00e1t \u00e9s sz\u00edneit \u00fcnneplik \u2013 a Benetton m\u00e1rka a diverzit\u00e1st [&hellip;]\" \/>\n<meta property=\"og:url\" content=\"https:\/\/primorcosmetics.com\/hu\/markak-old\/benetton\/\" \/>\n<meta property=\"og:site_name\" content=\"Prim\u0151r Cosmetics\" \/>\n<meta property=\"article:publisher\" content=\"https:\/\/www.facebook.com\/primorcosmetics\" \/>\n<meta property=\"article:modified_time\" content=\"2022-07-05T13:52:55+00:00\" \/>\n<meta property=\"og:image\" content=\"https:\/\/primorcosmetics.com\/wp-content\/uploads\/2021\/12\/benetton_sisterland_bntsisterlandlaunchfem2021_conversion_SM_dr_singleimagead_1080x1080_0_ES_SBE-2647_VISUALMB-1024x1024.jpg\" \/>\n<meta name=\"twitter:card\" content=\"summary_large_image\" \/>\n<meta name=\"twitter:label1\" content=\"Becs\u00fclt olvas\u00e1si id\u0151\" \/>\n\t<meta name=\"twitter:data1\" content=\"2 perc\" \/>\n<script type=\"application\/ld+json\" class=\"yoast-schema-graph\">{\"@context\":\"https:\/\/schema.org\",\"@graph\":[{\"@type\":\"WebPage\",\"@id\":\"https:\/\/primorcosmetics.com\/hu\/markak-old\/benetton\/\",\"url\":\"https:\/\/primorcosmetics.com\/hu\/markak-old\/benetton\/\",\"name\":\"Benetton - Prim\u0151r Cosmetics\",\"isPartOf\":{\"@id\":\"https:\/\/primorcosmetics.com\/#website\"},\"primaryImageOfPage\":{\"@id\":\"https:\/\/primorcosmetics.com\/hu\/markak-old\/benetton\/#primaryimage\"},\"image\":{\"@id\":\"https:\/\/primorcosmetics.com\/hu\/markak-old\/benetton\/#primaryimage\"},\"thumbnailUrl\":\"https:\/\/primorcosmetics.com\/wp-content\/uploads\/2021\/12\/benetton_sisterland_bntsisterlandlaunchfem2021_conversion_SM_dr_singleimagead_1080x1080_0_ES_SBE-2647_VISUALMB-1024x1024.jpg\",\"datePublished\":\"2021-12-20T19:34:44+00:00\",\"dateModified\":\"2022-07-05T13:52:55+00:00\",\"breadcrumb\":{\"@id\":\"https:\/\/primorcosmetics.com\/hu\/markak-old\/benetton\/#breadcrumb\"},\"inLanguage\":\"hu\",\"potentialAction\":[{\"@type\":\"ReadAction\",\"target\":[\"https:\/\/primorcosmetics.com\/hu\/markak-old\/benetton\/\"]}]},{\"@type\":\"ImageObject\",\"inLanguage\":\"hu\",\"@id\":\"https:\/\/primorcosmetics.com\/hu\/markak-old\/benetton\/#primaryimage\",\"url\":\"https:\/\/primorcosmetics.com\/wp-content\/uploads\/2021\/12\/benetton_sisterland_bntsisterlandlaunchfem2021_conversion_SM_dr_singleimagead_1080x1080_0_ES_SBE-2647_VISUALMB-1024x1024.jpg\",\"contentUrl\":\"https:\/\/primorcosmetics.com\/wp-content\/uploads\/2021\/12\/benetton_sisterland_bntsisterlandlaunchfem2021_conversion_SM_dr_singleimagead_1080x1080_0_ES_SBE-2647_VISUALMB-1024x1024.jpg\"},{\"@type\":\"BreadcrumbList\",\"@id\":\"https:\/\/primorcosmetics.com\/hu\/markak-old\/benetton\/#breadcrumb\",\"itemListElement\":[{\"@type\":\"ListItem\",\"position\":1,\"name\":\"Home\",\"item\":\"https:\/\/primorcosmetics.com\/hu\/\"},{\"@type\":\"ListItem\",\"position\":2,\"name\":\"M\u00e1rk\u00e1k\",\"item\":\"https:\/\/primorcosmetics.com\/hu\/markak-old\/\"},{\"@type\":\"ListItem\",\"position\":3,\"name\":\"Benetton\"}]},{\"@type\":\"WebSite\",\"@id\":\"https:\/\/primorcosmetics.com\/#website\",\"url\":\"https:\/\/primorcosmetics.com\/\",\"name\":\"Prim\u0151r Cosmetics\",\"description\":\"Prim\u0151r Cosmetics Leading Hungarian beauty and cosmetics distributor\",\"publisher\":{\"@id\":\"https:\/\/primorcosmetics.com\/#organization\"},\"potentialAction\":[{\"@type\":\"SearchAction\",\"target\":{\"@type\":\"EntryPoint\",\"urlTemplate\":\"https:\/\/primorcosmetics.com\/?s={search_term_string}\"},\"query-input\":{\"@type\":\"PropertyValueSpecification\",\"valueRequired\":true,\"valueName\":\"search_term_string\"}}],\"inLanguage\":\"hu\"},{\"@type\":\"Organization\",\"@id\":\"https:\/\/primorcosmetics.com\/#organization\",\"name\":\"Prim\u0151r Kozmetikai Kft.\",\"url\":\"https:\/\/primorcosmetics.com\/\",\"logo\":{\"@type\":\"ImageObject\",\"inLanguage\":\"hu\",\"@id\":\"https:\/\/primorcosmetics.com\/#\/schema\/logo\/image\/\",\"url\":\"https:\/\/primorcosmetics.com\/wp-content\/uploads\/2021\/12\/Primor_logo_icon_lockup_color.jpg\",\"contentUrl\":\"https:\/\/primorcosmetics.com\/wp-content\/uploads\/2021\/12\/Primor_logo_icon_lockup_color.jpg\",\"width\":1920,\"height\":1080,\"caption\":\"Prim\u0151r Kozmetikai Kft.\"},\"image\":{\"@id\":\"https:\/\/primorcosmetics.com\/#\/schema\/logo\/image\/\"},\"sameAs\":[\"https:\/\/www.facebook.com\/primorcosmetics\",\"https:\/\/www.instagram.com\/primorcosmetics\/\",\"https:\/\/www.linkedin.com\/company\/primorcosmetics\/mycompany\/\",\"https:\/\/www.youtube.com\/channel\/UCd3Uei375tM1XLkCMPhALWQ\"]}]}<\/script>\n<!-- \/ Yoast SEO plugin. -->","yoast_head_json":{"title":"Benetton - Prim\u0151r Cosmetics","robots":{"index":"index","follow":"follow","max-snippet":"max-snippet:-1","max-image-preview":"max-image-preview:large","max-video-preview":"max-video-preview:-1"},"canonical":"https:\/\/primorcosmetics.com\/hu\/markak-old\/benetton\/","og_locale":"hu_HU","og_type":"article","og_title":"Benetton - Prim\u0151r Cosmetics","og_description":"Benetton A DIVERZIT\u00c1S SZ\u00cdNEI A vil\u00e1g tele van k\u00fcl\u00f6nb\u00f6z\u0151 sz\u00edn\u0171 emberekkel, akik a k\u00fcl\u00f6nb\u00f6z\u0151s\u00e9geik ellen\u00e9re egy\u00fctt tudnak \u00e9lni \u00e9s \u00e1lmodni. A sz\u00edn nem hat\u00e1rozza meg kik vagyunk, honnan sz\u00e1rmazunk. . A sz\u00edn egy hozz\u00e1\u00e1ll\u00e1s, egy \u00e9rz\u00e9s, egy st\u00edlus. Benetton \u00e9rt\u00e9kek A COLORS illatok a vil\u00e1g v\u00e1ltozatoss\u00e1g\u00e1t \u00e9s sz\u00edneit \u00fcnneplik \u2013 a Benetton m\u00e1rka a diverzit\u00e1st [&hellip;]","og_url":"https:\/\/primorcosmetics.com\/hu\/markak-old\/benetton\/","og_site_name":"Prim\u0151r Cosmetics","article_publisher":"https:\/\/www.facebook.com\/primorcosmetics","article_modified_time":"2022-07-05T13:52:55+00:00","og_image":[{"url":"https:\/\/primorcosmetics.com\/wp-content\/uploads\/2021\/12\/benetton_sisterland_bntsisterlandlaunchfem2021_conversion_SM_dr_singleimagead_1080x1080_0_ES_SBE-2647_VISUALMB-1024x1024.jpg","type":"","width":"","height":""}],"twitter_card":"summary_large_image","twitter_misc":{"Becs\u00fclt olvas\u00e1si id\u0151":"2 perc"},"schema":{"@context":"https:\/\/schema.org","@graph":[{"@type":"WebPage","@id":"https:\/\/primorcosmetics.com\/hu\/markak-old\/benetton\/","url":"https:\/\/primorcosmetics.com\/hu\/markak-old\/benetton\/","name":"Benetton - Prim\u0151r Cosmetics","isPartOf":{"@id":"https:\/\/primorcosmetics.com\/#website"},"primaryImageOfPage":{"@id":"https:\/\/primorcosmetics.com\/hu\/markak-old\/benetton\/#primaryimage"},"image":{"@id":"https:\/\/primorcosmetics.com\/hu\/markak-old\/benetton\/#primaryimage"},"thumbnailUrl":"https:\/\/primorcosmetics.com\/wp-content\/uploads\/2021\/12\/benetton_sisterland_bntsisterlandlaunchfem2021_conversion_SM_dr_singleimagead_1080x1080_0_ES_SBE-2647_VISUALMB-1024x1024.jpg","datePublished":"2021-12-20T19:34:44+00:00","dateModified":"2022-07-05T13:52:55+00:00","breadcrumb":{"@id":"https:\/\/primorcosmetics.com\/hu\/markak-old\/benetton\/#breadcrumb"},"inLanguage":"hu","potentialAction":[{"@type":"ReadAction","target":["https:\/\/primorcosmetics.com\/hu\/markak-old\/benetton\/"]}]},{"@type":"ImageObject","inLanguage":"hu","@id":"https:\/\/primorcosmetics.com\/hu\/markak-old\/benetton\/#primaryimage","url":"https:\/\/primorcosmetics.com\/wp-content\/uploads\/2021\/12\/benetton_sisterland_bntsisterlandlaunchfem2021_conversion_SM_dr_singleimagead_1080x1080_0_ES_SBE-2647_VISUALMB-1024x1024.jpg","contentUrl":"https:\/\/primorcosmetics.com\/wp-content\/uploads\/2021\/12\/benetton_sisterland_bntsisterlandlaunchfem2021_conversion_SM_dr_singleimagead_1080x1080_0_ES_SBE-2647_VISUALMB-1024x1024.jpg"},{"@type":"BreadcrumbList","@id":"https:\/\/primorcosmetics.com\/hu\/markak-old\/benetton\/#breadcrumb","itemListElement":[{"@type":"ListItem","position":1,"name":"Home","item":"https:\/\/primorcosmetics.com\/hu\/"},{"@type":"ListItem","position":2,"name":"M\u00e1rk\u00e1k","item":"https:\/\/primorcosmetics.com\/hu\/markak-old\/"},{"@type":"ListItem","position":3,"name":"Benetton"}]},{"@type":"WebSite","@id":"https:\/\/primorcosmetics.com\/#website","url":"https:\/\/primorcosmetics.com\/","name":"Prim\u0151r Cosmetics","description":"Prim\u0151r Cosmetics Leading Hungarian beauty and cosmetics distributor","publisher":{"@id":"https:\/\/primorcosmetics.com\/#organization"},"potentialAction":[{"@type":"SearchAction","target":{"@type":"EntryPoint","urlTemplate":"https:\/\/primorcosmetics.com\/?s={search_term_string}"},"query-input":{"@type":"PropertyValueSpecification","valueRequired":true,"valueName":"search_term_string"}}],"inLanguage":"hu"},{"@type":"Organization","@id":"https:\/\/primorcosmetics.com\/#organization","name":"Prim\u0151r Kozmetikai Kft.","url":"https:\/\/primorcosmetics.com\/","logo":{"@type":"ImageObject","inLanguage":"hu","@id":"https:\/\/primorcosmetics.com\/#\/schema\/logo\/image\/","url":"https:\/\/primorcosmetics.com\/wp-content\/uploads\/2021\/12\/Primor_logo_icon_lockup_color.jpg","contentUrl":"https:\/\/primorcosmetics.com\/wp-content\/uploads\/2021\/12\/Primor_logo_icon_lockup_color.jpg","width":1920,"height":1080,"caption":"Prim\u0151r Kozmetikai Kft."},"image":{"@id":"https:\/\/primorcosmetics.com\/#\/schema\/logo\/image\/"},"sameAs":["https:\/\/www.facebook.com\/primorcosmetics","https:\/\/www.instagram.com\/primorcosmetics\/","https:\/\/www.linkedin.com\/company\/primorcosmetics\/mycompany\/","https:\/\/www.youtube.com\/channel\/UCd3Uei375tM1XLkCMPhALWQ"]}]}},"_links":{"self":[{"href":"https:\/\/primorcosmetics.com\/hu\/wp-json\/wp\/v2\/pages\/1719","targetHints":{"allow":["GET"]}}],"collection":[{"href":"https:\/\/primorcosmetics.com\/hu\/wp-json\/wp\/v2\/pages"}],"about":[{"href":"https:\/\/primorcosmetics.com\/hu\/wp-json\/wp\/v2\/types\/page"}],"author":[{"embeddable":true,"href":"https:\/\/primorcosmetics.com\/hu\/wp-json\/wp\/v2\/users\/2"}],"replies":[{"embeddable":true,"href":"https:\/\/primorcosmetics.com\/hu\/wp-json\/wp\/v2\/comments?post=1719"}],"version-history":[{"count":1,"href":"https:\/\/primorcosmetics.com\/hu\/wp-json\/wp\/v2\/pages\/1719\/revisions"}],"predecessor-version":[{"id":1720,"href":"https:\/\/primorcosmetics.com\/hu\/wp-json\/wp\/v2\/pages\/1719\/revisions\/1720"}],"up":[{"embeddable":true,"href":"https:\/\/primorcosmetics.com\/hu\/wp-json\/wp\/v2\/pages\/1659"}],"wp:attachment":[{"href":"https:\/\/primorcosmetics.com\/hu\/wp-json\/wp\/v2\/media?parent=1719"}],"curies":[{"name":"wp","href":"https:\/\/api.w.org\/{rel}","templated":true}]}}