{"id":1725,"date":"2021-12-20T19:52:25","date_gmt":"2021-12-20T19:52:25","guid":{"rendered":"https:\/\/primorcosmetics.com\/markak\/zippo\/"},"modified":"2022-07-05T14:31:32","modified_gmt":"2022-07-05T14:31:32","slug":"zippo","status":"publish","type":"page","link":"https:\/\/primorcosmetics.com\/hu\/markak-old\/zippo\/","title":{"rendered":"Zippo"},"content":{"rendered":"\t\t<div data-elementor-type=\"wp-page\" data-elementor-id=\"1725\" class=\"elementor elementor-1725\" data-elementor-post-type=\"page\">\n\t\t\t\t\t\t<section class=\"elementor-section elementor-top-section elementor-element elementor-element-1a60289 elementor-section-boxed elementor-section-height-default elementor-section-height-default\" data-id=\"1a60289\" data-element_type=\"section\">\n\t\t\t\t\t\t<div class=\"elementor-container elementor-column-gap-default\">\n\t\t\t\t\t<div class=\"elementor-column elementor-col-100 elementor-top-column elementor-element elementor-element-bbd7392\" data-id=\"bbd7392\" data-element_type=\"column\">\n\t\t\t<div class=\"elementor-widget-wrap\">\n\t\t\t\t\t\t\t<\/div>\n\t\t<\/div>\n\t\t\t\t\t<\/div>\n\t\t<\/section>\n\t\t\t\t<section class=\"elementor-section elementor-top-section elementor-element elementor-element-895bee5 elementor-section-boxed elementor-section-height-default elementor-section-height-default\" data-id=\"895bee5\" data-element_type=\"section\">\n\t\t\t\t\t\t<div class=\"elementor-container elementor-column-gap-default\">\n\t\t\t\t\t<div class=\"elementor-column elementor-col-100 elementor-top-column elementor-element elementor-element-d7443bc\" data-id=\"d7443bc\" data-element_type=\"column\">\n\t\t\t<div class=\"elementor-widget-wrap elementor-element-populated\">\n\t\t\t\t\t\t<div class=\"elementor-element elementor-element-de978f0 elementor-widget elementor-widget-spacer\" data-id=\"de978f0\" data-element_type=\"widget\" data-widget_type=\"spacer.default\">\n\t\t\t\t<div class=\"elementor-widget-container\">\n\t\t\t\t\t\t\t<div class=\"elementor-spacer\">\n\t\t\t<div class=\"elementor-spacer-inner\"><\/div>\n\t\t<\/div>\n\t\t\t\t\t\t<\/div>\n\t\t\t\t<\/div>\n\t\t\t\t\t<\/div>\n\t\t<\/div>\n\t\t\t\t\t<\/div>\n\t\t<\/section>\n\t\t\t\t<section class=\"elementor-section elementor-top-section elementor-element elementor-element-522204b elementor-section-boxed elementor-section-height-default elementor-section-height-default\" data-id=\"522204b\" data-element_type=\"section\">\n\t\t\t\t\t\t<div class=\"elementor-container elementor-column-gap-default\">\n\t\t\t\t\t<div class=\"elementor-column elementor-col-100 elementor-top-column elementor-element elementor-element-a90f324\" data-id=\"a90f324\" data-element_type=\"column\">\n\t\t\t<div class=\"elementor-widget-wrap elementor-element-populated\">\n\t\t\t\t\t\t<div class=\"elementor-element elementor-element-f9c6f60 elementor-widget elementor-widget-heading\" data-id=\"f9c6f60\" data-element_type=\"widget\" data-widget_type=\"heading.default\">\n\t\t\t\t<div class=\"elementor-widget-container\">\n\t\t\t\t\t<h1 class=\"elementor-heading-title elementor-size-default\">Zippo<\/h1>\t\t\t\t<\/div>\n\t\t\t\t<\/div>\n\t\t\t\t\t<\/div>\n\t\t<\/div>\n\t\t\t\t\t<\/div>\n\t\t<\/section>\n\t\t\t\t<section class=\"elementor-section elementor-top-section elementor-element elementor-element-5bebc7f elementor-section-boxed elementor-section-height-default elementor-section-height-default\" data-id=\"5bebc7f\" data-element_type=\"section\">\n\t\t\t\t\t\t<div class=\"elementor-container elementor-column-gap-default\">\n\t\t\t\t\t<div class=\"elementor-column elementor-col-100 elementor-top-column elementor-element elementor-element-44198d4\" data-id=\"44198d4\" data-element_type=\"column\">\n\t\t\t<div class=\"elementor-widget-wrap elementor-element-populated\">\n\t\t\t\t\t\t<div class=\"elementor-element elementor-element-04171c3 elementor-widget elementor-widget-spacer\" data-id=\"04171c3\" data-element_type=\"widget\" data-widget_type=\"spacer.default\">\n\t\t\t\t<div class=\"elementor-widget-container\">\n\t\t\t\t\t\t\t<div class=\"elementor-spacer\">\n\t\t\t<div class=\"elementor-spacer-inner\"><\/div>\n\t\t<\/div>\n\t\t\t\t\t\t<\/div>\n\t\t\t\t<\/div>\n\t\t\t\t\t<\/div>\n\t\t<\/div>\n\t\t\t\t\t<\/div>\n\t\t<\/section>\n\t\t\t\t<section class=\"elementor-section elementor-top-section elementor-element elementor-element-896add9 elementor-section-boxed elementor-section-height-default elementor-section-height-default\" data-id=\"896add9\" data-element_type=\"section\">\n\t\t\t\t\t\t<div class=\"elementor-container elementor-column-gap-default\">\n\t\t\t\t\t<div class=\"elementor-column elementor-col-50 elementor-top-column elementor-element elementor-element-3e24276\" data-id=\"3e24276\" data-element_type=\"column\">\n\t\t\t<div class=\"elementor-widget-wrap elementor-element-populated\">\n\t\t\t\t\t\t<div class=\"elementor-element elementor-element-4f9bd72 elementor-widget elementor-widget-text-editor\" data-id=\"4f9bd72\" data-element_type=\"widget\" data-widget_type=\"text-editor.default\">\n\t\t\t\t<div class=\"elementor-widget-container\">\n\t\t\t\t\t\t\t\t\t<p>A Zippo sokkal t\u00f6bb, mint egy \u00f6ngy\u00fajt\u00f3: univerz\u00e1lis \u00e9s \u00f6r\u00f6k vonzer\u0151vel ell\u00e1tott kieg\u00e9sz\u00edt\u0151, az amerikai \u00e9letm\u00f3d st\u00e1tuszszimb\u00f3luma. Az egyed\u00fcl\u00e1ll\u00f3 \u00e9lm\u00e9nyk\u00e9nt sikeresen \u00e9rt\u00e9kes\u00edtett Zippo f\u00e9lre\u00e9rthetetlen eszk\u00f6z az \u00f6nkifejez\u00e9sre.<\/p><p>A Zippo egy ikon, amely az er\u0151, a f\u00fcggetlens\u00e9g \u00e9s a szabads\u00e1g amerikai \u00e9rt\u00e9keit k\u00e9pviseli.<\/p><p>Ikonikus st\u00e1tusza hasonl\u00f3 a t\u00f6bbi klasszikus m\u00e1rk\u00e1hoz, mint a Coca Cola, Harley Davidson, Corvette \u00e9s James Dean. Az \u00e1ltal\u00e1nosan elismert vonzereje r\u00e9v\u00e9n a Zippo t\u00f6k\u00e9letes eszk\u00f6ze az \u00f6nkifejez\u00e9snek.<\/p><p>Leny\u0171g\u00f6z\u0151 \u00e9s hiteles, a Zippo egy st\u00e1tuszszimb\u00f3lumot \u00e1br\u00e1zol, amely az \u00f6ngy\u00fajt\u00f3t egyedi \u00e9lm\u00e9nny\u00e9 alak\u00edtja. <\/p>\t\t\t\t\t\t\t\t<\/div>\n\t\t\t\t<\/div>\n\t\t\t\t<div class=\"elementor-element elementor-element-78291fc elementor-widget elementor-widget-heading\" data-id=\"78291fc\" data-element_type=\"widget\" data-widget_type=\"heading.default\">\n\t\t\t\t<div class=\"elementor-widget-container\">\n\t\t\t\t\t<h2 class=\"elementor-heading-title elementor-size-default\">Zippo \u00e9rt\u00e9kek<\/h2>\t\t\t\t<\/div>\n\t\t\t\t<\/div>\n\t\t\t\t<div class=\"elementor-element elementor-element-51a330c elementor-widget elementor-widget-text-editor\" data-id=\"51a330c\" data-element_type=\"widget\" data-widget_type=\"text-editor.default\">\n\t\t\t\t<div class=\"elementor-widget-container\">\n\t\t\t\t\t\t\t\t\t<p>Olyan fiatal f\u00e9rfiak sz\u00e1m\u00e1ra k\u00e9sz\u00fcltek ezek a parf\u00fcm\u00f6k, akik \u00e9rt\u00e9kelik az eredetis\u00e9get: a Zippo \u00f6ngy\u00fajt\u00f3 egy igazi, eredeti szabv\u00e1ny, amely megb\u00edzhat\u00f3 t\u00e1rs a mindennapi \u00e9letben, valamint a szokatlan kalandokban; jelenl\u00e9te tekint\u00e9lyt parancsol\u00f3, amely kifejezi a f\u00e9rfi szem\u00e9lyis\u00e9g\u00e9t \u00e9s individualizmus\u00e1t.<\/p><p>A ZIPPO illat t\u00f6bb, mint egy parf\u00fcm. Egy korszak, egy \u00e9let\u00e9rz\u00e9s, maga a st\u00edlus megtestes\u00edt\u0151je.<\/p><p>A Zippo parf\u00fcm\u00f6ket is \u00fagy alkott\u00e1k meg, mint az ikonikus \u00f6ngy\u00fajt\u00f3t:, egy \u00e9let\u00e9rz\u00e9st k\u00f6zvet\u00edtenek, visel\u0151j\u00fcket k\u00fcl\u00f6nlegess\u00e9 \u00e9s magabiztoss\u00e1 t\u00e9ve. Karakteres illatai mindig egy \u00faj kalandra invit\u00e1lnak Az amerikai st\u00e1tuszszimb\u00f3lumot k\u00e9pvisel\u0151 modern \u00e9s maszkulin parf\u00fcm\u00f6k, eur\u00f3pai csavarral. Legn\u00e9pszer\u0171bb illatai az Original, a Glorious \u00e9s a Helios Eau de Toilette-ek, amelyek f\u0151 jellemz\u0151i a f\u00e9rfiass\u00e1g \u00e9s az egyedis\u00e9g.<\/p><p>A Zippo parf\u00fcm\u00f6k megtal\u00e1lhat\u00f3k a M\u00fcller parf\u00fcm\u00e9ri\u00e1kban \u00e9s online.<\/p>\t\t\t\t\t\t\t\t<\/div>\n\t\t\t\t<\/div>\n\t\t\t\t<div class=\"elementor-element elementor-element-58ca072 elementor-align-center elementor-widget elementor-widget-button\" data-id=\"58ca072\" data-element_type=\"widget\" data-widget_type=\"button.default\">\n\t\t\t\t<div class=\"elementor-widget-container\">\n\t\t\t\t\t\t\t\t\t<div class=\"elementor-button-wrapper\">\n\t\t\t\t\t<a class=\"elementor-button elementor-button-link elementor-size-sm\" href=\"https:\/\/primorcosmetics.com\/hu\/kapcsolat\/\">\n\t\t\t\t\t\t<span class=\"elementor-button-content-wrapper\">\n\t\t\t\t\t\t\t\t\t<span class=\"elementor-button-text\">Kapcsolat<\/span>\n\t\t\t\t\t<\/span>\n\t\t\t\t\t<\/a>\n\t\t\t\t<\/div>\n\t\t\t\t\t\t\t\t<\/div>\n\t\t\t\t<\/div>\n\t\t\t\t\t<\/div>\n\t\t<\/div>\n\t\t\t\t<div class=\"elementor-column elementor-col-50 elementor-top-column elementor-element elementor-element-a2affe2\" data-id=\"a2affe2\" data-element_type=\"column\">\n\t\t\t<div class=\"elementor-widget-wrap elementor-element-populated\">\n\t\t\t\t\t\t<div class=\"elementor-element elementor-element-7fe6cd9 elementor-widget elementor-widget-image\" data-id=\"7fe6cd9\" data-element_type=\"widget\" data-widget_type=\"image.default\">\n\t\t\t\t<div class=\"elementor-widget-container\">\n\t\t\t\t\t\t\t\t\t\t\t\t\t\t\t<img fetchpriority=\"high\" decoding=\"async\" width=\"600\" height=\"600\" src=\"https:\/\/primorcosmetics.com\/wp-content\/uploads\/2021\/12\/Zippo-Glorious-image-visual.png\" class=\"attachment-large size-large wp-image-1448\" alt=\"Zippo parf\u00fcm\u00f6k\" srcset=\"https:\/\/primorcosmetics.com\/wp-content\/uploads\/2021\/12\/Zippo-Glorious-image-visual.png 600w, https:\/\/primorcosmetics.com\/wp-content\/uploads\/2021\/12\/Zippo-Glorious-image-visual-300x300.png 300w, https:\/\/primorcosmetics.com\/wp-content\/uploads\/2021\/12\/Zippo-Glorious-image-visual-150x150.png 150w\" sizes=\"(max-width: 600px) 100vw, 600px\" \/>\t\t\t\t\t\t\t\t\t\t\t\t\t\t\t<\/div>\n\t\t\t\t<\/div>\n\t\t\t\t\t<\/div>\n\t\t<\/div>\n\t\t\t\t\t<\/div>\n\t\t<\/section>\n\t\t\t\t<\/div>\n\t\t","protected":false},"excerpt":{"rendered":"<p>Zippo A Zippo sokkal t\u00f6bb, mint egy \u00f6ngy\u00fajt\u00f3: univerz\u00e1lis \u00e9s \u00f6r\u00f6k vonzer\u0151vel ell\u00e1tott kieg\u00e9sz\u00edt\u0151, az amerikai \u00e9letm\u00f3d st\u00e1tuszszimb\u00f3luma. Az egyed\u00fcl\u00e1ll\u00f3 \u00e9lm\u00e9nyk\u00e9nt sikeresen \u00e9rt\u00e9kes\u00edtett Zippo f\u00e9lre\u00e9rthetetlen eszk\u00f6z az \u00f6nkifejez\u00e9sre. A Zippo egy ikon, amely az er\u0151, a f\u00fcggetlens\u00e9g \u00e9s a szabads\u00e1g amerikai \u00e9rt\u00e9keit k\u00e9pviseli. Ikonikus st\u00e1tusza hasonl\u00f3 a t\u00f6bbi klasszikus m\u00e1rk\u00e1hoz, mint a Coca Cola, Harley [&hellip;]<\/p>\n","protected":false},"author":2,"featured_media":0,"parent":1659,"menu_order":0,"comment_status":"closed","ping_status":"closed","template":"","meta":{"footnotes":""},"class_list":["post-1725","page","type-page","status-publish","hentry"],"yoast_head":"<!-- This site is optimized with the Yoast SEO plugin v25.7 - https:\/\/yoast.com\/wordpress\/plugins\/seo\/ -->\n<title>Zippo - Prim\u0151r Cosmetics<\/title>\n<meta name=\"robots\" content=\"index, follow, max-snippet:-1, max-image-preview:large, max-video-preview:-1\" \/>\n<link rel=\"canonical\" href=\"https:\/\/primorcosmetics.com\/hu\/markak-old\/zippo\/\" \/>\n<meta property=\"og:locale\" content=\"hu_HU\" \/>\n<meta property=\"og:type\" content=\"article\" \/>\n<meta property=\"og:title\" content=\"Zippo - Prim\u0151r Cosmetics\" \/>\n<meta property=\"og:description\" content=\"Zippo A Zippo sokkal t\u00f6bb, mint egy \u00f6ngy\u00fajt\u00f3: univerz\u00e1lis \u00e9s \u00f6r\u00f6k vonzer\u0151vel ell\u00e1tott kieg\u00e9sz\u00edt\u0151, az amerikai \u00e9letm\u00f3d st\u00e1tuszszimb\u00f3luma. Az egyed\u00fcl\u00e1ll\u00f3 \u00e9lm\u00e9nyk\u00e9nt sikeresen \u00e9rt\u00e9kes\u00edtett Zippo f\u00e9lre\u00e9rthetetlen eszk\u00f6z az \u00f6nkifejez\u00e9sre. A Zippo egy ikon, amely az er\u0151, a f\u00fcggetlens\u00e9g \u00e9s a szabads\u00e1g amerikai \u00e9rt\u00e9keit k\u00e9pviseli. Ikonikus st\u00e1tusza hasonl\u00f3 a t\u00f6bbi klasszikus m\u00e1rk\u00e1hoz, mint a Coca Cola, Harley [&hellip;]\" \/>\n<meta property=\"og:url\" content=\"https:\/\/primorcosmetics.com\/hu\/markak-old\/zippo\/\" \/>\n<meta property=\"og:site_name\" content=\"Prim\u0151r Cosmetics\" \/>\n<meta property=\"article:publisher\" content=\"https:\/\/www.facebook.com\/primorcosmetics\" \/>\n<meta property=\"article:modified_time\" content=\"2022-07-05T14:31:32+00:00\" \/>\n<meta property=\"og:image\" content=\"https:\/\/primorcosmetics.com\/wp-content\/uploads\/2021\/12\/Zippo-Glorious-image-visual.png\" \/>\n<meta name=\"twitter:card\" content=\"summary_large_image\" \/>\n<meta name=\"twitter:label1\" content=\"Becs\u00fclt olvas\u00e1si id\u0151\" \/>\n\t<meta name=\"twitter:data1\" content=\"2 perc\" \/>\n<script type=\"application\/ld+json\" class=\"yoast-schema-graph\">{\"@context\":\"https:\/\/schema.org\",\"@graph\":[{\"@type\":\"WebPage\",\"@id\":\"https:\/\/primorcosmetics.com\/hu\/markak-old\/zippo\/\",\"url\":\"https:\/\/primorcosmetics.com\/hu\/markak-old\/zippo\/\",\"name\":\"Zippo - Prim\u0151r Cosmetics\",\"isPartOf\":{\"@id\":\"https:\/\/primorcosmetics.com\/#website\"},\"primaryImageOfPage\":{\"@id\":\"https:\/\/primorcosmetics.com\/hu\/markak-old\/zippo\/#primaryimage\"},\"image\":{\"@id\":\"https:\/\/primorcosmetics.com\/hu\/markak-old\/zippo\/#primaryimage\"},\"thumbnailUrl\":\"https:\/\/primorcosmetics.com\/wp-content\/uploads\/2021\/12\/Zippo-Glorious-image-visual.png\",\"datePublished\":\"2021-12-20T19:52:25+00:00\",\"dateModified\":\"2022-07-05T14:31:32+00:00\",\"breadcrumb\":{\"@id\":\"https:\/\/primorcosmetics.com\/hu\/markak-old\/zippo\/#breadcrumb\"},\"inLanguage\":\"hu\",\"potentialAction\":[{\"@type\":\"ReadAction\",\"target\":[\"https:\/\/primorcosmetics.com\/hu\/markak-old\/zippo\/\"]}]},{\"@type\":\"ImageObject\",\"inLanguage\":\"hu\",\"@id\":\"https:\/\/primorcosmetics.com\/hu\/markak-old\/zippo\/#primaryimage\",\"url\":\"https:\/\/primorcosmetics.com\/wp-content\/uploads\/2021\/12\/Zippo-Glorious-image-visual.png\",\"contentUrl\":\"https:\/\/primorcosmetics.com\/wp-content\/uploads\/2021\/12\/Zippo-Glorious-image-visual.png\"},{\"@type\":\"BreadcrumbList\",\"@id\":\"https:\/\/primorcosmetics.com\/hu\/markak-old\/zippo\/#breadcrumb\",\"itemListElement\":[{\"@type\":\"ListItem\",\"position\":1,\"name\":\"Home\",\"item\":\"https:\/\/primorcosmetics.com\/hu\/\"},{\"@type\":\"ListItem\",\"position\":2,\"name\":\"M\u00e1rk\u00e1k\",\"item\":\"https:\/\/primorcosmetics.com\/hu\/markak-old\/\"},{\"@type\":\"ListItem\",\"position\":3,\"name\":\"Zippo\"}]},{\"@type\":\"WebSite\",\"@id\":\"https:\/\/primorcosmetics.com\/#website\",\"url\":\"https:\/\/primorcosmetics.com\/\",\"name\":\"Prim\u0151r Cosmetics\",\"description\":\"Prim\u0151r Cosmetics Leading Hungarian beauty and cosmetics distributor\",\"publisher\":{\"@id\":\"https:\/\/primorcosmetics.com\/#organization\"},\"potentialAction\":[{\"@type\":\"SearchAction\",\"target\":{\"@type\":\"EntryPoint\",\"urlTemplate\":\"https:\/\/primorcosmetics.com\/?s={search_term_string}\"},\"query-input\":{\"@type\":\"PropertyValueSpecification\",\"valueRequired\":true,\"valueName\":\"search_term_string\"}}],\"inLanguage\":\"hu\"},{\"@type\":\"Organization\",\"@id\":\"https:\/\/primorcosmetics.com\/#organization\",\"name\":\"Prim\u0151r Kozmetikai Kft.\",\"url\":\"https:\/\/primorcosmetics.com\/\",\"logo\":{\"@type\":\"ImageObject\",\"inLanguage\":\"hu\",\"@id\":\"https:\/\/primorcosmetics.com\/#\/schema\/logo\/image\/\",\"url\":\"https:\/\/primorcosmetics.com\/wp-content\/uploads\/2021\/12\/Primor_logo_icon_lockup_color.jpg\",\"contentUrl\":\"https:\/\/primorcosmetics.com\/wp-content\/uploads\/2021\/12\/Primor_logo_icon_lockup_color.jpg\",\"width\":1920,\"height\":1080,\"caption\":\"Prim\u0151r Kozmetikai Kft.\"},\"image\":{\"@id\":\"https:\/\/primorcosmetics.com\/#\/schema\/logo\/image\/\"},\"sameAs\":[\"https:\/\/www.facebook.com\/primorcosmetics\",\"https:\/\/www.instagram.com\/primorcosmetics\/\",\"https:\/\/www.linkedin.com\/company\/primorcosmetics\/mycompany\/\",\"https:\/\/www.youtube.com\/channel\/UCd3Uei375tM1XLkCMPhALWQ\"]}]}<\/script>\n<!-- \/ Yoast SEO plugin. -->","yoast_head_json":{"title":"Zippo - Prim\u0151r Cosmetics","robots":{"index":"index","follow":"follow","max-snippet":"max-snippet:-1","max-image-preview":"max-image-preview:large","max-video-preview":"max-video-preview:-1"},"canonical":"https:\/\/primorcosmetics.com\/hu\/markak-old\/zippo\/","og_locale":"hu_HU","og_type":"article","og_title":"Zippo - Prim\u0151r Cosmetics","og_description":"Zippo A Zippo sokkal t\u00f6bb, mint egy \u00f6ngy\u00fajt\u00f3: univerz\u00e1lis \u00e9s \u00f6r\u00f6k vonzer\u0151vel ell\u00e1tott kieg\u00e9sz\u00edt\u0151, az amerikai \u00e9letm\u00f3d st\u00e1tuszszimb\u00f3luma. Az egyed\u00fcl\u00e1ll\u00f3 \u00e9lm\u00e9nyk\u00e9nt sikeresen \u00e9rt\u00e9kes\u00edtett Zippo f\u00e9lre\u00e9rthetetlen eszk\u00f6z az \u00f6nkifejez\u00e9sre. A Zippo egy ikon, amely az er\u0151, a f\u00fcggetlens\u00e9g \u00e9s a szabads\u00e1g amerikai \u00e9rt\u00e9keit k\u00e9pviseli. Ikonikus st\u00e1tusza hasonl\u00f3 a t\u00f6bbi klasszikus m\u00e1rk\u00e1hoz, mint a Coca Cola, Harley [&hellip;]","og_url":"https:\/\/primorcosmetics.com\/hu\/markak-old\/zippo\/","og_site_name":"Prim\u0151r Cosmetics","article_publisher":"https:\/\/www.facebook.com\/primorcosmetics","article_modified_time":"2022-07-05T14:31:32+00:00","og_image":[{"url":"https:\/\/primorcosmetics.com\/wp-content\/uploads\/2021\/12\/Zippo-Glorious-image-visual.png","type":"","width":"","height":""}],"twitter_card":"summary_large_image","twitter_misc":{"Becs\u00fclt olvas\u00e1si id\u0151":"2 perc"},"schema":{"@context":"https:\/\/schema.org","@graph":[{"@type":"WebPage","@id":"https:\/\/primorcosmetics.com\/hu\/markak-old\/zippo\/","url":"https:\/\/primorcosmetics.com\/hu\/markak-old\/zippo\/","name":"Zippo - Prim\u0151r Cosmetics","isPartOf":{"@id":"https:\/\/primorcosmetics.com\/#website"},"primaryImageOfPage":{"@id":"https:\/\/primorcosmetics.com\/hu\/markak-old\/zippo\/#primaryimage"},"image":{"@id":"https:\/\/primorcosmetics.com\/hu\/markak-old\/zippo\/#primaryimage"},"thumbnailUrl":"https:\/\/primorcosmetics.com\/wp-content\/uploads\/2021\/12\/Zippo-Glorious-image-visual.png","datePublished":"2021-12-20T19:52:25+00:00","dateModified":"2022-07-05T14:31:32+00:00","breadcrumb":{"@id":"https:\/\/primorcosmetics.com\/hu\/markak-old\/zippo\/#breadcrumb"},"inLanguage":"hu","potentialAction":[{"@type":"ReadAction","target":["https:\/\/primorcosmetics.com\/hu\/markak-old\/zippo\/"]}]},{"@type":"ImageObject","inLanguage":"hu","@id":"https:\/\/primorcosmetics.com\/hu\/markak-old\/zippo\/#primaryimage","url":"https:\/\/primorcosmetics.com\/wp-content\/uploads\/2021\/12\/Zippo-Glorious-image-visual.png","contentUrl":"https:\/\/primorcosmetics.com\/wp-content\/uploads\/2021\/12\/Zippo-Glorious-image-visual.png"},{"@type":"BreadcrumbList","@id":"https:\/\/primorcosmetics.com\/hu\/markak-old\/zippo\/#breadcrumb","itemListElement":[{"@type":"ListItem","position":1,"name":"Home","item":"https:\/\/primorcosmetics.com\/hu\/"},{"@type":"ListItem","position":2,"name":"M\u00e1rk\u00e1k","item":"https:\/\/primorcosmetics.com\/hu\/markak-old\/"},{"@type":"ListItem","position":3,"name":"Zippo"}]},{"@type":"WebSite","@id":"https:\/\/primorcosmetics.com\/#website","url":"https:\/\/primorcosmetics.com\/","name":"Prim\u0151r Cosmetics","description":"Prim\u0151r Cosmetics Leading Hungarian beauty and cosmetics distributor","publisher":{"@id":"https:\/\/primorcosmetics.com\/#organization"},"potentialAction":[{"@type":"SearchAction","target":{"@type":"EntryPoint","urlTemplate":"https:\/\/primorcosmetics.com\/?s={search_term_string}"},"query-input":{"@type":"PropertyValueSpecification","valueRequired":true,"valueName":"search_term_string"}}],"inLanguage":"hu"},{"@type":"Organization","@id":"https:\/\/primorcosmetics.com\/#organization","name":"Prim\u0151r Kozmetikai Kft.","url":"https:\/\/primorcosmetics.com\/","logo":{"@type":"ImageObject","inLanguage":"hu","@id":"https:\/\/primorcosmetics.com\/#\/schema\/logo\/image\/","url":"https:\/\/primorcosmetics.com\/wp-content\/uploads\/2021\/12\/Primor_logo_icon_lockup_color.jpg","contentUrl":"https:\/\/primorcosmetics.com\/wp-content\/uploads\/2021\/12\/Primor_logo_icon_lockup_color.jpg","width":1920,"height":1080,"caption":"Prim\u0151r Kozmetikai Kft."},"image":{"@id":"https:\/\/primorcosmetics.com\/#\/schema\/logo\/image\/"},"sameAs":["https:\/\/www.facebook.com\/primorcosmetics","https:\/\/www.instagram.com\/primorcosmetics\/","https:\/\/www.linkedin.com\/company\/primorcosmetics\/mycompany\/","https:\/\/www.youtube.com\/channel\/UCd3Uei375tM1XLkCMPhALWQ"]}]}},"_links":{"self":[{"href":"https:\/\/primorcosmetics.com\/hu\/wp-json\/wp\/v2\/pages\/1725","targetHints":{"allow":["GET"]}}],"collection":[{"href":"https:\/\/primorcosmetics.com\/hu\/wp-json\/wp\/v2\/pages"}],"about":[{"href":"https:\/\/primorcosmetics.com\/hu\/wp-json\/wp\/v2\/types\/page"}],"author":[{"embeddable":true,"href":"https:\/\/primorcosmetics.com\/hu\/wp-json\/wp\/v2\/users\/2"}],"replies":[{"embeddable":true,"href":"https:\/\/primorcosmetics.com\/hu\/wp-json\/wp\/v2\/comments?post=1725"}],"version-history":[{"count":1,"href":"https:\/\/primorcosmetics.com\/hu\/wp-json\/wp\/v2\/pages\/1725\/revisions"}],"predecessor-version":[{"id":1726,"href":"https:\/\/primorcosmetics.com\/hu\/wp-json\/wp\/v2\/pages\/1725\/revisions\/1726"}],"up":[{"embeddable":true,"href":"https:\/\/primorcosmetics.com\/hu\/wp-json\/wp\/v2\/pages\/1659"}],"wp:attachment":[{"href":"https:\/\/primorcosmetics.com\/hu\/wp-json\/wp\/v2\/media?parent=1725"}],"curies":[{"name":"wp","href":"https:\/\/api.w.org\/{rel}","templated":true}]}}