{"id":1727,"date":"2021-12-20T19:59:28","date_gmt":"2021-12-20T19:59:28","guid":{"rendered":"https:\/\/primorcosmetics.com\/markak\/nike\/"},"modified":"2022-07-05T14:36:58","modified_gmt":"2022-07-05T14:36:58","slug":"nike","status":"publish","type":"page","link":"https:\/\/primorcosmetics.com\/hu\/markak-old\/nike\/","title":{"rendered":"Nike"},"content":{"rendered":"\t\t<div data-elementor-type=\"wp-page\" data-elementor-id=\"1727\" class=\"elementor elementor-1727 elementor-313\" data-elementor-post-type=\"page\">\n\t\t\t\t\t\t<section class=\"elementor-section elementor-top-section elementor-element elementor-element-1a60289 elementor-section-boxed elementor-section-height-default elementor-section-height-default\" data-id=\"1a60289\" data-element_type=\"section\">\n\t\t\t\t\t\t<div class=\"elementor-container elementor-column-gap-default\">\n\t\t\t\t\t<div class=\"elementor-column elementor-col-100 elementor-top-column elementor-element elementor-element-bbd7392\" data-id=\"bbd7392\" data-element_type=\"column\">\n\t\t\t<div class=\"elementor-widget-wrap\">\n\t\t\t\t\t\t\t<\/div>\n\t\t<\/div>\n\t\t\t\t\t<\/div>\n\t\t<\/section>\n\t\t\t\t<section class=\"elementor-section elementor-top-section elementor-element elementor-element-895bee5 elementor-section-boxed elementor-section-height-default elementor-section-height-default\" data-id=\"895bee5\" data-element_type=\"section\">\n\t\t\t\t\t\t<div class=\"elementor-container elementor-column-gap-default\">\n\t\t\t\t\t<div class=\"elementor-column elementor-col-100 elementor-top-column elementor-element elementor-element-d7443bc\" data-id=\"d7443bc\" data-element_type=\"column\">\n\t\t\t<div class=\"elementor-widget-wrap elementor-element-populated\">\n\t\t\t\t\t\t<div class=\"elementor-element elementor-element-de978f0 elementor-widget elementor-widget-spacer\" data-id=\"de978f0\" data-element_type=\"widget\" data-widget_type=\"spacer.default\">\n\t\t\t\t<div class=\"elementor-widget-container\">\n\t\t\t\t\t\t\t<div class=\"elementor-spacer\">\n\t\t\t<div class=\"elementor-spacer-inner\"><\/div>\n\t\t<\/div>\n\t\t\t\t\t\t<\/div>\n\t\t\t\t<\/div>\n\t\t\t\t\t<\/div>\n\t\t<\/div>\n\t\t\t\t\t<\/div>\n\t\t<\/section>\n\t\t\t\t<section class=\"elementor-section elementor-top-section elementor-element elementor-element-522204b elementor-section-boxed elementor-section-height-default elementor-section-height-default\" data-id=\"522204b\" data-element_type=\"section\">\n\t\t\t\t\t\t<div class=\"elementor-container elementor-column-gap-default\">\n\t\t\t\t\t<div class=\"elementor-column elementor-col-100 elementor-top-column elementor-element elementor-element-a90f324\" data-id=\"a90f324\" data-element_type=\"column\">\n\t\t\t<div class=\"elementor-widget-wrap elementor-element-populated\">\n\t\t\t\t\t\t<div class=\"elementor-element elementor-element-f9c6f60 elementor-widget elementor-widget-heading\" data-id=\"f9c6f60\" data-element_type=\"widget\" data-widget_type=\"heading.default\">\n\t\t\t\t<div class=\"elementor-widget-container\">\n\t\t\t\t\t<h1 class=\"elementor-heading-title elementor-size-default\">Nike<\/h1>\t\t\t\t<\/div>\n\t\t\t\t<\/div>\n\t\t\t\t\t<\/div>\n\t\t<\/div>\n\t\t\t\t\t<\/div>\n\t\t<\/section>\n\t\t\t\t<section class=\"elementor-section elementor-top-section elementor-element elementor-element-5bebc7f elementor-section-boxed elementor-section-height-default elementor-section-height-default\" data-id=\"5bebc7f\" data-element_type=\"section\">\n\t\t\t\t\t\t<div class=\"elementor-container elementor-column-gap-default\">\n\t\t\t\t\t<div class=\"elementor-column elementor-col-100 elementor-top-column elementor-element elementor-element-44198d4\" data-id=\"44198d4\" data-element_type=\"column\">\n\t\t\t<div class=\"elementor-widget-wrap elementor-element-populated\">\n\t\t\t\t\t\t<div class=\"elementor-element elementor-element-04171c3 elementor-widget elementor-widget-spacer\" data-id=\"04171c3\" data-element_type=\"widget\" data-widget_type=\"spacer.default\">\n\t\t\t\t<div class=\"elementor-widget-container\">\n\t\t\t\t\t\t\t<div class=\"elementor-spacer\">\n\t\t\t<div class=\"elementor-spacer-inner\"><\/div>\n\t\t<\/div>\n\t\t\t\t\t\t<\/div>\n\t\t\t\t<\/div>\n\t\t\t\t\t<\/div>\n\t\t<\/div>\n\t\t\t\t\t<\/div>\n\t\t<\/section>\n\t\t\t\t<section class=\"elementor-section elementor-top-section elementor-element elementor-element-896add9 elementor-section-boxed elementor-section-height-default elementor-section-height-default\" data-id=\"896add9\" data-element_type=\"section\">\n\t\t\t\t\t\t<div class=\"elementor-container elementor-column-gap-default\">\n\t\t\t\t\t<div class=\"elementor-column elementor-col-50 elementor-top-column elementor-element elementor-element-3e24276\" data-id=\"3e24276\" data-element_type=\"column\">\n\t\t\t<div class=\"elementor-widget-wrap elementor-element-populated\">\n\t\t\t\t\t\t<div class=\"elementor-element elementor-element-4f9bd72 elementor-widget elementor-widget-text-editor\" data-id=\"4f9bd72\" data-element_type=\"widget\" data-widget_type=\"text-editor.default\">\n\t\t\t\t<div class=\"elementor-widget-container\">\n\t\t\t\t\t\t\t\t\t<p>Az er\u0151t \u00e9s energi\u00e1t t\u00fckr\u00f6z\u0151 Nike-t hivatalosan 1929-ben alap\u00edtott\u00e1k, mely az\u00f3ta kozmetikai k\u00e9sz\u00edtm\u00e9nyek sz\u00e9les sk\u00e1l\u00e1j\u00e1t k\u00e9pviseli. Az elm\u00falt 9 \u00e9vtized alatt mai ig\u00e9nyekre szabott parf\u00fcm- \u00e9s test\u00e1pol\u00e1si term\u00e9keket fejlesztettek ki, melyeket az\u00f3ta t\u00f6bb mint 70 orsz\u00e1gban, 5 kontinensen, t\u00f6bb milli\u00f3 fogyaszt\u00f3nak forgalmaznak. A m\u00e1rka folyamatos innov\u00e1ci\u00f3kon dolgozik, hogy kiv\u00e1l\u00f3 min\u0151s\u00e9g\u0171 term\u00e9keket k\u00edn\u00e1ljanak, meg\u0151rizve az identit\u00e1st \u00e9s \u00e9rt\u00e9keket. <\/p><p>A portf\u00f3li\u00f3ban t\u00f6bbek k\u00f6z\u00f6tt Eau de Toilette-ek, natural deo spray-k \u00e9s deo spray-k sz\u00e9les k\u00edn\u00e1lata tal\u00e1lhat\u00f3, melyeket mind-mind k\u00fcl\u00f6n egy\u00e9nis\u00e9gekhez alak\u00edtottak.<\/p>\t\t\t\t\t\t\t\t<\/div>\n\t\t\t\t<\/div>\n\t\t\t\t<div class=\"elementor-element elementor-element-78291fc elementor-widget elementor-widget-heading\" data-id=\"78291fc\" data-element_type=\"widget\" data-widget_type=\"heading.default\">\n\t\t\t\t<div class=\"elementor-widget-container\">\n\t\t\t\t\t<h2 class=\"elementor-heading-title elementor-size-default\">Nike \u00e9rt\u00e9kek<\/h2>\t\t\t\t<\/div>\n\t\t\t\t<\/div>\n\t\t\t\t<div class=\"elementor-element elementor-element-51a330c elementor-widget elementor-widget-text-editor\" data-id=\"51a330c\" data-element_type=\"widget\" data-widget_type=\"text-editor.default\">\n\t\t\t\t<div class=\"elementor-widget-container\">\n\t\t\t\t\t\t\t\t\t<p>A Nike illatoknak h\u00e1rom f\u0151 kollekci\u00f3ja l\u00e9tezik jelenleg a magyar piacon. Az els\u0151 illavonal a Nike Ultracolors, amely \u00e9l\u00e9nk sz\u00edneir\u0151l \u00e9s karakteres illatair\u00f3l ismert. Az Ultracolors illatokat magabiztos \u00e9s c\u00e9ltudatos fiataloknak alkott\u00e1k, akiknek fontos a kiv\u00e1l\u00f3 \u00e1r -\u00e9rt\u00e9k ar\u00e1ny, \u00e9s szeretik meg\u00e9lni a mindennapok sz\u00e9ps\u00e9geit. Folyamatosan kih\u00edv\u00e1sokat keresnek, \u00e9s mindig t\u00f6bbre v\u00e1gynak. Az illatkollekci\u00f3t n\u00e9gy Eau de Toilette alkotja, \u00e9s a hozz\u00e1juk passzol\u00f3 natural deo spray-k, illetve deo spray-k, amelyek klinikailag igazoltan 48 \u00f3r\u00e1s v\u00e9delmet ny\u00fajtanak a kellemetlen szagok ellen, nem tartalmaznak alkoholt, valamint nem hagynak feh\u00e9r foltot a ruh\u00e1kon.<\/p><p>Az Urban Soul kollekci\u00f3t is az Eau de Toilette-ek mellett, natural deo spray-k, valamint deo spray-k alkotj\u00e1k. Ezeket a parf\u00fcm\u00f6ket a nagyv\u00e1rosi \u00e9letet kedvel\u0151, magabiztos fiataloknak alkott\u00e1k. . Szint\u00e9n karakteres \u00e9s egyedi illatok alkotj\u00e1k ezt a kollekci\u00f3t a Nike m\u00e1rk\u00e1n\u00e1l megszokott kiv\u00e1l\u00f3 \u00e1r-\u00e9rt\u00e9k ar\u00e1nnyal. <\/p><p>Az Urbanite kollekci\u00f3, amely 2021-ben ker\u00fclt bevezet\u00e9sre, hasonl\u00f3 koncepci\u00f3ra \u00e9p\u00fcl, mint az Urban Soul. Nagyv\u00e1ros, ny\u00fczsg\u00e9s, felpezsd\u00edt\u0151 illatok, amelyek t\u00f6k\u00e9letes t\u00e1rsak a mindennapokban.<\/p><p>A Nike parf\u00fcmkollekci\u00f3i megtal\u00e1lhat\u00f3ak a drog\u00e9ri\u00e1kban, az Auchan Hipermarketekben, az Eco Family-ben \u00e9s online.<\/p>\t\t\t\t\t\t\t\t<\/div>\n\t\t\t\t<\/div>\n\t\t\t\t<div class=\"elementor-element elementor-element-58ca072 elementor-align-center elementor-widget elementor-widget-button\" data-id=\"58ca072\" data-element_type=\"widget\" data-widget_type=\"button.default\">\n\t\t\t\t<div class=\"elementor-widget-container\">\n\t\t\t\t\t\t\t\t\t<div class=\"elementor-button-wrapper\">\n\t\t\t\t\t<a class=\"elementor-button elementor-button-link elementor-size-sm\" href=\"https:\/\/primorcosmetics.com\/hu\/kapcsolat\/\">\n\t\t\t\t\t\t<span class=\"elementor-button-content-wrapper\">\n\t\t\t\t\t\t\t\t\t<span class=\"elementor-button-text\">Kapcsolat<\/span>\n\t\t\t\t\t<\/span>\n\t\t\t\t\t<\/a>\n\t\t\t\t<\/div>\n\t\t\t\t\t\t\t\t<\/div>\n\t\t\t\t<\/div>\n\t\t\t\t\t<\/div>\n\t\t<\/div>\n\t\t\t\t<div class=\"elementor-column elementor-col-50 elementor-top-column elementor-element elementor-element-a2affe2\" data-id=\"a2affe2\" data-element_type=\"column\">\n\t\t\t<div class=\"elementor-widget-wrap elementor-element-populated\">\n\t\t\t\t\t\t<div class=\"elementor-element elementor-element-7fe6cd9 elementor-widget elementor-widget-image\" data-id=\"7fe6cd9\" data-element_type=\"widget\" data-widget_type=\"image.default\">\n\t\t\t\t<div class=\"elementor-widget-container\">\n\t\t\t\t\t\t\t\t\t\t\t\t\t\t\t<img fetchpriority=\"high\" decoding=\"async\" width=\"800\" height=\"818\" src=\"https:\/\/primorcosmetics.com\/wp-content\/uploads\/2021\/12\/Nike-Ultracolors-visual-1002x1024.jpg\" class=\"attachment-large size-large wp-image-1447\" alt=\"Nike parfumes\" srcset=\"https:\/\/primorcosmetics.com\/wp-content\/uploads\/2021\/12\/Nike-Ultracolors-visual-1002x1024.jpg 1002w, https:\/\/primorcosmetics.com\/wp-content\/uploads\/2021\/12\/Nike-Ultracolors-visual-293x300.jpg 293w, https:\/\/primorcosmetics.com\/wp-content\/uploads\/2021\/12\/Nike-Ultracolors-visual-768x785.jpg 768w, https:\/\/primorcosmetics.com\/wp-content\/uploads\/2021\/12\/Nike-Ultracolors-visual-1503x1536.jpg 1503w, https:\/\/primorcosmetics.com\/wp-content\/uploads\/2021\/12\/Nike-Ultracolors-visual-2004x2048.jpg 2004w\" sizes=\"(max-width: 800px) 100vw, 800px\" \/>\t\t\t\t\t\t\t\t\t\t\t\t\t\t\t<\/div>\n\t\t\t\t<\/div>\n\t\t\t\t\t<\/div>\n\t\t<\/div>\n\t\t\t\t\t<\/div>\n\t\t<\/section>\n\t\t\t\t<\/div>\n\t\t","protected":false},"excerpt":{"rendered":"<p>Nike Az er\u0151t \u00e9s energi\u00e1t t\u00fckr\u00f6z\u0151 Nike-t hivatalosan 1929-ben alap\u00edtott\u00e1k, mely az\u00f3ta kozmetikai k\u00e9sz\u00edtm\u00e9nyek sz\u00e9les sk\u00e1l\u00e1j\u00e1t k\u00e9pviseli. Az elm\u00falt 9 \u00e9vtized alatt mai ig\u00e9nyekre szabott parf\u00fcm- \u00e9s test\u00e1pol\u00e1si term\u00e9keket fejlesztettek ki, melyeket az\u00f3ta t\u00f6bb mint 70 orsz\u00e1gban, 5 kontinensen, t\u00f6bb milli\u00f3 fogyaszt\u00f3nak forgalmaznak. A m\u00e1rka folyamatos innov\u00e1ci\u00f3kon dolgozik, hogy kiv\u00e1l\u00f3 min\u0151s\u00e9g\u0171 term\u00e9keket k\u00edn\u00e1ljanak, meg\u0151rizve az [&hellip;]<\/p>\n","protected":false},"author":2,"featured_media":0,"parent":1659,"menu_order":0,"comment_status":"closed","ping_status":"closed","template":"","meta":{"footnotes":""},"class_list":["post-1727","page","type-page","status-publish","hentry"],"yoast_head":"<!-- This site is optimized with the Yoast SEO plugin v25.7 - https:\/\/yoast.com\/wordpress\/plugins\/seo\/ -->\n<title>Nike - Prim\u0151r Cosmetics<\/title>\n<meta name=\"robots\" content=\"index, follow, max-snippet:-1, max-image-preview:large, max-video-preview:-1\" \/>\n<link rel=\"canonical\" href=\"https:\/\/primorcosmetics.com\/hu\/markak-old\/nike\/\" \/>\n<meta property=\"og:locale\" content=\"hu_HU\" \/>\n<meta property=\"og:type\" content=\"article\" \/>\n<meta property=\"og:title\" content=\"Nike - Prim\u0151r Cosmetics\" \/>\n<meta property=\"og:description\" content=\"Nike Az er\u0151t \u00e9s energi\u00e1t t\u00fckr\u00f6z\u0151 Nike-t hivatalosan 1929-ben alap\u00edtott\u00e1k, mely az\u00f3ta kozmetikai k\u00e9sz\u00edtm\u00e9nyek sz\u00e9les sk\u00e1l\u00e1j\u00e1t k\u00e9pviseli. Az elm\u00falt 9 \u00e9vtized alatt mai ig\u00e9nyekre szabott parf\u00fcm- \u00e9s test\u00e1pol\u00e1si term\u00e9keket fejlesztettek ki, melyeket az\u00f3ta t\u00f6bb mint 70 orsz\u00e1gban, 5 kontinensen, t\u00f6bb milli\u00f3 fogyaszt\u00f3nak forgalmaznak. A m\u00e1rka folyamatos innov\u00e1ci\u00f3kon dolgozik, hogy kiv\u00e1l\u00f3 min\u0151s\u00e9g\u0171 term\u00e9keket k\u00edn\u00e1ljanak, meg\u0151rizve az [&hellip;]\" \/>\n<meta property=\"og:url\" content=\"https:\/\/primorcosmetics.com\/hu\/markak-old\/nike\/\" \/>\n<meta property=\"og:site_name\" content=\"Prim\u0151r Cosmetics\" \/>\n<meta property=\"article:publisher\" content=\"https:\/\/www.facebook.com\/primorcosmetics\" \/>\n<meta property=\"article:modified_time\" content=\"2022-07-05T14:36:58+00:00\" \/>\n<meta property=\"og:image\" content=\"https:\/\/primorcosmetics.com\/wp-content\/uploads\/2021\/12\/Nike-Ultracolors-visual-1002x1024.jpg\" \/>\n<meta name=\"twitter:card\" content=\"summary_large_image\" \/>\n<meta name=\"twitter:label1\" content=\"Becs\u00fclt olvas\u00e1si id\u0151\" \/>\n\t<meta name=\"twitter:data1\" content=\"2 perc\" \/>\n<script type=\"application\/ld+json\" class=\"yoast-schema-graph\">{\"@context\":\"https:\/\/schema.org\",\"@graph\":[{\"@type\":\"WebPage\",\"@id\":\"https:\/\/primorcosmetics.com\/hu\/markak-old\/nike\/\",\"url\":\"https:\/\/primorcosmetics.com\/hu\/markak-old\/nike\/\",\"name\":\"Nike - Prim\u0151r Cosmetics\",\"isPartOf\":{\"@id\":\"https:\/\/primorcosmetics.com\/#website\"},\"primaryImageOfPage\":{\"@id\":\"https:\/\/primorcosmetics.com\/hu\/markak-old\/nike\/#primaryimage\"},\"image\":{\"@id\":\"https:\/\/primorcosmetics.com\/hu\/markak-old\/nike\/#primaryimage\"},\"thumbnailUrl\":\"https:\/\/primorcosmetics.com\/wp-content\/uploads\/2021\/12\/Nike-Ultracolors-visual-1002x1024.jpg\",\"datePublished\":\"2021-12-20T19:59:28+00:00\",\"dateModified\":\"2022-07-05T14:36:58+00:00\",\"breadcrumb\":{\"@id\":\"https:\/\/primorcosmetics.com\/hu\/markak-old\/nike\/#breadcrumb\"},\"inLanguage\":\"hu\",\"potentialAction\":[{\"@type\":\"ReadAction\",\"target\":[\"https:\/\/primorcosmetics.com\/hu\/markak-old\/nike\/\"]}]},{\"@type\":\"ImageObject\",\"inLanguage\":\"hu\",\"@id\":\"https:\/\/primorcosmetics.com\/hu\/markak-old\/nike\/#primaryimage\",\"url\":\"https:\/\/primorcosmetics.com\/wp-content\/uploads\/2021\/12\/Nike-Ultracolors-visual-1002x1024.jpg\",\"contentUrl\":\"https:\/\/primorcosmetics.com\/wp-content\/uploads\/2021\/12\/Nike-Ultracolors-visual-1002x1024.jpg\"},{\"@type\":\"BreadcrumbList\",\"@id\":\"https:\/\/primorcosmetics.com\/hu\/markak-old\/nike\/#breadcrumb\",\"itemListElement\":[{\"@type\":\"ListItem\",\"position\":1,\"name\":\"Home\",\"item\":\"https:\/\/primorcosmetics.com\/hu\/\"},{\"@type\":\"ListItem\",\"position\":2,\"name\":\"M\u00e1rk\u00e1k\",\"item\":\"https:\/\/primorcosmetics.com\/hu\/markak-old\/\"},{\"@type\":\"ListItem\",\"position\":3,\"name\":\"Nike\"}]},{\"@type\":\"WebSite\",\"@id\":\"https:\/\/primorcosmetics.com\/#website\",\"url\":\"https:\/\/primorcosmetics.com\/\",\"name\":\"Prim\u0151r Cosmetics\",\"description\":\"Prim\u0151r Cosmetics Leading Hungarian beauty and cosmetics distributor\",\"publisher\":{\"@id\":\"https:\/\/primorcosmetics.com\/#organization\"},\"potentialAction\":[{\"@type\":\"SearchAction\",\"target\":{\"@type\":\"EntryPoint\",\"urlTemplate\":\"https:\/\/primorcosmetics.com\/?s={search_term_string}\"},\"query-input\":{\"@type\":\"PropertyValueSpecification\",\"valueRequired\":true,\"valueName\":\"search_term_string\"}}],\"inLanguage\":\"hu\"},{\"@type\":\"Organization\",\"@id\":\"https:\/\/primorcosmetics.com\/#organization\",\"name\":\"Prim\u0151r Kozmetikai Kft.\",\"url\":\"https:\/\/primorcosmetics.com\/\",\"logo\":{\"@type\":\"ImageObject\",\"inLanguage\":\"hu\",\"@id\":\"https:\/\/primorcosmetics.com\/#\/schema\/logo\/image\/\",\"url\":\"https:\/\/primorcosmetics.com\/wp-content\/uploads\/2021\/12\/Primor_logo_icon_lockup_color.jpg\",\"contentUrl\":\"https:\/\/primorcosmetics.com\/wp-content\/uploads\/2021\/12\/Primor_logo_icon_lockup_color.jpg\",\"width\":1920,\"height\":1080,\"caption\":\"Prim\u0151r Kozmetikai Kft.\"},\"image\":{\"@id\":\"https:\/\/primorcosmetics.com\/#\/schema\/logo\/image\/\"},\"sameAs\":[\"https:\/\/www.facebook.com\/primorcosmetics\",\"https:\/\/www.instagram.com\/primorcosmetics\/\",\"https:\/\/www.linkedin.com\/company\/primorcosmetics\/mycompany\/\",\"https:\/\/www.youtube.com\/channel\/UCd3Uei375tM1XLkCMPhALWQ\"]}]}<\/script>\n<!-- \/ Yoast SEO plugin. -->","yoast_head_json":{"title":"Nike - Prim\u0151r Cosmetics","robots":{"index":"index","follow":"follow","max-snippet":"max-snippet:-1","max-image-preview":"max-image-preview:large","max-video-preview":"max-video-preview:-1"},"canonical":"https:\/\/primorcosmetics.com\/hu\/markak-old\/nike\/","og_locale":"hu_HU","og_type":"article","og_title":"Nike - Prim\u0151r Cosmetics","og_description":"Nike Az er\u0151t \u00e9s energi\u00e1t t\u00fckr\u00f6z\u0151 Nike-t hivatalosan 1929-ben alap\u00edtott\u00e1k, mely az\u00f3ta kozmetikai k\u00e9sz\u00edtm\u00e9nyek sz\u00e9les sk\u00e1l\u00e1j\u00e1t k\u00e9pviseli. Az elm\u00falt 9 \u00e9vtized alatt mai ig\u00e9nyekre szabott parf\u00fcm- \u00e9s test\u00e1pol\u00e1si term\u00e9keket fejlesztettek ki, melyeket az\u00f3ta t\u00f6bb mint 70 orsz\u00e1gban, 5 kontinensen, t\u00f6bb milli\u00f3 fogyaszt\u00f3nak forgalmaznak. A m\u00e1rka folyamatos innov\u00e1ci\u00f3kon dolgozik, hogy kiv\u00e1l\u00f3 min\u0151s\u00e9g\u0171 term\u00e9keket k\u00edn\u00e1ljanak, meg\u0151rizve az [&hellip;]","og_url":"https:\/\/primorcosmetics.com\/hu\/markak-old\/nike\/","og_site_name":"Prim\u0151r Cosmetics","article_publisher":"https:\/\/www.facebook.com\/primorcosmetics","article_modified_time":"2022-07-05T14:36:58+00:00","og_image":[{"url":"https:\/\/primorcosmetics.com\/wp-content\/uploads\/2021\/12\/Nike-Ultracolors-visual-1002x1024.jpg","type":"","width":"","height":""}],"twitter_card":"summary_large_image","twitter_misc":{"Becs\u00fclt olvas\u00e1si id\u0151":"2 perc"},"schema":{"@context":"https:\/\/schema.org","@graph":[{"@type":"WebPage","@id":"https:\/\/primorcosmetics.com\/hu\/markak-old\/nike\/","url":"https:\/\/primorcosmetics.com\/hu\/markak-old\/nike\/","name":"Nike - Prim\u0151r Cosmetics","isPartOf":{"@id":"https:\/\/primorcosmetics.com\/#website"},"primaryImageOfPage":{"@id":"https:\/\/primorcosmetics.com\/hu\/markak-old\/nike\/#primaryimage"},"image":{"@id":"https:\/\/primorcosmetics.com\/hu\/markak-old\/nike\/#primaryimage"},"thumbnailUrl":"https:\/\/primorcosmetics.com\/wp-content\/uploads\/2021\/12\/Nike-Ultracolors-visual-1002x1024.jpg","datePublished":"2021-12-20T19:59:28+00:00","dateModified":"2022-07-05T14:36:58+00:00","breadcrumb":{"@id":"https:\/\/primorcosmetics.com\/hu\/markak-old\/nike\/#breadcrumb"},"inLanguage":"hu","potentialAction":[{"@type":"ReadAction","target":["https:\/\/primorcosmetics.com\/hu\/markak-old\/nike\/"]}]},{"@type":"ImageObject","inLanguage":"hu","@id":"https:\/\/primorcosmetics.com\/hu\/markak-old\/nike\/#primaryimage","url":"https:\/\/primorcosmetics.com\/wp-content\/uploads\/2021\/12\/Nike-Ultracolors-visual-1002x1024.jpg","contentUrl":"https:\/\/primorcosmetics.com\/wp-content\/uploads\/2021\/12\/Nike-Ultracolors-visual-1002x1024.jpg"},{"@type":"BreadcrumbList","@id":"https:\/\/primorcosmetics.com\/hu\/markak-old\/nike\/#breadcrumb","itemListElement":[{"@type":"ListItem","position":1,"name":"Home","item":"https:\/\/primorcosmetics.com\/hu\/"},{"@type":"ListItem","position":2,"name":"M\u00e1rk\u00e1k","item":"https:\/\/primorcosmetics.com\/hu\/markak-old\/"},{"@type":"ListItem","position":3,"name":"Nike"}]},{"@type":"WebSite","@id":"https:\/\/primorcosmetics.com\/#website","url":"https:\/\/primorcosmetics.com\/","name":"Prim\u0151r Cosmetics","description":"Prim\u0151r Cosmetics Leading Hungarian beauty and cosmetics distributor","publisher":{"@id":"https:\/\/primorcosmetics.com\/#organization"},"potentialAction":[{"@type":"SearchAction","target":{"@type":"EntryPoint","urlTemplate":"https:\/\/primorcosmetics.com\/?s={search_term_string}"},"query-input":{"@type":"PropertyValueSpecification","valueRequired":true,"valueName":"search_term_string"}}],"inLanguage":"hu"},{"@type":"Organization","@id":"https:\/\/primorcosmetics.com\/#organization","name":"Prim\u0151r Kozmetikai Kft.","url":"https:\/\/primorcosmetics.com\/","logo":{"@type":"ImageObject","inLanguage":"hu","@id":"https:\/\/primorcosmetics.com\/#\/schema\/logo\/image\/","url":"https:\/\/primorcosmetics.com\/wp-content\/uploads\/2021\/12\/Primor_logo_icon_lockup_color.jpg","contentUrl":"https:\/\/primorcosmetics.com\/wp-content\/uploads\/2021\/12\/Primor_logo_icon_lockup_color.jpg","width":1920,"height":1080,"caption":"Prim\u0151r Kozmetikai Kft."},"image":{"@id":"https:\/\/primorcosmetics.com\/#\/schema\/logo\/image\/"},"sameAs":["https:\/\/www.facebook.com\/primorcosmetics","https:\/\/www.instagram.com\/primorcosmetics\/","https:\/\/www.linkedin.com\/company\/primorcosmetics\/mycompany\/","https:\/\/www.youtube.com\/channel\/UCd3Uei375tM1XLkCMPhALWQ"]}]}},"_links":{"self":[{"href":"https:\/\/primorcosmetics.com\/hu\/wp-json\/wp\/v2\/pages\/1727","targetHints":{"allow":["GET"]}}],"collection":[{"href":"https:\/\/primorcosmetics.com\/hu\/wp-json\/wp\/v2\/pages"}],"about":[{"href":"https:\/\/primorcosmetics.com\/hu\/wp-json\/wp\/v2\/types\/page"}],"author":[{"embeddable":true,"href":"https:\/\/primorcosmetics.com\/hu\/wp-json\/wp\/v2\/users\/2"}],"replies":[{"embeddable":true,"href":"https:\/\/primorcosmetics.com\/hu\/wp-json\/wp\/v2\/comments?post=1727"}],"version-history":[{"count":1,"href":"https:\/\/primorcosmetics.com\/hu\/wp-json\/wp\/v2\/pages\/1727\/revisions"}],"predecessor-version":[{"id":1728,"href":"https:\/\/primorcosmetics.com\/hu\/wp-json\/wp\/v2\/pages\/1727\/revisions\/1728"}],"up":[{"embeddable":true,"href":"https:\/\/primorcosmetics.com\/hu\/wp-json\/wp\/v2\/pages\/1659"}],"wp:attachment":[{"href":"https:\/\/primorcosmetics.com\/hu\/wp-json\/wp\/v2\/media?parent=1727"}],"curies":[{"name":"wp","href":"https:\/\/api.w.org\/{rel}","templated":true}]}}