{"id":1729,"date":"2021-12-20T20:04:24","date_gmt":"2021-12-20T20:04:24","guid":{"rendered":"https:\/\/primorcosmetics.com\/markak\/halloween\/"},"modified":"2022-07-05T14:41:21","modified_gmt":"2022-07-05T14:41:21","slug":"halloween","status":"publish","type":"page","link":"https:\/\/primorcosmetics.com\/hu\/markak-old\/halloween\/","title":{"rendered":"Halloween"},"content":{"rendered":"\t\t<div data-elementor-type=\"wp-page\" data-elementor-id=\"1729\" class=\"elementor elementor-1729 elementor-320\" data-elementor-post-type=\"page\">\n\t\t\t\t\t\t<section class=\"elementor-section elementor-top-section elementor-element elementor-element-1a60289 elementor-section-boxed elementor-section-height-default elementor-section-height-default\" data-id=\"1a60289\" data-element_type=\"section\">\n\t\t\t\t\t\t<div class=\"elementor-container elementor-column-gap-default\">\n\t\t\t\t\t<div class=\"elementor-column elementor-col-100 elementor-top-column elementor-element elementor-element-bbd7392\" data-id=\"bbd7392\" data-element_type=\"column\">\n\t\t\t<div class=\"elementor-widget-wrap\">\n\t\t\t\t\t\t\t<\/div>\n\t\t<\/div>\n\t\t\t\t\t<\/div>\n\t\t<\/section>\n\t\t\t\t<section class=\"elementor-section elementor-top-section elementor-element elementor-element-895bee5 elementor-section-boxed elementor-section-height-default elementor-section-height-default\" data-id=\"895bee5\" data-element_type=\"section\">\n\t\t\t\t\t\t<div class=\"elementor-container elementor-column-gap-default\">\n\t\t\t\t\t<div class=\"elementor-column elementor-col-100 elementor-top-column elementor-element elementor-element-d7443bc\" data-id=\"d7443bc\" data-element_type=\"column\">\n\t\t\t<div class=\"elementor-widget-wrap elementor-element-populated\">\n\t\t\t\t\t\t<div class=\"elementor-element elementor-element-de978f0 elementor-widget elementor-widget-spacer\" data-id=\"de978f0\" data-element_type=\"widget\" data-widget_type=\"spacer.default\">\n\t\t\t\t<div class=\"elementor-widget-container\">\n\t\t\t\t\t\t\t<div class=\"elementor-spacer\">\n\t\t\t<div class=\"elementor-spacer-inner\"><\/div>\n\t\t<\/div>\n\t\t\t\t\t\t<\/div>\n\t\t\t\t<\/div>\n\t\t\t\t\t<\/div>\n\t\t<\/div>\n\t\t\t\t\t<\/div>\n\t\t<\/section>\n\t\t\t\t<section class=\"elementor-section elementor-top-section elementor-element elementor-element-522204b elementor-section-boxed elementor-section-height-default elementor-section-height-default\" data-id=\"522204b\" data-element_type=\"section\">\n\t\t\t\t\t\t<div class=\"elementor-container elementor-column-gap-default\">\n\t\t\t\t\t<div class=\"elementor-column elementor-col-100 elementor-top-column elementor-element elementor-element-a90f324\" data-id=\"a90f324\" data-element_type=\"column\">\n\t\t\t<div class=\"elementor-widget-wrap elementor-element-populated\">\n\t\t\t\t\t\t<div class=\"elementor-element elementor-element-f9c6f60 elementor-widget elementor-widget-heading\" data-id=\"f9c6f60\" data-element_type=\"widget\" data-widget_type=\"heading.default\">\n\t\t\t\t<div class=\"elementor-widget-container\">\n\t\t\t\t\t<h1 class=\"elementor-heading-title elementor-size-default\">Halloween<\/h1>\t\t\t\t<\/div>\n\t\t\t\t<\/div>\n\t\t\t\t\t<\/div>\n\t\t<\/div>\n\t\t\t\t\t<\/div>\n\t\t<\/section>\n\t\t\t\t<section class=\"elementor-section elementor-top-section elementor-element elementor-element-5bebc7f elementor-section-boxed elementor-section-height-default elementor-section-height-default\" data-id=\"5bebc7f\" data-element_type=\"section\">\n\t\t\t\t\t\t<div class=\"elementor-container elementor-column-gap-default\">\n\t\t\t\t\t<div class=\"elementor-column elementor-col-100 elementor-top-column elementor-element elementor-element-44198d4\" data-id=\"44198d4\" data-element_type=\"column\">\n\t\t\t<div class=\"elementor-widget-wrap elementor-element-populated\">\n\t\t\t\t\t\t<div class=\"elementor-element elementor-element-04171c3 elementor-widget elementor-widget-spacer\" data-id=\"04171c3\" data-element_type=\"widget\" data-widget_type=\"spacer.default\">\n\t\t\t\t<div class=\"elementor-widget-container\">\n\t\t\t\t\t\t\t<div class=\"elementor-spacer\">\n\t\t\t<div class=\"elementor-spacer-inner\"><\/div>\n\t\t<\/div>\n\t\t\t\t\t\t<\/div>\n\t\t\t\t<\/div>\n\t\t\t\t\t<\/div>\n\t\t<\/div>\n\t\t\t\t\t<\/div>\n\t\t<\/section>\n\t\t\t\t<section class=\"elementor-section elementor-top-section elementor-element elementor-element-896add9 elementor-section-boxed elementor-section-height-default elementor-section-height-default\" data-id=\"896add9\" data-element_type=\"section\">\n\t\t\t\t\t\t<div class=\"elementor-container elementor-column-gap-default\">\n\t\t\t\t\t<div class=\"elementor-column elementor-col-50 elementor-top-column elementor-element elementor-element-3e24276\" data-id=\"3e24276\" data-element_type=\"column\">\n\t\t\t<div class=\"elementor-widget-wrap elementor-element-populated\">\n\t\t\t\t\t\t<div class=\"elementor-element elementor-element-4f9bd72 elementor-widget elementor-widget-text-editor\" data-id=\"4f9bd72\" data-element_type=\"widget\" data-widget_type=\"text-editor.default\">\n\t\t\t\t<div class=\"elementor-widget-container\">\n\t\t\t\t\t\t\t\t\t<p>L\u00e9pj be a var\u00e1zslat, a fiatals\u00e1g \u00e9s a rejt\u00e9lyek vil\u00e1g\u00e1ba!<\/p><p>A HALLOWEEN egy nyughatatlan m\u00e1rka, amely az \u00faj \u00e9lm\u00e9nyek kipr\u00f3b\u00e1l\u00e1s\u00e1ra b\u00e1tor\u00edt. Minden parf\u00fcm ugyanarra a filoz\u00f3fi\u00e1ra \u00e9p\u00fcl: hosszantart\u00f3 illat, jellegzetes domin\u00e1ns jegyekkel. A Halloween illat 1997-ben ker\u00fclt vil\u00e1gszerte a piacra, sikere az\u00f3ta is t\u00f6retlen.<\/p>\t\t\t\t\t\t\t\t<\/div>\n\t\t\t\t<\/div>\n\t\t\t\t<div class=\"elementor-element elementor-element-78291fc elementor-widget elementor-widget-heading\" data-id=\"78291fc\" data-element_type=\"widget\" data-widget_type=\"heading.default\">\n\t\t\t\t<div class=\"elementor-widget-container\">\n\t\t\t\t\t<h2 class=\"elementor-heading-title elementor-size-default\">Halloween \u00e9rt\u00e9kek<\/h2>\t\t\t\t<\/div>\n\t\t\t\t<\/div>\n\t\t\t\t<div class=\"elementor-element elementor-element-51a330c elementor-widget elementor-widget-text-editor\" data-id=\"51a330c\" data-element_type=\"widget\" data-widget_type=\"text-editor.default\">\n\t\t\t\t<div class=\"elementor-widget-container\">\n\t\t\t\t\t\t\t\t\t<p>Jesus Del Pozo<\/p><p>A Halloween parf\u00fcm m\u00e1rka megihlet\u0151je, Madridban sz\u00fcletett. Iskol\u00e1it sz\u00e9les spektrumon v\u00e9gezte, az ipari m\u00e9rn\u00f6ki szakt\u00f3l eg\u00e9szen az enteri\u0151r design-on \u00e1t az \u00e9p\u00edt\u00e9szetig. Fiatal \u00e9veiben beutazta eg\u00e9sz Eur\u00f3p\u00e1t f\u0151iskolai tanulm\u00e1nyai sor\u00e1n, m\u00edg v\u00e9g\u00fcl a design \u00e9s a fest\u00e9s lett a kiv\u00e1lasztott tudom\u00e1ny\u00e1ga. Munk\u00e1j\u00e1t sz\u00e1mos &#8211; a \u2019Legjobb nemzetk\u00f6zi kollekci\u00f3\u2019, \u2019Legjobb divattervez\u0151\u2019, \u2019A spanyol divatvil\u00e1g ikonja\u2019 &#8211; d\u00edjjal ismert\u00e9k el. Jes\u00fas del Pozo a text\u00far\u00e1k \u00e9s a min\u0151s\u00e9g mestere. Elk\u00e9pzel\u00e9sei szerint alak\u00edtja a textileket, melyeket a n\u0151i testre adapt\u00e1l \u00e1t. Jesus Del Pozo minden egyes kre\u00e1ci\u00f3ja a form\u00e1k, a sz\u00ednek, a text\u00far\u00e1k szint\u00e9zis\u00e9nek \u00e9s absztrakci\u00f3s folyamat\u00e1nak eredm\u00e9nye. <\/p><p>A Halloween parf\u00fcm\u00f6k f\u0151 jellemz\u0151i az elegancia, egyedis\u00e9g, minimalizmus \u00e9s \u00e9rz\u00e9kis\u00e9g. Az illatokat, trendk\u00f6vet\u0151, \u00e1lmodoz\u00f3 term\u00e9szet\u0171 fiatal n\u0151knek, illetve vag\u00e1ny \u00e9s adrenalinkedvel\u0151 fiatal f\u00e9rfiaknak tervezt\u00e9k. A Halloween kollekci\u00f3iban k\u00fcl\u00f6nb\u00f6z\u0151 karakter\u0171 illatok is felfedezhet\u0151ek, amelyb\u0151l sokak megtudj\u00e1k tal\u00e1lni kedvenc\u00fcket. Mind a n\u0151i mind a f\u00e9rfi illatok Eau de Toilette-ek, amelyek h\u00edresek egyedi illatjegyeikr\u0151l \u00e9s tart\u00f3ss\u00e1gukr\u00f3l.<\/p><p>A Halloween parf\u00fcm\u00f6k a drog\u00e9ri\u00e1kban \u00e9s online \u00e9rhet\u0151ek el.<\/p>\t\t\t\t\t\t\t\t<\/div>\n\t\t\t\t<\/div>\n\t\t\t\t<div class=\"elementor-element elementor-element-58ca072 elementor-align-center elementor-widget elementor-widget-button\" data-id=\"58ca072\" data-element_type=\"widget\" data-widget_type=\"button.default\">\n\t\t\t\t<div class=\"elementor-widget-container\">\n\t\t\t\t\t\t\t\t\t<div class=\"elementor-button-wrapper\">\n\t\t\t\t\t<a class=\"elementor-button elementor-button-link elementor-size-sm\" href=\"https:\/\/primorcosmetics.com\/hu\/kapcsolat\/\">\n\t\t\t\t\t\t<span class=\"elementor-button-content-wrapper\">\n\t\t\t\t\t\t\t\t\t<span class=\"elementor-button-text\">Kapcsolat<\/span>\n\t\t\t\t\t<\/span>\n\t\t\t\t\t<\/a>\n\t\t\t\t<\/div>\n\t\t\t\t\t\t\t\t<\/div>\n\t\t\t\t<\/div>\n\t\t\t\t\t<\/div>\n\t\t<\/div>\n\t\t\t\t<div class=\"elementor-column elementor-col-50 elementor-top-column elementor-element elementor-element-a2affe2\" data-id=\"a2affe2\" data-element_type=\"column\">\n\t\t\t<div class=\"elementor-widget-wrap elementor-element-populated\">\n\t\t\t\t\t\t<div class=\"elementor-element elementor-element-7fe6cd9 elementor-widget elementor-widget-image\" data-id=\"7fe6cd9\" data-element_type=\"widget\" data-widget_type=\"image.default\">\n\t\t\t\t<div class=\"elementor-widget-container\">\n\t\t\t\t\t\t\t\t\t\t\t\t\t\t\t<img fetchpriority=\"high\" decoding=\"async\" width=\"670\" height=\"474\" src=\"https:\/\/primorcosmetics.com\/wp-content\/uploads\/2021\/12\/Halloweenperfumes-visual.jpg\" class=\"attachment-large size-large wp-image-1446\" alt=\"Halloween parf\u00fcm\u00f6k\" srcset=\"https:\/\/primorcosmetics.com\/wp-content\/uploads\/2021\/12\/Halloweenperfumes-visual.jpg 670w, https:\/\/primorcosmetics.com\/wp-content\/uploads\/2021\/12\/Halloweenperfumes-visual-300x212.jpg 300w\" sizes=\"(max-width: 670px) 100vw, 670px\" \/>\t\t\t\t\t\t\t\t\t\t\t\t\t\t\t<\/div>\n\t\t\t\t<\/div>\n\t\t\t\t\t<\/div>\n\t\t<\/div>\n\t\t\t\t\t<\/div>\n\t\t<\/section>\n\t\t\t\t<\/div>\n\t\t","protected":false},"excerpt":{"rendered":"<p>Halloween L\u00e9pj be a var\u00e1zslat, a fiatals\u00e1g \u00e9s a rejt\u00e9lyek vil\u00e1g\u00e1ba! A HALLOWEEN egy nyughatatlan m\u00e1rka, amely az \u00faj \u00e9lm\u00e9nyek kipr\u00f3b\u00e1l\u00e1s\u00e1ra b\u00e1tor\u00edt. Minden parf\u00fcm ugyanarra a filoz\u00f3fi\u00e1ra \u00e9p\u00fcl: hosszantart\u00f3 illat, jellegzetes domin\u00e1ns jegyekkel. A Halloween illat 1997-ben ker\u00fclt vil\u00e1gszerte a piacra, sikere az\u00f3ta is t\u00f6retlen. Halloween \u00e9rt\u00e9kek Jesus Del Pozo A Halloween parf\u00fcm m\u00e1rka megihlet\u0151je, [&hellip;]<\/p>\n","protected":false},"author":2,"featured_media":0,"parent":1659,"menu_order":0,"comment_status":"closed","ping_status":"closed","template":"","meta":{"footnotes":""},"class_list":["post-1729","page","type-page","status-publish","hentry"],"yoast_head":"<!-- This site is optimized with the Yoast SEO plugin v25.7 - https:\/\/yoast.com\/wordpress\/plugins\/seo\/ -->\n<title>Halloween - Prim\u0151r Cosmetics<\/title>\n<meta name=\"robots\" content=\"index, follow, max-snippet:-1, max-image-preview:large, max-video-preview:-1\" \/>\n<link rel=\"canonical\" href=\"https:\/\/primorcosmetics.com\/hu\/markak-old\/halloween\/\" \/>\n<meta property=\"og:locale\" content=\"hu_HU\" \/>\n<meta property=\"og:type\" content=\"article\" \/>\n<meta property=\"og:title\" content=\"Halloween - Prim\u0151r Cosmetics\" \/>\n<meta property=\"og:description\" content=\"Halloween L\u00e9pj be a var\u00e1zslat, a fiatals\u00e1g \u00e9s a rejt\u00e9lyek vil\u00e1g\u00e1ba! A HALLOWEEN egy nyughatatlan m\u00e1rka, amely az \u00faj \u00e9lm\u00e9nyek kipr\u00f3b\u00e1l\u00e1s\u00e1ra b\u00e1tor\u00edt. Minden parf\u00fcm ugyanarra a filoz\u00f3fi\u00e1ra \u00e9p\u00fcl: hosszantart\u00f3 illat, jellegzetes domin\u00e1ns jegyekkel. A Halloween illat 1997-ben ker\u00fclt vil\u00e1gszerte a piacra, sikere az\u00f3ta is t\u00f6retlen. Halloween \u00e9rt\u00e9kek Jesus Del Pozo A Halloween parf\u00fcm m\u00e1rka megihlet\u0151je, [&hellip;]\" \/>\n<meta property=\"og:url\" content=\"https:\/\/primorcosmetics.com\/hu\/markak-old\/halloween\/\" \/>\n<meta property=\"og:site_name\" content=\"Prim\u0151r Cosmetics\" \/>\n<meta property=\"article:publisher\" content=\"https:\/\/www.facebook.com\/primorcosmetics\" \/>\n<meta property=\"article:modified_time\" content=\"2022-07-05T14:41:21+00:00\" \/>\n<meta property=\"og:image\" content=\"https:\/\/primorcosmetics.com\/wp-content\/uploads\/2021\/12\/Halloweenperfumes-visual.jpg\" \/>\n<meta name=\"twitter:card\" content=\"summary_large_image\" \/>\n<meta name=\"twitter:label1\" content=\"Becs\u00fclt olvas\u00e1si id\u0151\" \/>\n\t<meta name=\"twitter:data1\" content=\"2 perc\" \/>\n<script type=\"application\/ld+json\" class=\"yoast-schema-graph\">{\"@context\":\"https:\/\/schema.org\",\"@graph\":[{\"@type\":\"WebPage\",\"@id\":\"https:\/\/primorcosmetics.com\/hu\/markak-old\/halloween\/\",\"url\":\"https:\/\/primorcosmetics.com\/hu\/markak-old\/halloween\/\",\"name\":\"Halloween - Prim\u0151r Cosmetics\",\"isPartOf\":{\"@id\":\"https:\/\/primorcosmetics.com\/#website\"},\"primaryImageOfPage\":{\"@id\":\"https:\/\/primorcosmetics.com\/hu\/markak-old\/halloween\/#primaryimage\"},\"image\":{\"@id\":\"https:\/\/primorcosmetics.com\/hu\/markak-old\/halloween\/#primaryimage\"},\"thumbnailUrl\":\"https:\/\/primorcosmetics.com\/wp-content\/uploads\/2021\/12\/Halloweenperfumes-visual.jpg\",\"datePublished\":\"2021-12-20T20:04:24+00:00\",\"dateModified\":\"2022-07-05T14:41:21+00:00\",\"breadcrumb\":{\"@id\":\"https:\/\/primorcosmetics.com\/hu\/markak-old\/halloween\/#breadcrumb\"},\"inLanguage\":\"hu\",\"potentialAction\":[{\"@type\":\"ReadAction\",\"target\":[\"https:\/\/primorcosmetics.com\/hu\/markak-old\/halloween\/\"]}]},{\"@type\":\"ImageObject\",\"inLanguage\":\"hu\",\"@id\":\"https:\/\/primorcosmetics.com\/hu\/markak-old\/halloween\/#primaryimage\",\"url\":\"https:\/\/primorcosmetics.com\/wp-content\/uploads\/2021\/12\/Halloweenperfumes-visual.jpg\",\"contentUrl\":\"https:\/\/primorcosmetics.com\/wp-content\/uploads\/2021\/12\/Halloweenperfumes-visual.jpg\"},{\"@type\":\"BreadcrumbList\",\"@id\":\"https:\/\/primorcosmetics.com\/hu\/markak-old\/halloween\/#breadcrumb\",\"itemListElement\":[{\"@type\":\"ListItem\",\"position\":1,\"name\":\"Home\",\"item\":\"https:\/\/primorcosmetics.com\/hu\/\"},{\"@type\":\"ListItem\",\"position\":2,\"name\":\"M\u00e1rk\u00e1k\",\"item\":\"https:\/\/primorcosmetics.com\/hu\/markak-old\/\"},{\"@type\":\"ListItem\",\"position\":3,\"name\":\"Halloween\"}]},{\"@type\":\"WebSite\",\"@id\":\"https:\/\/primorcosmetics.com\/#website\",\"url\":\"https:\/\/primorcosmetics.com\/\",\"name\":\"Prim\u0151r Cosmetics\",\"description\":\"Prim\u0151r Cosmetics Leading Hungarian beauty and cosmetics distributor\",\"publisher\":{\"@id\":\"https:\/\/primorcosmetics.com\/#organization\"},\"potentialAction\":[{\"@type\":\"SearchAction\",\"target\":{\"@type\":\"EntryPoint\",\"urlTemplate\":\"https:\/\/primorcosmetics.com\/?s={search_term_string}\"},\"query-input\":{\"@type\":\"PropertyValueSpecification\",\"valueRequired\":true,\"valueName\":\"search_term_string\"}}],\"inLanguage\":\"hu\"},{\"@type\":\"Organization\",\"@id\":\"https:\/\/primorcosmetics.com\/#organization\",\"name\":\"Prim\u0151r Kozmetikai Kft.\",\"url\":\"https:\/\/primorcosmetics.com\/\",\"logo\":{\"@type\":\"ImageObject\",\"inLanguage\":\"hu\",\"@id\":\"https:\/\/primorcosmetics.com\/#\/schema\/logo\/image\/\",\"url\":\"https:\/\/primorcosmetics.com\/wp-content\/uploads\/2021\/12\/Primor_logo_icon_lockup_color.jpg\",\"contentUrl\":\"https:\/\/primorcosmetics.com\/wp-content\/uploads\/2021\/12\/Primor_logo_icon_lockup_color.jpg\",\"width\":1920,\"height\":1080,\"caption\":\"Prim\u0151r Kozmetikai Kft.\"},\"image\":{\"@id\":\"https:\/\/primorcosmetics.com\/#\/schema\/logo\/image\/\"},\"sameAs\":[\"https:\/\/www.facebook.com\/primorcosmetics\",\"https:\/\/www.instagram.com\/primorcosmetics\/\",\"https:\/\/www.linkedin.com\/company\/primorcosmetics\/mycompany\/\",\"https:\/\/www.youtube.com\/channel\/UCd3Uei375tM1XLkCMPhALWQ\"]}]}<\/script>\n<!-- \/ Yoast SEO plugin. -->","yoast_head_json":{"title":"Halloween - Prim\u0151r Cosmetics","robots":{"index":"index","follow":"follow","max-snippet":"max-snippet:-1","max-image-preview":"max-image-preview:large","max-video-preview":"max-video-preview:-1"},"canonical":"https:\/\/primorcosmetics.com\/hu\/markak-old\/halloween\/","og_locale":"hu_HU","og_type":"article","og_title":"Halloween - Prim\u0151r Cosmetics","og_description":"Halloween L\u00e9pj be a var\u00e1zslat, a fiatals\u00e1g \u00e9s a rejt\u00e9lyek vil\u00e1g\u00e1ba! A HALLOWEEN egy nyughatatlan m\u00e1rka, amely az \u00faj \u00e9lm\u00e9nyek kipr\u00f3b\u00e1l\u00e1s\u00e1ra b\u00e1tor\u00edt. Minden parf\u00fcm ugyanarra a filoz\u00f3fi\u00e1ra \u00e9p\u00fcl: hosszantart\u00f3 illat, jellegzetes domin\u00e1ns jegyekkel. A Halloween illat 1997-ben ker\u00fclt vil\u00e1gszerte a piacra, sikere az\u00f3ta is t\u00f6retlen. Halloween \u00e9rt\u00e9kek Jesus Del Pozo A Halloween parf\u00fcm m\u00e1rka megihlet\u0151je, [&hellip;]","og_url":"https:\/\/primorcosmetics.com\/hu\/markak-old\/halloween\/","og_site_name":"Prim\u0151r Cosmetics","article_publisher":"https:\/\/www.facebook.com\/primorcosmetics","article_modified_time":"2022-07-05T14:41:21+00:00","og_image":[{"url":"https:\/\/primorcosmetics.com\/wp-content\/uploads\/2021\/12\/Halloweenperfumes-visual.jpg","type":"","width":"","height":""}],"twitter_card":"summary_large_image","twitter_misc":{"Becs\u00fclt olvas\u00e1si id\u0151":"2 perc"},"schema":{"@context":"https:\/\/schema.org","@graph":[{"@type":"WebPage","@id":"https:\/\/primorcosmetics.com\/hu\/markak-old\/halloween\/","url":"https:\/\/primorcosmetics.com\/hu\/markak-old\/halloween\/","name":"Halloween - Prim\u0151r Cosmetics","isPartOf":{"@id":"https:\/\/primorcosmetics.com\/#website"},"primaryImageOfPage":{"@id":"https:\/\/primorcosmetics.com\/hu\/markak-old\/halloween\/#primaryimage"},"image":{"@id":"https:\/\/primorcosmetics.com\/hu\/markak-old\/halloween\/#primaryimage"},"thumbnailUrl":"https:\/\/primorcosmetics.com\/wp-content\/uploads\/2021\/12\/Halloweenperfumes-visual.jpg","datePublished":"2021-12-20T20:04:24+00:00","dateModified":"2022-07-05T14:41:21+00:00","breadcrumb":{"@id":"https:\/\/primorcosmetics.com\/hu\/markak-old\/halloween\/#breadcrumb"},"inLanguage":"hu","potentialAction":[{"@type":"ReadAction","target":["https:\/\/primorcosmetics.com\/hu\/markak-old\/halloween\/"]}]},{"@type":"ImageObject","inLanguage":"hu","@id":"https:\/\/primorcosmetics.com\/hu\/markak-old\/halloween\/#primaryimage","url":"https:\/\/primorcosmetics.com\/wp-content\/uploads\/2021\/12\/Halloweenperfumes-visual.jpg","contentUrl":"https:\/\/primorcosmetics.com\/wp-content\/uploads\/2021\/12\/Halloweenperfumes-visual.jpg"},{"@type":"BreadcrumbList","@id":"https:\/\/primorcosmetics.com\/hu\/markak-old\/halloween\/#breadcrumb","itemListElement":[{"@type":"ListItem","position":1,"name":"Home","item":"https:\/\/primorcosmetics.com\/hu\/"},{"@type":"ListItem","position":2,"name":"M\u00e1rk\u00e1k","item":"https:\/\/primorcosmetics.com\/hu\/markak-old\/"},{"@type":"ListItem","position":3,"name":"Halloween"}]},{"@type":"WebSite","@id":"https:\/\/primorcosmetics.com\/#website","url":"https:\/\/primorcosmetics.com\/","name":"Prim\u0151r Cosmetics","description":"Prim\u0151r Cosmetics Leading Hungarian beauty and cosmetics distributor","publisher":{"@id":"https:\/\/primorcosmetics.com\/#organization"},"potentialAction":[{"@type":"SearchAction","target":{"@type":"EntryPoint","urlTemplate":"https:\/\/primorcosmetics.com\/?s={search_term_string}"},"query-input":{"@type":"PropertyValueSpecification","valueRequired":true,"valueName":"search_term_string"}}],"inLanguage":"hu"},{"@type":"Organization","@id":"https:\/\/primorcosmetics.com\/#organization","name":"Prim\u0151r Kozmetikai Kft.","url":"https:\/\/primorcosmetics.com\/","logo":{"@type":"ImageObject","inLanguage":"hu","@id":"https:\/\/primorcosmetics.com\/#\/schema\/logo\/image\/","url":"https:\/\/primorcosmetics.com\/wp-content\/uploads\/2021\/12\/Primor_logo_icon_lockup_color.jpg","contentUrl":"https:\/\/primorcosmetics.com\/wp-content\/uploads\/2021\/12\/Primor_logo_icon_lockup_color.jpg","width":1920,"height":1080,"caption":"Prim\u0151r Kozmetikai Kft."},"image":{"@id":"https:\/\/primorcosmetics.com\/#\/schema\/logo\/image\/"},"sameAs":["https:\/\/www.facebook.com\/primorcosmetics","https:\/\/www.instagram.com\/primorcosmetics\/","https:\/\/www.linkedin.com\/company\/primorcosmetics\/mycompany\/","https:\/\/www.youtube.com\/channel\/UCd3Uei375tM1XLkCMPhALWQ"]}]}},"_links":{"self":[{"href":"https:\/\/primorcosmetics.com\/hu\/wp-json\/wp\/v2\/pages\/1729","targetHints":{"allow":["GET"]}}],"collection":[{"href":"https:\/\/primorcosmetics.com\/hu\/wp-json\/wp\/v2\/pages"}],"about":[{"href":"https:\/\/primorcosmetics.com\/hu\/wp-json\/wp\/v2\/types\/page"}],"author":[{"embeddable":true,"href":"https:\/\/primorcosmetics.com\/hu\/wp-json\/wp\/v2\/users\/2"}],"replies":[{"embeddable":true,"href":"https:\/\/primorcosmetics.com\/hu\/wp-json\/wp\/v2\/comments?post=1729"}],"version-history":[{"count":1,"href":"https:\/\/primorcosmetics.com\/hu\/wp-json\/wp\/v2\/pages\/1729\/revisions"}],"predecessor-version":[{"id":1730,"href":"https:\/\/primorcosmetics.com\/hu\/wp-json\/wp\/v2\/pages\/1729\/revisions\/1730"}],"up":[{"embeddable":true,"href":"https:\/\/primorcosmetics.com\/hu\/wp-json\/wp\/v2\/pages\/1659"}],"wp:attachment":[{"href":"https:\/\/primorcosmetics.com\/hu\/wp-json\/wp\/v2\/media?parent=1729"}],"curies":[{"name":"wp","href":"https:\/\/api.w.org\/{rel}","templated":true}]}}