{"id":1735,"date":"2021-12-20T17:50:38","date_gmt":"2021-12-20T17:50:38","guid":{"rendered":"https:\/\/primorcosmetics.com\/markak\/palmers\/"},"modified":"2022-07-05T15:15:26","modified_gmt":"2022-07-05T15:15:26","slug":"palmers","status":"publish","type":"page","link":"https:\/\/primorcosmetics.com\/hu\/markak-old\/palmers\/","title":{"rendered":"Palmer&#8217;s"},"content":{"rendered":"\t\t<div data-elementor-type=\"wp-page\" data-elementor-id=\"1735\" class=\"elementor elementor-1735 elementor-262\" data-elementor-post-type=\"page\">\n\t\t\t\t\t\t<section class=\"elementor-section elementor-top-section elementor-element elementor-element-1a60289 elementor-section-boxed elementor-section-height-default elementor-section-height-default\" data-id=\"1a60289\" data-element_type=\"section\">\n\t\t\t\t\t\t<div class=\"elementor-container elementor-column-gap-default\">\n\t\t\t\t\t<div class=\"elementor-column elementor-col-100 elementor-top-column elementor-element elementor-element-bbd7392\" data-id=\"bbd7392\" data-element_type=\"column\">\n\t\t\t<div class=\"elementor-widget-wrap\">\n\t\t\t\t\t\t\t<\/div>\n\t\t<\/div>\n\t\t\t\t\t<\/div>\n\t\t<\/section>\n\t\t\t\t<section class=\"elementor-section elementor-top-section elementor-element elementor-element-895bee5 elementor-section-boxed elementor-section-height-default elementor-section-height-default\" data-id=\"895bee5\" data-element_type=\"section\">\n\t\t\t\t\t\t<div class=\"elementor-container elementor-column-gap-default\">\n\t\t\t\t\t<div class=\"elementor-column elementor-col-100 elementor-top-column elementor-element elementor-element-d7443bc\" data-id=\"d7443bc\" data-element_type=\"column\">\n\t\t\t<div class=\"elementor-widget-wrap elementor-element-populated\">\n\t\t\t\t\t\t<div class=\"elementor-element elementor-element-de978f0 elementor-widget elementor-widget-spacer\" data-id=\"de978f0\" data-element_type=\"widget\" data-widget_type=\"spacer.default\">\n\t\t\t\t<div class=\"elementor-widget-container\">\n\t\t\t\t\t\t\t<div class=\"elementor-spacer\">\n\t\t\t<div class=\"elementor-spacer-inner\"><\/div>\n\t\t<\/div>\n\t\t\t\t\t\t<\/div>\n\t\t\t\t<\/div>\n\t\t\t\t\t<\/div>\n\t\t<\/div>\n\t\t\t\t\t<\/div>\n\t\t<\/section>\n\t\t\t\t<section class=\"elementor-section elementor-top-section elementor-element elementor-element-522204b elementor-section-boxed elementor-section-height-default elementor-section-height-default\" data-id=\"522204b\" data-element_type=\"section\">\n\t\t\t\t\t\t<div class=\"elementor-container elementor-column-gap-default\">\n\t\t\t\t\t<div class=\"elementor-column elementor-col-100 elementor-top-column elementor-element elementor-element-a90f324\" data-id=\"a90f324\" data-element_type=\"column\">\n\t\t\t<div class=\"elementor-widget-wrap elementor-element-populated\">\n\t\t\t\t\t\t<div class=\"elementor-element elementor-element-f9c6f60 elementor-widget elementor-widget-heading\" data-id=\"f9c6f60\" data-element_type=\"widget\" data-widget_type=\"heading.default\">\n\t\t\t\t<div class=\"elementor-widget-container\">\n\t\t\t\t\t<h1 class=\"elementor-heading-title elementor-size-default\">Palmer's<\/h1>\t\t\t\t<\/div>\n\t\t\t\t<\/div>\n\t\t\t\t\t<\/div>\n\t\t<\/div>\n\t\t\t\t\t<\/div>\n\t\t<\/section>\n\t\t\t\t<section class=\"elementor-section elementor-top-section elementor-element elementor-element-5bebc7f elementor-section-boxed elementor-section-height-default elementor-section-height-default\" data-id=\"5bebc7f\" data-element_type=\"section\">\n\t\t\t\t\t\t<div class=\"elementor-container elementor-column-gap-default\">\n\t\t\t\t\t<div class=\"elementor-column elementor-col-100 elementor-top-column elementor-element elementor-element-44198d4\" data-id=\"44198d4\" data-element_type=\"column\">\n\t\t\t<div class=\"elementor-widget-wrap elementor-element-populated\">\n\t\t\t\t\t\t<div class=\"elementor-element elementor-element-04171c3 elementor-widget elementor-widget-spacer\" data-id=\"04171c3\" data-element_type=\"widget\" data-widget_type=\"spacer.default\">\n\t\t\t\t<div class=\"elementor-widget-container\">\n\t\t\t\t\t\t\t<div class=\"elementor-spacer\">\n\t\t\t<div class=\"elementor-spacer-inner\"><\/div>\n\t\t<\/div>\n\t\t\t\t\t\t<\/div>\n\t\t\t\t<\/div>\n\t\t\t\t\t<\/div>\n\t\t<\/div>\n\t\t\t\t\t<\/div>\n\t\t<\/section>\n\t\t\t\t<section class=\"elementor-section elementor-top-section elementor-element elementor-element-896add9 elementor-section-boxed elementor-section-height-default elementor-section-height-default\" data-id=\"896add9\" data-element_type=\"section\">\n\t\t\t\t\t\t<div class=\"elementor-container elementor-column-gap-default\">\n\t\t\t\t\t<div class=\"elementor-column elementor-col-50 elementor-top-column elementor-element elementor-element-3e24276\" data-id=\"3e24276\" data-element_type=\"column\">\n\t\t\t<div class=\"elementor-widget-wrap elementor-element-populated\">\n\t\t\t\t\t\t<div class=\"elementor-element elementor-element-4f9bd72 elementor-widget elementor-widget-text-editor\" data-id=\"4f9bd72\" data-element_type=\"widget\" data-widget_type=\"text-editor.default\">\n\t\t\t\t<div class=\"elementor-widget-container\">\n\t\t\t\t\t\t\t\t\t<p>A Palmer&#8217;s b\u0151r\u00e1pol\u00e1si m\u00e1rka a term\u00e9szetes k\u00f3kuszolaj \u00e9s kaka\u00f3vaj erej\u00e9vel ny\u00fajt megold\u00e1st a b\u0151rsz\u00e1razs\u00e1g, a terhess\u00e9gi cs\u00edkok \u00e9s a stri\u00e1k ellen. A term\u00e9kek term\u00e9szetes, fenntarthat\u00f3 forr\u00e1sb\u00f3l sz\u00e1rmaz\u00f3 \u00e9s b\u0151rgy\u00f3gy\u00e1sz \u00e1ltal tesztelt \u00f6sszetev\u0151ket tartalmaznak, ez\u00e1ltal biztos\u00edtva a min\u0151s\u00e9gi b\u0151r\u00e1pol\u00e1st.<\/p>\t\t\t\t\t\t\t\t<\/div>\n\t\t\t\t<\/div>\n\t\t\t\t<div class=\"elementor-element elementor-element-78291fc elementor-widget elementor-widget-heading\" data-id=\"78291fc\" data-element_type=\"widget\" data-widget_type=\"heading.default\">\n\t\t\t\t<div class=\"elementor-widget-container\">\n\t\t\t\t\t<h2 class=\"elementor-heading-title elementor-size-default\">Palmer's \u00e9rt\u00e9kek<\/h2>\t\t\t\t<\/div>\n\t\t\t\t<\/div>\n\t\t\t\t<div class=\"elementor-element elementor-element-51a330c elementor-widget elementor-widget-text-editor\" data-id=\"51a330c\" data-element_type=\"widget\" data-widget_type=\"text-editor.default\">\n\t\t\t\t<div class=\"elementor-widget-container\">\n\t\t\t\t\t\t\t\t\t<p>A Palmer&#8217;s m\u00e1rka elhivatott a term\u00e9kek formul\u00e1j\u00e1nak folyamatos fejleszt\u00e9se ir\u00e1nt annak \u00e9rdek\u00e9ben, hogy megtal\u00e1lja a lehet\u0151 legjobb term\u00e9szetes \u00f6sszetev\u0151ket, melyek hozz\u00e1j\u00e1rulnak a b\u0151r- \u00e9s hajprobl\u00e9m\u00e1k megold\u00e1s\u00e1hoz.<\/p><p>A m\u00e1rka a term\u00e9szet ihlette magas hat\u00e9konys\u00e1g\u00fa, ugyanakkor megfizethet\u0151 term\u00e9kek forgalmaz\u00e1s\u00e1ra \u00f6sszpontos\u00edt, melyeket egyedi illatok \u00e9s text\u00far\u00e1k jellemeznek.<\/p><p>Ennek k\u00f6sz\u00f6nhet\u0151en lehet\u0151s\u00e9get ny\u00fajtanak az elt\u00e9r\u0151 haj- \u00e9s b\u0151r\u00edtpussal rendelkez\u0151 n\u0151k sz\u00e1m\u00e1ra, hogy kiemelj\u00e9k term\u00e9szetes sz\u00e9ps\u00e9g\u00fcket.<\/p>\t\t\t\t\t\t\t\t<\/div>\n\t\t\t\t<\/div>\n\t\t\t\t<div class=\"elementor-element elementor-element-9d504d0 elementor-widget elementor-widget-heading\" data-id=\"9d504d0\" data-element_type=\"widget\" data-widget_type=\"heading.default\">\n\t\t\t\t<div class=\"elementor-widget-container\">\n\t\t\t\t\t<h2 class=\"elementor-heading-title elementor-size-default\">Palmer's t\u00f6rt\u00e9nete<\/h2>\t\t\t\t<\/div>\n\t\t\t\t<\/div>\n\t\t\t\t<div class=\"elementor-element elementor-element-5562f13 elementor-widget elementor-widget-text-editor\" data-id=\"5562f13\" data-element_type=\"widget\" data-widget_type=\"text-editor.default\">\n\t\t\t\t<div class=\"elementor-widget-container\">\n\t\t\t\t\t\t\t\t\t<p>A Palmer&#8217;s m\u00e1rka 2020-ban \u00fcnnepelte 180. \u00e9vfordul\u00f3j\u00e1t. A csal\u00e1di k\u00e9zben lev\u0151, amerikai m\u00e1rka k\u00f6zel k\u00e9t \u00e9vtizede forgalmaz term\u00e9szetes kak\u00f3vajas, k\u00f3kuszolajos b\u0151r\u00e1pol\u00e1si \u00e9s haj\u00e1pol\u00e1si term\u00e9keket az 1970-es \u00e9vek \u00f3ta. Az anyav\u00e1llalatot, ET Browne Drug Co, 1971-ben felv\u00e1s\u00e1rolta Arnold Neis vegy\u00e9sz, aki mindent tudott a kaka\u00f3vajr\u00f3l, ami akkoriban alapvet\u0151 hozz\u00e1val\u00f3ja volt sz\u00e1mos k\u00fcl\u00f6nb\u00f6z\u0151 hidrat\u00e1l\u00f3 kr\u00e9mnek.<\/p><p>Az\u00f3ta a csal\u00e1di \u00fczlet nemzetk\u00f6zi jelenl\u00e9tet szerzett mag\u00e1nak \u00e9s a Palmer&#8217;s m\u00e1rka gyorsan vil\u00e1gm\u00e9ret\u0171v\u00e9 v\u00e1lt, mely ma m\u00e1r t\u00f6bb, mint 100 orsz\u00e1gba \u00e9rt\u00e9kes\u00edt, bele\u00e9rtve az Egyes\u00fclt Kir\u00e1lys\u00e1got, ahol a Palmer&#8217;s v\u00e1lt a vezet\u0151 kaka\u00f3vajas b\u0151r\u00e1pol\u00e1si m\u00e1rk\u00e1v\u00e1.<\/p>\t\t\t\t\t\t\t\t<\/div>\n\t\t\t\t<\/div>\n\t\t\t\t<div class=\"elementor-element elementor-element-58ca072 elementor-align-center elementor-widget elementor-widget-button\" data-id=\"58ca072\" data-element_type=\"widget\" data-widget_type=\"button.default\">\n\t\t\t\t<div class=\"elementor-widget-container\">\n\t\t\t\t\t\t\t\t\t<div class=\"elementor-button-wrapper\">\n\t\t\t\t\t<a class=\"elementor-button elementor-button-link elementor-size-sm\" href=\"https:\/\/primorcosmetics.com\/hu\/kapcsolat\/\">\n\t\t\t\t\t\t<span class=\"elementor-button-content-wrapper\">\n\t\t\t\t\t\t\t\t\t<span class=\"elementor-button-text\">Kapcsolat<\/span>\n\t\t\t\t\t<\/span>\n\t\t\t\t\t<\/a>\n\t\t\t\t<\/div>\n\t\t\t\t\t\t\t\t<\/div>\n\t\t\t\t<\/div>\n\t\t\t\t\t<\/div>\n\t\t<\/div>\n\t\t\t\t<div class=\"elementor-column elementor-col-50 elementor-top-column elementor-element elementor-element-a2affe2\" data-id=\"a2affe2\" data-element_type=\"column\">\n\t\t\t<div class=\"elementor-widget-wrap elementor-element-populated\">\n\t\t\t\t\t\t<div class=\"elementor-element elementor-element-7fe6cd9 elementor-widget elementor-widget-image\" data-id=\"7fe6cd9\" data-element_type=\"widget\" data-widget_type=\"image.default\">\n\t\t\t\t<div class=\"elementor-widget-container\">\n\t\t\t\t\t\t\t\t\t\t\t\t\t\t\t<img fetchpriority=\"high\" decoding=\"async\" width=\"500\" height=\"500\" src=\"https:\/\/primorcosmetics.com\/wp-content\/uploads\/2021\/12\/markakepek_palmers.jpg\" class=\"attachment-large size-large wp-image-1408\" alt=\"Palmer&#039;s b\u0151r\u00e1pol\u00e1s\" srcset=\"https:\/\/primorcosmetics.com\/wp-content\/uploads\/2021\/12\/markakepek_palmers.jpg 500w, https:\/\/primorcosmetics.com\/wp-content\/uploads\/2021\/12\/markakepek_palmers-300x300.jpg 300w, https:\/\/primorcosmetics.com\/wp-content\/uploads\/2021\/12\/markakepek_palmers-150x150.jpg 150w\" sizes=\"(max-width: 500px) 100vw, 500px\" \/>\t\t\t\t\t\t\t\t\t\t\t\t\t\t\t<\/div>\n\t\t\t\t<\/div>\n\t\t\t\t\t<\/div>\n\t\t<\/div>\n\t\t\t\t\t<\/div>\n\t\t<\/section>\n\t\t\t\t<\/div>\n\t\t","protected":false},"excerpt":{"rendered":"<p>Palmer&#8217;s A Palmer&#8217;s b\u0151r\u00e1pol\u00e1si m\u00e1rka a term\u00e9szetes k\u00f3kuszolaj \u00e9s kaka\u00f3vaj erej\u00e9vel ny\u00fajt megold\u00e1st a b\u0151rsz\u00e1razs\u00e1g, a terhess\u00e9gi cs\u00edkok \u00e9s a stri\u00e1k ellen. A term\u00e9kek term\u00e9szetes, fenntarthat\u00f3 forr\u00e1sb\u00f3l sz\u00e1rmaz\u00f3 \u00e9s b\u0151rgy\u00f3gy\u00e1sz \u00e1ltal tesztelt \u00f6sszetev\u0151ket tartalmaznak, ez\u00e1ltal biztos\u00edtva a min\u0151s\u00e9gi b\u0151r\u00e1pol\u00e1st. Palmer&#8217;s \u00e9rt\u00e9kek A Palmer&#8217;s m\u00e1rka elhivatott a term\u00e9kek formul\u00e1j\u00e1nak folyamatos fejleszt\u00e9se ir\u00e1nt annak \u00e9rdek\u00e9ben, hogy megtal\u00e1lja [&hellip;]<\/p>\n","protected":false},"author":2,"featured_media":0,"parent":1659,"menu_order":0,"comment_status":"closed","ping_status":"closed","template":"","meta":{"footnotes":""},"class_list":["post-1735","page","type-page","status-publish","hentry"],"yoast_head":"<!-- This site is optimized with the Yoast SEO plugin v25.7 - https:\/\/yoast.com\/wordpress\/plugins\/seo\/ -->\n<title>Palmer&#039;s - Prim\u0151r Cosmetics<\/title>\n<meta name=\"description\" content=\"Ismerd meg m\u00e1rk\u00e1inkat: Palmer&#039;s - b\u0151r\u00e1pol\u00e1si m\u00e1rka a term\u00e9szetes k\u00f3kuszolaj \u00e9s kaka\u00f3vaj erej\u00e9vel ny\u00fajt megold\u00e1st a b\u0151rsz\u00e1razs\u00e1g, a terhess\u00e9gi cs\u00edkok \u00e9s a stri\u00e1k ellen.\" \/>\n<meta name=\"robots\" content=\"index, follow, max-snippet:-1, max-image-preview:large, max-video-preview:-1\" \/>\n<link rel=\"canonical\" href=\"https:\/\/primorcosmetics.com\/hu\/markak-old\/palmers\/\" \/>\n<meta property=\"og:locale\" content=\"hu_HU\" \/>\n<meta property=\"og:type\" content=\"article\" \/>\n<meta property=\"og:title\" content=\"Palmer&#039;s - Prim\u0151r Cosmetics\" \/>\n<meta property=\"og:description\" content=\"Ismerd meg m\u00e1rk\u00e1inkat: Palmer&#039;s - b\u0151r\u00e1pol\u00e1si m\u00e1rka a term\u00e9szetes k\u00f3kuszolaj \u00e9s kaka\u00f3vaj erej\u00e9vel ny\u00fajt megold\u00e1st a b\u0151rsz\u00e1razs\u00e1g, a terhess\u00e9gi cs\u00edkok \u00e9s a stri\u00e1k ellen.\" \/>\n<meta property=\"og:url\" content=\"https:\/\/primorcosmetics.com\/hu\/markak-old\/palmers\/\" \/>\n<meta property=\"og:site_name\" content=\"Prim\u0151r Cosmetics\" \/>\n<meta property=\"article:publisher\" content=\"https:\/\/www.facebook.com\/primorcosmetics\" \/>\n<meta property=\"article:modified_time\" content=\"2022-07-05T15:15:26+00:00\" \/>\n<meta property=\"og:image\" content=\"https:\/\/primorcosmetics.com\/wp-content\/uploads\/2021\/12\/markakepek_palmers.jpg\" \/>\n<meta name=\"twitter:card\" content=\"summary_large_image\" \/>\n<meta name=\"twitter:label1\" content=\"Becs\u00fclt olvas\u00e1si id\u0151\" \/>\n\t<meta name=\"twitter:data1\" content=\"2 perc\" \/>\n<script type=\"application\/ld+json\" class=\"yoast-schema-graph\">{\"@context\":\"https:\/\/schema.org\",\"@graph\":[{\"@type\":\"WebPage\",\"@id\":\"https:\/\/primorcosmetics.com\/hu\/markak-old\/palmers\/\",\"url\":\"https:\/\/primorcosmetics.com\/hu\/markak-old\/palmers\/\",\"name\":\"Palmer's - Prim\u0151r Cosmetics\",\"isPartOf\":{\"@id\":\"https:\/\/primorcosmetics.com\/#website\"},\"primaryImageOfPage\":{\"@id\":\"https:\/\/primorcosmetics.com\/hu\/markak-old\/palmers\/#primaryimage\"},\"image\":{\"@id\":\"https:\/\/primorcosmetics.com\/hu\/markak-old\/palmers\/#primaryimage\"},\"thumbnailUrl\":\"https:\/\/primorcosmetics.com\/wp-content\/uploads\/2021\/12\/markakepek_palmers.jpg\",\"datePublished\":\"2021-12-20T17:50:38+00:00\",\"dateModified\":\"2022-07-05T15:15:26+00:00\",\"description\":\"Ismerd meg m\u00e1rk\u00e1inkat: Palmer's - b\u0151r\u00e1pol\u00e1si m\u00e1rka a term\u00e9szetes k\u00f3kuszolaj \u00e9s kaka\u00f3vaj erej\u00e9vel ny\u00fajt megold\u00e1st a b\u0151rsz\u00e1razs\u00e1g, a terhess\u00e9gi cs\u00edkok \u00e9s a stri\u00e1k ellen.\",\"breadcrumb\":{\"@id\":\"https:\/\/primorcosmetics.com\/hu\/markak-old\/palmers\/#breadcrumb\"},\"inLanguage\":\"hu\",\"potentialAction\":[{\"@type\":\"ReadAction\",\"target\":[\"https:\/\/primorcosmetics.com\/hu\/markak-old\/palmers\/\"]}]},{\"@type\":\"ImageObject\",\"inLanguage\":\"hu\",\"@id\":\"https:\/\/primorcosmetics.com\/hu\/markak-old\/palmers\/#primaryimage\",\"url\":\"https:\/\/primorcosmetics.com\/wp-content\/uploads\/2021\/12\/markakepek_palmers.jpg\",\"contentUrl\":\"https:\/\/primorcosmetics.com\/wp-content\/uploads\/2021\/12\/markakepek_palmers.jpg\"},{\"@type\":\"BreadcrumbList\",\"@id\":\"https:\/\/primorcosmetics.com\/hu\/markak-old\/palmers\/#breadcrumb\",\"itemListElement\":[{\"@type\":\"ListItem\",\"position\":1,\"name\":\"Home\",\"item\":\"https:\/\/primorcosmetics.com\/hu\/\"},{\"@type\":\"ListItem\",\"position\":2,\"name\":\"M\u00e1rk\u00e1k\",\"item\":\"https:\/\/primorcosmetics.com\/hu\/markak-old\/\"},{\"@type\":\"ListItem\",\"position\":3,\"name\":\"Palmer&#8217;s\"}]},{\"@type\":\"WebSite\",\"@id\":\"https:\/\/primorcosmetics.com\/#website\",\"url\":\"https:\/\/primorcosmetics.com\/\",\"name\":\"Prim\u0151r Cosmetics\",\"description\":\"Prim\u0151r Cosmetics Leading Hungarian beauty and cosmetics distributor\",\"publisher\":{\"@id\":\"https:\/\/primorcosmetics.com\/#organization\"},\"potentialAction\":[{\"@type\":\"SearchAction\",\"target\":{\"@type\":\"EntryPoint\",\"urlTemplate\":\"https:\/\/primorcosmetics.com\/?s={search_term_string}\"},\"query-input\":{\"@type\":\"PropertyValueSpecification\",\"valueRequired\":true,\"valueName\":\"search_term_string\"}}],\"inLanguage\":\"hu\"},{\"@type\":\"Organization\",\"@id\":\"https:\/\/primorcosmetics.com\/#organization\",\"name\":\"Prim\u0151r Kozmetikai Kft.\",\"url\":\"https:\/\/primorcosmetics.com\/\",\"logo\":{\"@type\":\"ImageObject\",\"inLanguage\":\"hu\",\"@id\":\"https:\/\/primorcosmetics.com\/#\/schema\/logo\/image\/\",\"url\":\"https:\/\/primorcosmetics.com\/wp-content\/uploads\/2021\/12\/Primor_logo_icon_lockup_color.jpg\",\"contentUrl\":\"https:\/\/primorcosmetics.com\/wp-content\/uploads\/2021\/12\/Primor_logo_icon_lockup_color.jpg\",\"width\":1920,\"height\":1080,\"caption\":\"Prim\u0151r Kozmetikai Kft.\"},\"image\":{\"@id\":\"https:\/\/primorcosmetics.com\/#\/schema\/logo\/image\/\"},\"sameAs\":[\"https:\/\/www.facebook.com\/primorcosmetics\",\"https:\/\/www.instagram.com\/primorcosmetics\/\",\"https:\/\/www.linkedin.com\/company\/primorcosmetics\/mycompany\/\",\"https:\/\/www.youtube.com\/channel\/UCd3Uei375tM1XLkCMPhALWQ\"]}]}<\/script>\n<!-- \/ Yoast SEO plugin. -->","yoast_head_json":{"title":"Palmer's - Prim\u0151r Cosmetics","description":"Ismerd meg m\u00e1rk\u00e1inkat: Palmer's - b\u0151r\u00e1pol\u00e1si m\u00e1rka a term\u00e9szetes k\u00f3kuszolaj \u00e9s kaka\u00f3vaj erej\u00e9vel ny\u00fajt megold\u00e1st a b\u0151rsz\u00e1razs\u00e1g, a terhess\u00e9gi cs\u00edkok \u00e9s a stri\u00e1k ellen.","robots":{"index":"index","follow":"follow","max-snippet":"max-snippet:-1","max-image-preview":"max-image-preview:large","max-video-preview":"max-video-preview:-1"},"canonical":"https:\/\/primorcosmetics.com\/hu\/markak-old\/palmers\/","og_locale":"hu_HU","og_type":"article","og_title":"Palmer's - Prim\u0151r Cosmetics","og_description":"Ismerd meg m\u00e1rk\u00e1inkat: Palmer's - b\u0151r\u00e1pol\u00e1si m\u00e1rka a term\u00e9szetes k\u00f3kuszolaj \u00e9s kaka\u00f3vaj erej\u00e9vel ny\u00fajt megold\u00e1st a b\u0151rsz\u00e1razs\u00e1g, a terhess\u00e9gi cs\u00edkok \u00e9s a stri\u00e1k ellen.","og_url":"https:\/\/primorcosmetics.com\/hu\/markak-old\/palmers\/","og_site_name":"Prim\u0151r Cosmetics","article_publisher":"https:\/\/www.facebook.com\/primorcosmetics","article_modified_time":"2022-07-05T15:15:26+00:00","og_image":[{"url":"https:\/\/primorcosmetics.com\/wp-content\/uploads\/2021\/12\/markakepek_palmers.jpg","type":"","width":"","height":""}],"twitter_card":"summary_large_image","twitter_misc":{"Becs\u00fclt olvas\u00e1si id\u0151":"2 perc"},"schema":{"@context":"https:\/\/schema.org","@graph":[{"@type":"WebPage","@id":"https:\/\/primorcosmetics.com\/hu\/markak-old\/palmers\/","url":"https:\/\/primorcosmetics.com\/hu\/markak-old\/palmers\/","name":"Palmer's - Prim\u0151r Cosmetics","isPartOf":{"@id":"https:\/\/primorcosmetics.com\/#website"},"primaryImageOfPage":{"@id":"https:\/\/primorcosmetics.com\/hu\/markak-old\/palmers\/#primaryimage"},"image":{"@id":"https:\/\/primorcosmetics.com\/hu\/markak-old\/palmers\/#primaryimage"},"thumbnailUrl":"https:\/\/primorcosmetics.com\/wp-content\/uploads\/2021\/12\/markakepek_palmers.jpg","datePublished":"2021-12-20T17:50:38+00:00","dateModified":"2022-07-05T15:15:26+00:00","description":"Ismerd meg m\u00e1rk\u00e1inkat: Palmer's - b\u0151r\u00e1pol\u00e1si m\u00e1rka a term\u00e9szetes k\u00f3kuszolaj \u00e9s kaka\u00f3vaj erej\u00e9vel ny\u00fajt megold\u00e1st a b\u0151rsz\u00e1razs\u00e1g, a terhess\u00e9gi cs\u00edkok \u00e9s a stri\u00e1k ellen.","breadcrumb":{"@id":"https:\/\/primorcosmetics.com\/hu\/markak-old\/palmers\/#breadcrumb"},"inLanguage":"hu","potentialAction":[{"@type":"ReadAction","target":["https:\/\/primorcosmetics.com\/hu\/markak-old\/palmers\/"]}]},{"@type":"ImageObject","inLanguage":"hu","@id":"https:\/\/primorcosmetics.com\/hu\/markak-old\/palmers\/#primaryimage","url":"https:\/\/primorcosmetics.com\/wp-content\/uploads\/2021\/12\/markakepek_palmers.jpg","contentUrl":"https:\/\/primorcosmetics.com\/wp-content\/uploads\/2021\/12\/markakepek_palmers.jpg"},{"@type":"BreadcrumbList","@id":"https:\/\/primorcosmetics.com\/hu\/markak-old\/palmers\/#breadcrumb","itemListElement":[{"@type":"ListItem","position":1,"name":"Home","item":"https:\/\/primorcosmetics.com\/hu\/"},{"@type":"ListItem","position":2,"name":"M\u00e1rk\u00e1k","item":"https:\/\/primorcosmetics.com\/hu\/markak-old\/"},{"@type":"ListItem","position":3,"name":"Palmer&#8217;s"}]},{"@type":"WebSite","@id":"https:\/\/primorcosmetics.com\/#website","url":"https:\/\/primorcosmetics.com\/","name":"Prim\u0151r Cosmetics","description":"Prim\u0151r Cosmetics Leading Hungarian beauty and cosmetics distributor","publisher":{"@id":"https:\/\/primorcosmetics.com\/#organization"},"potentialAction":[{"@type":"SearchAction","target":{"@type":"EntryPoint","urlTemplate":"https:\/\/primorcosmetics.com\/?s={search_term_string}"},"query-input":{"@type":"PropertyValueSpecification","valueRequired":true,"valueName":"search_term_string"}}],"inLanguage":"hu"},{"@type":"Organization","@id":"https:\/\/primorcosmetics.com\/#organization","name":"Prim\u0151r Kozmetikai Kft.","url":"https:\/\/primorcosmetics.com\/","logo":{"@type":"ImageObject","inLanguage":"hu","@id":"https:\/\/primorcosmetics.com\/#\/schema\/logo\/image\/","url":"https:\/\/primorcosmetics.com\/wp-content\/uploads\/2021\/12\/Primor_logo_icon_lockup_color.jpg","contentUrl":"https:\/\/primorcosmetics.com\/wp-content\/uploads\/2021\/12\/Primor_logo_icon_lockup_color.jpg","width":1920,"height":1080,"caption":"Prim\u0151r Kozmetikai Kft."},"image":{"@id":"https:\/\/primorcosmetics.com\/#\/schema\/logo\/image\/"},"sameAs":["https:\/\/www.facebook.com\/primorcosmetics","https:\/\/www.instagram.com\/primorcosmetics\/","https:\/\/www.linkedin.com\/company\/primorcosmetics\/mycompany\/","https:\/\/www.youtube.com\/channel\/UCd3Uei375tM1XLkCMPhALWQ"]}]}},"_links":{"self":[{"href":"https:\/\/primorcosmetics.com\/hu\/wp-json\/wp\/v2\/pages\/1735","targetHints":{"allow":["GET"]}}],"collection":[{"href":"https:\/\/primorcosmetics.com\/hu\/wp-json\/wp\/v2\/pages"}],"about":[{"href":"https:\/\/primorcosmetics.com\/hu\/wp-json\/wp\/v2\/types\/page"}],"author":[{"embeddable":true,"href":"https:\/\/primorcosmetics.com\/hu\/wp-json\/wp\/v2\/users\/2"}],"replies":[{"embeddable":true,"href":"https:\/\/primorcosmetics.com\/hu\/wp-json\/wp\/v2\/comments?post=1735"}],"version-history":[{"count":1,"href":"https:\/\/primorcosmetics.com\/hu\/wp-json\/wp\/v2\/pages\/1735\/revisions"}],"predecessor-version":[{"id":1736,"href":"https:\/\/primorcosmetics.com\/hu\/wp-json\/wp\/v2\/pages\/1735\/revisions\/1736"}],"up":[{"embeddable":true,"href":"https:\/\/primorcosmetics.com\/hu\/wp-json\/wp\/v2\/pages\/1659"}],"wp:attachment":[{"href":"https:\/\/primorcosmetics.com\/hu\/wp-json\/wp\/v2\/media?parent=1735"}],"curies":[{"name":"wp","href":"https:\/\/api.w.org\/{rel}","templated":true}]}}