{"id":1737,"date":"2021-12-20T17:46:43","date_gmt":"2021-12-20T17:46:43","guid":{"rendered":"https:\/\/primorcosmetics.com\/markak\/revox\/"},"modified":"2022-07-05T15:25:51","modified_gmt":"2022-07-05T15:25:51","slug":"revox","status":"publish","type":"page","link":"https:\/\/primorcosmetics.com\/hu\/markak-old\/revox\/","title":{"rendered":"Revox"},"content":{"rendered":"\t\t<div data-elementor-type=\"wp-page\" data-elementor-id=\"1737\" class=\"elementor elementor-1737 elementor-256\" data-elementor-post-type=\"page\">\n\t\t\t\t\t\t<section class=\"elementor-section elementor-top-section elementor-element elementor-element-1a60289 elementor-section-boxed elementor-section-height-default elementor-section-height-default\" data-id=\"1a60289\" data-element_type=\"section\">\n\t\t\t\t\t\t<div class=\"elementor-container elementor-column-gap-default\">\n\t\t\t\t\t<div class=\"elementor-column elementor-col-100 elementor-top-column elementor-element elementor-element-bbd7392\" data-id=\"bbd7392\" data-element_type=\"column\">\n\t\t\t<div class=\"elementor-widget-wrap\">\n\t\t\t\t\t\t\t<\/div>\n\t\t<\/div>\n\t\t\t\t\t<\/div>\n\t\t<\/section>\n\t\t\t\t<section class=\"elementor-section elementor-top-section elementor-element elementor-element-895bee5 elementor-section-boxed elementor-section-height-default elementor-section-height-default\" data-id=\"895bee5\" data-element_type=\"section\">\n\t\t\t\t\t\t<div class=\"elementor-container elementor-column-gap-default\">\n\t\t\t\t\t<div class=\"elementor-column elementor-col-100 elementor-top-column elementor-element elementor-element-d7443bc\" data-id=\"d7443bc\" data-element_type=\"column\">\n\t\t\t<div class=\"elementor-widget-wrap elementor-element-populated\">\n\t\t\t\t\t\t<div class=\"elementor-element elementor-element-de978f0 elementor-widget elementor-widget-spacer\" data-id=\"de978f0\" data-element_type=\"widget\" data-widget_type=\"spacer.default\">\n\t\t\t\t<div class=\"elementor-widget-container\">\n\t\t\t\t\t\t\t<div class=\"elementor-spacer\">\n\t\t\t<div class=\"elementor-spacer-inner\"><\/div>\n\t\t<\/div>\n\t\t\t\t\t\t<\/div>\n\t\t\t\t<\/div>\n\t\t\t\t\t<\/div>\n\t\t<\/div>\n\t\t\t\t\t<\/div>\n\t\t<\/section>\n\t\t\t\t<section class=\"elementor-section elementor-top-section elementor-element elementor-element-522204b elementor-section-boxed elementor-section-height-default elementor-section-height-default\" data-id=\"522204b\" data-element_type=\"section\">\n\t\t\t\t\t\t<div class=\"elementor-container elementor-column-gap-default\">\n\t\t\t\t\t<div class=\"elementor-column elementor-col-100 elementor-top-column elementor-element elementor-element-a90f324\" data-id=\"a90f324\" data-element_type=\"column\">\n\t\t\t<div class=\"elementor-widget-wrap elementor-element-populated\">\n\t\t\t\t\t\t<div class=\"elementor-element elementor-element-f9c6f60 elementor-widget elementor-widget-heading\" data-id=\"f9c6f60\" data-element_type=\"widget\" data-widget_type=\"heading.default\">\n\t\t\t\t<div class=\"elementor-widget-container\">\n\t\t\t\t\t<h1 class=\"elementor-heading-title elementor-size-default\">Revox b77<\/h1>\t\t\t\t<\/div>\n\t\t\t\t<\/div>\n\t\t\t\t\t<\/div>\n\t\t<\/div>\n\t\t\t\t\t<\/div>\n\t\t<\/section>\n\t\t\t\t<section class=\"elementor-section elementor-top-section elementor-element elementor-element-5bebc7f elementor-section-boxed elementor-section-height-default elementor-section-height-default\" data-id=\"5bebc7f\" data-element_type=\"section\">\n\t\t\t\t\t\t<div class=\"elementor-container elementor-column-gap-default\">\n\t\t\t\t\t<div class=\"elementor-column elementor-col-100 elementor-top-column elementor-element elementor-element-44198d4\" data-id=\"44198d4\" data-element_type=\"column\">\n\t\t\t<div class=\"elementor-widget-wrap elementor-element-populated\">\n\t\t\t\t\t\t<div class=\"elementor-element elementor-element-04171c3 elementor-widget elementor-widget-spacer\" data-id=\"04171c3\" data-element_type=\"widget\" data-widget_type=\"spacer.default\">\n\t\t\t\t<div class=\"elementor-widget-container\">\n\t\t\t\t\t\t\t<div class=\"elementor-spacer\">\n\t\t\t<div class=\"elementor-spacer-inner\"><\/div>\n\t\t<\/div>\n\t\t\t\t\t\t<\/div>\n\t\t\t\t<\/div>\n\t\t\t\t\t<\/div>\n\t\t<\/div>\n\t\t\t\t\t<\/div>\n\t\t<\/section>\n\t\t\t\t<section class=\"elementor-section elementor-top-section elementor-element elementor-element-896add9 elementor-section-boxed elementor-section-height-default elementor-section-height-default\" data-id=\"896add9\" data-element_type=\"section\">\n\t\t\t\t\t\t<div class=\"elementor-container elementor-column-gap-default\">\n\t\t\t\t\t<div class=\"elementor-column elementor-col-50 elementor-top-column elementor-element elementor-element-3e24276\" data-id=\"3e24276\" data-element_type=\"column\">\n\t\t\t<div class=\"elementor-widget-wrap elementor-element-populated\">\n\t\t\t\t\t\t<div class=\"elementor-element elementor-element-4f9bd72 elementor-widget elementor-widget-text-editor\" data-id=\"4f9bd72\" data-element_type=\"widget\" data-widget_type=\"text-editor.default\">\n\t\t\t\t<div class=\"elementor-widget-container\">\n\t\t\t\t\t\t\t\t\t<p>A Revox egy eur\u00f3pai m\u00e1rka, mely b\u0151r\u00e1pol\u00e1si term\u00e9keket k\u00edn\u00e1l magas koncentr\u00e1ci\u00f3j\u00fa, hat\u00e9kony \u00f6sszetev\u0151kkel minden b\u0151rt\u00edpusra. A Revox term\u00e9kek lehet\u0151s\u00e9get ny\u00fajtanak a fogyaszt\u00f3k sz\u00e1m\u00e1ra, hogy hat\u00e9kony b\u0151r\u00e1pol\u00e1si rutint alak\u00edtsanak ki maguknak megfizethet\u0151 \u00e1ron.<\/p>\t\t\t\t\t\t\t\t<\/div>\n\t\t\t\t<\/div>\n\t\t\t\t<div class=\"elementor-element elementor-element-78291fc elementor-widget elementor-widget-heading\" data-id=\"78291fc\" data-element_type=\"widget\" data-widget_type=\"heading.default\">\n\t\t\t\t<div class=\"elementor-widget-container\">\n\t\t\t\t\t<h2 class=\"elementor-heading-title elementor-size-default\">Revox \u00e9rt\u00e9kek<\/h2>\t\t\t\t<\/div>\n\t\t\t\t<\/div>\n\t\t\t\t<div class=\"elementor-element elementor-element-51a330c elementor-widget elementor-widget-text-editor\" data-id=\"51a330c\" data-element_type=\"widget\" data-widget_type=\"text-editor.default\">\n\t\t\t\t<div class=\"elementor-widget-container\">\n\t\t\t\t\t\t\t\t\t<p>B\u0151r\u00e1pol\u00e1s Dek\u00f3dolva.<\/p><p>A h\u00e1zon bel\u00fcli marketing, design \u00e9s technol\u00f3gia lehet\u0151s\u00e9get ny\u00fajt a Revox sz\u00e1m\u00e1ra arra, hogy k\u00f6vesse a legfrissebb trendeket, h\u00e1zon bel\u00fcl gy\u00e1rtsa saj\u00e1t k\u00e9sz\u00edtm\u00e9nyeit \u00e9s a piac legjobb besz\u00e1ll\u00edt\u00f3it\u00f3l szerezze be a nyers alapanyagokat.<\/p><p>A term\u00e9kek fejleszt\u00e9se sor\u00e1n egy egyszer\u0171 elvet k\u00f6vett\u00fcnk (hat\u00e9kony \u00f6sszetev\u0151k a lehet\u0151 legnagyobb koncentr\u00e1ci\u00f3ban) a lehet\u0151 legjobb eredm\u00e9nyek el\u00e9r\u00e9se \u00e9rdek\u00e9ben \u00e9s minden felesleges \u00f6sszetev\u0151 n\u00e9lk\u00fcl.<\/p><p>A v\u00e9geredm\u00e9ny olyan b\u0151r\u00e1pol\u00e1si term\u00e9kek kialak\u00edt\u00e1sa, melyek kiszolg\u00e1lj\u00e1k a k\u00fcl\u00f6nb\u00f6z\u0151 b\u0151rt\u00edpusokat \u00e9s ig\u00e9nyeket, mik\u00f6zben olyan megold\u00e1sokat ny\u00fajtanak, melyek el\u00e9rhet\u0151k mindenki sz\u00e1m\u00e1ra.<\/p>\t\t\t\t\t\t\t\t<\/div>\n\t\t\t\t<\/div>\n\t\t\t\t<div class=\"elementor-element elementor-element-9d504d0 elementor-widget elementor-widget-heading\" data-id=\"9d504d0\" data-element_type=\"widget\" data-widget_type=\"heading.default\">\n\t\t\t\t<div class=\"elementor-widget-container\">\n\t\t\t\t\t<h2 class=\"elementor-heading-title elementor-size-default\">Revox t\u00f6rt\u00e9nete<\/h2>\t\t\t\t<\/div>\n\t\t\t\t<\/div>\n\t\t\t\t<div class=\"elementor-element elementor-element-5562f13 elementor-widget elementor-widget-text-editor\" data-id=\"5562f13\" data-element_type=\"widget\" data-widget_type=\"text-editor.default\">\n\t\t\t\t<div class=\"elementor-widget-container\">\n\t\t\t\t\t\t\t\t\t<p>Revox B77 egy csal\u00e1di c\u00e9g, hossz\u00fa t\u00f6rt\u00e9nettel a kozmetikai term\u00e9kek gy\u00e1rt\u00e1s\u00e1ban. Melyet az a filoz\u00f3fia vez\u00e9rel, hogy mindenki otthon\u00e1ban el\u00e9rhet\u0151v\u00e9 tegy\u00e9k a professzion\u00e1lis bor\u00e1pol\u00e1st.<\/p>\t\t\t\t\t\t\t\t<\/div>\n\t\t\t\t<\/div>\n\t\t\t\t<div class=\"elementor-element elementor-element-58ca072 elementor-align-center elementor-widget elementor-widget-button\" data-id=\"58ca072\" data-element_type=\"widget\" data-widget_type=\"button.default\">\n\t\t\t\t<div class=\"elementor-widget-container\">\n\t\t\t\t\t\t\t\t\t<div class=\"elementor-button-wrapper\">\n\t\t\t\t\t<a class=\"elementor-button elementor-button-link elementor-size-sm\" href=\"https:\/\/primorcosmetics.com\/hu\/kapcsolat\/\">\n\t\t\t\t\t\t<span class=\"elementor-button-content-wrapper\">\n\t\t\t\t\t\t\t\t\t<span class=\"elementor-button-text\">Kapcsolat<\/span>\n\t\t\t\t\t<\/span>\n\t\t\t\t\t<\/a>\n\t\t\t\t<\/div>\n\t\t\t\t\t\t\t\t<\/div>\n\t\t\t\t<\/div>\n\t\t\t\t\t<\/div>\n\t\t<\/div>\n\t\t\t\t<div class=\"elementor-column elementor-col-50 elementor-top-column elementor-element elementor-element-a2affe2\" data-id=\"a2affe2\" data-element_type=\"column\">\n\t\t\t<div class=\"elementor-widget-wrap elementor-element-populated\">\n\t\t\t\t\t\t<div class=\"elementor-element elementor-element-7fe6cd9 elementor-widget elementor-widget-image\" data-id=\"7fe6cd9\" data-element_type=\"widget\" data-widget_type=\"image.default\">\n\t\t\t\t<div class=\"elementor-widget-container\">\n\t\t\t\t\t\t\t\t\t\t\t\t\t\t\t<img fetchpriority=\"high\" decoding=\"async\" width=\"500\" height=\"500\" src=\"https:\/\/primorcosmetics.com\/wp-content\/uploads\/2021\/12\/markakepek_revox.jpg\" class=\"attachment-large size-large wp-image-1407\" alt=\"Revox Serum\" srcset=\"https:\/\/primorcosmetics.com\/wp-content\/uploads\/2021\/12\/markakepek_revox.jpg 500w, https:\/\/primorcosmetics.com\/wp-content\/uploads\/2021\/12\/markakepek_revox-300x300.jpg 300w, https:\/\/primorcosmetics.com\/wp-content\/uploads\/2021\/12\/markakepek_revox-150x150.jpg 150w\" sizes=\"(max-width: 500px) 100vw, 500px\" \/>\t\t\t\t\t\t\t\t\t\t\t\t\t\t\t<\/div>\n\t\t\t\t<\/div>\n\t\t\t\t\t<\/div>\n\t\t<\/div>\n\t\t\t\t\t<\/div>\n\t\t<\/section>\n\t\t\t\t<\/div>\n\t\t","protected":false},"excerpt":{"rendered":"<p>Revox b77 A Revox egy eur\u00f3pai m\u00e1rka, mely b\u0151r\u00e1pol\u00e1si term\u00e9keket k\u00edn\u00e1l magas koncentr\u00e1ci\u00f3j\u00fa, hat\u00e9kony \u00f6sszetev\u0151kkel minden b\u0151rt\u00edpusra. A Revox term\u00e9kek lehet\u0151s\u00e9get ny\u00fajtanak a fogyaszt\u00f3k sz\u00e1m\u00e1ra, hogy hat\u00e9kony b\u0151r\u00e1pol\u00e1si rutint alak\u00edtsanak ki maguknak megfizethet\u0151 \u00e1ron. Revox \u00e9rt\u00e9kek B\u0151r\u00e1pol\u00e1s Dek\u00f3dolva. A h\u00e1zon bel\u00fcli marketing, design \u00e9s technol\u00f3gia lehet\u0151s\u00e9get ny\u00fajt a Revox sz\u00e1m\u00e1ra arra, hogy k\u00f6vesse a legfrissebb [&hellip;]<\/p>\n","protected":false},"author":2,"featured_media":0,"parent":1659,"menu_order":0,"comment_status":"closed","ping_status":"closed","template":"","meta":{"footnotes":""},"class_list":["post-1737","page","type-page","status-publish","hentry"],"yoast_head":"<!-- This site is optimized with the Yoast SEO plugin v25.7 - https:\/\/yoast.com\/wordpress\/plugins\/seo\/ -->\n<title>Revox - Prim\u0151r Cosmetics<\/title>\n<meta name=\"description\" content=\"Ismerd meg m\u00e1rk\u00e1inkat: A Revox egy eur\u00f3pai m\u00e1rka, mely b\u0151r\u00e1pol\u00e1si term\u00e9keket k\u00edn\u00e1l magas koncentr\u00e1ci\u00f3j\u00fa, hat\u00e9kony \u00f6sszetev\u0151kkel minden b\u0151rt\u00edpusra.\" \/>\n<meta name=\"robots\" content=\"index, follow, max-snippet:-1, max-image-preview:large, max-video-preview:-1\" \/>\n<link rel=\"canonical\" href=\"https:\/\/primorcosmetics.com\/hu\/markak-old\/revox\/\" \/>\n<meta property=\"og:locale\" content=\"hu_HU\" \/>\n<meta property=\"og:type\" content=\"article\" \/>\n<meta property=\"og:title\" content=\"Revox - Prim\u0151r Cosmetics\" \/>\n<meta property=\"og:description\" content=\"Ismerd meg m\u00e1rk\u00e1inkat: A Revox egy eur\u00f3pai m\u00e1rka, mely b\u0151r\u00e1pol\u00e1si term\u00e9keket k\u00edn\u00e1l magas koncentr\u00e1ci\u00f3j\u00fa, hat\u00e9kony \u00f6sszetev\u0151kkel minden b\u0151rt\u00edpusra.\" \/>\n<meta property=\"og:url\" content=\"https:\/\/primorcosmetics.com\/hu\/markak-old\/revox\/\" \/>\n<meta property=\"og:site_name\" content=\"Prim\u0151r Cosmetics\" \/>\n<meta property=\"article:publisher\" content=\"https:\/\/www.facebook.com\/primorcosmetics\" \/>\n<meta property=\"article:modified_time\" content=\"2022-07-05T15:25:51+00:00\" \/>\n<meta property=\"og:image\" content=\"https:\/\/primorcosmetics.com\/wp-content\/uploads\/2021\/12\/markakepek_revox.jpg\" \/>\n<meta name=\"twitter:card\" content=\"summary_large_image\" \/>\n<meta name=\"twitter:label1\" content=\"Becs\u00fclt olvas\u00e1si id\u0151\" \/>\n\t<meta name=\"twitter:data1\" content=\"1 perc\" \/>\n<script type=\"application\/ld+json\" class=\"yoast-schema-graph\">{\"@context\":\"https:\/\/schema.org\",\"@graph\":[{\"@type\":\"WebPage\",\"@id\":\"https:\/\/primorcosmetics.com\/hu\/markak-old\/revox\/\",\"url\":\"https:\/\/primorcosmetics.com\/hu\/markak-old\/revox\/\",\"name\":\"Revox - Prim\u0151r Cosmetics\",\"isPartOf\":{\"@id\":\"https:\/\/primorcosmetics.com\/#website\"},\"primaryImageOfPage\":{\"@id\":\"https:\/\/primorcosmetics.com\/hu\/markak-old\/revox\/#primaryimage\"},\"image\":{\"@id\":\"https:\/\/primorcosmetics.com\/hu\/markak-old\/revox\/#primaryimage\"},\"thumbnailUrl\":\"https:\/\/primorcosmetics.com\/wp-content\/uploads\/2021\/12\/markakepek_revox.jpg\",\"datePublished\":\"2021-12-20T17:46:43+00:00\",\"dateModified\":\"2022-07-05T15:25:51+00:00\",\"description\":\"Ismerd meg m\u00e1rk\u00e1inkat: A Revox egy eur\u00f3pai m\u00e1rka, mely b\u0151r\u00e1pol\u00e1si term\u00e9keket k\u00edn\u00e1l magas koncentr\u00e1ci\u00f3j\u00fa, hat\u00e9kony \u00f6sszetev\u0151kkel minden b\u0151rt\u00edpusra.\",\"breadcrumb\":{\"@id\":\"https:\/\/primorcosmetics.com\/hu\/markak-old\/revox\/#breadcrumb\"},\"inLanguage\":\"hu\",\"potentialAction\":[{\"@type\":\"ReadAction\",\"target\":[\"https:\/\/primorcosmetics.com\/hu\/markak-old\/revox\/\"]}]},{\"@type\":\"ImageObject\",\"inLanguage\":\"hu\",\"@id\":\"https:\/\/primorcosmetics.com\/hu\/markak-old\/revox\/#primaryimage\",\"url\":\"https:\/\/primorcosmetics.com\/wp-content\/uploads\/2021\/12\/markakepek_revox.jpg\",\"contentUrl\":\"https:\/\/primorcosmetics.com\/wp-content\/uploads\/2021\/12\/markakepek_revox.jpg\"},{\"@type\":\"BreadcrumbList\",\"@id\":\"https:\/\/primorcosmetics.com\/hu\/markak-old\/revox\/#breadcrumb\",\"itemListElement\":[{\"@type\":\"ListItem\",\"position\":1,\"name\":\"Home\",\"item\":\"https:\/\/primorcosmetics.com\/hu\/\"},{\"@type\":\"ListItem\",\"position\":2,\"name\":\"M\u00e1rk\u00e1k\",\"item\":\"https:\/\/primorcosmetics.com\/hu\/markak-old\/\"},{\"@type\":\"ListItem\",\"position\":3,\"name\":\"Revox\"}]},{\"@type\":\"WebSite\",\"@id\":\"https:\/\/primorcosmetics.com\/#website\",\"url\":\"https:\/\/primorcosmetics.com\/\",\"name\":\"Prim\u0151r Cosmetics\",\"description\":\"Prim\u0151r Cosmetics Leading Hungarian beauty and cosmetics distributor\",\"publisher\":{\"@id\":\"https:\/\/primorcosmetics.com\/#organization\"},\"potentialAction\":[{\"@type\":\"SearchAction\",\"target\":{\"@type\":\"EntryPoint\",\"urlTemplate\":\"https:\/\/primorcosmetics.com\/?s={search_term_string}\"},\"query-input\":{\"@type\":\"PropertyValueSpecification\",\"valueRequired\":true,\"valueName\":\"search_term_string\"}}],\"inLanguage\":\"hu\"},{\"@type\":\"Organization\",\"@id\":\"https:\/\/primorcosmetics.com\/#organization\",\"name\":\"Prim\u0151r Kozmetikai Kft.\",\"url\":\"https:\/\/primorcosmetics.com\/\",\"logo\":{\"@type\":\"ImageObject\",\"inLanguage\":\"hu\",\"@id\":\"https:\/\/primorcosmetics.com\/#\/schema\/logo\/image\/\",\"url\":\"https:\/\/primorcosmetics.com\/wp-content\/uploads\/2021\/12\/Primor_logo_icon_lockup_color.jpg\",\"contentUrl\":\"https:\/\/primorcosmetics.com\/wp-content\/uploads\/2021\/12\/Primor_logo_icon_lockup_color.jpg\",\"width\":1920,\"height\":1080,\"caption\":\"Prim\u0151r Kozmetikai Kft.\"},\"image\":{\"@id\":\"https:\/\/primorcosmetics.com\/#\/schema\/logo\/image\/\"},\"sameAs\":[\"https:\/\/www.facebook.com\/primorcosmetics\",\"https:\/\/www.instagram.com\/primorcosmetics\/\",\"https:\/\/www.linkedin.com\/company\/primorcosmetics\/mycompany\/\",\"https:\/\/www.youtube.com\/channel\/UCd3Uei375tM1XLkCMPhALWQ\"]}]}<\/script>\n<!-- \/ Yoast SEO plugin. -->","yoast_head_json":{"title":"Revox - Prim\u0151r Cosmetics","description":"Ismerd meg m\u00e1rk\u00e1inkat: A Revox egy eur\u00f3pai m\u00e1rka, mely b\u0151r\u00e1pol\u00e1si term\u00e9keket k\u00edn\u00e1l magas koncentr\u00e1ci\u00f3j\u00fa, hat\u00e9kony \u00f6sszetev\u0151kkel minden b\u0151rt\u00edpusra.","robots":{"index":"index","follow":"follow","max-snippet":"max-snippet:-1","max-image-preview":"max-image-preview:large","max-video-preview":"max-video-preview:-1"},"canonical":"https:\/\/primorcosmetics.com\/hu\/markak-old\/revox\/","og_locale":"hu_HU","og_type":"article","og_title":"Revox - Prim\u0151r Cosmetics","og_description":"Ismerd meg m\u00e1rk\u00e1inkat: A Revox egy eur\u00f3pai m\u00e1rka, mely b\u0151r\u00e1pol\u00e1si term\u00e9keket k\u00edn\u00e1l magas koncentr\u00e1ci\u00f3j\u00fa, hat\u00e9kony \u00f6sszetev\u0151kkel minden b\u0151rt\u00edpusra.","og_url":"https:\/\/primorcosmetics.com\/hu\/markak-old\/revox\/","og_site_name":"Prim\u0151r Cosmetics","article_publisher":"https:\/\/www.facebook.com\/primorcosmetics","article_modified_time":"2022-07-05T15:25:51+00:00","og_image":[{"url":"https:\/\/primorcosmetics.com\/wp-content\/uploads\/2021\/12\/markakepek_revox.jpg","type":"","width":"","height":""}],"twitter_card":"summary_large_image","twitter_misc":{"Becs\u00fclt olvas\u00e1si id\u0151":"1 perc"},"schema":{"@context":"https:\/\/schema.org","@graph":[{"@type":"WebPage","@id":"https:\/\/primorcosmetics.com\/hu\/markak-old\/revox\/","url":"https:\/\/primorcosmetics.com\/hu\/markak-old\/revox\/","name":"Revox - Prim\u0151r Cosmetics","isPartOf":{"@id":"https:\/\/primorcosmetics.com\/#website"},"primaryImageOfPage":{"@id":"https:\/\/primorcosmetics.com\/hu\/markak-old\/revox\/#primaryimage"},"image":{"@id":"https:\/\/primorcosmetics.com\/hu\/markak-old\/revox\/#primaryimage"},"thumbnailUrl":"https:\/\/primorcosmetics.com\/wp-content\/uploads\/2021\/12\/markakepek_revox.jpg","datePublished":"2021-12-20T17:46:43+00:00","dateModified":"2022-07-05T15:25:51+00:00","description":"Ismerd meg m\u00e1rk\u00e1inkat: A Revox egy eur\u00f3pai m\u00e1rka, mely b\u0151r\u00e1pol\u00e1si term\u00e9keket k\u00edn\u00e1l magas koncentr\u00e1ci\u00f3j\u00fa, hat\u00e9kony \u00f6sszetev\u0151kkel minden b\u0151rt\u00edpusra.","breadcrumb":{"@id":"https:\/\/primorcosmetics.com\/hu\/markak-old\/revox\/#breadcrumb"},"inLanguage":"hu","potentialAction":[{"@type":"ReadAction","target":["https:\/\/primorcosmetics.com\/hu\/markak-old\/revox\/"]}]},{"@type":"ImageObject","inLanguage":"hu","@id":"https:\/\/primorcosmetics.com\/hu\/markak-old\/revox\/#primaryimage","url":"https:\/\/primorcosmetics.com\/wp-content\/uploads\/2021\/12\/markakepek_revox.jpg","contentUrl":"https:\/\/primorcosmetics.com\/wp-content\/uploads\/2021\/12\/markakepek_revox.jpg"},{"@type":"BreadcrumbList","@id":"https:\/\/primorcosmetics.com\/hu\/markak-old\/revox\/#breadcrumb","itemListElement":[{"@type":"ListItem","position":1,"name":"Home","item":"https:\/\/primorcosmetics.com\/hu\/"},{"@type":"ListItem","position":2,"name":"M\u00e1rk\u00e1k","item":"https:\/\/primorcosmetics.com\/hu\/markak-old\/"},{"@type":"ListItem","position":3,"name":"Revox"}]},{"@type":"WebSite","@id":"https:\/\/primorcosmetics.com\/#website","url":"https:\/\/primorcosmetics.com\/","name":"Prim\u0151r Cosmetics","description":"Prim\u0151r Cosmetics Leading Hungarian beauty and cosmetics distributor","publisher":{"@id":"https:\/\/primorcosmetics.com\/#organization"},"potentialAction":[{"@type":"SearchAction","target":{"@type":"EntryPoint","urlTemplate":"https:\/\/primorcosmetics.com\/?s={search_term_string}"},"query-input":{"@type":"PropertyValueSpecification","valueRequired":true,"valueName":"search_term_string"}}],"inLanguage":"hu"},{"@type":"Organization","@id":"https:\/\/primorcosmetics.com\/#organization","name":"Prim\u0151r Kozmetikai Kft.","url":"https:\/\/primorcosmetics.com\/","logo":{"@type":"ImageObject","inLanguage":"hu","@id":"https:\/\/primorcosmetics.com\/#\/schema\/logo\/image\/","url":"https:\/\/primorcosmetics.com\/wp-content\/uploads\/2021\/12\/Primor_logo_icon_lockup_color.jpg","contentUrl":"https:\/\/primorcosmetics.com\/wp-content\/uploads\/2021\/12\/Primor_logo_icon_lockup_color.jpg","width":1920,"height":1080,"caption":"Prim\u0151r Kozmetikai Kft."},"image":{"@id":"https:\/\/primorcosmetics.com\/#\/schema\/logo\/image\/"},"sameAs":["https:\/\/www.facebook.com\/primorcosmetics","https:\/\/www.instagram.com\/primorcosmetics\/","https:\/\/www.linkedin.com\/company\/primorcosmetics\/mycompany\/","https:\/\/www.youtube.com\/channel\/UCd3Uei375tM1XLkCMPhALWQ"]}]}},"_links":{"self":[{"href":"https:\/\/primorcosmetics.com\/hu\/wp-json\/wp\/v2\/pages\/1737","targetHints":{"allow":["GET"]}}],"collection":[{"href":"https:\/\/primorcosmetics.com\/hu\/wp-json\/wp\/v2\/pages"}],"about":[{"href":"https:\/\/primorcosmetics.com\/hu\/wp-json\/wp\/v2\/types\/page"}],"author":[{"embeddable":true,"href":"https:\/\/primorcosmetics.com\/hu\/wp-json\/wp\/v2\/users\/2"}],"replies":[{"embeddable":true,"href":"https:\/\/primorcosmetics.com\/hu\/wp-json\/wp\/v2\/comments?post=1737"}],"version-history":[{"count":1,"href":"https:\/\/primorcosmetics.com\/hu\/wp-json\/wp\/v2\/pages\/1737\/revisions"}],"predecessor-version":[{"id":1738,"href":"https:\/\/primorcosmetics.com\/hu\/wp-json\/wp\/v2\/pages\/1737\/revisions\/1738"}],"up":[{"embeddable":true,"href":"https:\/\/primorcosmetics.com\/hu\/wp-json\/wp\/v2\/pages\/1659"}],"wp:attachment":[{"href":"https:\/\/primorcosmetics.com\/hu\/wp-json\/wp\/v2\/media?parent=1737"}],"curies":[{"name":"wp","href":"https:\/\/api.w.org\/{rel}","templated":true}]}}