{"id":1743,"date":"2021-12-18T14:50:19","date_gmt":"2021-12-18T14:50:19","guid":{"rendered":"https:\/\/primorcosmetics.com\/markak\/revolution\/"},"modified":"2022-07-05T15:38:16","modified_gmt":"2022-07-05T15:38:16","slug":"revolution","status":"publish","type":"page","link":"https:\/\/primorcosmetics.com\/hu\/markak-old\/revolution\/","title":{"rendered":"Revolution"},"content":{"rendered":"\t\t<div data-elementor-type=\"wp-page\" data-elementor-id=\"1743\" class=\"elementor elementor-1743 elementor-237\" data-elementor-post-type=\"page\">\n\t\t\t\t\t\t<section class=\"elementor-section elementor-top-section elementor-element elementor-element-1a60289 elementor-section-boxed elementor-section-height-default elementor-section-height-default\" data-id=\"1a60289\" data-element_type=\"section\">\n\t\t\t\t\t\t<div class=\"elementor-container elementor-column-gap-default\">\n\t\t\t\t\t<div class=\"elementor-column elementor-col-100 elementor-top-column elementor-element elementor-element-bbd7392\" data-id=\"bbd7392\" data-element_type=\"column\">\n\t\t\t<div class=\"elementor-widget-wrap\">\n\t\t\t\t\t\t\t<\/div>\n\t\t<\/div>\n\t\t\t\t\t<\/div>\n\t\t<\/section>\n\t\t\t\t<section class=\"elementor-section elementor-top-section elementor-element elementor-element-895bee5 elementor-section-boxed elementor-section-height-default elementor-section-height-default\" data-id=\"895bee5\" data-element_type=\"section\">\n\t\t\t\t\t\t<div class=\"elementor-container elementor-column-gap-default\">\n\t\t\t\t\t<div class=\"elementor-column elementor-col-100 elementor-top-column elementor-element elementor-element-d7443bc\" data-id=\"d7443bc\" data-element_type=\"column\">\n\t\t\t<div class=\"elementor-widget-wrap elementor-element-populated\">\n\t\t\t\t\t\t<div class=\"elementor-element elementor-element-de978f0 elementor-widget elementor-widget-spacer\" data-id=\"de978f0\" data-element_type=\"widget\" data-widget_type=\"spacer.default\">\n\t\t\t\t<div class=\"elementor-widget-container\">\n\t\t\t\t\t\t\t<div class=\"elementor-spacer\">\n\t\t\t<div class=\"elementor-spacer-inner\"><\/div>\n\t\t<\/div>\n\t\t\t\t\t\t<\/div>\n\t\t\t\t<\/div>\n\t\t\t\t\t<\/div>\n\t\t<\/div>\n\t\t\t\t\t<\/div>\n\t\t<\/section>\n\t\t\t\t<section class=\"elementor-section elementor-top-section elementor-element elementor-element-522204b elementor-section-boxed elementor-section-height-default elementor-section-height-default\" data-id=\"522204b\" data-element_type=\"section\">\n\t\t\t\t\t\t<div class=\"elementor-container elementor-column-gap-default\">\n\t\t\t\t\t<div class=\"elementor-column elementor-col-100 elementor-top-column elementor-element elementor-element-a90f324\" data-id=\"a90f324\" data-element_type=\"column\">\n\t\t\t<div class=\"elementor-widget-wrap elementor-element-populated\">\n\t\t\t\t\t\t<div class=\"elementor-element elementor-element-f9c6f60 elementor-widget elementor-widget-heading\" data-id=\"f9c6f60\" data-element_type=\"widget\" data-widget_type=\"heading.default\">\n\t\t\t\t<div class=\"elementor-widget-container\">\n\t\t\t\t\t<h1 class=\"elementor-heading-title elementor-size-default\">Revolution<\/h1>\t\t\t\t<\/div>\n\t\t\t\t<\/div>\n\t\t\t\t\t<\/div>\n\t\t<\/div>\n\t\t\t\t\t<\/div>\n\t\t<\/section>\n\t\t\t\t<section class=\"elementor-section elementor-top-section elementor-element elementor-element-5bebc7f elementor-section-boxed elementor-section-height-default elementor-section-height-default\" data-id=\"5bebc7f\" data-element_type=\"section\">\n\t\t\t\t\t\t<div class=\"elementor-container elementor-column-gap-default\">\n\t\t\t\t\t<div class=\"elementor-column elementor-col-100 elementor-top-column elementor-element elementor-element-44198d4\" data-id=\"44198d4\" data-element_type=\"column\">\n\t\t\t<div class=\"elementor-widget-wrap elementor-element-populated\">\n\t\t\t\t\t\t<div class=\"elementor-element elementor-element-04171c3 elementor-widget elementor-widget-spacer\" data-id=\"04171c3\" data-element_type=\"widget\" data-widget_type=\"spacer.default\">\n\t\t\t\t<div class=\"elementor-widget-container\">\n\t\t\t\t\t\t\t<div class=\"elementor-spacer\">\n\t\t\t<div class=\"elementor-spacer-inner\"><\/div>\n\t\t<\/div>\n\t\t\t\t\t\t<\/div>\n\t\t\t\t<\/div>\n\t\t\t\t\t<\/div>\n\t\t<\/div>\n\t\t\t\t\t<\/div>\n\t\t<\/section>\n\t\t\t\t<section class=\"elementor-section elementor-top-section elementor-element elementor-element-896add9 elementor-section-boxed elementor-section-height-default elementor-section-height-default\" data-id=\"896add9\" data-element_type=\"section\">\n\t\t\t\t\t\t<div class=\"elementor-container elementor-column-gap-default\">\n\t\t\t\t\t<div class=\"elementor-column elementor-col-50 elementor-top-column elementor-element elementor-element-3e24276\" data-id=\"3e24276\" data-element_type=\"column\">\n\t\t\t<div class=\"elementor-widget-wrap elementor-element-populated\">\n\t\t\t\t\t\t<div class=\"elementor-element elementor-element-4f9bd72 elementor-widget elementor-widget-text-editor\" data-id=\"4f9bd72\" data-element_type=\"widget\" data-widget_type=\"text-editor.default\">\n\t\t\t\t<div class=\"elementor-widget-container\">\n\t\t\t\t\t\t\t\t\t<p>Hisz\u00fcnk abban, hogy a professzion\u00e1lis, \u00e1llatk\u00eds\u00e9rlet-mentes smink mindenkinek j\u00e1r, \u00e9s b\u00e1rki sz\u00e1m\u00e1ra el\u00e9rhet\u0151, megfizethet\u0151 kell legyen. rra t\u00f6reksz\u00fcnk, hogy fogyaszt\u00f3inknak a leg\u00fajabb \u00f6sszetev\u0151ket, technol\u00f3gi\u00e1t \u00e9s k\u00e9sz\u00edtm\u00e9nyeket megfizethet\u0151 \u00e1ron k\u00edn\u00e1ljuk. Szeretn\u00e9nk lebontani a korl\u00e1tokat, amelyek megakad\u00e1lyozz\u00e1k az embereket abban, hogy \u00e9lvezz\u00e9k a sz\u00e9ps\u00e9get &#8211; legyen az \u00e1r, b\u0151rsz\u00edn vagy el\u00e9rhet\u0151s\u00e9g.<\/p>\t\t\t\t\t\t\t\t<\/div>\n\t\t\t\t<\/div>\n\t\t\t\t<div class=\"elementor-element elementor-element-78291fc elementor-widget elementor-widget-heading\" data-id=\"78291fc\" data-element_type=\"widget\" data-widget_type=\"heading.default\">\n\t\t\t\t<div class=\"elementor-widget-container\">\n\t\t\t\t\t<h2 class=\"elementor-heading-title elementor-size-default\">Revolution \u00e9rt\u00e9kek<\/h2>\t\t\t\t<\/div>\n\t\t\t\t<\/div>\n\t\t\t\t<div class=\"elementor-element elementor-element-51a330c elementor-widget elementor-widget-text-editor\" data-id=\"51a330c\" data-element_type=\"widget\" data-widget_type=\"text-editor.default\">\n\t\t\t\t<div class=\"elementor-widget-container\">\n\t\t\t\t\t\t\t\t\t<p>Minden, amit gy\u00e1rtunk, \u00e1llatk\u00eds\u00e9rlet-mentes, \u00e9s mindig is az volt. A fejleszt\u00e9s egyik szakasz\u00e1ban sem enged\u00e9lyezz\u00fck az \u00e1llatk\u00eds\u00e9rleteket, mind az \u00f6sszetev\u0151ket, mind a v\u00e9gterm\u00e9keket illet\u0151en. Azon dolgozunk, hogy n\u00f6velj\u00fck a veg\u00e1n term\u00e9kek mennyis\u00e9g\u00e9t. lland\u00f3 c\u00e9lunk, hogy cs\u00f6kkents\u00fck a bolyg\u00f3nkra nehezed\u0151 terheket. Mindig arra t\u00f6reksz\u00fcnk, hogy t\u00f6bbet adjunk. #progressnotperfection.<\/p>\t\t\t\t\t\t\t\t<\/div>\n\t\t\t\t<\/div>\n\t\t\t\t<div class=\"elementor-element elementor-element-9d504d0 elementor-widget elementor-widget-heading\" data-id=\"9d504d0\" data-element_type=\"widget\" data-widget_type=\"heading.default\">\n\t\t\t\t<div class=\"elementor-widget-container\">\n\t\t\t\t\t<h2 class=\"elementor-heading-title elementor-size-default\">Revolution t\u00f6rt\u00e9nete<\/h2>\t\t\t\t<\/div>\n\t\t\t\t<\/div>\n\t\t\t\t<div class=\"elementor-element elementor-element-5562f13 elementor-widget elementor-widget-text-editor\" data-id=\"5562f13\" data-element_type=\"widget\" data-widget_type=\"text-editor.default\">\n\t\t\t\t<div class=\"elementor-widget-container\">\n\t\t\t\t\t\t\t\t\t<p>A m\u00e1rka 2014-ben Makeup Revolution n\u00e9ven indult el vil\u00e1gh\u00f3d\u00edt\u00f3 \u00fatj\u00e1ra, amikor is az alap\u00edt\u00f3, Adam Minto egy olyan make-up brandet \u00e1lmodott meg, amely minden, addig norm\u00e1lisnak mondott \u00e9rt\u00e9ket figyelmen k\u00edv\u00fcl hagyva forradalmas\u00edtotta a sminkipart. Magas min\u0151s\u00e9g\u0171, professzion\u00e1lis dekorm\u00e1rka, mely mindenki sz\u00e1m\u00e1ra el\u00e9rhet\u0151 \u2013 ez volt a Revolution k\u00fcldet\u00e9se startup-k\u00e9nt 2014 m\u00e1rcius\u00e1ban \u00e9s maradt ma is glob\u00e1lis, vil\u00e1gm\u00e1rkak\u00e9nt. <\/p>\t\t\t\t\t\t\t\t<\/div>\n\t\t\t\t<\/div>\n\t\t\t\t<div class=\"elementor-element elementor-element-58ca072 elementor-align-center elementor-widget elementor-widget-button\" data-id=\"58ca072\" data-element_type=\"widget\" data-widget_type=\"button.default\">\n\t\t\t\t<div class=\"elementor-widget-container\">\n\t\t\t\t\t\t\t\t\t<div class=\"elementor-button-wrapper\">\n\t\t\t\t\t<a class=\"elementor-button elementor-button-link elementor-size-sm\" href=\"https:\/\/primorcosmetics.com\/hu\/kapcsolat\/\">\n\t\t\t\t\t\t<span class=\"elementor-button-content-wrapper\">\n\t\t\t\t\t\t\t\t\t<span class=\"elementor-button-text\">Kapcsolat<\/span>\n\t\t\t\t\t<\/span>\n\t\t\t\t\t<\/a>\n\t\t\t\t<\/div>\n\t\t\t\t\t\t\t\t<\/div>\n\t\t\t\t<\/div>\n\t\t\t\t\t<\/div>\n\t\t<\/div>\n\t\t\t\t<div class=\"elementor-column elementor-col-50 elementor-top-column elementor-element elementor-element-a2affe2\" data-id=\"a2affe2\" data-element_type=\"column\">\n\t\t\t<div class=\"elementor-widget-wrap elementor-element-populated\">\n\t\t\t\t\t\t<div class=\"elementor-element elementor-element-7fe6cd9 elementor-widget elementor-widget-image\" data-id=\"7fe6cd9\" data-element_type=\"widget\" data-widget_type=\"image.default\">\n\t\t\t\t<div class=\"elementor-widget-container\">\n\t\t\t\t\t\t\t\t\t\t\t\t\t\t\t<img fetchpriority=\"high\" decoding=\"async\" width=\"800\" height=\"800\" src=\"https:\/\/primorcosmetics.com\/wp-content\/uploads\/2021\/12\/cropped_ALL_608_RVB_Mascars_and_palettes_Feb19_KP1612161-2100x2100-25176b14-1331-451c-9886-9fc92a593c8f-1024x1024.jpg\" class=\"attachment-large size-large wp-image-1404\" alt=\"revolution palett\u00e1k\" srcset=\"https:\/\/primorcosmetics.com\/wp-content\/uploads\/2021\/12\/cropped_ALL_608_RVB_Mascars_and_palettes_Feb19_KP1612161-2100x2100-25176b14-1331-451c-9886-9fc92a593c8f-1024x1024.jpg 1024w, https:\/\/primorcosmetics.com\/wp-content\/uploads\/2021\/12\/cropped_ALL_608_RVB_Mascars_and_palettes_Feb19_KP1612161-2100x2100-25176b14-1331-451c-9886-9fc92a593c8f-300x300.jpg 300w, https:\/\/primorcosmetics.com\/wp-content\/uploads\/2021\/12\/cropped_ALL_608_RVB_Mascars_and_palettes_Feb19_KP1612161-2100x2100-25176b14-1331-451c-9886-9fc92a593c8f-150x150.jpg 150w, https:\/\/primorcosmetics.com\/wp-content\/uploads\/2021\/12\/cropped_ALL_608_RVB_Mascars_and_palettes_Feb19_KP1612161-2100x2100-25176b14-1331-451c-9886-9fc92a593c8f-768x768.jpg 768w, https:\/\/primorcosmetics.com\/wp-content\/uploads\/2021\/12\/cropped_ALL_608_RVB_Mascars_and_palettes_Feb19_KP1612161-2100x2100-25176b14-1331-451c-9886-9fc92a593c8f-1536x1536.jpg 1536w, https:\/\/primorcosmetics.com\/wp-content\/uploads\/2021\/12\/cropped_ALL_608_RVB_Mascars_and_palettes_Feb19_KP1612161-2100x2100-25176b14-1331-451c-9886-9fc92a593c8f-2048x2048.jpg 2048w\" sizes=\"(max-width: 800px) 100vw, 800px\" \/>\t\t\t\t\t\t\t\t\t\t\t\t\t\t\t<\/div>\n\t\t\t\t<\/div>\n\t\t\t\t\t<\/div>\n\t\t<\/div>\n\t\t\t\t\t<\/div>\n\t\t<\/section>\n\t\t\t\t<\/div>\n\t\t","protected":false},"excerpt":{"rendered":"<p>Revolution Hisz\u00fcnk abban, hogy a professzion\u00e1lis, \u00e1llatk\u00eds\u00e9rlet-mentes smink mindenkinek j\u00e1r, \u00e9s b\u00e1rki sz\u00e1m\u00e1ra el\u00e9rhet\u0151, megfizethet\u0151 kell legyen. rra t\u00f6reksz\u00fcnk, hogy fogyaszt\u00f3inknak a leg\u00fajabb \u00f6sszetev\u0151ket, technol\u00f3gi\u00e1t \u00e9s k\u00e9sz\u00edtm\u00e9nyeket megfizethet\u0151 \u00e1ron k\u00edn\u00e1ljuk. Szeretn\u00e9nk lebontani a korl\u00e1tokat, amelyek megakad\u00e1lyozz\u00e1k az embereket abban, hogy \u00e9lvezz\u00e9k a sz\u00e9ps\u00e9get &#8211; legyen az \u00e1r, b\u0151rsz\u00edn vagy el\u00e9rhet\u0151s\u00e9g. Revolution \u00e9rt\u00e9kek Minden, amit gy\u00e1rtunk, [&hellip;]<\/p>\n","protected":false},"author":2,"featured_media":0,"parent":1659,"menu_order":0,"comment_status":"closed","ping_status":"closed","template":"","meta":{"footnotes":""},"class_list":["post-1743","page","type-page","status-publish","hentry"],"yoast_head":"<!-- This site is optimized with the Yoast SEO plugin v25.7 - https:\/\/yoast.com\/wordpress\/plugins\/seo\/ -->\n<title>Revolution - Prim\u0151r Cosmetics<\/title>\n<meta name=\"description\" content=\"Ismerd meg m\u00e1rk\u00e1inkat: Revolution - fogyaszt\u00f3inknak a leg\u00fajabb \u00f6sszetev\u0151ket, technol\u00f3gi\u00e1t \u00e9s k\u00e9sz\u00edtm\u00e9nyeket megfizethet\u0151 \u00e1ron k\u00edn\u00e1ljuk.\" \/>\n<meta name=\"robots\" content=\"index, follow, max-snippet:-1, max-image-preview:large, max-video-preview:-1\" \/>\n<link rel=\"canonical\" href=\"https:\/\/primorcosmetics.com\/hu\/markak-old\/revolution\/\" \/>\n<meta property=\"og:locale\" content=\"hu_HU\" \/>\n<meta property=\"og:type\" content=\"article\" \/>\n<meta property=\"og:title\" content=\"Revolution - Prim\u0151r Cosmetics\" \/>\n<meta property=\"og:description\" content=\"Ismerd meg m\u00e1rk\u00e1inkat: Revolution - fogyaszt\u00f3inknak a leg\u00fajabb \u00f6sszetev\u0151ket, technol\u00f3gi\u00e1t \u00e9s k\u00e9sz\u00edtm\u00e9nyeket megfizethet\u0151 \u00e1ron k\u00edn\u00e1ljuk.\" \/>\n<meta property=\"og:url\" content=\"https:\/\/primorcosmetics.com\/hu\/markak-old\/revolution\/\" \/>\n<meta property=\"og:site_name\" content=\"Prim\u0151r Cosmetics\" \/>\n<meta property=\"article:publisher\" content=\"https:\/\/www.facebook.com\/primorcosmetics\" \/>\n<meta property=\"article:modified_time\" content=\"2022-07-05T15:38:16+00:00\" \/>\n<meta property=\"og:image\" content=\"https:\/\/primorcosmetics.com\/wp-content\/uploads\/2021\/12\/cropped_ALL_608_RVB_Mascars_and_palettes_Feb19_KP1612161-2100x2100-25176b14-1331-451c-9886-9fc92a593c8f-1024x1024.jpg\" \/>\n<meta name=\"twitter:card\" content=\"summary_large_image\" \/>\n<meta name=\"twitter:label1\" content=\"Becs\u00fclt olvas\u00e1si id\u0151\" \/>\n\t<meta name=\"twitter:data1\" content=\"1 perc\" \/>\n<script type=\"application\/ld+json\" class=\"yoast-schema-graph\">{\"@context\":\"https:\/\/schema.org\",\"@graph\":[{\"@type\":\"WebPage\",\"@id\":\"https:\/\/primorcosmetics.com\/hu\/markak-old\/revolution\/\",\"url\":\"https:\/\/primorcosmetics.com\/hu\/markak-old\/revolution\/\",\"name\":\"Revolution - Prim\u0151r Cosmetics\",\"isPartOf\":{\"@id\":\"https:\/\/primorcosmetics.com\/#website\"},\"primaryImageOfPage\":{\"@id\":\"https:\/\/primorcosmetics.com\/hu\/markak-old\/revolution\/#primaryimage\"},\"image\":{\"@id\":\"https:\/\/primorcosmetics.com\/hu\/markak-old\/revolution\/#primaryimage\"},\"thumbnailUrl\":\"https:\/\/primorcosmetics.com\/wp-content\/uploads\/2021\/12\/cropped_ALL_608_RVB_Mascars_and_palettes_Feb19_KP1612161-2100x2100-25176b14-1331-451c-9886-9fc92a593c8f-1024x1024.jpg\",\"datePublished\":\"2021-12-18T14:50:19+00:00\",\"dateModified\":\"2022-07-05T15:38:16+00:00\",\"description\":\"Ismerd meg m\u00e1rk\u00e1inkat: Revolution - fogyaszt\u00f3inknak a leg\u00fajabb \u00f6sszetev\u0151ket, technol\u00f3gi\u00e1t \u00e9s k\u00e9sz\u00edtm\u00e9nyeket megfizethet\u0151 \u00e1ron k\u00edn\u00e1ljuk.\",\"breadcrumb\":{\"@id\":\"https:\/\/primorcosmetics.com\/hu\/markak-old\/revolution\/#breadcrumb\"},\"inLanguage\":\"hu\",\"potentialAction\":[{\"@type\":\"ReadAction\",\"target\":[\"https:\/\/primorcosmetics.com\/hu\/markak-old\/revolution\/\"]}]},{\"@type\":\"ImageObject\",\"inLanguage\":\"hu\",\"@id\":\"https:\/\/primorcosmetics.com\/hu\/markak-old\/revolution\/#primaryimage\",\"url\":\"https:\/\/primorcosmetics.com\/wp-content\/uploads\/2021\/12\/cropped_ALL_608_RVB_Mascars_and_palettes_Feb19_KP1612161-2100x2100-25176b14-1331-451c-9886-9fc92a593c8f-1024x1024.jpg\",\"contentUrl\":\"https:\/\/primorcosmetics.com\/wp-content\/uploads\/2021\/12\/cropped_ALL_608_RVB_Mascars_and_palettes_Feb19_KP1612161-2100x2100-25176b14-1331-451c-9886-9fc92a593c8f-1024x1024.jpg\"},{\"@type\":\"BreadcrumbList\",\"@id\":\"https:\/\/primorcosmetics.com\/hu\/markak-old\/revolution\/#breadcrumb\",\"itemListElement\":[{\"@type\":\"ListItem\",\"position\":1,\"name\":\"Home\",\"item\":\"https:\/\/primorcosmetics.com\/hu\/\"},{\"@type\":\"ListItem\",\"position\":2,\"name\":\"M\u00e1rk\u00e1k\",\"item\":\"https:\/\/primorcosmetics.com\/hu\/markak-old\/\"},{\"@type\":\"ListItem\",\"position\":3,\"name\":\"Revolution\"}]},{\"@type\":\"WebSite\",\"@id\":\"https:\/\/primorcosmetics.com\/#website\",\"url\":\"https:\/\/primorcosmetics.com\/\",\"name\":\"Prim\u0151r Cosmetics\",\"description\":\"Prim\u0151r Cosmetics Leading Hungarian beauty and cosmetics distributor\",\"publisher\":{\"@id\":\"https:\/\/primorcosmetics.com\/#organization\"},\"potentialAction\":[{\"@type\":\"SearchAction\",\"target\":{\"@type\":\"EntryPoint\",\"urlTemplate\":\"https:\/\/primorcosmetics.com\/?s={search_term_string}\"},\"query-input\":{\"@type\":\"PropertyValueSpecification\",\"valueRequired\":true,\"valueName\":\"search_term_string\"}}],\"inLanguage\":\"hu\"},{\"@type\":\"Organization\",\"@id\":\"https:\/\/primorcosmetics.com\/#organization\",\"name\":\"Prim\u0151r Kozmetikai Kft.\",\"url\":\"https:\/\/primorcosmetics.com\/\",\"logo\":{\"@type\":\"ImageObject\",\"inLanguage\":\"hu\",\"@id\":\"https:\/\/primorcosmetics.com\/#\/schema\/logo\/image\/\",\"url\":\"https:\/\/primorcosmetics.com\/wp-content\/uploads\/2021\/12\/Primor_logo_icon_lockup_color.jpg\",\"contentUrl\":\"https:\/\/primorcosmetics.com\/wp-content\/uploads\/2021\/12\/Primor_logo_icon_lockup_color.jpg\",\"width\":1920,\"height\":1080,\"caption\":\"Prim\u0151r Kozmetikai Kft.\"},\"image\":{\"@id\":\"https:\/\/primorcosmetics.com\/#\/schema\/logo\/image\/\"},\"sameAs\":[\"https:\/\/www.facebook.com\/primorcosmetics\",\"https:\/\/www.instagram.com\/primorcosmetics\/\",\"https:\/\/www.linkedin.com\/company\/primorcosmetics\/mycompany\/\",\"https:\/\/www.youtube.com\/channel\/UCd3Uei375tM1XLkCMPhALWQ\"]}]}<\/script>\n<!-- \/ Yoast SEO plugin. -->","yoast_head_json":{"title":"Revolution - Prim\u0151r Cosmetics","description":"Ismerd meg m\u00e1rk\u00e1inkat: Revolution - fogyaszt\u00f3inknak a leg\u00fajabb \u00f6sszetev\u0151ket, technol\u00f3gi\u00e1t \u00e9s k\u00e9sz\u00edtm\u00e9nyeket megfizethet\u0151 \u00e1ron k\u00edn\u00e1ljuk.","robots":{"index":"index","follow":"follow","max-snippet":"max-snippet:-1","max-image-preview":"max-image-preview:large","max-video-preview":"max-video-preview:-1"},"canonical":"https:\/\/primorcosmetics.com\/hu\/markak-old\/revolution\/","og_locale":"hu_HU","og_type":"article","og_title":"Revolution - Prim\u0151r Cosmetics","og_description":"Ismerd meg m\u00e1rk\u00e1inkat: Revolution - fogyaszt\u00f3inknak a leg\u00fajabb \u00f6sszetev\u0151ket, technol\u00f3gi\u00e1t \u00e9s k\u00e9sz\u00edtm\u00e9nyeket megfizethet\u0151 \u00e1ron k\u00edn\u00e1ljuk.","og_url":"https:\/\/primorcosmetics.com\/hu\/markak-old\/revolution\/","og_site_name":"Prim\u0151r Cosmetics","article_publisher":"https:\/\/www.facebook.com\/primorcosmetics","article_modified_time":"2022-07-05T15:38:16+00:00","og_image":[{"url":"https:\/\/primorcosmetics.com\/wp-content\/uploads\/2021\/12\/cropped_ALL_608_RVB_Mascars_and_palettes_Feb19_KP1612161-2100x2100-25176b14-1331-451c-9886-9fc92a593c8f-1024x1024.jpg","type":"","width":"","height":""}],"twitter_card":"summary_large_image","twitter_misc":{"Becs\u00fclt olvas\u00e1si id\u0151":"1 perc"},"schema":{"@context":"https:\/\/schema.org","@graph":[{"@type":"WebPage","@id":"https:\/\/primorcosmetics.com\/hu\/markak-old\/revolution\/","url":"https:\/\/primorcosmetics.com\/hu\/markak-old\/revolution\/","name":"Revolution - Prim\u0151r Cosmetics","isPartOf":{"@id":"https:\/\/primorcosmetics.com\/#website"},"primaryImageOfPage":{"@id":"https:\/\/primorcosmetics.com\/hu\/markak-old\/revolution\/#primaryimage"},"image":{"@id":"https:\/\/primorcosmetics.com\/hu\/markak-old\/revolution\/#primaryimage"},"thumbnailUrl":"https:\/\/primorcosmetics.com\/wp-content\/uploads\/2021\/12\/cropped_ALL_608_RVB_Mascars_and_palettes_Feb19_KP1612161-2100x2100-25176b14-1331-451c-9886-9fc92a593c8f-1024x1024.jpg","datePublished":"2021-12-18T14:50:19+00:00","dateModified":"2022-07-05T15:38:16+00:00","description":"Ismerd meg m\u00e1rk\u00e1inkat: Revolution - fogyaszt\u00f3inknak a leg\u00fajabb \u00f6sszetev\u0151ket, technol\u00f3gi\u00e1t \u00e9s k\u00e9sz\u00edtm\u00e9nyeket megfizethet\u0151 \u00e1ron k\u00edn\u00e1ljuk.","breadcrumb":{"@id":"https:\/\/primorcosmetics.com\/hu\/markak-old\/revolution\/#breadcrumb"},"inLanguage":"hu","potentialAction":[{"@type":"ReadAction","target":["https:\/\/primorcosmetics.com\/hu\/markak-old\/revolution\/"]}]},{"@type":"ImageObject","inLanguage":"hu","@id":"https:\/\/primorcosmetics.com\/hu\/markak-old\/revolution\/#primaryimage","url":"https:\/\/primorcosmetics.com\/wp-content\/uploads\/2021\/12\/cropped_ALL_608_RVB_Mascars_and_palettes_Feb19_KP1612161-2100x2100-25176b14-1331-451c-9886-9fc92a593c8f-1024x1024.jpg","contentUrl":"https:\/\/primorcosmetics.com\/wp-content\/uploads\/2021\/12\/cropped_ALL_608_RVB_Mascars_and_palettes_Feb19_KP1612161-2100x2100-25176b14-1331-451c-9886-9fc92a593c8f-1024x1024.jpg"},{"@type":"BreadcrumbList","@id":"https:\/\/primorcosmetics.com\/hu\/markak-old\/revolution\/#breadcrumb","itemListElement":[{"@type":"ListItem","position":1,"name":"Home","item":"https:\/\/primorcosmetics.com\/hu\/"},{"@type":"ListItem","position":2,"name":"M\u00e1rk\u00e1k","item":"https:\/\/primorcosmetics.com\/hu\/markak-old\/"},{"@type":"ListItem","position":3,"name":"Revolution"}]},{"@type":"WebSite","@id":"https:\/\/primorcosmetics.com\/#website","url":"https:\/\/primorcosmetics.com\/","name":"Prim\u0151r Cosmetics","description":"Prim\u0151r Cosmetics Leading Hungarian beauty and cosmetics distributor","publisher":{"@id":"https:\/\/primorcosmetics.com\/#organization"},"potentialAction":[{"@type":"SearchAction","target":{"@type":"EntryPoint","urlTemplate":"https:\/\/primorcosmetics.com\/?s={search_term_string}"},"query-input":{"@type":"PropertyValueSpecification","valueRequired":true,"valueName":"search_term_string"}}],"inLanguage":"hu"},{"@type":"Organization","@id":"https:\/\/primorcosmetics.com\/#organization","name":"Prim\u0151r Kozmetikai Kft.","url":"https:\/\/primorcosmetics.com\/","logo":{"@type":"ImageObject","inLanguage":"hu","@id":"https:\/\/primorcosmetics.com\/#\/schema\/logo\/image\/","url":"https:\/\/primorcosmetics.com\/wp-content\/uploads\/2021\/12\/Primor_logo_icon_lockup_color.jpg","contentUrl":"https:\/\/primorcosmetics.com\/wp-content\/uploads\/2021\/12\/Primor_logo_icon_lockup_color.jpg","width":1920,"height":1080,"caption":"Prim\u0151r Kozmetikai Kft."},"image":{"@id":"https:\/\/primorcosmetics.com\/#\/schema\/logo\/image\/"},"sameAs":["https:\/\/www.facebook.com\/primorcosmetics","https:\/\/www.instagram.com\/primorcosmetics\/","https:\/\/www.linkedin.com\/company\/primorcosmetics\/mycompany\/","https:\/\/www.youtube.com\/channel\/UCd3Uei375tM1XLkCMPhALWQ"]}]}},"_links":{"self":[{"href":"https:\/\/primorcosmetics.com\/hu\/wp-json\/wp\/v2\/pages\/1743","targetHints":{"allow":["GET"]}}],"collection":[{"href":"https:\/\/primorcosmetics.com\/hu\/wp-json\/wp\/v2\/pages"}],"about":[{"href":"https:\/\/primorcosmetics.com\/hu\/wp-json\/wp\/v2\/types\/page"}],"author":[{"embeddable":true,"href":"https:\/\/primorcosmetics.com\/hu\/wp-json\/wp\/v2\/users\/2"}],"replies":[{"embeddable":true,"href":"https:\/\/primorcosmetics.com\/hu\/wp-json\/wp\/v2\/comments?post=1743"}],"version-history":[{"count":1,"href":"https:\/\/primorcosmetics.com\/hu\/wp-json\/wp\/v2\/pages\/1743\/revisions"}],"predecessor-version":[{"id":1744,"href":"https:\/\/primorcosmetics.com\/hu\/wp-json\/wp\/v2\/pages\/1743\/revisions\/1744"}],"up":[{"embeddable":true,"href":"https:\/\/primorcosmetics.com\/hu\/wp-json\/wp\/v2\/pages\/1659"}],"wp:attachment":[{"href":"https:\/\/primorcosmetics.com\/hu\/wp-json\/wp\/v2\/media?parent=1743"}],"curies":[{"name":"wp","href":"https:\/\/api.w.org\/{rel}","templated":true}]}}