{"id":1747,"date":"2021-12-18T11:35:13","date_gmt":"2021-12-18T11:35:13","guid":{"rendered":"https:\/\/primorcosmetics.com\/markak\/essence\/"},"modified":"2022-07-05T15:44:43","modified_gmt":"2022-07-05T15:44:43","slug":"essence","status":"publish","type":"page","link":"https:\/\/primorcosmetics.com\/hu\/markak-old\/essence\/","title":{"rendered":"essence"},"content":{"rendered":"\t\t<div data-elementor-type=\"wp-page\" data-elementor-id=\"1747\" class=\"elementor elementor-1747 elementor-222\" data-elementor-post-type=\"page\">\n\t\t\t\t\t\t<section class=\"elementor-section elementor-top-section elementor-element elementor-element-1a60289 elementor-section-boxed elementor-section-height-default elementor-section-height-default\" data-id=\"1a60289\" data-element_type=\"section\">\n\t\t\t\t\t\t<div class=\"elementor-container elementor-column-gap-default\">\n\t\t\t\t\t<div class=\"elementor-column elementor-col-100 elementor-top-column elementor-element elementor-element-bbd7392\" data-id=\"bbd7392\" data-element_type=\"column\">\n\t\t\t<div class=\"elementor-widget-wrap\">\n\t\t\t\t\t\t\t<\/div>\n\t\t<\/div>\n\t\t\t\t\t<\/div>\n\t\t<\/section>\n\t\t\t\t<section class=\"elementor-section elementor-top-section elementor-element elementor-element-895bee5 elementor-section-boxed elementor-section-height-default elementor-section-height-default\" data-id=\"895bee5\" data-element_type=\"section\">\n\t\t\t\t\t\t<div class=\"elementor-container elementor-column-gap-default\">\n\t\t\t\t\t<div class=\"elementor-column elementor-col-100 elementor-top-column elementor-element elementor-element-d7443bc\" data-id=\"d7443bc\" data-element_type=\"column\">\n\t\t\t<div class=\"elementor-widget-wrap elementor-element-populated\">\n\t\t\t\t\t\t<div class=\"elementor-element elementor-element-de978f0 elementor-widget elementor-widget-spacer\" data-id=\"de978f0\" data-element_type=\"widget\" data-widget_type=\"spacer.default\">\n\t\t\t\t<div class=\"elementor-widget-container\">\n\t\t\t\t\t\t\t<div class=\"elementor-spacer\">\n\t\t\t<div class=\"elementor-spacer-inner\"><\/div>\n\t\t<\/div>\n\t\t\t\t\t\t<\/div>\n\t\t\t\t<\/div>\n\t\t\t\t\t<\/div>\n\t\t<\/div>\n\t\t\t\t\t<\/div>\n\t\t<\/section>\n\t\t\t\t<section class=\"elementor-section elementor-top-section elementor-element elementor-element-522204b elementor-section-boxed elementor-section-height-default elementor-section-height-default\" data-id=\"522204b\" data-element_type=\"section\">\n\t\t\t\t\t\t<div class=\"elementor-container elementor-column-gap-default\">\n\t\t\t\t\t<div class=\"elementor-column elementor-col-100 elementor-top-column elementor-element elementor-element-a90f324\" data-id=\"a90f324\" data-element_type=\"column\">\n\t\t\t<div class=\"elementor-widget-wrap elementor-element-populated\">\n\t\t\t\t\t\t<div class=\"elementor-element elementor-element-f9c6f60 elementor-widget elementor-widget-heading\" data-id=\"f9c6f60\" data-element_type=\"widget\" data-widget_type=\"heading.default\">\n\t\t\t\t<div class=\"elementor-widget-container\">\n\t\t\t\t\t<h1 class=\"elementor-heading-title elementor-size-default\">essence<\/h1>\t\t\t\t<\/div>\n\t\t\t\t<\/div>\n\t\t\t\t\t<\/div>\n\t\t<\/div>\n\t\t\t\t\t<\/div>\n\t\t<\/section>\n\t\t\t\t<section class=\"elementor-section elementor-top-section elementor-element elementor-element-5bebc7f elementor-section-boxed elementor-section-height-default elementor-section-height-default\" data-id=\"5bebc7f\" data-element_type=\"section\">\n\t\t\t\t\t\t<div class=\"elementor-container elementor-column-gap-default\">\n\t\t\t\t\t<div class=\"elementor-column elementor-col-100 elementor-top-column elementor-element elementor-element-44198d4\" data-id=\"44198d4\" data-element_type=\"column\">\n\t\t\t<div class=\"elementor-widget-wrap elementor-element-populated\">\n\t\t\t\t\t\t<div class=\"elementor-element elementor-element-04171c3 elementor-widget elementor-widget-spacer\" data-id=\"04171c3\" data-element_type=\"widget\" data-widget_type=\"spacer.default\">\n\t\t\t\t<div class=\"elementor-widget-container\">\n\t\t\t\t\t\t\t<div class=\"elementor-spacer\">\n\t\t\t<div class=\"elementor-spacer-inner\"><\/div>\n\t\t<\/div>\n\t\t\t\t\t\t<\/div>\n\t\t\t\t<\/div>\n\t\t\t\t\t<\/div>\n\t\t<\/div>\n\t\t\t\t\t<\/div>\n\t\t<\/section>\n\t\t\t\t<section class=\"elementor-section elementor-top-section elementor-element elementor-element-896add9 elementor-section-boxed elementor-section-height-default elementor-section-height-default\" data-id=\"896add9\" data-element_type=\"section\">\n\t\t\t\t\t\t<div class=\"elementor-container elementor-column-gap-default\">\n\t\t\t\t\t<div class=\"elementor-column elementor-col-50 elementor-top-column elementor-element elementor-element-3e24276\" data-id=\"3e24276\" data-element_type=\"column\">\n\t\t\t<div class=\"elementor-widget-wrap elementor-element-populated\">\n\t\t\t\t\t\t<div class=\"elementor-element elementor-element-4f9bd72 elementor-widget elementor-widget-text-editor\" data-id=\"4f9bd72\" data-element_type=\"widget\" data-widget_type=\"text-editor.default\">\n\t\t\t\t<div class=\"elementor-widget-container\">\n\t\t\t\t\t\t\t\t\t<p>A Christina Oster-Daum \u00e1ltal alap\u00edtott c\u00e9g 2004-ben nyitotta meg kapuit N\u00e9metorsz\u00e1gban, \u00e9s az\u00f3ta folyamatosan b\u0151v\u00fcl\u0151 glob\u00e1lis jelenl\u00e9t\u00fcnk bebizony\u00edtotta, amit mindig is tudtunk \u2013 a sminkvisel\u0151k mindenhol kiv\u00e1l\u00f3 min\u0151s\u00e9g\u0171 sminkre v\u00e1gynak megfelel\u0151 \u00e1ron. Mi\u00e9rt v\u00e1lasztan\u00e1l csak egy r\u00fazst, szemceruz\u00e1t, k\u00f6r\u00f6mlakkot, szemh\u00e9jfest\u00e9ket, sz\u00e1jf\u00e9nyt, (\u00e9rted a l\u00e9nyeget!), ha kipr\u00f3b\u00e1hatod az \u00f6sszeset? \u00cdgy kezd\u0151d\u00f6tt az eg\u00e9sz!<\/p>\t\t\t\t\t\t\t\t<\/div>\n\t\t\t\t<\/div>\n\t\t\t\t<div class=\"elementor-element elementor-element-78291fc elementor-widget elementor-widget-heading\" data-id=\"78291fc\" data-element_type=\"widget\" data-widget_type=\"heading.default\">\n\t\t\t\t<div class=\"elementor-widget-container\">\n\t\t\t\t\t<h2 class=\"elementor-heading-title elementor-size-default\">essence \u00e9rt\u00e9kek<\/h2>\t\t\t\t<\/div>\n\t\t\t\t<\/div>\n\t\t\t\t<div class=\"elementor-element elementor-element-51a330c elementor-widget elementor-widget-text-editor\" data-id=\"51a330c\" data-element_type=\"widget\" data-widget_type=\"text-editor.default\">\n\t\t\t\t<div class=\"elementor-widget-container\">\n\t\t\t\t\t\t\t\t\t<p>Hisz\u00fcnk a kiv\u00e1l\u00f3 min\u0151s\u00e9g\u0171 sminkben \u00e9s a nagyszer\u0171 \u00e1rakban. A sz\u00e9ps\u00e9gnek nem kell sokba ker\u00fclnie. Nap mint nap bebizony\u00edtjuk, hogy a kiv\u00e1l\u00f3 min\u0151s\u00e9g \u00e9s innov\u00e1ci\u00f3 nem \u00e1r k\u00e9rd\u00e9se. Term\u00e9keink 95%-\u00e1t Eur\u00f3p\u00e1ban gy\u00e1rtjuk. \u00d6sszetev\u0151ink megfelelnek az Eur\u00f3pai Uni\u00f3 kozmetikai ir\u00e1nyelv\u00e9nek \u00e9s az Egyes\u00fclt \u00c1llamok szigor\u00fa szabv\u00e1nyainak. \u00c9s a term\u00e9kek \u00e1llatk\u00eds\u00e9rlet-mentesek.<\/p>\t\t\t\t\t\t\t\t<\/div>\n\t\t\t\t<\/div>\n\t\t\t\t<div class=\"elementor-element elementor-element-9d504d0 elementor-widget elementor-widget-heading\" data-id=\"9d504d0\" data-element_type=\"widget\" data-widget_type=\"heading.default\">\n\t\t\t\t<div class=\"elementor-widget-container\">\n\t\t\t\t\t<h2 class=\"elementor-heading-title elementor-size-default\">essence t\u00f6rt\u00e9nete<\/h2>\t\t\t\t<\/div>\n\t\t\t\t<\/div>\n\t\t\t\t<div class=\"elementor-element elementor-element-5562f13 elementor-widget elementor-widget-text-editor\" data-id=\"5562f13\" data-element_type=\"widget\" data-widget_type=\"text-editor.default\">\n\t\t\t\t<div class=\"elementor-widget-container\">\n\t\t\t\t\t\t\t\t\t<p>Az essence-t 2001-ben ind\u00edtotta el egy b\u00e1tor v\u00e1llalkoz\u00f3n\u0151, Christina, aki egy m\u00e1sf\u00e9le kozmetikai m\u00e1rk\u00e1t akart k\u00e9sz\u00edteni &#8211; egy igaz\u00e1n sz\u00f3rakoztat\u00f3 m\u00e1rk\u00e1t, amely kiv\u00e1l\u00f3 min\u0151s\u00e9get \u00e9s kiv\u00e1l\u00f3 \u00e1rakat k\u00edn\u00e1l. Els\u0151 orsz\u00e1g\u00e1ban, N\u00e9metorsz\u00e1gban 2002-ben indult. Azt\u00e1n 2007-ben az essence top m\u00e1rk\u00e1v\u00e1 v\u00e1lt N\u00e9metorsz\u00e1gban, \u00e9s 50 m\u00e1sik orsz\u00e1gban kezdt\u00e9k \u00e9rt\u00e9kes\u00edteni. Magyarorsz\u00e1gon 2008-ban vezett\u00e9k be.<\/p>\t\t\t\t\t\t\t\t<\/div>\n\t\t\t\t<\/div>\n\t\t\t\t<div class=\"elementor-element elementor-element-58ca072 elementor-align-center elementor-widget elementor-widget-button\" data-id=\"58ca072\" data-element_type=\"widget\" data-widget_type=\"button.default\">\n\t\t\t\t<div class=\"elementor-widget-container\">\n\t\t\t\t\t\t\t\t\t<div class=\"elementor-button-wrapper\">\n\t\t\t\t\t<a class=\"elementor-button elementor-button-link elementor-size-sm\" href=\"https:\/\/primorcosmetics.com\/hu\/kapcsolat\/\">\n\t\t\t\t\t\t<span class=\"elementor-button-content-wrapper\">\n\t\t\t\t\t\t\t\t\t<span class=\"elementor-button-text\">Kapcsolat<\/span>\n\t\t\t\t\t<\/span>\n\t\t\t\t\t<\/a>\n\t\t\t\t<\/div>\n\t\t\t\t\t\t\t\t<\/div>\n\t\t\t\t<\/div>\n\t\t\t\t\t<\/div>\n\t\t<\/div>\n\t\t\t\t<div class=\"elementor-column elementor-col-50 elementor-top-column elementor-element elementor-element-a2affe2\" data-id=\"a2affe2\" data-element_type=\"column\">\n\t\t\t<div class=\"elementor-widget-wrap elementor-element-populated\">\n\t\t\t\t\t\t<div class=\"elementor-element elementor-element-7fe6cd9 elementor-widget elementor-widget-image\" data-id=\"7fe6cd9\" data-element_type=\"widget\" data-widget_type=\"image.default\">\n\t\t\t\t<div class=\"elementor-widget-container\">\n\t\t\t\t\t\t\t\t\t\t\t\t\t\t\t<img fetchpriority=\"high\" decoding=\"async\" width=\"800\" height=\"1000\" src=\"https:\/\/primorcosmetics.com\/wp-content\/uploads\/2021\/12\/essence_Flatlays-September_Svenja-Ava_Motiv_L2-819x1024.jpg\" class=\"attachment-large size-large wp-image-1402\" alt=\"\" srcset=\"https:\/\/primorcosmetics.com\/wp-content\/uploads\/2021\/12\/essence_Flatlays-September_Svenja-Ava_Motiv_L2-819x1024.jpg 819w, https:\/\/primorcosmetics.com\/wp-content\/uploads\/2021\/12\/essence_Flatlays-September_Svenja-Ava_Motiv_L2-240x300.jpg 240w, https:\/\/primorcosmetics.com\/wp-content\/uploads\/2021\/12\/essence_Flatlays-September_Svenja-Ava_Motiv_L2-768x960.jpg 768w, https:\/\/primorcosmetics.com\/wp-content\/uploads\/2021\/12\/essence_Flatlays-September_Svenja-Ava_Motiv_L2-1229x1536.jpg 1229w, https:\/\/primorcosmetics.com\/wp-content\/uploads\/2021\/12\/essence_Flatlays-September_Svenja-Ava_Motiv_L2-1638x2048.jpg 1638w, https:\/\/primorcosmetics.com\/wp-content\/uploads\/2021\/12\/essence_Flatlays-September_Svenja-Ava_Motiv_L2-scaled.jpg 2048w\" sizes=\"(max-width: 800px) 100vw, 800px\" \/>\t\t\t\t\t\t\t\t\t\t\t\t\t\t\t<\/div>\n\t\t\t\t<\/div>\n\t\t\t\t\t<\/div>\n\t\t<\/div>\n\t\t\t\t\t<\/div>\n\t\t<\/section>\n\t\t\t\t<\/div>\n\t\t","protected":false},"excerpt":{"rendered":"<p>essence A Christina Oster-Daum \u00e1ltal alap\u00edtott c\u00e9g 2004-ben nyitotta meg kapuit N\u00e9metorsz\u00e1gban, \u00e9s az\u00f3ta folyamatosan b\u0151v\u00fcl\u0151 glob\u00e1lis jelenl\u00e9t\u00fcnk bebizony\u00edtotta, amit mindig is tudtunk \u2013 a sminkvisel\u0151k mindenhol kiv\u00e1l\u00f3 min\u0151s\u00e9g\u0171 sminkre v\u00e1gynak megfelel\u0151 \u00e1ron. Mi\u00e9rt v\u00e1lasztan\u00e1l csak egy r\u00fazst, szemceruz\u00e1t, k\u00f6r\u00f6mlakkot, szemh\u00e9jfest\u00e9ket, sz\u00e1jf\u00e9nyt, (\u00e9rted a l\u00e9nyeget!), ha kipr\u00f3b\u00e1hatod az \u00f6sszeset? \u00cdgy kezd\u0151d\u00f6tt az eg\u00e9sz! essence \u00e9rt\u00e9kek [&hellip;]<\/p>\n","protected":false},"author":2,"featured_media":0,"parent":1659,"menu_order":0,"comment_status":"closed","ping_status":"closed","template":"","meta":{"footnotes":""},"class_list":["post-1747","page","type-page","status-publish","hentry"],"yoast_head":"<!-- This site is optimized with the Yoast SEO plugin v25.7 - https:\/\/yoast.com\/wordpress\/plugins\/seo\/ -->\n<title>essence - Prim\u0151r Cosmetics<\/title>\n<meta name=\"description\" content=\"Simerd meg m\u00e1rk\u00e1inkat: essence \u2013 A Christina Oster-Daum \u00e1ltal alap\u00edtott c\u00e9g 2004-ben nyitotta meg kapuit N\u00e9metorsz\u00e1gban, \u00e9s az\u00f3ta folyamatosan b\u0151v\u00fcl\u0151 glob\u00e1lis jelenl\u00e9t\u00fcnk bebizony\u00edtotta, amit mindig is tudtunk \u2013 a sminkvisel\u0151k mindenhol kiv\u00e1l\u00f3 min\u0151s\u00e9g\u0171 sminkre v\u00e1gynak megfelel\u0151 \u00e1ron.\" \/>\n<meta name=\"robots\" content=\"index, follow, max-snippet:-1, max-image-preview:large, max-video-preview:-1\" \/>\n<link rel=\"canonical\" href=\"https:\/\/primorcosmetics.com\/hu\/markak-old\/essence\/\" \/>\n<meta property=\"og:locale\" content=\"hu_HU\" \/>\n<meta property=\"og:type\" content=\"article\" \/>\n<meta property=\"og:title\" content=\"essence - Prim\u0151r Cosmetics\" \/>\n<meta property=\"og:description\" content=\"Simerd meg m\u00e1rk\u00e1inkat: essence \u2013 A Christina Oster-Daum \u00e1ltal alap\u00edtott c\u00e9g 2004-ben nyitotta meg kapuit N\u00e9metorsz\u00e1gban, \u00e9s az\u00f3ta folyamatosan b\u0151v\u00fcl\u0151 glob\u00e1lis jelenl\u00e9t\u00fcnk bebizony\u00edtotta, amit mindig is tudtunk \u2013 a sminkvisel\u0151k mindenhol kiv\u00e1l\u00f3 min\u0151s\u00e9g\u0171 sminkre v\u00e1gynak megfelel\u0151 \u00e1ron.\" \/>\n<meta property=\"og:url\" content=\"https:\/\/primorcosmetics.com\/hu\/markak-old\/essence\/\" \/>\n<meta property=\"og:site_name\" content=\"Prim\u0151r Cosmetics\" \/>\n<meta property=\"article:publisher\" content=\"https:\/\/www.facebook.com\/primorcosmetics\" \/>\n<meta property=\"article:modified_time\" content=\"2022-07-05T15:44:43+00:00\" \/>\n<meta property=\"og:image\" content=\"https:\/\/primorcosmetics.com\/wp-content\/uploads\/2021\/12\/essence_Flatlays-September_Svenja-Ava_Motiv_L2-819x1024.jpg\" \/>\n<meta name=\"twitter:card\" content=\"summary_large_image\" \/>\n<meta name=\"twitter:label1\" content=\"Becs\u00fclt olvas\u00e1si id\u0151\" \/>\n\t<meta name=\"twitter:data1\" content=\"1 perc\" \/>\n<script type=\"application\/ld+json\" class=\"yoast-schema-graph\">{\"@context\":\"https:\/\/schema.org\",\"@graph\":[{\"@type\":\"WebPage\",\"@id\":\"https:\/\/primorcosmetics.com\/hu\/markak-old\/essence\/\",\"url\":\"https:\/\/primorcosmetics.com\/hu\/markak-old\/essence\/\",\"name\":\"essence - Prim\u0151r Cosmetics\",\"isPartOf\":{\"@id\":\"https:\/\/primorcosmetics.com\/#website\"},\"primaryImageOfPage\":{\"@id\":\"https:\/\/primorcosmetics.com\/hu\/markak-old\/essence\/#primaryimage\"},\"image\":{\"@id\":\"https:\/\/primorcosmetics.com\/hu\/markak-old\/essence\/#primaryimage\"},\"thumbnailUrl\":\"https:\/\/primorcosmetics.com\/wp-content\/uploads\/2021\/12\/essence_Flatlays-September_Svenja-Ava_Motiv_L2-819x1024.jpg\",\"datePublished\":\"2021-12-18T11:35:13+00:00\",\"dateModified\":\"2022-07-05T15:44:43+00:00\",\"description\":\"Simerd meg m\u00e1rk\u00e1inkat: essence \u2013 A Christina Oster-Daum \u00e1ltal alap\u00edtott c\u00e9g 2004-ben nyitotta meg kapuit N\u00e9metorsz\u00e1gban, \u00e9s az\u00f3ta folyamatosan b\u0151v\u00fcl\u0151 glob\u00e1lis jelenl\u00e9t\u00fcnk bebizony\u00edtotta, amit mindig is tudtunk \u2013 a sminkvisel\u0151k mindenhol kiv\u00e1l\u00f3 min\u0151s\u00e9g\u0171 sminkre v\u00e1gynak megfelel\u0151 \u00e1ron.\",\"breadcrumb\":{\"@id\":\"https:\/\/primorcosmetics.com\/hu\/markak-old\/essence\/#breadcrumb\"},\"inLanguage\":\"hu\",\"potentialAction\":[{\"@type\":\"ReadAction\",\"target\":[\"https:\/\/primorcosmetics.com\/hu\/markak-old\/essence\/\"]}]},{\"@type\":\"ImageObject\",\"inLanguage\":\"hu\",\"@id\":\"https:\/\/primorcosmetics.com\/hu\/markak-old\/essence\/#primaryimage\",\"url\":\"https:\/\/primorcosmetics.com\/wp-content\/uploads\/2021\/12\/essence_Flatlays-September_Svenja-Ava_Motiv_L2-819x1024.jpg\",\"contentUrl\":\"https:\/\/primorcosmetics.com\/wp-content\/uploads\/2021\/12\/essence_Flatlays-September_Svenja-Ava_Motiv_L2-819x1024.jpg\"},{\"@type\":\"BreadcrumbList\",\"@id\":\"https:\/\/primorcosmetics.com\/hu\/markak-old\/essence\/#breadcrumb\",\"itemListElement\":[{\"@type\":\"ListItem\",\"position\":1,\"name\":\"Home\",\"item\":\"https:\/\/primorcosmetics.com\/hu\/\"},{\"@type\":\"ListItem\",\"position\":2,\"name\":\"M\u00e1rk\u00e1k\",\"item\":\"https:\/\/primorcosmetics.com\/hu\/markak-old\/\"},{\"@type\":\"ListItem\",\"position\":3,\"name\":\"essence\"}]},{\"@type\":\"WebSite\",\"@id\":\"https:\/\/primorcosmetics.com\/#website\",\"url\":\"https:\/\/primorcosmetics.com\/\",\"name\":\"Prim\u0151r Cosmetics\",\"description\":\"Prim\u0151r Cosmetics Leading Hungarian beauty and cosmetics distributor\",\"publisher\":{\"@id\":\"https:\/\/primorcosmetics.com\/#organization\"},\"potentialAction\":[{\"@type\":\"SearchAction\",\"target\":{\"@type\":\"EntryPoint\",\"urlTemplate\":\"https:\/\/primorcosmetics.com\/?s={search_term_string}\"},\"query-input\":{\"@type\":\"PropertyValueSpecification\",\"valueRequired\":true,\"valueName\":\"search_term_string\"}}],\"inLanguage\":\"hu\"},{\"@type\":\"Organization\",\"@id\":\"https:\/\/primorcosmetics.com\/#organization\",\"name\":\"Prim\u0151r Kozmetikai Kft.\",\"url\":\"https:\/\/primorcosmetics.com\/\",\"logo\":{\"@type\":\"ImageObject\",\"inLanguage\":\"hu\",\"@id\":\"https:\/\/primorcosmetics.com\/#\/schema\/logo\/image\/\",\"url\":\"https:\/\/primorcosmetics.com\/wp-content\/uploads\/2021\/12\/Primor_logo_icon_lockup_color.jpg\",\"contentUrl\":\"https:\/\/primorcosmetics.com\/wp-content\/uploads\/2021\/12\/Primor_logo_icon_lockup_color.jpg\",\"width\":1920,\"height\":1080,\"caption\":\"Prim\u0151r Kozmetikai Kft.\"},\"image\":{\"@id\":\"https:\/\/primorcosmetics.com\/#\/schema\/logo\/image\/\"},\"sameAs\":[\"https:\/\/www.facebook.com\/primorcosmetics\",\"https:\/\/www.instagram.com\/primorcosmetics\/\",\"https:\/\/www.linkedin.com\/company\/primorcosmetics\/mycompany\/\",\"https:\/\/www.youtube.com\/channel\/UCd3Uei375tM1XLkCMPhALWQ\"]}]}<\/script>\n<!-- \/ Yoast SEO plugin. -->","yoast_head_json":{"title":"essence - Prim\u0151r Cosmetics","description":"Simerd meg m\u00e1rk\u00e1inkat: essence \u2013 A Christina Oster-Daum \u00e1ltal alap\u00edtott c\u00e9g 2004-ben nyitotta meg kapuit N\u00e9metorsz\u00e1gban, \u00e9s az\u00f3ta folyamatosan b\u0151v\u00fcl\u0151 glob\u00e1lis jelenl\u00e9t\u00fcnk bebizony\u00edtotta, amit mindig is tudtunk \u2013 a sminkvisel\u0151k mindenhol kiv\u00e1l\u00f3 min\u0151s\u00e9g\u0171 sminkre v\u00e1gynak megfelel\u0151 \u00e1ron.","robots":{"index":"index","follow":"follow","max-snippet":"max-snippet:-1","max-image-preview":"max-image-preview:large","max-video-preview":"max-video-preview:-1"},"canonical":"https:\/\/primorcosmetics.com\/hu\/markak-old\/essence\/","og_locale":"hu_HU","og_type":"article","og_title":"essence - Prim\u0151r Cosmetics","og_description":"Simerd meg m\u00e1rk\u00e1inkat: essence \u2013 A Christina Oster-Daum \u00e1ltal alap\u00edtott c\u00e9g 2004-ben nyitotta meg kapuit N\u00e9metorsz\u00e1gban, \u00e9s az\u00f3ta folyamatosan b\u0151v\u00fcl\u0151 glob\u00e1lis jelenl\u00e9t\u00fcnk bebizony\u00edtotta, amit mindig is tudtunk \u2013 a sminkvisel\u0151k mindenhol kiv\u00e1l\u00f3 min\u0151s\u00e9g\u0171 sminkre v\u00e1gynak megfelel\u0151 \u00e1ron.","og_url":"https:\/\/primorcosmetics.com\/hu\/markak-old\/essence\/","og_site_name":"Prim\u0151r Cosmetics","article_publisher":"https:\/\/www.facebook.com\/primorcosmetics","article_modified_time":"2022-07-05T15:44:43+00:00","og_image":[{"url":"https:\/\/primorcosmetics.com\/wp-content\/uploads\/2021\/12\/essence_Flatlays-September_Svenja-Ava_Motiv_L2-819x1024.jpg","type":"","width":"","height":""}],"twitter_card":"summary_large_image","twitter_misc":{"Becs\u00fclt olvas\u00e1si id\u0151":"1 perc"},"schema":{"@context":"https:\/\/schema.org","@graph":[{"@type":"WebPage","@id":"https:\/\/primorcosmetics.com\/hu\/markak-old\/essence\/","url":"https:\/\/primorcosmetics.com\/hu\/markak-old\/essence\/","name":"essence - Prim\u0151r Cosmetics","isPartOf":{"@id":"https:\/\/primorcosmetics.com\/#website"},"primaryImageOfPage":{"@id":"https:\/\/primorcosmetics.com\/hu\/markak-old\/essence\/#primaryimage"},"image":{"@id":"https:\/\/primorcosmetics.com\/hu\/markak-old\/essence\/#primaryimage"},"thumbnailUrl":"https:\/\/primorcosmetics.com\/wp-content\/uploads\/2021\/12\/essence_Flatlays-September_Svenja-Ava_Motiv_L2-819x1024.jpg","datePublished":"2021-12-18T11:35:13+00:00","dateModified":"2022-07-05T15:44:43+00:00","description":"Simerd meg m\u00e1rk\u00e1inkat: essence \u2013 A Christina Oster-Daum \u00e1ltal alap\u00edtott c\u00e9g 2004-ben nyitotta meg kapuit N\u00e9metorsz\u00e1gban, \u00e9s az\u00f3ta folyamatosan b\u0151v\u00fcl\u0151 glob\u00e1lis jelenl\u00e9t\u00fcnk bebizony\u00edtotta, amit mindig is tudtunk \u2013 a sminkvisel\u0151k mindenhol kiv\u00e1l\u00f3 min\u0151s\u00e9g\u0171 sminkre v\u00e1gynak megfelel\u0151 \u00e1ron.","breadcrumb":{"@id":"https:\/\/primorcosmetics.com\/hu\/markak-old\/essence\/#breadcrumb"},"inLanguage":"hu","potentialAction":[{"@type":"ReadAction","target":["https:\/\/primorcosmetics.com\/hu\/markak-old\/essence\/"]}]},{"@type":"ImageObject","inLanguage":"hu","@id":"https:\/\/primorcosmetics.com\/hu\/markak-old\/essence\/#primaryimage","url":"https:\/\/primorcosmetics.com\/wp-content\/uploads\/2021\/12\/essence_Flatlays-September_Svenja-Ava_Motiv_L2-819x1024.jpg","contentUrl":"https:\/\/primorcosmetics.com\/wp-content\/uploads\/2021\/12\/essence_Flatlays-September_Svenja-Ava_Motiv_L2-819x1024.jpg"},{"@type":"BreadcrumbList","@id":"https:\/\/primorcosmetics.com\/hu\/markak-old\/essence\/#breadcrumb","itemListElement":[{"@type":"ListItem","position":1,"name":"Home","item":"https:\/\/primorcosmetics.com\/hu\/"},{"@type":"ListItem","position":2,"name":"M\u00e1rk\u00e1k","item":"https:\/\/primorcosmetics.com\/hu\/markak-old\/"},{"@type":"ListItem","position":3,"name":"essence"}]},{"@type":"WebSite","@id":"https:\/\/primorcosmetics.com\/#website","url":"https:\/\/primorcosmetics.com\/","name":"Prim\u0151r Cosmetics","description":"Prim\u0151r Cosmetics Leading Hungarian beauty and cosmetics distributor","publisher":{"@id":"https:\/\/primorcosmetics.com\/#organization"},"potentialAction":[{"@type":"SearchAction","target":{"@type":"EntryPoint","urlTemplate":"https:\/\/primorcosmetics.com\/?s={search_term_string}"},"query-input":{"@type":"PropertyValueSpecification","valueRequired":true,"valueName":"search_term_string"}}],"inLanguage":"hu"},{"@type":"Organization","@id":"https:\/\/primorcosmetics.com\/#organization","name":"Prim\u0151r Kozmetikai Kft.","url":"https:\/\/primorcosmetics.com\/","logo":{"@type":"ImageObject","inLanguage":"hu","@id":"https:\/\/primorcosmetics.com\/#\/schema\/logo\/image\/","url":"https:\/\/primorcosmetics.com\/wp-content\/uploads\/2021\/12\/Primor_logo_icon_lockup_color.jpg","contentUrl":"https:\/\/primorcosmetics.com\/wp-content\/uploads\/2021\/12\/Primor_logo_icon_lockup_color.jpg","width":1920,"height":1080,"caption":"Prim\u0151r Kozmetikai Kft."},"image":{"@id":"https:\/\/primorcosmetics.com\/#\/schema\/logo\/image\/"},"sameAs":["https:\/\/www.facebook.com\/primorcosmetics","https:\/\/www.instagram.com\/primorcosmetics\/","https:\/\/www.linkedin.com\/company\/primorcosmetics\/mycompany\/","https:\/\/www.youtube.com\/channel\/UCd3Uei375tM1XLkCMPhALWQ"]}]}},"_links":{"self":[{"href":"https:\/\/primorcosmetics.com\/hu\/wp-json\/wp\/v2\/pages\/1747","targetHints":{"allow":["GET"]}}],"collection":[{"href":"https:\/\/primorcosmetics.com\/hu\/wp-json\/wp\/v2\/pages"}],"about":[{"href":"https:\/\/primorcosmetics.com\/hu\/wp-json\/wp\/v2\/types\/page"}],"author":[{"embeddable":true,"href":"https:\/\/primorcosmetics.com\/hu\/wp-json\/wp\/v2\/users\/2"}],"replies":[{"embeddable":true,"href":"https:\/\/primorcosmetics.com\/hu\/wp-json\/wp\/v2\/comments?post=1747"}],"version-history":[{"count":1,"href":"https:\/\/primorcosmetics.com\/hu\/wp-json\/wp\/v2\/pages\/1747\/revisions"}],"predecessor-version":[{"id":1748,"href":"https:\/\/primorcosmetics.com\/hu\/wp-json\/wp\/v2\/pages\/1747\/revisions\/1748"}],"up":[{"embeddable":true,"href":"https:\/\/primorcosmetics.com\/hu\/wp-json\/wp\/v2\/pages\/1659"}],"wp:attachment":[{"href":"https:\/\/primorcosmetics.com\/hu\/wp-json\/wp\/v2\/media?parent=1747"}],"curies":[{"name":"wp","href":"https:\/\/api.w.org\/{rel}","templated":true}]}}