{"id":1749,"date":"2021-12-20T20:32:07","date_gmt":"2021-12-20T20:32:07","guid":{"rendered":"https:\/\/primorcosmetics.com\/markak\/chloe\/"},"modified":"2022-07-06T13:18:31","modified_gmt":"2022-07-06T13:18:31","slug":"chloe","status":"publish","type":"page","link":"https:\/\/primorcosmetics.com\/hu\/markak-old\/chloe\/","title":{"rendered":"CHLO\u00c9"},"content":{"rendered":"\t\t<div data-elementor-type=\"wp-page\" data-elementor-id=\"1749\" class=\"elementor elementor-1749 elementor-339\" data-elementor-post-type=\"page\">\n\t\t\t\t\t\t<section class=\"elementor-section elementor-top-section elementor-element elementor-element-1a60289 elementor-section-boxed elementor-section-height-default elementor-section-height-default\" data-id=\"1a60289\" data-element_type=\"section\">\n\t\t\t\t\t\t<div class=\"elementor-container elementor-column-gap-default\">\n\t\t\t\t\t<div class=\"elementor-column elementor-col-100 elementor-top-column elementor-element elementor-element-bbd7392\" data-id=\"bbd7392\" data-element_type=\"column\">\n\t\t\t<div class=\"elementor-widget-wrap\">\n\t\t\t\t\t\t\t<\/div>\n\t\t<\/div>\n\t\t\t\t\t<\/div>\n\t\t<\/section>\n\t\t\t\t<section class=\"elementor-section elementor-top-section elementor-element elementor-element-895bee5 elementor-section-boxed elementor-section-height-default elementor-section-height-default\" data-id=\"895bee5\" data-element_type=\"section\">\n\t\t\t\t\t\t<div class=\"elementor-container elementor-column-gap-default\">\n\t\t\t\t\t<div class=\"elementor-column elementor-col-100 elementor-top-column elementor-element elementor-element-d7443bc\" data-id=\"d7443bc\" data-element_type=\"column\">\n\t\t\t<div class=\"elementor-widget-wrap elementor-element-populated\">\n\t\t\t\t\t\t<div class=\"elementor-element elementor-element-de978f0 elementor-widget elementor-widget-spacer\" data-id=\"de978f0\" data-element_type=\"widget\" data-widget_type=\"spacer.default\">\n\t\t\t\t<div class=\"elementor-widget-container\">\n\t\t\t\t\t\t\t<div class=\"elementor-spacer\">\n\t\t\t<div class=\"elementor-spacer-inner\"><\/div>\n\t\t<\/div>\n\t\t\t\t\t\t<\/div>\n\t\t\t\t<\/div>\n\t\t\t\t\t<\/div>\n\t\t<\/div>\n\t\t\t\t\t<\/div>\n\t\t<\/section>\n\t\t\t\t<section class=\"elementor-section elementor-top-section elementor-element elementor-element-522204b elementor-section-boxed elementor-section-height-default elementor-section-height-default\" data-id=\"522204b\" data-element_type=\"section\">\n\t\t\t\t\t\t<div class=\"elementor-container elementor-column-gap-default\">\n\t\t\t\t\t<div class=\"elementor-column elementor-col-100 elementor-top-column elementor-element elementor-element-a90f324\" data-id=\"a90f324\" data-element_type=\"column\">\n\t\t\t<div class=\"elementor-widget-wrap elementor-element-populated\">\n\t\t\t\t\t\t<div class=\"elementor-element elementor-element-f9c6f60 elementor-widget elementor-widget-heading\" data-id=\"f9c6f60\" data-element_type=\"widget\" data-widget_type=\"heading.default\">\n\t\t\t\t<div class=\"elementor-widget-container\">\n\t\t\t\t\t<h1 class=\"elementor-heading-title elementor-size-default\">CHLO\u00c9<\/h1>\t\t\t\t<\/div>\n\t\t\t\t<\/div>\n\t\t\t\t\t<\/div>\n\t\t<\/div>\n\t\t\t\t\t<\/div>\n\t\t<\/section>\n\t\t\t\t<section class=\"elementor-section elementor-top-section elementor-element elementor-element-5bebc7f elementor-section-boxed elementor-section-height-default elementor-section-height-default\" data-id=\"5bebc7f\" data-element_type=\"section\">\n\t\t\t\t\t\t<div class=\"elementor-container elementor-column-gap-default\">\n\t\t\t\t\t<div class=\"elementor-column elementor-col-100 elementor-top-column elementor-element elementor-element-44198d4\" data-id=\"44198d4\" data-element_type=\"column\">\n\t\t\t<div class=\"elementor-widget-wrap elementor-element-populated\">\n\t\t\t\t\t\t<div class=\"elementor-element elementor-element-04171c3 elementor-widget elementor-widget-spacer\" data-id=\"04171c3\" data-element_type=\"widget\" data-widget_type=\"spacer.default\">\n\t\t\t\t<div class=\"elementor-widget-container\">\n\t\t\t\t\t\t\t<div class=\"elementor-spacer\">\n\t\t\t<div class=\"elementor-spacer-inner\"><\/div>\n\t\t<\/div>\n\t\t\t\t\t\t<\/div>\n\t\t\t\t<\/div>\n\t\t\t\t\t<\/div>\n\t\t<\/div>\n\t\t\t\t\t<\/div>\n\t\t<\/section>\n\t\t\t\t<section class=\"elementor-section elementor-top-section elementor-element elementor-element-896add9 elementor-section-boxed elementor-section-height-default elementor-section-height-default\" data-id=\"896add9\" data-element_type=\"section\">\n\t\t\t\t\t\t<div class=\"elementor-container elementor-column-gap-default\">\n\t\t\t\t\t<div class=\"elementor-column elementor-col-50 elementor-top-column elementor-element elementor-element-3e24276\" data-id=\"3e24276\" data-element_type=\"column\">\n\t\t\t<div class=\"elementor-widget-wrap elementor-element-populated\">\n\t\t\t\t\t\t<div class=\"elementor-element elementor-element-4f9bd72 elementor-widget elementor-widget-text-editor\" data-id=\"4f9bd72\" data-element_type=\"widget\" data-widget_type=\"text-editor.default\">\n\t\t\t\t<div class=\"elementor-widget-container\">\n\t\t\t\t\t\t\t\t\t<p>Szabads\u00e1g, k\u00f6nnyeds\u00e9g \u00e9s n\u0151iess\u00e9g: ezekre az alappill\u00e9rekre \u00e9p\u00fclt a francia Chlo\u00e9 m\u00e1rka t\u00f6bb mint 60 \u00e9vvel ezel\u0151tt. A Chlo\u00e9 m\u00e1rka a romantikus, eleg\u00e1ns, \u00e1lmodoz\u00f3 h\u00f6lgyek k\u00f6nnyed m\u00e1rk\u00e1ja, amely a divatvil\u00e1g k\u00fcl\u00f6nleges, kecses \u00e9kk\u00f6ve, n\u0151kt\u0151l, kifejezetten csak h\u00f6lgyek sz\u00e1m\u00e1ra tervezett term\u00e9kekkel. A divath\u00e1z alkot\u00e1saira k\u00fcl\u00f6n\u00f6sen jellemz\u0151 a b\u00e9zs \u00e1rnyalat\u00fa textilek haszn\u00e1lata, valamint a masnik, h\u00edmzett red\u0151k, r\u00e1ncok adta d\u00edsz\u00edt\u00e9sek \u00e9s lakat szimb\u00f3lumok.<\/p><p>A Chlo\u00e9 illatok megjelen\u00e9s\u00fckben \u00e9s illatvil\u00e1gukban is a divath\u00e1z legfontosabb jellemz\u0151it viselik magukon: a Chlo\u00e9 Signature vonal \u00fcveg\u00e9n a rakott ujj\u00fa bl\u00faz mot\u00edvumra utal\u00f3 red\u0151k, valamint masni jelenik meg, m\u00edg a Love Story \u00fcvege az \u00f6r\u00f6k szerelem szimb\u00f3lum\u00e1t, lakatot form\u00e1l A divath\u00e1z leg\u00fajabb, 2018-ban bevezet\u00e9sre ker\u00fclt illatvonal\u00e1nak, a Nomade parf\u00fcm\u00f6k \u00fcveg\u00e9t pedig a Chlo\u00e9 ikonikus Drew t\u00e1sk\u00e1ja inspir\u00e1lta, amit egy vel\u00far szalaggal d\u00edsz\u00edtettek.<\/p><p>Manaps\u00e1g a Chlo\u00e9 a romantikus, k\u00f6nnyed elegancia k\u00e9pvisel\u0151j\u00e9v\u00e9 v\u00e1lt, amely kieg\u00e9sz\u00edt\u0151iben \u00e9s parf\u00fcmeiben is visszak\u00f6sz\u00f6n.<\/p>\t\t\t\t\t\t\t\t<\/div>\n\t\t\t\t<\/div>\n\t\t\t\t<div class=\"elementor-element elementor-element-78291fc elementor-widget elementor-widget-heading\" data-id=\"78291fc\" data-element_type=\"widget\" data-widget_type=\"heading.default\">\n\t\t\t\t<div class=\"elementor-widget-container\">\n\t\t\t\t\t<h2 class=\"elementor-heading-title elementor-size-default\">CHLO\u00c9 \u00e9rt\u00e9kek<\/h2>\t\t\t\t<\/div>\n\t\t\t\t<\/div>\n\t\t\t\t<div class=\"elementor-element elementor-element-51a330c elementor-widget elementor-widget-text-editor\" data-id=\"51a330c\" data-element_type=\"widget\" data-widget_type=\"text-editor.default\">\n\t\t\t\t<div class=\"elementor-widget-container\">\n\t\t\t\t\t\t\t\t\t<p>A Chlo\u00e9 n\u0151 term\u00e9szetes, id\u0151tlen\u00fcl eleg\u00e1ns, szabadlelk\u0171 \u00e9s nyitott, \u00edgy a Chlo\u00e9 illatok a k\u00f6r\u00fcl\u00f6tte l\u00e9v\u0151 vil\u00e1ggal \u00e9s \u00f6nmag\u00e1val harm\u00f3ni\u00e1ban \u00e9l\u0151 n\u0151 esszenci\u00e1i.<\/p>\t\t\t\t\t\t\t\t<\/div>\n\t\t\t\t<\/div>\n\t\t\t\t<div class=\"elementor-element elementor-element-9d504d0 elementor-widget elementor-widget-heading\" data-id=\"9d504d0\" data-element_type=\"widget\" data-widget_type=\"heading.default\">\n\t\t\t\t<div class=\"elementor-widget-container\">\n\t\t\t\t\t<h2 class=\"elementor-heading-title elementor-size-default\">CHLO\u00c9 t\u00f6rt\u00e9nete<\/h2>\t\t\t\t<\/div>\n\t\t\t\t<\/div>\n\t\t\t\t<div class=\"elementor-element elementor-element-5562f13 elementor-widget elementor-widget-text-editor\" data-id=\"5562f13\" data-element_type=\"widget\" data-widget_type=\"text-editor.default\">\n\t\t\t\t<div class=\"elementor-widget-container\">\n\t\t\t\t\t\t\t\t\t<p>A m\u00e1rka sz\u00fclet\u00e9se az egyiptomi sz\u00e1rmaz\u00e1s\u00fa, P\u00e1rizsban \u00e9l\u0151 Gaby Aghion nev\u00e9hez k\u00f6thet\u0151, aki az 1950-es \u00e9vek elej\u00e9n felismerte, hogy a haute couture ruhadarabok nem alkalmasak utcai viseletre, \u00edgy t\u00e1rs\u00e1val megteremtette a k\u00e9nyelmes mindennapi viseletet, a \u201eready-to-wear-t\u201d, amely hordhat\u00f3, egyedi, divatos \u00e9s kiv\u00e1l\u00f3 min\u0151s\u00e9g\u0171 darabokb\u00f3l \u00e1ll.<\/p><p>A m\u00e1rka n\u00e9pszer\u0171s\u00e9ge egyre n\u00f6vekedett, \u00e9s olyan vil\u00e1gszt\u00e1rok rajongtak \u00e9rte, mint Brigitte Bardot, Jackie Kennedy vagy Grace Kelly, monac\u00f3i hercegn\u0151.<\/p><p>A Chlo\u00e9 azon kev\u00e9s m\u00e1rk\u00e1k egyike, amelyek egyed\u00fcl \u00e9s kiz\u00e1r\u00f3lag n\u0151i illatokkal foglalkoznak.<\/p>\t\t\t\t\t\t\t\t<\/div>\n\t\t\t\t<\/div>\n\t\t\t\t<div class=\"elementor-element elementor-element-58ca072 elementor-align-center elementor-widget elementor-widget-button\" data-id=\"58ca072\" data-element_type=\"widget\" data-widget_type=\"button.default\">\n\t\t\t\t<div class=\"elementor-widget-container\">\n\t\t\t\t\t\t\t\t\t<div class=\"elementor-button-wrapper\">\n\t\t\t\t\t<a class=\"elementor-button elementor-button-link elementor-size-sm\" href=\"https:\/\/primorcosmetics.com\/hu\/kapcsolat\/\">\n\t\t\t\t\t\t<span class=\"elementor-button-content-wrapper\">\n\t\t\t\t\t\t\t\t\t<span class=\"elementor-button-text\">Kapcsolat<\/span>\n\t\t\t\t\t<\/span>\n\t\t\t\t\t<\/a>\n\t\t\t\t<\/div>\n\t\t\t\t\t\t\t\t<\/div>\n\t\t\t\t<\/div>\n\t\t\t\t\t<\/div>\n\t\t<\/div>\n\t\t\t\t<div class=\"elementor-column elementor-col-50 elementor-top-column elementor-element elementor-element-a2affe2\" data-id=\"a2affe2\" data-element_type=\"column\">\n\t\t\t<div class=\"elementor-widget-wrap elementor-element-populated\">\n\t\t\t\t\t\t<div class=\"elementor-element elementor-element-7fe6cd9 elementor-widget elementor-widget-image\" data-id=\"7fe6cd9\" data-element_type=\"widget\" data-widget_type=\"image.default\">\n\t\t\t\t<div class=\"elementor-widget-container\">\n\t\t\t\t\t\t\t\t\t\t\t\t\t\t\t<img fetchpriority=\"high\" decoding=\"async\" width=\"724\" height=\"1024\" src=\"https:\/\/primorcosmetics.com\/wp-content\/uploads\/2022\/01\/CHL_SIGN_EDP_NAT_21_InStore_KV_MAX_HEIGHT_1m30_070_LR-724x1024.jpg\" class=\"attachment-large size-large wp-image-1498\" alt=\"Chloe\u00e9 parf\u00fcm\u00f6k\" srcset=\"https:\/\/primorcosmetics.com\/wp-content\/uploads\/2022\/01\/CHL_SIGN_EDP_NAT_21_InStore_KV_MAX_HEIGHT_1m30_070_LR-724x1024.jpg 724w, https:\/\/primorcosmetics.com\/wp-content\/uploads\/2022\/01\/CHL_SIGN_EDP_NAT_21_InStore_KV_MAX_HEIGHT_1m30_070_LR-212x300.jpg 212w, https:\/\/primorcosmetics.com\/wp-content\/uploads\/2022\/01\/CHL_SIGN_EDP_NAT_21_InStore_KV_MAX_HEIGHT_1m30_070_LR-768x1086.jpg 768w, https:\/\/primorcosmetics.com\/wp-content\/uploads\/2022\/01\/CHL_SIGN_EDP_NAT_21_InStore_KV_MAX_HEIGHT_1m30_070_LR-1086x1536.jpg 1086w, https:\/\/primorcosmetics.com\/wp-content\/uploads\/2022\/01\/CHL_SIGN_EDP_NAT_21_InStore_KV_MAX_HEIGHT_1m30_070_LR.jpg 1240w\" sizes=\"(max-width: 724px) 100vw, 724px\" \/>\t\t\t\t\t\t\t\t\t\t\t\t\t\t\t<\/div>\n\t\t\t\t<\/div>\n\t\t\t\t\t<\/div>\n\t\t<\/div>\n\t\t\t\t\t<\/div>\n\t\t<\/section>\n\t\t\t\t<\/div>\n\t\t","protected":false},"excerpt":{"rendered":"<p>CHLO\u00c9 Szabads\u00e1g, k\u00f6nnyeds\u00e9g \u00e9s n\u0151iess\u00e9g: ezekre az alappill\u00e9rekre \u00e9p\u00fclt a francia Chlo\u00e9 m\u00e1rka t\u00f6bb mint 60 \u00e9vvel ezel\u0151tt. A Chlo\u00e9 m\u00e1rka a romantikus, eleg\u00e1ns, \u00e1lmodoz\u00f3 h\u00f6lgyek k\u00f6nnyed m\u00e1rk\u00e1ja, amely a divatvil\u00e1g k\u00fcl\u00f6nleges, kecses \u00e9kk\u00f6ve, n\u0151kt\u0151l, kifejezetten csak h\u00f6lgyek sz\u00e1m\u00e1ra tervezett term\u00e9kekkel. A divath\u00e1z alkot\u00e1saira k\u00fcl\u00f6n\u00f6sen jellemz\u0151 a b\u00e9zs \u00e1rnyalat\u00fa textilek haszn\u00e1lata, valamint a masnik, h\u00edmzett [&hellip;]<\/p>\n","protected":false},"author":2,"featured_media":0,"parent":1659,"menu_order":0,"comment_status":"closed","ping_status":"closed","template":"","meta":{"footnotes":""},"class_list":["post-1749","page","type-page","status-publish","hentry"],"yoast_head":"<!-- This site is optimized with the Yoast SEO plugin v25.7 - https:\/\/yoast.com\/wordpress\/plugins\/seo\/ -->\n<title>CHLO\u00c9 - Prim\u0151r Cosmetics<\/title>\n<meta name=\"description\" content=\"Ismerd meg a m\u00e1rk\u00e1inkat: Szabads\u00e1g, k\u00f6nnyeds\u00e9g \u00e9s n\u0151iess\u00e9g: ezekre az alappill\u00e9rekre \u00e9p\u00fclt a francia Chlo\u00e9 m\u00e1rka t\u00f6bb mint 60 \u00e9vvel ezel\u0151tt.\" \/>\n<meta name=\"robots\" content=\"index, follow, max-snippet:-1, max-image-preview:large, max-video-preview:-1\" \/>\n<link rel=\"canonical\" href=\"https:\/\/primorcosmetics.com\/hu\/markak-old\/chloe\/\" \/>\n<meta property=\"og:locale\" content=\"hu_HU\" \/>\n<meta property=\"og:type\" content=\"article\" \/>\n<meta property=\"og:title\" content=\"CHLO\u00c9 - Prim\u0151r Cosmetics\" \/>\n<meta property=\"og:description\" content=\"Ismerd meg a m\u00e1rk\u00e1inkat: Szabads\u00e1g, k\u00f6nnyeds\u00e9g \u00e9s n\u0151iess\u00e9g: ezekre az alappill\u00e9rekre \u00e9p\u00fclt a francia Chlo\u00e9 m\u00e1rka t\u00f6bb mint 60 \u00e9vvel ezel\u0151tt.\" \/>\n<meta property=\"og:url\" content=\"https:\/\/primorcosmetics.com\/hu\/markak-old\/chloe\/\" \/>\n<meta property=\"og:site_name\" content=\"Prim\u0151r Cosmetics\" \/>\n<meta property=\"article:publisher\" content=\"https:\/\/www.facebook.com\/primorcosmetics\" \/>\n<meta property=\"article:modified_time\" content=\"2022-07-06T13:18:31+00:00\" \/>\n<meta property=\"og:image\" content=\"https:\/\/primorcosmetics.com\/wp-content\/uploads\/2022\/01\/CHL_SIGN_EDP_NAT_21_InStore_KV_MAX_HEIGHT_1m30_070_LR-724x1024.jpg\" \/>\n<meta name=\"twitter:card\" content=\"summary_large_image\" \/>\n<meta name=\"twitter:label1\" content=\"Becs\u00fclt olvas\u00e1si id\u0151\" \/>\n\t<meta name=\"twitter:data1\" content=\"2 perc\" \/>\n<script type=\"application\/ld+json\" class=\"yoast-schema-graph\">{\"@context\":\"https:\/\/schema.org\",\"@graph\":[{\"@type\":\"WebPage\",\"@id\":\"https:\/\/primorcosmetics.com\/hu\/markak-old\/chloe\/\",\"url\":\"https:\/\/primorcosmetics.com\/hu\/markak-old\/chloe\/\",\"name\":\"CHLO\u00c9 - Prim\u0151r Cosmetics\",\"isPartOf\":{\"@id\":\"https:\/\/primorcosmetics.com\/#website\"},\"primaryImageOfPage\":{\"@id\":\"https:\/\/primorcosmetics.com\/hu\/markak-old\/chloe\/#primaryimage\"},\"image\":{\"@id\":\"https:\/\/primorcosmetics.com\/hu\/markak-old\/chloe\/#primaryimage\"},\"thumbnailUrl\":\"https:\/\/primorcosmetics.com\/wp-content\/uploads\/2022\/01\/CHL_SIGN_EDP_NAT_21_InStore_KV_MAX_HEIGHT_1m30_070_LR-724x1024.jpg\",\"datePublished\":\"2021-12-20T20:32:07+00:00\",\"dateModified\":\"2022-07-06T13:18:31+00:00\",\"description\":\"Ismerd meg a m\u00e1rk\u00e1inkat: Szabads\u00e1g, k\u00f6nnyeds\u00e9g \u00e9s n\u0151iess\u00e9g: ezekre az alappill\u00e9rekre \u00e9p\u00fclt a francia Chlo\u00e9 m\u00e1rka t\u00f6bb mint 60 \u00e9vvel ezel\u0151tt.\",\"breadcrumb\":{\"@id\":\"https:\/\/primorcosmetics.com\/hu\/markak-old\/chloe\/#breadcrumb\"},\"inLanguage\":\"hu\",\"potentialAction\":[{\"@type\":\"ReadAction\",\"target\":[\"https:\/\/primorcosmetics.com\/hu\/markak-old\/chloe\/\"]}]},{\"@type\":\"ImageObject\",\"inLanguage\":\"hu\",\"@id\":\"https:\/\/primorcosmetics.com\/hu\/markak-old\/chloe\/#primaryimage\",\"url\":\"https:\/\/primorcosmetics.com\/wp-content\/uploads\/2022\/01\/CHL_SIGN_EDP_NAT_21_InStore_KV_MAX_HEIGHT_1m30_070_LR-724x1024.jpg\",\"contentUrl\":\"https:\/\/primorcosmetics.com\/wp-content\/uploads\/2022\/01\/CHL_SIGN_EDP_NAT_21_InStore_KV_MAX_HEIGHT_1m30_070_LR-724x1024.jpg\"},{\"@type\":\"BreadcrumbList\",\"@id\":\"https:\/\/primorcosmetics.com\/hu\/markak-old\/chloe\/#breadcrumb\",\"itemListElement\":[{\"@type\":\"ListItem\",\"position\":1,\"name\":\"Home\",\"item\":\"https:\/\/primorcosmetics.com\/hu\/\"},{\"@type\":\"ListItem\",\"position\":2,\"name\":\"M\u00e1rk\u00e1k\",\"item\":\"https:\/\/primorcosmetics.com\/hu\/markak-old\/\"},{\"@type\":\"ListItem\",\"position\":3,\"name\":\"CHLO\u00c9\"}]},{\"@type\":\"WebSite\",\"@id\":\"https:\/\/primorcosmetics.com\/#website\",\"url\":\"https:\/\/primorcosmetics.com\/\",\"name\":\"Prim\u0151r Cosmetics\",\"description\":\"Prim\u0151r Cosmetics Leading Hungarian beauty and cosmetics distributor\",\"publisher\":{\"@id\":\"https:\/\/primorcosmetics.com\/#organization\"},\"potentialAction\":[{\"@type\":\"SearchAction\",\"target\":{\"@type\":\"EntryPoint\",\"urlTemplate\":\"https:\/\/primorcosmetics.com\/?s={search_term_string}\"},\"query-input\":{\"@type\":\"PropertyValueSpecification\",\"valueRequired\":true,\"valueName\":\"search_term_string\"}}],\"inLanguage\":\"hu\"},{\"@type\":\"Organization\",\"@id\":\"https:\/\/primorcosmetics.com\/#organization\",\"name\":\"Prim\u0151r Kozmetikai Kft.\",\"url\":\"https:\/\/primorcosmetics.com\/\",\"logo\":{\"@type\":\"ImageObject\",\"inLanguage\":\"hu\",\"@id\":\"https:\/\/primorcosmetics.com\/#\/schema\/logo\/image\/\",\"url\":\"https:\/\/primorcosmetics.com\/wp-content\/uploads\/2021\/12\/Primor_logo_icon_lockup_color.jpg\",\"contentUrl\":\"https:\/\/primorcosmetics.com\/wp-content\/uploads\/2021\/12\/Primor_logo_icon_lockup_color.jpg\",\"width\":1920,\"height\":1080,\"caption\":\"Prim\u0151r Kozmetikai Kft.\"},\"image\":{\"@id\":\"https:\/\/primorcosmetics.com\/#\/schema\/logo\/image\/\"},\"sameAs\":[\"https:\/\/www.facebook.com\/primorcosmetics\",\"https:\/\/www.instagram.com\/primorcosmetics\/\",\"https:\/\/www.linkedin.com\/company\/primorcosmetics\/mycompany\/\",\"https:\/\/www.youtube.com\/channel\/UCd3Uei375tM1XLkCMPhALWQ\"]}]}<\/script>\n<!-- \/ Yoast SEO plugin. -->","yoast_head_json":{"title":"CHLO\u00c9 - Prim\u0151r Cosmetics","description":"Ismerd meg a m\u00e1rk\u00e1inkat: Szabads\u00e1g, k\u00f6nnyeds\u00e9g \u00e9s n\u0151iess\u00e9g: ezekre az alappill\u00e9rekre \u00e9p\u00fclt a francia Chlo\u00e9 m\u00e1rka t\u00f6bb mint 60 \u00e9vvel ezel\u0151tt.","robots":{"index":"index","follow":"follow","max-snippet":"max-snippet:-1","max-image-preview":"max-image-preview:large","max-video-preview":"max-video-preview:-1"},"canonical":"https:\/\/primorcosmetics.com\/hu\/markak-old\/chloe\/","og_locale":"hu_HU","og_type":"article","og_title":"CHLO\u00c9 - Prim\u0151r Cosmetics","og_description":"Ismerd meg a m\u00e1rk\u00e1inkat: Szabads\u00e1g, k\u00f6nnyeds\u00e9g \u00e9s n\u0151iess\u00e9g: ezekre az alappill\u00e9rekre \u00e9p\u00fclt a francia Chlo\u00e9 m\u00e1rka t\u00f6bb mint 60 \u00e9vvel ezel\u0151tt.","og_url":"https:\/\/primorcosmetics.com\/hu\/markak-old\/chloe\/","og_site_name":"Prim\u0151r Cosmetics","article_publisher":"https:\/\/www.facebook.com\/primorcosmetics","article_modified_time":"2022-07-06T13:18:31+00:00","og_image":[{"url":"https:\/\/primorcosmetics.com\/wp-content\/uploads\/2022\/01\/CHL_SIGN_EDP_NAT_21_InStore_KV_MAX_HEIGHT_1m30_070_LR-724x1024.jpg","type":"","width":"","height":""}],"twitter_card":"summary_large_image","twitter_misc":{"Becs\u00fclt olvas\u00e1si id\u0151":"2 perc"},"schema":{"@context":"https:\/\/schema.org","@graph":[{"@type":"WebPage","@id":"https:\/\/primorcosmetics.com\/hu\/markak-old\/chloe\/","url":"https:\/\/primorcosmetics.com\/hu\/markak-old\/chloe\/","name":"CHLO\u00c9 - Prim\u0151r Cosmetics","isPartOf":{"@id":"https:\/\/primorcosmetics.com\/#website"},"primaryImageOfPage":{"@id":"https:\/\/primorcosmetics.com\/hu\/markak-old\/chloe\/#primaryimage"},"image":{"@id":"https:\/\/primorcosmetics.com\/hu\/markak-old\/chloe\/#primaryimage"},"thumbnailUrl":"https:\/\/primorcosmetics.com\/wp-content\/uploads\/2022\/01\/CHL_SIGN_EDP_NAT_21_InStore_KV_MAX_HEIGHT_1m30_070_LR-724x1024.jpg","datePublished":"2021-12-20T20:32:07+00:00","dateModified":"2022-07-06T13:18:31+00:00","description":"Ismerd meg a m\u00e1rk\u00e1inkat: Szabads\u00e1g, k\u00f6nnyeds\u00e9g \u00e9s n\u0151iess\u00e9g: ezekre az alappill\u00e9rekre \u00e9p\u00fclt a francia Chlo\u00e9 m\u00e1rka t\u00f6bb mint 60 \u00e9vvel ezel\u0151tt.","breadcrumb":{"@id":"https:\/\/primorcosmetics.com\/hu\/markak-old\/chloe\/#breadcrumb"},"inLanguage":"hu","potentialAction":[{"@type":"ReadAction","target":["https:\/\/primorcosmetics.com\/hu\/markak-old\/chloe\/"]}]},{"@type":"ImageObject","inLanguage":"hu","@id":"https:\/\/primorcosmetics.com\/hu\/markak-old\/chloe\/#primaryimage","url":"https:\/\/primorcosmetics.com\/wp-content\/uploads\/2022\/01\/CHL_SIGN_EDP_NAT_21_InStore_KV_MAX_HEIGHT_1m30_070_LR-724x1024.jpg","contentUrl":"https:\/\/primorcosmetics.com\/wp-content\/uploads\/2022\/01\/CHL_SIGN_EDP_NAT_21_InStore_KV_MAX_HEIGHT_1m30_070_LR-724x1024.jpg"},{"@type":"BreadcrumbList","@id":"https:\/\/primorcosmetics.com\/hu\/markak-old\/chloe\/#breadcrumb","itemListElement":[{"@type":"ListItem","position":1,"name":"Home","item":"https:\/\/primorcosmetics.com\/hu\/"},{"@type":"ListItem","position":2,"name":"M\u00e1rk\u00e1k","item":"https:\/\/primorcosmetics.com\/hu\/markak-old\/"},{"@type":"ListItem","position":3,"name":"CHLO\u00c9"}]},{"@type":"WebSite","@id":"https:\/\/primorcosmetics.com\/#website","url":"https:\/\/primorcosmetics.com\/","name":"Prim\u0151r Cosmetics","description":"Prim\u0151r Cosmetics Leading Hungarian beauty and cosmetics distributor","publisher":{"@id":"https:\/\/primorcosmetics.com\/#organization"},"potentialAction":[{"@type":"SearchAction","target":{"@type":"EntryPoint","urlTemplate":"https:\/\/primorcosmetics.com\/?s={search_term_string}"},"query-input":{"@type":"PropertyValueSpecification","valueRequired":true,"valueName":"search_term_string"}}],"inLanguage":"hu"},{"@type":"Organization","@id":"https:\/\/primorcosmetics.com\/#organization","name":"Prim\u0151r Kozmetikai Kft.","url":"https:\/\/primorcosmetics.com\/","logo":{"@type":"ImageObject","inLanguage":"hu","@id":"https:\/\/primorcosmetics.com\/#\/schema\/logo\/image\/","url":"https:\/\/primorcosmetics.com\/wp-content\/uploads\/2021\/12\/Primor_logo_icon_lockup_color.jpg","contentUrl":"https:\/\/primorcosmetics.com\/wp-content\/uploads\/2021\/12\/Primor_logo_icon_lockup_color.jpg","width":1920,"height":1080,"caption":"Prim\u0151r Kozmetikai Kft."},"image":{"@id":"https:\/\/primorcosmetics.com\/#\/schema\/logo\/image\/"},"sameAs":["https:\/\/www.facebook.com\/primorcosmetics","https:\/\/www.instagram.com\/primorcosmetics\/","https:\/\/www.linkedin.com\/company\/primorcosmetics\/mycompany\/","https:\/\/www.youtube.com\/channel\/UCd3Uei375tM1XLkCMPhALWQ"]}]}},"_links":{"self":[{"href":"https:\/\/primorcosmetics.com\/hu\/wp-json\/wp\/v2\/pages\/1749","targetHints":{"allow":["GET"]}}],"collection":[{"href":"https:\/\/primorcosmetics.com\/hu\/wp-json\/wp\/v2\/pages"}],"about":[{"href":"https:\/\/primorcosmetics.com\/hu\/wp-json\/wp\/v2\/types\/page"}],"author":[{"embeddable":true,"href":"https:\/\/primorcosmetics.com\/hu\/wp-json\/wp\/v2\/users\/2"}],"replies":[{"embeddable":true,"href":"https:\/\/primorcosmetics.com\/hu\/wp-json\/wp\/v2\/comments?post=1749"}],"version-history":[{"count":3,"href":"https:\/\/primorcosmetics.com\/hu\/wp-json\/wp\/v2\/pages\/1749\/revisions"}],"predecessor-version":[{"id":1752,"href":"https:\/\/primorcosmetics.com\/hu\/wp-json\/wp\/v2\/pages\/1749\/revisions\/1752"}],"up":[{"embeddable":true,"href":"https:\/\/primorcosmetics.com\/hu\/wp-json\/wp\/v2\/pages\/1659"}],"wp:attachment":[{"href":"https:\/\/primorcosmetics.com\/hu\/wp-json\/wp\/v2\/media?parent=1749"}],"curies":[{"name":"wp","href":"https:\/\/api.w.org\/{rel}","templated":true}]}}