{"id":1753,"date":"2021-12-20T20:36:24","date_gmt":"2021-12-20T20:36:24","guid":{"rendered":"https:\/\/primorcosmetics.com\/markak\/lacoste\/"},"modified":"2022-07-06T13:23:28","modified_gmt":"2022-07-06T13:23:28","slug":"lacoste","status":"publish","type":"page","link":"https:\/\/primorcosmetics.com\/hu\/markak-old\/lacoste\/","title":{"rendered":"LACOSTE"},"content":{"rendered":"\t\t<div data-elementor-type=\"wp-page\" data-elementor-id=\"1753\" class=\"elementor elementor-1753 elementor-356\" data-elementor-post-type=\"page\">\n\t\t\t\t\t\t<section class=\"elementor-section elementor-top-section elementor-element elementor-element-1a60289 elementor-section-boxed elementor-section-height-default elementor-section-height-default\" data-id=\"1a60289\" data-element_type=\"section\">\n\t\t\t\t\t\t<div class=\"elementor-container elementor-column-gap-default\">\n\t\t\t\t\t<div class=\"elementor-column elementor-col-100 elementor-top-column elementor-element elementor-element-bbd7392\" data-id=\"bbd7392\" data-element_type=\"column\">\n\t\t\t<div class=\"elementor-widget-wrap\">\n\t\t\t\t\t\t\t<\/div>\n\t\t<\/div>\n\t\t\t\t\t<\/div>\n\t\t<\/section>\n\t\t\t\t<section class=\"elementor-section elementor-top-section elementor-element elementor-element-895bee5 elementor-section-boxed elementor-section-height-default elementor-section-height-default\" data-id=\"895bee5\" data-element_type=\"section\">\n\t\t\t\t\t\t<div class=\"elementor-container elementor-column-gap-default\">\n\t\t\t\t\t<div class=\"elementor-column elementor-col-100 elementor-top-column elementor-element elementor-element-d7443bc\" data-id=\"d7443bc\" data-element_type=\"column\">\n\t\t\t<div class=\"elementor-widget-wrap elementor-element-populated\">\n\t\t\t\t\t\t<div class=\"elementor-element elementor-element-de978f0 elementor-widget elementor-widget-spacer\" data-id=\"de978f0\" data-element_type=\"widget\" data-widget_type=\"spacer.default\">\n\t\t\t\t<div class=\"elementor-widget-container\">\n\t\t\t\t\t\t\t<div class=\"elementor-spacer\">\n\t\t\t<div class=\"elementor-spacer-inner\"><\/div>\n\t\t<\/div>\n\t\t\t\t\t\t<\/div>\n\t\t\t\t<\/div>\n\t\t\t\t\t<\/div>\n\t\t<\/div>\n\t\t\t\t\t<\/div>\n\t\t<\/section>\n\t\t\t\t<section class=\"elementor-section elementor-top-section elementor-element elementor-element-522204b elementor-section-boxed elementor-section-height-default elementor-section-height-default\" data-id=\"522204b\" data-element_type=\"section\">\n\t\t\t\t\t\t<div class=\"elementor-container elementor-column-gap-default\">\n\t\t\t\t\t<div class=\"elementor-column elementor-col-100 elementor-top-column elementor-element elementor-element-a90f324\" data-id=\"a90f324\" data-element_type=\"column\">\n\t\t\t<div class=\"elementor-widget-wrap elementor-element-populated\">\n\t\t\t\t\t\t<div class=\"elementor-element elementor-element-f9c6f60 elementor-widget elementor-widget-heading\" data-id=\"f9c6f60\" data-element_type=\"widget\" data-widget_type=\"heading.default\">\n\t\t\t\t<div class=\"elementor-widget-container\">\n\t\t\t\t\t<h1 class=\"elementor-heading-title elementor-size-default\">LACOSTE<\/h1>\t\t\t\t<\/div>\n\t\t\t\t<\/div>\n\t\t\t\t\t<\/div>\n\t\t<\/div>\n\t\t\t\t\t<\/div>\n\t\t<\/section>\n\t\t\t\t<section class=\"elementor-section elementor-top-section elementor-element elementor-element-5bebc7f elementor-section-boxed elementor-section-height-default elementor-section-height-default\" data-id=\"5bebc7f\" data-element_type=\"section\">\n\t\t\t\t\t\t<div class=\"elementor-container elementor-column-gap-default\">\n\t\t\t\t\t<div class=\"elementor-column elementor-col-100 elementor-top-column elementor-element elementor-element-44198d4\" data-id=\"44198d4\" data-element_type=\"column\">\n\t\t\t<div class=\"elementor-widget-wrap elementor-element-populated\">\n\t\t\t\t\t\t<div class=\"elementor-element elementor-element-04171c3 elementor-widget elementor-widget-spacer\" data-id=\"04171c3\" data-element_type=\"widget\" data-widget_type=\"spacer.default\">\n\t\t\t\t<div class=\"elementor-widget-container\">\n\t\t\t\t\t\t\t<div class=\"elementor-spacer\">\n\t\t\t<div class=\"elementor-spacer-inner\"><\/div>\n\t\t<\/div>\n\t\t\t\t\t\t<\/div>\n\t\t\t\t<\/div>\n\t\t\t\t\t<\/div>\n\t\t<\/div>\n\t\t\t\t\t<\/div>\n\t\t<\/section>\n\t\t\t\t<section class=\"elementor-section elementor-top-section elementor-element elementor-element-896add9 elementor-section-boxed elementor-section-height-default elementor-section-height-default\" data-id=\"896add9\" data-element_type=\"section\">\n\t\t\t\t\t\t<div class=\"elementor-container elementor-column-gap-default\">\n\t\t\t\t\t<div class=\"elementor-column elementor-col-50 elementor-top-column elementor-element elementor-element-3e24276\" data-id=\"3e24276\" data-element_type=\"column\">\n\t\t\t<div class=\"elementor-widget-wrap elementor-element-populated\">\n\t\t\t\t\t\t<div class=\"elementor-element elementor-element-4f9bd72 elementor-widget elementor-widget-text-editor\" data-id=\"4f9bd72\" data-element_type=\"widget\" data-widget_type=\"text-editor.default\">\n\t\t\t\t<div class=\"elementor-widget-container\">\n\t\t\t\t\t\t\t\t\t<p>&#8220;Az \u00e9let egy csod\u00e1latos sport&#8221;<\/p><p>A kiv\u00e9teles tehets\u00e9g\u0171 teniszj\u00e1t\u00e9kos, Ren\u00e9 Lacoste nev\u00e9t visel\u0151 m\u00e1rka a mai napig a modern, eleg\u00e1ns, sportos \u00e9letm\u00f3d szimb\u00f3luma, mely f\u00e9rfiak, n\u0151k \u00e9s gyermekek sz\u00e1m\u00e1ra k\u00e9sz\u00edt pr\u00e9mium min\u0151s\u00e9g\u0171 sport- \u00e9s szabadid\u0151ruh\u00e1zatot, l\u00e1bbelit, illatszereket, b\u0151r\u00e1rut, szem\u00fcveget, \u00f3r\u00e1t \u00e9s lak\u00e1stext\u00edli\u00e1t. Parf\u00fcmjei tiszta, eleg\u00e1ns illatok. T\u00f6retlen T\u00f6retlen n\u00e9pszer\u0171s\u00e9gnek \u00f6rvend\u0151 Pour Femme, L\u2019Homme \u00e9s L.12.12 illatvonalai ut\u00e1n a m\u00e1rka 2020-ban egy \u00faj f\u00e9rfi pill\u00e9rt vezetett be, a Lacoste Match Pointot.<\/p>\t\t\t\t\t\t\t\t<\/div>\n\t\t\t\t<\/div>\n\t\t\t\t<div class=\"elementor-element elementor-element-78291fc elementor-widget elementor-widget-heading\" data-id=\"78291fc\" data-element_type=\"widget\" data-widget_type=\"heading.default\">\n\t\t\t\t<div class=\"elementor-widget-container\">\n\t\t\t\t\t<h2 class=\"elementor-heading-title elementor-size-default\">LACOSTE \u00e9rt\u00e9kek<\/h2>\t\t\t\t<\/div>\n\t\t\t\t<\/div>\n\t\t\t\t<div class=\"elementor-element elementor-element-51a330c elementor-widget elementor-widget-text-editor\" data-id=\"51a330c\" data-element_type=\"widget\" data-widget_type=\"text-editor.default\">\n\t\t\t\t<div class=\"elementor-widget-container\">\n\t\t\t\t\t\t\t\t\t<p>A Lacoste neve egyet jelent a min\u0151s\u00e9ggel, teljes\u00edtm\u00e9nnyel, j\u00e1t\u00e9koss\u00e1ggal, innov\u00e1ci\u00f3val \u00e9s term\u00e9szetes eleganci\u00e1val.<\/p>\t\t\t\t\t\t\t\t<\/div>\n\t\t\t\t<\/div>\n\t\t\t\t<div class=\"elementor-element elementor-element-9d504d0 elementor-widget elementor-widget-heading\" data-id=\"9d504d0\" data-element_type=\"widget\" data-widget_type=\"heading.default\">\n\t\t\t\t<div class=\"elementor-widget-container\">\n\t\t\t\t\t<h2 class=\"elementor-heading-title elementor-size-default\">LACOSTE t\u00f6rt\u00e9nete<\/h2>\t\t\t\t<\/div>\n\t\t\t\t<\/div>\n\t\t\t\t<div class=\"elementor-element elementor-element-5562f13 elementor-widget elementor-widget-text-editor\" data-id=\"5562f13\" data-element_type=\"widget\" data-widget_type=\"text-editor.default\">\n\t\t\t\t<div class=\"elementor-widget-container\">\n\t\t\t\t\t\t\t\t\t<p>Ren\u00e9 Lacoste (1904-1996) egy kiv\u00e9teles tehets\u00e9ggel rendelkez\u0151 teniszez\u0151 volt, akit mind a sportban, mind \u00e9letst\u00edlus\u00e1ban egyedi l\u00e1t\u00e1sm\u00f3d \u00e9s szenved\u00e9ly, egyfajta \u00fatt\u00f6r\u0151, feltal\u00e1l\u00f3 habitus jellemzett. 1923-ban indult \u00fajt\u00e1ra a \u2019krokodil\u2019 legenda, amikor Ren\u00e9 fogadott Pierre Gillou-val, a francia Davis Kupa csapatkapit\u00e1ny\u00e1val egy alig\u00e1tor b\u0151r utaz\u00f3t\u00e1sk\u00e1ban, hogy megnyeri az aznap d\u00e9lut\u00e1ni meccset. Hab\u00e1r Ren\u00e9 elvesztette a m\u00e9rk\u0151z\u00e9st, a helyi \u00fajs\u00e1g\u00edr\u00f3, George Carens hallott a fogad\u00e1sr\u00f3l, \u00e9s Lacoste-ot j\u00e1t\u00e9kst\u00edlus\u00e1ra utalva alig\u00e1tork\u00e9nt aposztrof\u00e1lta a Boston Post sportrovat\u00e1nak \u00f6sszefoglal\u00f3j\u00e1ban.<\/p><p>A becen\u00e9v rajtamaradt, \u00e9s Ren\u00e9 megk\u00e9rte kedves designer bar\u00e1tj\u00e1t, Robert George-ot, hogy h\u00edmezzen egy krokodilt a vil\u00e1gos zak\u00f3j\u00e1ra, amit minden meccs el\u0151tt viselt.<\/p><p>\u00d6szt\u00f6n\u00f6s meg\u00e9rz\u00e9seit m\u00e9rn\u00f6ki precizit\u00e1ssal \u00f6tv\u00f6zte, amikor forradalmas\u00edtotta a kor tenisz\u00f6lt\u00f6zet\u00e9t, \u00e9s megalkotta az ikonikus Lacoste teniszp\u00f3l\u00f3t: L.12.12. =&gt; L=Lacoste, 1 =egyed\u00fcl\u00e1ll\u00f3 izzads\u00e1gfelsz\u00edv\u00f3 anyag, a pamut pik\u00e9 azonos\u00edt\u00f3ja, 2= r\u00f6vid ujj\u00fa p\u00f3l\u00f3 jel\u00f6l\u00e9se, 12= a fazon t\u00edpussz\u00e1ma.<\/p><p>1933-ban ker\u00fclt fel a kis krokodil jel az \u00e1ltala tervezett p\u00f3l\u00f3kra, s \u00edgy megsz\u00fcletett a m\u00e1rka.<\/p><p>A term\u00e9szetes, sportos elegancia, bar\u00e1ts\u00e1gos, pozit\u00edv szem\u00e9lyis\u00e9gjegyekkel p\u00e1rosult szem\u00e9ly\u00e9ben, \u00e9s ezek a jellemz\u0151k jelennek meg az \u00e1ltala l\u00e9trehozott \u00f6lt\u00f6z\u00e9kekben \u00e9s illatokban is.<\/p>\t\t\t\t\t\t\t\t<\/div>\n\t\t\t\t<\/div>\n\t\t\t\t<div class=\"elementor-element elementor-element-58ca072 elementor-align-center elementor-widget elementor-widget-button\" data-id=\"58ca072\" data-element_type=\"widget\" data-widget_type=\"button.default\">\n\t\t\t\t<div class=\"elementor-widget-container\">\n\t\t\t\t\t\t\t\t\t<div class=\"elementor-button-wrapper\">\n\t\t\t\t\t<a class=\"elementor-button elementor-button-link elementor-size-sm\" href=\"https:\/\/primorcosmetics.com\/hu\/kapcsolat\/\">\n\t\t\t\t\t\t<span class=\"elementor-button-content-wrapper\">\n\t\t\t\t\t\t\t\t\t<span class=\"elementor-button-text\">Kapcsolat<\/span>\n\t\t\t\t\t<\/span>\n\t\t\t\t\t<\/a>\n\t\t\t\t<\/div>\n\t\t\t\t\t\t\t\t<\/div>\n\t\t\t\t<\/div>\n\t\t\t\t\t<\/div>\n\t\t<\/div>\n\t\t\t\t<div class=\"elementor-column elementor-col-50 elementor-top-column elementor-element elementor-element-a2affe2\" data-id=\"a2affe2\" data-element_type=\"column\">\n\t\t\t<div class=\"elementor-widget-wrap elementor-element-populated\">\n\t\t\t\t\t\t<div class=\"elementor-element elementor-element-7fe6cd9 elementor-widget elementor-widget-image\" data-id=\"7fe6cd9\" data-element_type=\"widget\" data-widget_type=\"image.default\">\n\t\t\t\t<div class=\"elementor-widget-container\">\n\t\t\t\t\t\t\t\t\t\t\t\t\t\t\t<img fetchpriority=\"high\" decoding=\"async\" width=\"576\" height=\"1024\" src=\"https:\/\/primorcosmetics.com\/wp-content\/uploads\/2022\/01\/LAC_L1212_EF_22_KEY_VISUALS_MODELSHOT_DUO_LOGO_9-16-576x1024.jpg\" class=\"attachment-large size-large wp-image-1504\" alt=\"Lacoste parf\u00fcm\u00f6k\" srcset=\"https:\/\/primorcosmetics.com\/wp-content\/uploads\/2022\/01\/LAC_L1212_EF_22_KEY_VISUALS_MODELSHOT_DUO_LOGO_9-16-576x1024.jpg 576w, https:\/\/primorcosmetics.com\/wp-content\/uploads\/2022\/01\/LAC_L1212_EF_22_KEY_VISUALS_MODELSHOT_DUO_LOGO_9-16-169x300.jpg 169w, https:\/\/primorcosmetics.com\/wp-content\/uploads\/2022\/01\/LAC_L1212_EF_22_KEY_VISUALS_MODELSHOT_DUO_LOGO_9-16-768x1365.jpg 768w, https:\/\/primorcosmetics.com\/wp-content\/uploads\/2022\/01\/LAC_L1212_EF_22_KEY_VISUALS_MODELSHOT_DUO_LOGO_9-16-864x1536.jpg 864w, https:\/\/primorcosmetics.com\/wp-content\/uploads\/2022\/01\/LAC_L1212_EF_22_KEY_VISUALS_MODELSHOT_DUO_LOGO_9-16.jpg 1080w\" sizes=\"(max-width: 576px) 100vw, 576px\" \/>\t\t\t\t\t\t\t\t\t\t\t\t\t\t\t<\/div>\n\t\t\t\t<\/div>\n\t\t\t\t\t<\/div>\n\t\t<\/div>\n\t\t\t\t\t<\/div>\n\t\t<\/section>\n\t\t\t\t<\/div>\n\t\t","protected":false},"excerpt":{"rendered":"<p>LACOSTE &#8220;Az \u00e9let egy csod\u00e1latos sport&#8221; A kiv\u00e9teles tehets\u00e9g\u0171 teniszj\u00e1t\u00e9kos, Ren\u00e9 Lacoste nev\u00e9t visel\u0151 m\u00e1rka a mai napig a modern, eleg\u00e1ns, sportos \u00e9letm\u00f3d szimb\u00f3luma, mely f\u00e9rfiak, n\u0151k \u00e9s gyermekek sz\u00e1m\u00e1ra k\u00e9sz\u00edt pr\u00e9mium min\u0151s\u00e9g\u0171 sport- \u00e9s szabadid\u0151ruh\u00e1zatot, l\u00e1bbelit, illatszereket, b\u0151r\u00e1rut, szem\u00fcveget, \u00f3r\u00e1t \u00e9s lak\u00e1stext\u00edli\u00e1t. Parf\u00fcmjei tiszta, eleg\u00e1ns illatok. T\u00f6retlen T\u00f6retlen n\u00e9pszer\u0171s\u00e9gnek \u00f6rvend\u0151 Pour Femme, L\u2019Homme \u00e9s [&hellip;]<\/p>\n","protected":false},"author":2,"featured_media":0,"parent":1659,"menu_order":0,"comment_status":"closed","ping_status":"closed","template":"","meta":{"footnotes":""},"class_list":["post-1753","page","type-page","status-publish","hentry"],"yoast_head":"<!-- This site is optimized with the Yoast SEO plugin v25.7 - https:\/\/yoast.com\/wordpress\/plugins\/seo\/ -->\n<title>LACOSTE - Prim\u0151r Cosmetics<\/title>\n<meta name=\"description\" content=\"Ismerd meg m\u00e1rk\u00e1inkat:A Lacoste neve egyet jelent a min\u0151s\u00e9ggel, teljes\u00edtm\u00e9nnyel, j\u00e1t\u00e9koss\u00e1ggal, innov\u00e1ci\u00f3val \u00e9s term\u00e9szetes eleganci\u00e1val.\" \/>\n<meta name=\"robots\" content=\"index, follow, max-snippet:-1, max-image-preview:large, max-video-preview:-1\" \/>\n<link rel=\"canonical\" href=\"https:\/\/primorcosmetics.com\/hu\/markak-old\/lacoste\/\" \/>\n<meta property=\"og:locale\" content=\"hu_HU\" \/>\n<meta property=\"og:type\" content=\"article\" \/>\n<meta property=\"og:title\" content=\"LACOSTE - Prim\u0151r Cosmetics\" \/>\n<meta property=\"og:description\" content=\"Ismerd meg m\u00e1rk\u00e1inkat:A Lacoste neve egyet jelent a min\u0151s\u00e9ggel, teljes\u00edtm\u00e9nnyel, j\u00e1t\u00e9koss\u00e1ggal, innov\u00e1ci\u00f3val \u00e9s term\u00e9szetes eleganci\u00e1val.\" \/>\n<meta property=\"og:url\" content=\"https:\/\/primorcosmetics.com\/hu\/markak-old\/lacoste\/\" \/>\n<meta property=\"og:site_name\" content=\"Prim\u0151r Cosmetics\" \/>\n<meta property=\"article:publisher\" content=\"https:\/\/www.facebook.com\/primorcosmetics\" \/>\n<meta property=\"article:modified_time\" content=\"2022-07-06T13:23:28+00:00\" \/>\n<meta property=\"og:image\" content=\"https:\/\/primorcosmetics.com\/wp-content\/uploads\/2022\/01\/LAC_L1212_EF_22_KEY_VISUALS_MODELSHOT_DUO_LOGO_9-16-576x1024.jpg\" \/>\n<meta name=\"twitter:card\" content=\"summary_large_image\" \/>\n<meta name=\"twitter:label1\" content=\"Becs\u00fclt olvas\u00e1si id\u0151\" \/>\n\t<meta name=\"twitter:data1\" content=\"2 perc\" \/>\n<script type=\"application\/ld+json\" class=\"yoast-schema-graph\">{\"@context\":\"https:\/\/schema.org\",\"@graph\":[{\"@type\":\"WebPage\",\"@id\":\"https:\/\/primorcosmetics.com\/hu\/markak-old\/lacoste\/\",\"url\":\"https:\/\/primorcosmetics.com\/hu\/markak-old\/lacoste\/\",\"name\":\"LACOSTE - Prim\u0151r Cosmetics\",\"isPartOf\":{\"@id\":\"https:\/\/primorcosmetics.com\/#website\"},\"primaryImageOfPage\":{\"@id\":\"https:\/\/primorcosmetics.com\/hu\/markak-old\/lacoste\/#primaryimage\"},\"image\":{\"@id\":\"https:\/\/primorcosmetics.com\/hu\/markak-old\/lacoste\/#primaryimage\"},\"thumbnailUrl\":\"https:\/\/primorcosmetics.com\/wp-content\/uploads\/2022\/01\/LAC_L1212_EF_22_KEY_VISUALS_MODELSHOT_DUO_LOGO_9-16-576x1024.jpg\",\"datePublished\":\"2021-12-20T20:36:24+00:00\",\"dateModified\":\"2022-07-06T13:23:28+00:00\",\"description\":\"Ismerd meg m\u00e1rk\u00e1inkat:A Lacoste neve egyet jelent a min\u0151s\u00e9ggel, teljes\u00edtm\u00e9nnyel, j\u00e1t\u00e9koss\u00e1ggal, innov\u00e1ci\u00f3val \u00e9s term\u00e9szetes eleganci\u00e1val.\",\"breadcrumb\":{\"@id\":\"https:\/\/primorcosmetics.com\/hu\/markak-old\/lacoste\/#breadcrumb\"},\"inLanguage\":\"hu\",\"potentialAction\":[{\"@type\":\"ReadAction\",\"target\":[\"https:\/\/primorcosmetics.com\/hu\/markak-old\/lacoste\/\"]}]},{\"@type\":\"ImageObject\",\"inLanguage\":\"hu\",\"@id\":\"https:\/\/primorcosmetics.com\/hu\/markak-old\/lacoste\/#primaryimage\",\"url\":\"https:\/\/primorcosmetics.com\/wp-content\/uploads\/2022\/01\/LAC_L1212_EF_22_KEY_VISUALS_MODELSHOT_DUO_LOGO_9-16-576x1024.jpg\",\"contentUrl\":\"https:\/\/primorcosmetics.com\/wp-content\/uploads\/2022\/01\/LAC_L1212_EF_22_KEY_VISUALS_MODELSHOT_DUO_LOGO_9-16-576x1024.jpg\"},{\"@type\":\"BreadcrumbList\",\"@id\":\"https:\/\/primorcosmetics.com\/hu\/markak-old\/lacoste\/#breadcrumb\",\"itemListElement\":[{\"@type\":\"ListItem\",\"position\":1,\"name\":\"Home\",\"item\":\"https:\/\/primorcosmetics.com\/hu\/\"},{\"@type\":\"ListItem\",\"position\":2,\"name\":\"M\u00e1rk\u00e1k\",\"item\":\"https:\/\/primorcosmetics.com\/hu\/markak-old\/\"},{\"@type\":\"ListItem\",\"position\":3,\"name\":\"LACOSTE\"}]},{\"@type\":\"WebSite\",\"@id\":\"https:\/\/primorcosmetics.com\/#website\",\"url\":\"https:\/\/primorcosmetics.com\/\",\"name\":\"Prim\u0151r Cosmetics\",\"description\":\"Prim\u0151r Cosmetics Leading Hungarian beauty and cosmetics distributor\",\"publisher\":{\"@id\":\"https:\/\/primorcosmetics.com\/#organization\"},\"potentialAction\":[{\"@type\":\"SearchAction\",\"target\":{\"@type\":\"EntryPoint\",\"urlTemplate\":\"https:\/\/primorcosmetics.com\/?s={search_term_string}\"},\"query-input\":{\"@type\":\"PropertyValueSpecification\",\"valueRequired\":true,\"valueName\":\"search_term_string\"}}],\"inLanguage\":\"hu\"},{\"@type\":\"Organization\",\"@id\":\"https:\/\/primorcosmetics.com\/#organization\",\"name\":\"Prim\u0151r Kozmetikai Kft.\",\"url\":\"https:\/\/primorcosmetics.com\/\",\"logo\":{\"@type\":\"ImageObject\",\"inLanguage\":\"hu\",\"@id\":\"https:\/\/primorcosmetics.com\/#\/schema\/logo\/image\/\",\"url\":\"https:\/\/primorcosmetics.com\/wp-content\/uploads\/2021\/12\/Primor_logo_icon_lockup_color.jpg\",\"contentUrl\":\"https:\/\/primorcosmetics.com\/wp-content\/uploads\/2021\/12\/Primor_logo_icon_lockup_color.jpg\",\"width\":1920,\"height\":1080,\"caption\":\"Prim\u0151r Kozmetikai Kft.\"},\"image\":{\"@id\":\"https:\/\/primorcosmetics.com\/#\/schema\/logo\/image\/\"},\"sameAs\":[\"https:\/\/www.facebook.com\/primorcosmetics\",\"https:\/\/www.instagram.com\/primorcosmetics\/\",\"https:\/\/www.linkedin.com\/company\/primorcosmetics\/mycompany\/\",\"https:\/\/www.youtube.com\/channel\/UCd3Uei375tM1XLkCMPhALWQ\"]}]}<\/script>\n<!-- \/ Yoast SEO plugin. -->","yoast_head_json":{"title":"LACOSTE - Prim\u0151r Cosmetics","description":"Ismerd meg m\u00e1rk\u00e1inkat:A Lacoste neve egyet jelent a min\u0151s\u00e9ggel, teljes\u00edtm\u00e9nnyel, j\u00e1t\u00e9koss\u00e1ggal, innov\u00e1ci\u00f3val \u00e9s term\u00e9szetes eleganci\u00e1val.","robots":{"index":"index","follow":"follow","max-snippet":"max-snippet:-1","max-image-preview":"max-image-preview:large","max-video-preview":"max-video-preview:-1"},"canonical":"https:\/\/primorcosmetics.com\/hu\/markak-old\/lacoste\/","og_locale":"hu_HU","og_type":"article","og_title":"LACOSTE - Prim\u0151r Cosmetics","og_description":"Ismerd meg m\u00e1rk\u00e1inkat:A Lacoste neve egyet jelent a min\u0151s\u00e9ggel, teljes\u00edtm\u00e9nnyel, j\u00e1t\u00e9koss\u00e1ggal, innov\u00e1ci\u00f3val \u00e9s term\u00e9szetes eleganci\u00e1val.","og_url":"https:\/\/primorcosmetics.com\/hu\/markak-old\/lacoste\/","og_site_name":"Prim\u0151r Cosmetics","article_publisher":"https:\/\/www.facebook.com\/primorcosmetics","article_modified_time":"2022-07-06T13:23:28+00:00","og_image":[{"url":"https:\/\/primorcosmetics.com\/wp-content\/uploads\/2022\/01\/LAC_L1212_EF_22_KEY_VISUALS_MODELSHOT_DUO_LOGO_9-16-576x1024.jpg","type":"","width":"","height":""}],"twitter_card":"summary_large_image","twitter_misc":{"Becs\u00fclt olvas\u00e1si id\u0151":"2 perc"},"schema":{"@context":"https:\/\/schema.org","@graph":[{"@type":"WebPage","@id":"https:\/\/primorcosmetics.com\/hu\/markak-old\/lacoste\/","url":"https:\/\/primorcosmetics.com\/hu\/markak-old\/lacoste\/","name":"LACOSTE - Prim\u0151r Cosmetics","isPartOf":{"@id":"https:\/\/primorcosmetics.com\/#website"},"primaryImageOfPage":{"@id":"https:\/\/primorcosmetics.com\/hu\/markak-old\/lacoste\/#primaryimage"},"image":{"@id":"https:\/\/primorcosmetics.com\/hu\/markak-old\/lacoste\/#primaryimage"},"thumbnailUrl":"https:\/\/primorcosmetics.com\/wp-content\/uploads\/2022\/01\/LAC_L1212_EF_22_KEY_VISUALS_MODELSHOT_DUO_LOGO_9-16-576x1024.jpg","datePublished":"2021-12-20T20:36:24+00:00","dateModified":"2022-07-06T13:23:28+00:00","description":"Ismerd meg m\u00e1rk\u00e1inkat:A Lacoste neve egyet jelent a min\u0151s\u00e9ggel, teljes\u00edtm\u00e9nnyel, j\u00e1t\u00e9koss\u00e1ggal, innov\u00e1ci\u00f3val \u00e9s term\u00e9szetes eleganci\u00e1val.","breadcrumb":{"@id":"https:\/\/primorcosmetics.com\/hu\/markak-old\/lacoste\/#breadcrumb"},"inLanguage":"hu","potentialAction":[{"@type":"ReadAction","target":["https:\/\/primorcosmetics.com\/hu\/markak-old\/lacoste\/"]}]},{"@type":"ImageObject","inLanguage":"hu","@id":"https:\/\/primorcosmetics.com\/hu\/markak-old\/lacoste\/#primaryimage","url":"https:\/\/primorcosmetics.com\/wp-content\/uploads\/2022\/01\/LAC_L1212_EF_22_KEY_VISUALS_MODELSHOT_DUO_LOGO_9-16-576x1024.jpg","contentUrl":"https:\/\/primorcosmetics.com\/wp-content\/uploads\/2022\/01\/LAC_L1212_EF_22_KEY_VISUALS_MODELSHOT_DUO_LOGO_9-16-576x1024.jpg"},{"@type":"BreadcrumbList","@id":"https:\/\/primorcosmetics.com\/hu\/markak-old\/lacoste\/#breadcrumb","itemListElement":[{"@type":"ListItem","position":1,"name":"Home","item":"https:\/\/primorcosmetics.com\/hu\/"},{"@type":"ListItem","position":2,"name":"M\u00e1rk\u00e1k","item":"https:\/\/primorcosmetics.com\/hu\/markak-old\/"},{"@type":"ListItem","position":3,"name":"LACOSTE"}]},{"@type":"WebSite","@id":"https:\/\/primorcosmetics.com\/#website","url":"https:\/\/primorcosmetics.com\/","name":"Prim\u0151r Cosmetics","description":"Prim\u0151r Cosmetics Leading Hungarian beauty and cosmetics distributor","publisher":{"@id":"https:\/\/primorcosmetics.com\/#organization"},"potentialAction":[{"@type":"SearchAction","target":{"@type":"EntryPoint","urlTemplate":"https:\/\/primorcosmetics.com\/?s={search_term_string}"},"query-input":{"@type":"PropertyValueSpecification","valueRequired":true,"valueName":"search_term_string"}}],"inLanguage":"hu"},{"@type":"Organization","@id":"https:\/\/primorcosmetics.com\/#organization","name":"Prim\u0151r Kozmetikai Kft.","url":"https:\/\/primorcosmetics.com\/","logo":{"@type":"ImageObject","inLanguage":"hu","@id":"https:\/\/primorcosmetics.com\/#\/schema\/logo\/image\/","url":"https:\/\/primorcosmetics.com\/wp-content\/uploads\/2021\/12\/Primor_logo_icon_lockup_color.jpg","contentUrl":"https:\/\/primorcosmetics.com\/wp-content\/uploads\/2021\/12\/Primor_logo_icon_lockup_color.jpg","width":1920,"height":1080,"caption":"Prim\u0151r Kozmetikai Kft."},"image":{"@id":"https:\/\/primorcosmetics.com\/#\/schema\/logo\/image\/"},"sameAs":["https:\/\/www.facebook.com\/primorcosmetics","https:\/\/www.instagram.com\/primorcosmetics\/","https:\/\/www.linkedin.com\/company\/primorcosmetics\/mycompany\/","https:\/\/www.youtube.com\/channel\/UCd3Uei375tM1XLkCMPhALWQ"]}]}},"_links":{"self":[{"href":"https:\/\/primorcosmetics.com\/hu\/wp-json\/wp\/v2\/pages\/1753","targetHints":{"allow":["GET"]}}],"collection":[{"href":"https:\/\/primorcosmetics.com\/hu\/wp-json\/wp\/v2\/pages"}],"about":[{"href":"https:\/\/primorcosmetics.com\/hu\/wp-json\/wp\/v2\/types\/page"}],"author":[{"embeddable":true,"href":"https:\/\/primorcosmetics.com\/hu\/wp-json\/wp\/v2\/users\/2"}],"replies":[{"embeddable":true,"href":"https:\/\/primorcosmetics.com\/hu\/wp-json\/wp\/v2\/comments?post=1753"}],"version-history":[{"count":1,"href":"https:\/\/primorcosmetics.com\/hu\/wp-json\/wp\/v2\/pages\/1753\/revisions"}],"predecessor-version":[{"id":1754,"href":"https:\/\/primorcosmetics.com\/hu\/wp-json\/wp\/v2\/pages\/1753\/revisions\/1754"}],"up":[{"embeddable":true,"href":"https:\/\/primorcosmetics.com\/hu\/wp-json\/wp\/v2\/pages\/1659"}],"wp:attachment":[{"href":"https:\/\/primorcosmetics.com\/hu\/wp-json\/wp\/v2\/media?parent=1753"}],"curies":[{"name":"wp","href":"https:\/\/api.w.org\/{rel}","templated":true}]}}