{"id":1755,"date":"2021-12-20T20:41:52","date_gmt":"2021-12-20T20:41:52","guid":{"rendered":"https:\/\/primorcosmetics.com\/markak\/bottega-veneta\/"},"modified":"2022-12-09T13:30:54","modified_gmt":"2022-12-09T13:30:54","slug":"bottega-veneta","status":"publish","type":"page","link":"https:\/\/primorcosmetics.com\/hu\/markak-old\/bottega-veneta\/","title":{"rendered":"BOTTEGA VENETA"},"content":{"rendered":"\t\t<div data-elementor-type=\"wp-page\" data-elementor-id=\"1755\" class=\"elementor elementor-1755 elementor-368\" data-elementor-post-type=\"page\">\n\t\t\t\t\t\t<section class=\"elementor-section elementor-top-section elementor-element elementor-element-1a60289 elementor-section-boxed elementor-section-height-default elementor-section-height-default\" data-id=\"1a60289\" data-element_type=\"section\">\n\t\t\t\t\t\t<div class=\"elementor-container elementor-column-gap-default\">\n\t\t\t\t\t<div class=\"elementor-column elementor-col-100 elementor-top-column elementor-element elementor-element-bbd7392\" data-id=\"bbd7392\" data-element_type=\"column\">\n\t\t\t<div class=\"elementor-widget-wrap\">\n\t\t\t\t\t\t\t<\/div>\n\t\t<\/div>\n\t\t\t\t\t<\/div>\n\t\t<\/section>\n\t\t\t\t<section class=\"elementor-section elementor-top-section elementor-element elementor-element-895bee5 elementor-section-boxed elementor-section-height-default elementor-section-height-default\" data-id=\"895bee5\" data-element_type=\"section\">\n\t\t\t\t\t\t<div class=\"elementor-container elementor-column-gap-default\">\n\t\t\t\t\t<div class=\"elementor-column elementor-col-100 elementor-top-column elementor-element elementor-element-d7443bc\" data-id=\"d7443bc\" data-element_type=\"column\">\n\t\t\t<div class=\"elementor-widget-wrap elementor-element-populated\">\n\t\t\t\t\t\t<div class=\"elementor-element elementor-element-de978f0 elementor-widget elementor-widget-spacer\" data-id=\"de978f0\" data-element_type=\"widget\" data-widget_type=\"spacer.default\">\n\t\t\t\t<div class=\"elementor-widget-container\">\n\t\t\t\t\t\t\t<div class=\"elementor-spacer\">\n\t\t\t<div class=\"elementor-spacer-inner\"><\/div>\n\t\t<\/div>\n\t\t\t\t\t\t<\/div>\n\t\t\t\t<\/div>\n\t\t\t\t\t<\/div>\n\t\t<\/div>\n\t\t\t\t\t<\/div>\n\t\t<\/section>\n\t\t\t\t<section class=\"elementor-section elementor-top-section elementor-element elementor-element-522204b elementor-section-boxed elementor-section-height-default elementor-section-height-default\" data-id=\"522204b\" data-element_type=\"section\">\n\t\t\t\t\t\t<div class=\"elementor-container elementor-column-gap-default\">\n\t\t\t\t\t<div class=\"elementor-column elementor-col-100 elementor-top-column elementor-element elementor-element-a90f324\" data-id=\"a90f324\" data-element_type=\"column\">\n\t\t\t<div class=\"elementor-widget-wrap elementor-element-populated\">\n\t\t\t\t\t\t<div class=\"elementor-element elementor-element-f9c6f60 elementor-widget elementor-widget-heading\" data-id=\"f9c6f60\" data-element_type=\"widget\" data-widget_type=\"heading.default\">\n\t\t\t\t<div class=\"elementor-widget-container\">\n\t\t\t\t\t<h1 class=\"elementor-heading-title elementor-size-default\">BOTTEGA VENETA<\/h1>\t\t\t\t<\/div>\n\t\t\t\t<\/div>\n\t\t\t\t\t<\/div>\n\t\t<\/div>\n\t\t\t\t\t<\/div>\n\t\t<\/section>\n\t\t\t\t<section class=\"elementor-section elementor-top-section elementor-element elementor-element-5bebc7f elementor-section-boxed elementor-section-height-default elementor-section-height-default\" data-id=\"5bebc7f\" data-element_type=\"section\">\n\t\t\t\t\t\t<div class=\"elementor-container elementor-column-gap-default\">\n\t\t\t\t\t<div class=\"elementor-column elementor-col-100 elementor-top-column elementor-element elementor-element-44198d4\" data-id=\"44198d4\" data-element_type=\"column\">\n\t\t\t<div class=\"elementor-widget-wrap elementor-element-populated\">\n\t\t\t\t\t\t<div class=\"elementor-element elementor-element-04171c3 elementor-widget elementor-widget-spacer\" data-id=\"04171c3\" data-element_type=\"widget\" data-widget_type=\"spacer.default\">\n\t\t\t\t<div class=\"elementor-widget-container\">\n\t\t\t\t\t\t\t<div class=\"elementor-spacer\">\n\t\t\t<div class=\"elementor-spacer-inner\"><\/div>\n\t\t<\/div>\n\t\t\t\t\t\t<\/div>\n\t\t\t\t<\/div>\n\t\t\t\t\t<\/div>\n\t\t<\/div>\n\t\t\t\t\t<\/div>\n\t\t<\/section>\n\t\t\t\t<section class=\"elementor-section elementor-top-section elementor-element elementor-element-896add9 elementor-section-boxed elementor-section-height-default elementor-section-height-default\" data-id=\"896add9\" data-element_type=\"section\">\n\t\t\t\t\t\t<div class=\"elementor-container elementor-column-gap-default\">\n\t\t\t\t\t<div class=\"elementor-column elementor-col-50 elementor-top-column elementor-element elementor-element-3e24276\" data-id=\"3e24276\" data-element_type=\"column\">\n\t\t\t<div class=\"elementor-widget-wrap elementor-element-populated\">\n\t\t\t\t\t\t<div class=\"elementor-element elementor-element-4f9bd72 elementor-widget elementor-widget-text-editor\" data-id=\"4f9bd72\" data-element_type=\"widget\" data-widget_type=\"text-editor.default\">\n\t\t\t\t<div class=\"elementor-widget-container\">\n\t\t\t\t\t\t\t\t\t<p>A Bottega Veneta maga a diszkr\u00e9t luxus, a kifinomult \u00e9s magabiztos \u00edzl\u00e9s megtestes\u00edt\u0151je.<br \/>Els\u0151sorban a k\u00e9zzel fonott b\u0151rb\u0151l, \u00fagynevezett \u201eintrecciato\u201d (\u00e1tsz\u0151tt) technol\u00f3gi\u00e1val k\u00e9sz\u00fclt luxusterm\u00e9keivel, t\u00e1sk\u00e1ival v\u00e1lt vil\u00e1gh\u00edr\u0171v\u00e9.<\/p>\n<p>Manaps\u00e1g szinte preszt\u00edzs \u00e9rt\u00e9k\u0171ek lettek a k\u00fcl\u00f6nb\u00f6z\u0151 luxusm\u00e1rk\u00e1k log\u00f3i, melyek k\u00f6nnyen felismerhet\u0151v\u00e9 teszik az adott m\u00e1rk\u00e1t, azonban a Bottega Veneta hatalmas log\u00f3k n\u00e9lk\u00fcl is t\u00f6k\u00e9letesen felismerhet\u0151 kimagasl\u00f3 min\u0151s\u00e9g\u0171 olasz k\u00e9zm\u0171ves term\u00e9keir\u0151l, ez\u00e9rt is h\u00edvj\u00e1k a vil\u00e1g legdiszkr\u00e9tebb luxusm\u00e1rk\u00e1j\u00e1nak.<\/p>\n<p>A Bottega Veneta parf\u00fcm\u00f6k a vil\u00e1g minden szeglet\u00e9b\u0151l sz\u00e1rmaz\u00f3 pr\u00e9mium min\u0151s\u00e9g\u0171 term\u00e9szetes \u00f6sszetev\u0151ket tartalmaznak, &#8211; \u00edgy p\u00e9ld\u00e1ul a bergamott Olaszorsz\u00e1gb\u00f3l, a j\u00e1zmin vir\u00e1gok Indi\u00e1b\u00f3l, a pacsuli Indon\u00e9zi\u00e1b\u00f3l, a r\u00f3zsabors Braz\u00edli\u00e1b\u00f3l \u00e9rkezik.<\/p>\n<p> A parf\u00fcm \u00fcvegek design-j\u00e1t a m\u00e1rka arculat\u00e1hoz h\u0171en a nemes egyszer\u0171s\u00e9g \u00e9s az id\u0151tlen sz\u00e9ps\u00e9g jellemzi.<\/p>\n\t\t\t\t\t\t\t\t<\/div>\n\t\t\t\t<\/div>\n\t\t\t\t<div class=\"elementor-element elementor-element-78291fc elementor-widget elementor-widget-heading\" data-id=\"78291fc\" data-element_type=\"widget\" data-widget_type=\"heading.default\">\n\t\t\t\t<div class=\"elementor-widget-container\">\n\t\t\t\t\t<h2 class=\"elementor-heading-title elementor-size-default\">BOTTEGA VENETA \u00e9rt\u00e9kek<\/h2>\t\t\t\t<\/div>\n\t\t\t\t<\/div>\n\t\t\t\t<div class=\"elementor-element elementor-element-51a330c elementor-widget elementor-widget-text-editor\" data-id=\"51a330c\" data-element_type=\"widget\" data-widget_type=\"text-editor.default\">\n\t\t\t\t<div class=\"elementor-widget-container\">\n\t\t\t\t\t\t\t\t\t<p>Kifinomult \u00e9s \u00e9rz\u00e9ki. A Bottega Veneta illatok azoknak sz\u00f3lnak, akik k\u00e9pesek \u00e9rt\u00e9kelni a divat \u00e9s a luxus olyan apr\u00f3, finom rezd\u00fcl\u00e9seit, amelyek elker\u00fclik az \u00e1tlagember figyelm\u00e9t.<\/p>\n\t\t\t\t\t\t\t\t<\/div>\n\t\t\t\t<\/div>\n\t\t\t\t<div class=\"elementor-element elementor-element-9d504d0 elementor-widget elementor-widget-heading\" data-id=\"9d504d0\" data-element_type=\"widget\" data-widget_type=\"heading.default\">\n\t\t\t\t<div class=\"elementor-widget-container\">\n\t\t\t\t\t<h2 class=\"elementor-heading-title elementor-size-default\">BOTTEGA VENETA t\u00f6rt\u00e9nete<\/h2>\t\t\t\t<\/div>\n\t\t\t\t<\/div>\n\t\t\t\t<div class=\"elementor-element elementor-element-5562f13 elementor-widget elementor-widget-text-editor\" data-id=\"5562f13\" data-element_type=\"widget\" data-widget_type=\"text-editor.default\">\n\t\t\t\t<div class=\"elementor-widget-container\">\n\t\t\t\t\t\t\t\t\t<p>A m\u00e1rk\u00e1t 1966-ban Michele Taddei \u00e9s Renzo Zengiaro alap\u00edtotta. Az els\u0151 Bottega Veneta Signature illat bevezet\u00e9se 2011 szeptember\u00e9ben l\u00e9trehozta a Bottega Veneta illath\u00e1zat. Az els\u0151, f\u00e9rfiaknak k\u00e9sz\u00fclt Pour Homme illatot Tomas Maier, a tehets\u00e9ges n\u00e9met divattervez\u0151 v\u00edzi\u00f3ja alapj\u00e1n ker\u00fclt megalkot\u00e1sra, aki 2018-ig volt a m\u00e1rka kreat\u00edv igazgat\u00f3ja. Az \u0151 nev\u00e9hez f\u0171z\u0151dik a h\u00edres Cabat t\u00e1ska is. Ezt k\u00f6vet\u0151en, v\u00e9g\u00fcl 2014-ben jelent meg a piacon a Knot (jelent\u00e9se: csom\u00f3) illatvonal, melyet ugyanezt a nevet visel\u0151 t\u00e1sk\u00e1juk ikonikus csatja ihletett.<\/p>\n<p>Az \u00fajabb pill\u00e9r \u00e9rkez\u00e9s\u00e9re 5 \u00e9vet kellett v\u00e1rni; 2019-ben megjelent az Illusione illatp\u00e1r, melynek csomagol\u00e1sa modern \u00e9s leny\u0171g\u00f6z\u0151. A letisztult vonalvezet\u00e9s\u0171 \u00fcveg kialak\u00edt\u00e1sa h\u0171en t\u00fckr\u00f6zi a Bottega Veneta egyedi st\u00edlus\u00e1t. Az \u00f6sszetev\u0151ket egy neh\u00e9z \u00fcvegbe z\u00e1rt\u00e1k, ami k\u00e9zbe v\u00e9ve r\u00f6gt\u00f6n a luxus \u00e9rz\u00e9s\u00e9t kelti. Az Illusione parf\u00fcm\u00f6k kupakj\u00e1t a bakelit inspir\u00e1lta, \u00edgy az illat\u00fcvegeket k\u00f6r alak\u00fa, k\u00f6z\u00e9pen nyitott kupak d\u00edsz\u00edti.<\/p>\n<p>2018. j\u00fanius\u00e1t\u00f3l \u00faj designer \u00e9rkezett Daniel Lee szem\u00e9ly\u00e9ben, akit az egyik legtehets\u00e9gesebbnek tartanak a kort\u00e1rsai k\u00f6z\u00fcl. Alig egy \u00e9vre r\u00e1, 2019-ben n\u00e9gy d\u00edjra jel\u00f6lt\u00e9k a brit Fashion Awards-on az olasz divath\u00e1zat, \u00e9s mindet meg is nyerte, k\u00f6zt\u00fck p\u00e9ld\u00e1ul Az \u00e9v m\u00e1rk\u00e1ja, vagy Az \u00e9v kieg\u00e9sz\u00edt\u0151tervez\u0151je d\u00edjat is. A divath\u00e1z sz\u00e1m\u00e1ra k\u00e9sz\u00edtett els\u0151 illatkre\u00e1ci\u00f3ja a 2021 \u0151sz\u00e9n bemutatott limit\u00e1lt kiad\u00e1s\u00fa Illusione illatp\u00e1r, mely a kifinomults\u00e1g \u00e9s minimalizmus megtestes\u00edt\u00e9se.<\/p>\n\t\t\t\t\t\t\t\t<\/div>\n\t\t\t\t<\/div>\n\t\t\t\t<div class=\"elementor-element elementor-element-58ca072 elementor-align-center elementor-widget elementor-widget-button\" data-id=\"58ca072\" data-element_type=\"widget\" data-widget_type=\"button.default\">\n\t\t\t\t<div class=\"elementor-widget-container\">\n\t\t\t\t\t\t\t\t\t<div class=\"elementor-button-wrapper\">\n\t\t\t\t\t<a class=\"elementor-button elementor-button-link elementor-size-sm\" href=\"https:\/\/primorcosmetics.com\/hu\/kapcsolat\/\">\n\t\t\t\t\t\t<span class=\"elementor-button-content-wrapper\">\n\t\t\t\t\t\t\t\t\t<span class=\"elementor-button-text\">Kapcsolat<\/span>\n\t\t\t\t\t<\/span>\n\t\t\t\t\t<\/a>\n\t\t\t\t<\/div>\n\t\t\t\t\t\t\t\t<\/div>\n\t\t\t\t<\/div>\n\t\t\t\t\t<\/div>\n\t\t<\/div>\n\t\t\t\t<div class=\"elementor-column elementor-col-50 elementor-top-column elementor-element elementor-element-a2affe2\" data-id=\"a2affe2\" data-element_type=\"column\">\n\t\t\t<div class=\"elementor-widget-wrap elementor-element-populated\">\n\t\t\t\t\t\t<div class=\"elementor-element elementor-element-7fe6cd9 elementor-widget elementor-widget-image\" data-id=\"7fe6cd9\" data-element_type=\"widget\" data-widget_type=\"image.default\">\n\t\t\t\t<div class=\"elementor-widget-container\">\n\t\t\t\t\t\t\t\t\t\t\t\t\t\t\t<img fetchpriority=\"high\" decoding=\"async\" width=\"800\" height=\"1000\" src=\"https:\/\/primorcosmetics.com\/wp-content\/uploads\/2022\/01\/BV_ILLU_PILLAR_21_DUO_STILLLIFE_4x5-819x1024.jpg\" class=\"attachment-large size-large wp-image-1496\" alt=\"BOTTEGA VENETA parf\u00fcm\u00f6k\" srcset=\"https:\/\/primorcosmetics.com\/wp-content\/uploads\/2022\/01\/BV_ILLU_PILLAR_21_DUO_STILLLIFE_4x5-819x1024.jpg 819w, https:\/\/primorcosmetics.com\/wp-content\/uploads\/2022\/01\/BV_ILLU_PILLAR_21_DUO_STILLLIFE_4x5-240x300.jpg 240w, https:\/\/primorcosmetics.com\/wp-content\/uploads\/2022\/01\/BV_ILLU_PILLAR_21_DUO_STILLLIFE_4x5-768x960.jpg 768w, https:\/\/primorcosmetics.com\/wp-content\/uploads\/2022\/01\/BV_ILLU_PILLAR_21_DUO_STILLLIFE_4x5.jpg 1080w\" sizes=\"(max-width: 800px) 100vw, 800px\" \/>\t\t\t\t\t\t\t\t\t\t\t\t\t\t\t<\/div>\n\t\t\t\t<\/div>\n\t\t\t\t\t<\/div>\n\t\t<\/div>\n\t\t\t\t\t<\/div>\n\t\t<\/section>\n\t\t\t\t<\/div>\n\t\t","protected":false},"excerpt":{"rendered":"<p>BOTTEGA VENETA A Bottega Veneta maga a diszkr\u00e9t luxus, a kifinomult \u00e9s magabiztos \u00edzl\u00e9s megtestes\u00edt\u0151je.Els\u0151sorban a k\u00e9zzel fonott b\u0151rb\u0151l, \u00fagynevezett \u201eintrecciato\u201d (\u00e1tsz\u0151tt) technol\u00f3gi\u00e1val k\u00e9sz\u00fclt luxusterm\u00e9keivel, t\u00e1sk\u00e1ival v\u00e1lt vil\u00e1gh\u00edr\u0171v\u00e9. Manaps\u00e1g szinte preszt\u00edzs \u00e9rt\u00e9k\u0171ek lettek a k\u00fcl\u00f6nb\u00f6z\u0151 luxusm\u00e1rk\u00e1k log\u00f3i, melyek k\u00f6nnyen felismerhet\u0151v\u00e9 teszik az adott m\u00e1rk\u00e1t, azonban a Bottega Veneta hatalmas log\u00f3k n\u00e9lk\u00fcl is t\u00f6k\u00e9letesen felismerhet\u0151 kimagasl\u00f3 [&hellip;]<\/p>\n","protected":false},"author":2,"featured_media":0,"parent":1659,"menu_order":0,"comment_status":"closed","ping_status":"closed","template":"","meta":{"footnotes":""},"class_list":["post-1755","page","type-page","status-publish","hentry"],"yoast_head":"<!-- This site is optimized with the Yoast SEO plugin v25.7 - https:\/\/yoast.com\/wordpress\/plugins\/seo\/ -->\n<title>BOTTEGA VENETA - Prim\u0151r Cosmetics<\/title>\n<meta name=\"description\" content=\"ISmerd meg m\u00e1rk\u00e1inkat: Bottega Veneta - Kifinomult \u00e9s \u00e9rz\u00e9ki. A Bottega Veneta illatok azoknak sz\u00f3lnak, akik k\u00e9pesek \u00e9rt\u00e9kelni a divat \u00e9s a luxus olyan apr\u00f3, finom rezd\u00fcl\u00e9seit, amelyek elker\u00fclik az \u00e1tlagember figyelm\u00e9t.\" \/>\n<meta name=\"robots\" content=\"index, follow, max-snippet:-1, max-image-preview:large, max-video-preview:-1\" \/>\n<link rel=\"canonical\" href=\"https:\/\/primorcosmetics.com\/hu\/markak-old\/bottega-veneta\/\" \/>\n<meta property=\"og:locale\" content=\"hu_HU\" \/>\n<meta property=\"og:type\" content=\"article\" \/>\n<meta property=\"og:title\" content=\"BOTTEGA VENETA - Prim\u0151r Cosmetics\" \/>\n<meta property=\"og:description\" content=\"ISmerd meg m\u00e1rk\u00e1inkat: Bottega Veneta - Kifinomult \u00e9s \u00e9rz\u00e9ki. A Bottega Veneta illatok azoknak sz\u00f3lnak, akik k\u00e9pesek \u00e9rt\u00e9kelni a divat \u00e9s a luxus olyan apr\u00f3, finom rezd\u00fcl\u00e9seit, amelyek elker\u00fclik az \u00e1tlagember figyelm\u00e9t.\" \/>\n<meta property=\"og:url\" content=\"https:\/\/primorcosmetics.com\/hu\/markak-old\/bottega-veneta\/\" \/>\n<meta property=\"og:site_name\" content=\"Prim\u0151r Cosmetics\" \/>\n<meta property=\"article:publisher\" content=\"https:\/\/www.facebook.com\/primorcosmetics\" \/>\n<meta property=\"article:modified_time\" content=\"2022-12-09T13:30:54+00:00\" \/>\n<meta property=\"og:image\" content=\"https:\/\/primorcosmetics.com\/wp-content\/uploads\/2022\/01\/BV_ILLU_PILLAR_21_DUO_STILLLIFE_4x5-819x1024.jpg\" \/>\n<meta name=\"twitter:card\" content=\"summary_large_image\" \/>\n<meta name=\"twitter:label1\" content=\"Becs\u00fclt olvas\u00e1si id\u0151\" \/>\n\t<meta name=\"twitter:data1\" content=\"3 perc\" \/>\n<script type=\"application\/ld+json\" class=\"yoast-schema-graph\">{\"@context\":\"https:\/\/schema.org\",\"@graph\":[{\"@type\":\"WebPage\",\"@id\":\"https:\/\/primorcosmetics.com\/hu\/markak-old\/bottega-veneta\/\",\"url\":\"https:\/\/primorcosmetics.com\/hu\/markak-old\/bottega-veneta\/\",\"name\":\"BOTTEGA VENETA - Prim\u0151r Cosmetics\",\"isPartOf\":{\"@id\":\"https:\/\/primorcosmetics.com\/#website\"},\"primaryImageOfPage\":{\"@id\":\"https:\/\/primorcosmetics.com\/hu\/markak-old\/bottega-veneta\/#primaryimage\"},\"image\":{\"@id\":\"https:\/\/primorcosmetics.com\/hu\/markak-old\/bottega-veneta\/#primaryimage\"},\"thumbnailUrl\":\"https:\/\/primorcosmetics.com\/wp-content\/uploads\/2022\/01\/BV_ILLU_PILLAR_21_DUO_STILLLIFE_4x5-819x1024.jpg\",\"datePublished\":\"2021-12-20T20:41:52+00:00\",\"dateModified\":\"2022-12-09T13:30:54+00:00\",\"description\":\"ISmerd meg m\u00e1rk\u00e1inkat: Bottega Veneta - Kifinomult \u00e9s \u00e9rz\u00e9ki. A Bottega Veneta illatok azoknak sz\u00f3lnak, akik k\u00e9pesek \u00e9rt\u00e9kelni a divat \u00e9s a luxus olyan apr\u00f3, finom rezd\u00fcl\u00e9seit, amelyek elker\u00fclik az \u00e1tlagember figyelm\u00e9t.\",\"breadcrumb\":{\"@id\":\"https:\/\/primorcosmetics.com\/hu\/markak-old\/bottega-veneta\/#breadcrumb\"},\"inLanguage\":\"hu\",\"potentialAction\":[{\"@type\":\"ReadAction\",\"target\":[\"https:\/\/primorcosmetics.com\/hu\/markak-old\/bottega-veneta\/\"]}]},{\"@type\":\"ImageObject\",\"inLanguage\":\"hu\",\"@id\":\"https:\/\/primorcosmetics.com\/hu\/markak-old\/bottega-veneta\/#primaryimage\",\"url\":\"https:\/\/primorcosmetics.com\/wp-content\/uploads\/2022\/01\/BV_ILLU_PILLAR_21_DUO_STILLLIFE_4x5-819x1024.jpg\",\"contentUrl\":\"https:\/\/primorcosmetics.com\/wp-content\/uploads\/2022\/01\/BV_ILLU_PILLAR_21_DUO_STILLLIFE_4x5-819x1024.jpg\"},{\"@type\":\"BreadcrumbList\",\"@id\":\"https:\/\/primorcosmetics.com\/hu\/markak-old\/bottega-veneta\/#breadcrumb\",\"itemListElement\":[{\"@type\":\"ListItem\",\"position\":1,\"name\":\"Home\",\"item\":\"https:\/\/primorcosmetics.com\/hu\/\"},{\"@type\":\"ListItem\",\"position\":2,\"name\":\"M\u00e1rk\u00e1k\",\"item\":\"https:\/\/primorcosmetics.com\/hu\/markak-old\/\"},{\"@type\":\"ListItem\",\"position\":3,\"name\":\"BOTTEGA VENETA\"}]},{\"@type\":\"WebSite\",\"@id\":\"https:\/\/primorcosmetics.com\/#website\",\"url\":\"https:\/\/primorcosmetics.com\/\",\"name\":\"Prim\u0151r Cosmetics\",\"description\":\"Prim\u0151r Cosmetics Leading Hungarian beauty and cosmetics distributor\",\"publisher\":{\"@id\":\"https:\/\/primorcosmetics.com\/#organization\"},\"potentialAction\":[{\"@type\":\"SearchAction\",\"target\":{\"@type\":\"EntryPoint\",\"urlTemplate\":\"https:\/\/primorcosmetics.com\/?s={search_term_string}\"},\"query-input\":{\"@type\":\"PropertyValueSpecification\",\"valueRequired\":true,\"valueName\":\"search_term_string\"}}],\"inLanguage\":\"hu\"},{\"@type\":\"Organization\",\"@id\":\"https:\/\/primorcosmetics.com\/#organization\",\"name\":\"Prim\u0151r Kozmetikai Kft.\",\"url\":\"https:\/\/primorcosmetics.com\/\",\"logo\":{\"@type\":\"ImageObject\",\"inLanguage\":\"hu\",\"@id\":\"https:\/\/primorcosmetics.com\/#\/schema\/logo\/image\/\",\"url\":\"https:\/\/primorcosmetics.com\/wp-content\/uploads\/2021\/12\/Primor_logo_icon_lockup_color.jpg\",\"contentUrl\":\"https:\/\/primorcosmetics.com\/wp-content\/uploads\/2021\/12\/Primor_logo_icon_lockup_color.jpg\",\"width\":1920,\"height\":1080,\"caption\":\"Prim\u0151r Kozmetikai Kft.\"},\"image\":{\"@id\":\"https:\/\/primorcosmetics.com\/#\/schema\/logo\/image\/\"},\"sameAs\":[\"https:\/\/www.facebook.com\/primorcosmetics\",\"https:\/\/www.instagram.com\/primorcosmetics\/\",\"https:\/\/www.linkedin.com\/company\/primorcosmetics\/mycompany\/\",\"https:\/\/www.youtube.com\/channel\/UCd3Uei375tM1XLkCMPhALWQ\"]}]}<\/script>\n<!-- \/ Yoast SEO plugin. -->","yoast_head_json":{"title":"BOTTEGA VENETA - Prim\u0151r Cosmetics","description":"ISmerd meg m\u00e1rk\u00e1inkat: Bottega Veneta - Kifinomult \u00e9s \u00e9rz\u00e9ki. A Bottega Veneta illatok azoknak sz\u00f3lnak, akik k\u00e9pesek \u00e9rt\u00e9kelni a divat \u00e9s a luxus olyan apr\u00f3, finom rezd\u00fcl\u00e9seit, amelyek elker\u00fclik az \u00e1tlagember figyelm\u00e9t.","robots":{"index":"index","follow":"follow","max-snippet":"max-snippet:-1","max-image-preview":"max-image-preview:large","max-video-preview":"max-video-preview:-1"},"canonical":"https:\/\/primorcosmetics.com\/hu\/markak-old\/bottega-veneta\/","og_locale":"hu_HU","og_type":"article","og_title":"BOTTEGA VENETA - Prim\u0151r Cosmetics","og_description":"ISmerd meg m\u00e1rk\u00e1inkat: Bottega Veneta - Kifinomult \u00e9s \u00e9rz\u00e9ki. A Bottega Veneta illatok azoknak sz\u00f3lnak, akik k\u00e9pesek \u00e9rt\u00e9kelni a divat \u00e9s a luxus olyan apr\u00f3, finom rezd\u00fcl\u00e9seit, amelyek elker\u00fclik az \u00e1tlagember figyelm\u00e9t.","og_url":"https:\/\/primorcosmetics.com\/hu\/markak-old\/bottega-veneta\/","og_site_name":"Prim\u0151r Cosmetics","article_publisher":"https:\/\/www.facebook.com\/primorcosmetics","article_modified_time":"2022-12-09T13:30:54+00:00","og_image":[{"url":"https:\/\/primorcosmetics.com\/wp-content\/uploads\/2022\/01\/BV_ILLU_PILLAR_21_DUO_STILLLIFE_4x5-819x1024.jpg","type":"","width":"","height":""}],"twitter_card":"summary_large_image","twitter_misc":{"Becs\u00fclt olvas\u00e1si id\u0151":"3 perc"},"schema":{"@context":"https:\/\/schema.org","@graph":[{"@type":"WebPage","@id":"https:\/\/primorcosmetics.com\/hu\/markak-old\/bottega-veneta\/","url":"https:\/\/primorcosmetics.com\/hu\/markak-old\/bottega-veneta\/","name":"BOTTEGA VENETA - Prim\u0151r Cosmetics","isPartOf":{"@id":"https:\/\/primorcosmetics.com\/#website"},"primaryImageOfPage":{"@id":"https:\/\/primorcosmetics.com\/hu\/markak-old\/bottega-veneta\/#primaryimage"},"image":{"@id":"https:\/\/primorcosmetics.com\/hu\/markak-old\/bottega-veneta\/#primaryimage"},"thumbnailUrl":"https:\/\/primorcosmetics.com\/wp-content\/uploads\/2022\/01\/BV_ILLU_PILLAR_21_DUO_STILLLIFE_4x5-819x1024.jpg","datePublished":"2021-12-20T20:41:52+00:00","dateModified":"2022-12-09T13:30:54+00:00","description":"ISmerd meg m\u00e1rk\u00e1inkat: Bottega Veneta - Kifinomult \u00e9s \u00e9rz\u00e9ki. A Bottega Veneta illatok azoknak sz\u00f3lnak, akik k\u00e9pesek \u00e9rt\u00e9kelni a divat \u00e9s a luxus olyan apr\u00f3, finom rezd\u00fcl\u00e9seit, amelyek elker\u00fclik az \u00e1tlagember figyelm\u00e9t.","breadcrumb":{"@id":"https:\/\/primorcosmetics.com\/hu\/markak-old\/bottega-veneta\/#breadcrumb"},"inLanguage":"hu","potentialAction":[{"@type":"ReadAction","target":["https:\/\/primorcosmetics.com\/hu\/markak-old\/bottega-veneta\/"]}]},{"@type":"ImageObject","inLanguage":"hu","@id":"https:\/\/primorcosmetics.com\/hu\/markak-old\/bottega-veneta\/#primaryimage","url":"https:\/\/primorcosmetics.com\/wp-content\/uploads\/2022\/01\/BV_ILLU_PILLAR_21_DUO_STILLLIFE_4x5-819x1024.jpg","contentUrl":"https:\/\/primorcosmetics.com\/wp-content\/uploads\/2022\/01\/BV_ILLU_PILLAR_21_DUO_STILLLIFE_4x5-819x1024.jpg"},{"@type":"BreadcrumbList","@id":"https:\/\/primorcosmetics.com\/hu\/markak-old\/bottega-veneta\/#breadcrumb","itemListElement":[{"@type":"ListItem","position":1,"name":"Home","item":"https:\/\/primorcosmetics.com\/hu\/"},{"@type":"ListItem","position":2,"name":"M\u00e1rk\u00e1k","item":"https:\/\/primorcosmetics.com\/hu\/markak-old\/"},{"@type":"ListItem","position":3,"name":"BOTTEGA VENETA"}]},{"@type":"WebSite","@id":"https:\/\/primorcosmetics.com\/#website","url":"https:\/\/primorcosmetics.com\/","name":"Prim\u0151r Cosmetics","description":"Prim\u0151r Cosmetics Leading Hungarian beauty and cosmetics distributor","publisher":{"@id":"https:\/\/primorcosmetics.com\/#organization"},"potentialAction":[{"@type":"SearchAction","target":{"@type":"EntryPoint","urlTemplate":"https:\/\/primorcosmetics.com\/?s={search_term_string}"},"query-input":{"@type":"PropertyValueSpecification","valueRequired":true,"valueName":"search_term_string"}}],"inLanguage":"hu"},{"@type":"Organization","@id":"https:\/\/primorcosmetics.com\/#organization","name":"Prim\u0151r Kozmetikai Kft.","url":"https:\/\/primorcosmetics.com\/","logo":{"@type":"ImageObject","inLanguage":"hu","@id":"https:\/\/primorcosmetics.com\/#\/schema\/logo\/image\/","url":"https:\/\/primorcosmetics.com\/wp-content\/uploads\/2021\/12\/Primor_logo_icon_lockup_color.jpg","contentUrl":"https:\/\/primorcosmetics.com\/wp-content\/uploads\/2021\/12\/Primor_logo_icon_lockup_color.jpg","width":1920,"height":1080,"caption":"Prim\u0151r Kozmetikai Kft."},"image":{"@id":"https:\/\/primorcosmetics.com\/#\/schema\/logo\/image\/"},"sameAs":["https:\/\/www.facebook.com\/primorcosmetics","https:\/\/www.instagram.com\/primorcosmetics\/","https:\/\/www.linkedin.com\/company\/primorcosmetics\/mycompany\/","https:\/\/www.youtube.com\/channel\/UCd3Uei375tM1XLkCMPhALWQ"]}]}},"_links":{"self":[{"href":"https:\/\/primorcosmetics.com\/hu\/wp-json\/wp\/v2\/pages\/1755","targetHints":{"allow":["GET"]}}],"collection":[{"href":"https:\/\/primorcosmetics.com\/hu\/wp-json\/wp\/v2\/pages"}],"about":[{"href":"https:\/\/primorcosmetics.com\/hu\/wp-json\/wp\/v2\/types\/page"}],"author":[{"embeddable":true,"href":"https:\/\/primorcosmetics.com\/hu\/wp-json\/wp\/v2\/users\/2"}],"replies":[{"embeddable":true,"href":"https:\/\/primorcosmetics.com\/hu\/wp-json\/wp\/v2\/comments?post=1755"}],"version-history":[{"count":5,"href":"https:\/\/primorcosmetics.com\/hu\/wp-json\/wp\/v2\/pages\/1755\/revisions"}],"predecessor-version":[{"id":1940,"href":"https:\/\/primorcosmetics.com\/hu\/wp-json\/wp\/v2\/pages\/1755\/revisions\/1940"}],"up":[{"embeddable":true,"href":"https:\/\/primorcosmetics.com\/hu\/wp-json\/wp\/v2\/pages\/1659"}],"wp:attachment":[{"href":"https:\/\/primorcosmetics.com\/hu\/wp-json\/wp\/v2\/media?parent=1755"}],"curies":[{"name":"wp","href":"https:\/\/api.w.org\/{rel}","templated":true}]}}