{"id":1757,"date":"2021-12-20T20:47:10","date_gmt":"2021-12-20T20:47:10","guid":{"rendered":"https:\/\/primorcosmetics.com\/markak\/escada\/"},"modified":"2022-07-06T13:35:59","modified_gmt":"2022-07-06T13:35:59","slug":"escada","status":"publish","type":"page","link":"https:\/\/primorcosmetics.com\/hu\/markak-old\/escada\/","title":{"rendered":"ESCADA"},"content":{"rendered":"\t\t<div data-elementor-type=\"wp-page\" data-elementor-id=\"1757\" class=\"elementor elementor-1757 elementor-380\" data-elementor-post-type=\"page\">\n\t\t\t\t\t\t<section class=\"elementor-section elementor-top-section elementor-element elementor-element-1a60289 elementor-section-boxed elementor-section-height-default elementor-section-height-default\" data-id=\"1a60289\" data-element_type=\"section\">\n\t\t\t\t\t\t<div class=\"elementor-container elementor-column-gap-default\">\n\t\t\t\t\t<div class=\"elementor-column elementor-col-100 elementor-top-column elementor-element elementor-element-bbd7392\" data-id=\"bbd7392\" data-element_type=\"column\">\n\t\t\t<div class=\"elementor-widget-wrap\">\n\t\t\t\t\t\t\t<\/div>\n\t\t<\/div>\n\t\t\t\t\t<\/div>\n\t\t<\/section>\n\t\t\t\t<section class=\"elementor-section elementor-top-section elementor-element elementor-element-895bee5 elementor-section-boxed elementor-section-height-default elementor-section-height-default\" data-id=\"895bee5\" data-element_type=\"section\">\n\t\t\t\t\t\t<div class=\"elementor-container elementor-column-gap-default\">\n\t\t\t\t\t<div class=\"elementor-column elementor-col-100 elementor-top-column elementor-element elementor-element-d7443bc\" data-id=\"d7443bc\" data-element_type=\"column\">\n\t\t\t<div class=\"elementor-widget-wrap elementor-element-populated\">\n\t\t\t\t\t\t<div class=\"elementor-element elementor-element-de978f0 elementor-widget elementor-widget-spacer\" data-id=\"de978f0\" data-element_type=\"widget\" data-widget_type=\"spacer.default\">\n\t\t\t\t<div class=\"elementor-widget-container\">\n\t\t\t\t\t\t\t<div class=\"elementor-spacer\">\n\t\t\t<div class=\"elementor-spacer-inner\"><\/div>\n\t\t<\/div>\n\t\t\t\t\t\t<\/div>\n\t\t\t\t<\/div>\n\t\t\t\t\t<\/div>\n\t\t<\/div>\n\t\t\t\t\t<\/div>\n\t\t<\/section>\n\t\t\t\t<section class=\"elementor-section elementor-top-section elementor-element elementor-element-522204b elementor-section-boxed elementor-section-height-default elementor-section-height-default\" data-id=\"522204b\" data-element_type=\"section\">\n\t\t\t\t\t\t<div class=\"elementor-container elementor-column-gap-default\">\n\t\t\t\t\t<div class=\"elementor-column elementor-col-100 elementor-top-column elementor-element elementor-element-a90f324\" data-id=\"a90f324\" data-element_type=\"column\">\n\t\t\t<div class=\"elementor-widget-wrap elementor-element-populated\">\n\t\t\t\t\t\t<div class=\"elementor-element elementor-element-f9c6f60 elementor-widget elementor-widget-heading\" data-id=\"f9c6f60\" data-element_type=\"widget\" data-widget_type=\"heading.default\">\n\t\t\t\t<div class=\"elementor-widget-container\">\n\t\t\t\t\t<h1 class=\"elementor-heading-title elementor-size-default\">ESCADA<\/h1>\t\t\t\t<\/div>\n\t\t\t\t<\/div>\n\t\t\t\t\t<\/div>\n\t\t<\/div>\n\t\t\t\t\t<\/div>\n\t\t<\/section>\n\t\t\t\t<section class=\"elementor-section elementor-top-section elementor-element elementor-element-5bebc7f elementor-section-boxed elementor-section-height-default elementor-section-height-default\" data-id=\"5bebc7f\" data-element_type=\"section\">\n\t\t\t\t\t\t<div class=\"elementor-container elementor-column-gap-default\">\n\t\t\t\t\t<div class=\"elementor-column elementor-col-100 elementor-top-column elementor-element elementor-element-44198d4\" data-id=\"44198d4\" data-element_type=\"column\">\n\t\t\t<div class=\"elementor-widget-wrap elementor-element-populated\">\n\t\t\t\t\t\t<div class=\"elementor-element elementor-element-04171c3 elementor-widget elementor-widget-spacer\" data-id=\"04171c3\" data-element_type=\"widget\" data-widget_type=\"spacer.default\">\n\t\t\t\t<div class=\"elementor-widget-container\">\n\t\t\t\t\t\t\t<div class=\"elementor-spacer\">\n\t\t\t<div class=\"elementor-spacer-inner\"><\/div>\n\t\t<\/div>\n\t\t\t\t\t\t<\/div>\n\t\t\t\t<\/div>\n\t\t\t\t\t<\/div>\n\t\t<\/div>\n\t\t\t\t\t<\/div>\n\t\t<\/section>\n\t\t\t\t<section class=\"elementor-section elementor-top-section elementor-element elementor-element-896add9 elementor-section-boxed elementor-section-height-default elementor-section-height-default\" data-id=\"896add9\" data-element_type=\"section\">\n\t\t\t\t\t\t<div class=\"elementor-container elementor-column-gap-default\">\n\t\t\t\t\t<div class=\"elementor-column elementor-col-50 elementor-top-column elementor-element elementor-element-3e24276\" data-id=\"3e24276\" data-element_type=\"column\">\n\t\t\t<div class=\"elementor-widget-wrap elementor-element-populated\">\n\t\t\t\t\t\t<div class=\"elementor-element elementor-element-4f9bd72 elementor-widget elementor-widget-text-editor\" data-id=\"4f9bd72\" data-element_type=\"widget\" data-widget_type=\"text-editor.default\">\n\t\t\t\t<div class=\"elementor-widget-container\">\n\t\t\t\t\t\t\t\t\t<p>Sz\u00ednezd ki a vil\u00e1got \u00e9s tedd ragyog\u00f3bb\u00e1! Az Escada m\u00e1rka azokhoz a n\u0151kh\u00f6z sz\u00f3l, akik term\u00e9szet\u00fckn\u00e9l fogva vonzz\u00e1k a rivaldaf\u00e9nyt, szeretik az \u00e9letet, \u00e9s annak minden egyes pillanat\u00e1t \u00e9lvezni akarj\u00e1k. A n\u0151iess\u00e9g \u00fcnnepl\u00e9se t\u00fckr\u00f6z\u0151dik a divath\u00e1z alkot\u00e1saiban, sz\u00edvesen alkalmazza \u00e9s kombin\u00e1lja az \u00e9l\u00e9nk sz\u00edneket \u00e9s mint\u00e1kat. A szezon\u00e1lis, limit\u00e1lt kiad\u00e1s\u00fa Escada parf\u00fcm\u00f6k minden \u00e9vben p\u00e1ratlan sikert aratnak.<\/p>\t\t\t\t\t\t\t\t<\/div>\n\t\t\t\t<\/div>\n\t\t\t\t<div class=\"elementor-element elementor-element-78291fc elementor-widget elementor-widget-heading\" data-id=\"78291fc\" data-element_type=\"widget\" data-widget_type=\"heading.default\">\n\t\t\t\t<div class=\"elementor-widget-container\">\n\t\t\t\t\t<h2 class=\"elementor-heading-title elementor-size-default\">ESCADA \u00e9rt\u00e9kek<\/h2>\t\t\t\t<\/div>\n\t\t\t\t<\/div>\n\t\t\t\t<div class=\"elementor-element elementor-element-51a330c elementor-widget elementor-widget-text-editor\" data-id=\"51a330c\" data-element_type=\"widget\" data-widget_type=\"text-editor.default\">\n\t\t\t\t<div class=\"elementor-widget-container\">\n\t\t\t\t\t\t\t\t\t<p>Pozit\u00edv \u00e9s gondtalanul eleg\u00e1ns, a glamour \u00e9s a n\u0151iess\u00e9g szimb\u00f3luma. Az \u00e9let szeretete \u00e9s a kifinomult min\u0151s\u00e9g jellemzi.<\/p>\t\t\t\t\t\t\t\t<\/div>\n\t\t\t\t<\/div>\n\t\t\t\t<div class=\"elementor-element elementor-element-9d504d0 elementor-widget elementor-widget-heading\" data-id=\"9d504d0\" data-element_type=\"widget\" data-widget_type=\"heading.default\">\n\t\t\t\t<div class=\"elementor-widget-container\">\n\t\t\t\t\t<h2 class=\"elementor-heading-title elementor-size-default\">ESCADA t\u00f6rt\u00e9nete<\/h2>\t\t\t\t<\/div>\n\t\t\t\t<\/div>\n\t\t\t\t<div class=\"elementor-element elementor-element-5562f13 elementor-widget elementor-widget-text-editor\" data-id=\"5562f13\" data-element_type=\"widget\" data-widget_type=\"text-editor.default\">\n\t\t\t\t<div class=\"elementor-widget-container\">\n\t\t\t\t\t\t\t\t\t<p>A m\u00e1rka sz\u00fclet\u00e9se egy romantikus szerelmi t\u00f6rt\u00e9net. A sv\u00e9d sz\u00e1rmaz\u00e1s\u00fa Margareta Ley \u00e9s Wolfgang Ley alap\u00edtotta 1978-ban. Az els\u0151 randev\u00fajukon egy Escada nev\u0171 \u00edr, teliv\u00e9r versenyl\u00f3ra fogadtak, aki megnyerte a futamot, a hatalmas nyerem\u00e9nyb\u0151l pedig k\u00f6z\u00f6sen alap\u00edtott\u00e1k az Escada m\u00e1rk\u00e1t.<\/p><p>1976-ban jelent meg a divath\u00e1z els\u0151 kollekci\u00f3ja, melyben demokratiz\u00e1lta az elit haute couture-t, sportosan eleg\u00e1ns st\u00edlust alkotva. Sok m\u00e1sik m\u00e1rk\u00e1hoz hasonl\u00f3an az Escada m\u00e1r nem klasszikus \u00e9rtelemben vett divath\u00e1z, hanem egy modern, szerte\u00e1gaz\u00f3 v\u00e1llalkoz\u00e1s, amelynek csup\u00e1n egyik profilja a divat. Az Escada kollekci\u00f3j\u00e1ban manaps\u00e1g a ruh\u00e1zaton k\u00edv\u00fcl cip\u0151k, t\u00e1sk\u00e1k, parf\u00fcm\u00f6k, szem\u00fcvegek \u00e9s \u00e9kszerek is megtal\u00e1lhat\u00f3ak.<\/p><p>Limit\u00e1lt kiad\u00e1s\u00fa, els\u0151 ny\u00e1ri illatuk 1993-ban jelent meg a piacon, \u00e9s a hatalmas sikerre val\u00f3 tekintettel az\u00f3ta is minden \u00e9vben egy \u00fajabb illat ker\u00fcl bemutat\u00e1sra. . 2020 \u00f3ta pedig a minden \u00e9vben v\u00e1rva-v\u00e1rt ny\u00e1ri, limit\u00e1lt illatot egy t\u00e9li limit\u00e1lt illat is kieg\u00e9sz\u00edti.<\/p>\t\t\t\t\t\t\t\t<\/div>\n\t\t\t\t<\/div>\n\t\t\t\t<div class=\"elementor-element elementor-element-58ca072 elementor-align-center elementor-widget elementor-widget-button\" data-id=\"58ca072\" data-element_type=\"widget\" data-widget_type=\"button.default\">\n\t\t\t\t<div class=\"elementor-widget-container\">\n\t\t\t\t\t\t\t\t\t<div class=\"elementor-button-wrapper\">\n\t\t\t\t\t<a class=\"elementor-button elementor-button-link elementor-size-sm\" href=\"https:\/\/primorcosmetics.com\/hu\/kapcsolat\/\">\n\t\t\t\t\t\t<span class=\"elementor-button-content-wrapper\">\n\t\t\t\t\t\t\t\t\t<span class=\"elementor-button-text\">Kapcsolat<\/span>\n\t\t\t\t\t<\/span>\n\t\t\t\t\t<\/a>\n\t\t\t\t<\/div>\n\t\t\t\t\t\t\t\t<\/div>\n\t\t\t\t<\/div>\n\t\t\t\t\t<\/div>\n\t\t<\/div>\n\t\t\t\t<div class=\"elementor-column elementor-col-50 elementor-top-column elementor-element elementor-element-a2affe2\" data-id=\"a2affe2\" data-element_type=\"column\">\n\t\t\t<div class=\"elementor-widget-wrap elementor-element-populated\">\n\t\t\t\t\t\t<div class=\"elementor-element elementor-element-7fe6cd9 elementor-widget elementor-widget-image\" data-id=\"7fe6cd9\" data-element_type=\"widget\" data-widget_type=\"image.default\">\n\t\t\t\t<div class=\"elementor-widget-container\">\n\t\t\t\t\t\t\t\t\t\t\t\t\t\t\t<img fetchpriority=\"high\" decoding=\"async\" width=\"724\" height=\"1024\" src=\"https:\/\/primorcosmetics.com\/wp-content\/uploads\/2022\/01\/ESC_LTD_CJ_22_InStore_KV_070_LR-724x1024.jpg\" class=\"attachment-large size-large wp-image-1499\" alt=\"\" srcset=\"https:\/\/primorcosmetics.com\/wp-content\/uploads\/2022\/01\/ESC_LTD_CJ_22_InStore_KV_070_LR-724x1024.jpg 724w, https:\/\/primorcosmetics.com\/wp-content\/uploads\/2022\/01\/ESC_LTD_CJ_22_InStore_KV_070_LR-212x300.jpg 212w, https:\/\/primorcosmetics.com\/wp-content\/uploads\/2022\/01\/ESC_LTD_CJ_22_InStore_KV_070_LR-768x1086.jpg 768w, https:\/\/primorcosmetics.com\/wp-content\/uploads\/2022\/01\/ESC_LTD_CJ_22_InStore_KV_070_LR-1086x1536.jpg 1086w, https:\/\/primorcosmetics.com\/wp-content\/uploads\/2022\/01\/ESC_LTD_CJ_22_InStore_KV_070_LR.jpg 1240w\" sizes=\"(max-width: 724px) 100vw, 724px\" \/>\t\t\t\t\t\t\t\t\t\t\t\t\t\t\t<\/div>\n\t\t\t\t<\/div>\n\t\t\t\t\t<\/div>\n\t\t<\/div>\n\t\t\t\t\t<\/div>\n\t\t<\/section>\n\t\t\t\t<\/div>\n\t\t","protected":false},"excerpt":{"rendered":"<p>ESCADA Sz\u00ednezd ki a vil\u00e1got \u00e9s tedd ragyog\u00f3bb\u00e1! Az Escada m\u00e1rka azokhoz a n\u0151kh\u00f6z sz\u00f3l, akik term\u00e9szet\u00fckn\u00e9l fogva vonzz\u00e1k a rivaldaf\u00e9nyt, szeretik az \u00e9letet, \u00e9s annak minden egyes pillanat\u00e1t \u00e9lvezni akarj\u00e1k. A n\u0151iess\u00e9g \u00fcnnepl\u00e9se t\u00fckr\u00f6z\u0151dik a divath\u00e1z alkot\u00e1saiban, sz\u00edvesen alkalmazza \u00e9s kombin\u00e1lja az \u00e9l\u00e9nk sz\u00edneket \u00e9s mint\u00e1kat. A szezon\u00e1lis, limit\u00e1lt kiad\u00e1s\u00fa Escada parf\u00fcm\u00f6k minden \u00e9vben [&hellip;]<\/p>\n","protected":false},"author":2,"featured_media":0,"parent":1659,"menu_order":0,"comment_status":"closed","ping_status":"closed","template":"","meta":{"footnotes":""},"class_list":["post-1757","page","type-page","status-publish","hentry"],"yoast_head":"<!-- This site is optimized with the Yoast SEO plugin v25.7 - https:\/\/yoast.com\/wordpress\/plugins\/seo\/ -->\n<title>ESCADA - Prim\u0151r Cosmetics<\/title>\n<meta name=\"description\" content=\"Meet the brands we distribute: Az Escada m\u00e1rka azokhoz a n\u0151kh\u00f6z sz\u00f3l, akik term\u00e9szet\u00fckn\u00e9l fogva vonzz\u00e1k a rivaldaf\u00e9nyt, szeretik az \u00e9letet, \u00e9s annak minden egyes pillanat\u00e1t \u00e9lvezni akarj\u00e1k.\" \/>\n<meta name=\"robots\" content=\"index, follow, max-snippet:-1, max-image-preview:large, max-video-preview:-1\" \/>\n<link rel=\"canonical\" href=\"https:\/\/primorcosmetics.com\/hu\/markak-old\/escada\/\" \/>\n<meta property=\"og:locale\" content=\"hu_HU\" \/>\n<meta property=\"og:type\" content=\"article\" \/>\n<meta property=\"og:title\" content=\"ESCADA - Prim\u0151r Cosmetics\" \/>\n<meta property=\"og:description\" content=\"Meet the brands we distribute: Az Escada m\u00e1rka azokhoz a n\u0151kh\u00f6z sz\u00f3l, akik term\u00e9szet\u00fckn\u00e9l fogva vonzz\u00e1k a rivaldaf\u00e9nyt, szeretik az \u00e9letet, \u00e9s annak minden egyes pillanat\u00e1t \u00e9lvezni akarj\u00e1k.\" \/>\n<meta property=\"og:url\" content=\"https:\/\/primorcosmetics.com\/hu\/markak-old\/escada\/\" \/>\n<meta property=\"og:site_name\" content=\"Prim\u0151r Cosmetics\" \/>\n<meta property=\"article:publisher\" content=\"https:\/\/www.facebook.com\/primorcosmetics\" \/>\n<meta property=\"article:modified_time\" content=\"2022-07-06T13:35:59+00:00\" \/>\n<meta property=\"og:image\" content=\"https:\/\/primorcosmetics.com\/wp-content\/uploads\/2022\/01\/ESC_LTD_CJ_22_InStore_KV_070_LR-724x1024.jpg\" \/>\n<meta name=\"twitter:card\" content=\"summary_large_image\" \/>\n<meta name=\"twitter:label1\" content=\"Becs\u00fclt olvas\u00e1si id\u0151\" \/>\n\t<meta name=\"twitter:data1\" content=\"2 perc\" \/>\n<script type=\"application\/ld+json\" class=\"yoast-schema-graph\">{\"@context\":\"https:\/\/schema.org\",\"@graph\":[{\"@type\":\"WebPage\",\"@id\":\"https:\/\/primorcosmetics.com\/hu\/markak-old\/escada\/\",\"url\":\"https:\/\/primorcosmetics.com\/hu\/markak-old\/escada\/\",\"name\":\"ESCADA - Prim\u0151r Cosmetics\",\"isPartOf\":{\"@id\":\"https:\/\/primorcosmetics.com\/#website\"},\"primaryImageOfPage\":{\"@id\":\"https:\/\/primorcosmetics.com\/hu\/markak-old\/escada\/#primaryimage\"},\"image\":{\"@id\":\"https:\/\/primorcosmetics.com\/hu\/markak-old\/escada\/#primaryimage\"},\"thumbnailUrl\":\"https:\/\/primorcosmetics.com\/wp-content\/uploads\/2022\/01\/ESC_LTD_CJ_22_InStore_KV_070_LR-724x1024.jpg\",\"datePublished\":\"2021-12-20T20:47:10+00:00\",\"dateModified\":\"2022-07-06T13:35:59+00:00\",\"description\":\"Meet the brands we distribute: Az Escada m\u00e1rka azokhoz a n\u0151kh\u00f6z sz\u00f3l, akik term\u00e9szet\u00fckn\u00e9l fogva vonzz\u00e1k a rivaldaf\u00e9nyt, szeretik az \u00e9letet, \u00e9s annak minden egyes pillanat\u00e1t \u00e9lvezni akarj\u00e1k.\",\"breadcrumb\":{\"@id\":\"https:\/\/primorcosmetics.com\/hu\/markak-old\/escada\/#breadcrumb\"},\"inLanguage\":\"hu\",\"potentialAction\":[{\"@type\":\"ReadAction\",\"target\":[\"https:\/\/primorcosmetics.com\/hu\/markak-old\/escada\/\"]}]},{\"@type\":\"ImageObject\",\"inLanguage\":\"hu\",\"@id\":\"https:\/\/primorcosmetics.com\/hu\/markak-old\/escada\/#primaryimage\",\"url\":\"https:\/\/primorcosmetics.com\/wp-content\/uploads\/2022\/01\/ESC_LTD_CJ_22_InStore_KV_070_LR-724x1024.jpg\",\"contentUrl\":\"https:\/\/primorcosmetics.com\/wp-content\/uploads\/2022\/01\/ESC_LTD_CJ_22_InStore_KV_070_LR-724x1024.jpg\"},{\"@type\":\"BreadcrumbList\",\"@id\":\"https:\/\/primorcosmetics.com\/hu\/markak-old\/escada\/#breadcrumb\",\"itemListElement\":[{\"@type\":\"ListItem\",\"position\":1,\"name\":\"Home\",\"item\":\"https:\/\/primorcosmetics.com\/hu\/\"},{\"@type\":\"ListItem\",\"position\":2,\"name\":\"M\u00e1rk\u00e1k\",\"item\":\"https:\/\/primorcosmetics.com\/hu\/markak-old\/\"},{\"@type\":\"ListItem\",\"position\":3,\"name\":\"ESCADA\"}]},{\"@type\":\"WebSite\",\"@id\":\"https:\/\/primorcosmetics.com\/#website\",\"url\":\"https:\/\/primorcosmetics.com\/\",\"name\":\"Prim\u0151r Cosmetics\",\"description\":\"Prim\u0151r Cosmetics Leading Hungarian beauty and cosmetics distributor\",\"publisher\":{\"@id\":\"https:\/\/primorcosmetics.com\/#organization\"},\"potentialAction\":[{\"@type\":\"SearchAction\",\"target\":{\"@type\":\"EntryPoint\",\"urlTemplate\":\"https:\/\/primorcosmetics.com\/?s={search_term_string}\"},\"query-input\":{\"@type\":\"PropertyValueSpecification\",\"valueRequired\":true,\"valueName\":\"search_term_string\"}}],\"inLanguage\":\"hu\"},{\"@type\":\"Organization\",\"@id\":\"https:\/\/primorcosmetics.com\/#organization\",\"name\":\"Prim\u0151r Kozmetikai Kft.\",\"url\":\"https:\/\/primorcosmetics.com\/\",\"logo\":{\"@type\":\"ImageObject\",\"inLanguage\":\"hu\",\"@id\":\"https:\/\/primorcosmetics.com\/#\/schema\/logo\/image\/\",\"url\":\"https:\/\/primorcosmetics.com\/wp-content\/uploads\/2021\/12\/Primor_logo_icon_lockup_color.jpg\",\"contentUrl\":\"https:\/\/primorcosmetics.com\/wp-content\/uploads\/2021\/12\/Primor_logo_icon_lockup_color.jpg\",\"width\":1920,\"height\":1080,\"caption\":\"Prim\u0151r Kozmetikai Kft.\"},\"image\":{\"@id\":\"https:\/\/primorcosmetics.com\/#\/schema\/logo\/image\/\"},\"sameAs\":[\"https:\/\/www.facebook.com\/primorcosmetics\",\"https:\/\/www.instagram.com\/primorcosmetics\/\",\"https:\/\/www.linkedin.com\/company\/primorcosmetics\/mycompany\/\",\"https:\/\/www.youtube.com\/channel\/UCd3Uei375tM1XLkCMPhALWQ\"]}]}<\/script>\n<!-- \/ Yoast SEO plugin. -->","yoast_head_json":{"title":"ESCADA - Prim\u0151r Cosmetics","description":"Meet the brands we distribute: Az Escada m\u00e1rka azokhoz a n\u0151kh\u00f6z sz\u00f3l, akik term\u00e9szet\u00fckn\u00e9l fogva vonzz\u00e1k a rivaldaf\u00e9nyt, szeretik az \u00e9letet, \u00e9s annak minden egyes pillanat\u00e1t \u00e9lvezni akarj\u00e1k.","robots":{"index":"index","follow":"follow","max-snippet":"max-snippet:-1","max-image-preview":"max-image-preview:large","max-video-preview":"max-video-preview:-1"},"canonical":"https:\/\/primorcosmetics.com\/hu\/markak-old\/escada\/","og_locale":"hu_HU","og_type":"article","og_title":"ESCADA - Prim\u0151r Cosmetics","og_description":"Meet the brands we distribute: Az Escada m\u00e1rka azokhoz a n\u0151kh\u00f6z sz\u00f3l, akik term\u00e9szet\u00fckn\u00e9l fogva vonzz\u00e1k a rivaldaf\u00e9nyt, szeretik az \u00e9letet, \u00e9s annak minden egyes pillanat\u00e1t \u00e9lvezni akarj\u00e1k.","og_url":"https:\/\/primorcosmetics.com\/hu\/markak-old\/escada\/","og_site_name":"Prim\u0151r Cosmetics","article_publisher":"https:\/\/www.facebook.com\/primorcosmetics","article_modified_time":"2022-07-06T13:35:59+00:00","og_image":[{"url":"https:\/\/primorcosmetics.com\/wp-content\/uploads\/2022\/01\/ESC_LTD_CJ_22_InStore_KV_070_LR-724x1024.jpg","type":"","width":"","height":""}],"twitter_card":"summary_large_image","twitter_misc":{"Becs\u00fclt olvas\u00e1si id\u0151":"2 perc"},"schema":{"@context":"https:\/\/schema.org","@graph":[{"@type":"WebPage","@id":"https:\/\/primorcosmetics.com\/hu\/markak-old\/escada\/","url":"https:\/\/primorcosmetics.com\/hu\/markak-old\/escada\/","name":"ESCADA - Prim\u0151r Cosmetics","isPartOf":{"@id":"https:\/\/primorcosmetics.com\/#website"},"primaryImageOfPage":{"@id":"https:\/\/primorcosmetics.com\/hu\/markak-old\/escada\/#primaryimage"},"image":{"@id":"https:\/\/primorcosmetics.com\/hu\/markak-old\/escada\/#primaryimage"},"thumbnailUrl":"https:\/\/primorcosmetics.com\/wp-content\/uploads\/2022\/01\/ESC_LTD_CJ_22_InStore_KV_070_LR-724x1024.jpg","datePublished":"2021-12-20T20:47:10+00:00","dateModified":"2022-07-06T13:35:59+00:00","description":"Meet the brands we distribute: Az Escada m\u00e1rka azokhoz a n\u0151kh\u00f6z sz\u00f3l, akik term\u00e9szet\u00fckn\u00e9l fogva vonzz\u00e1k a rivaldaf\u00e9nyt, szeretik az \u00e9letet, \u00e9s annak minden egyes pillanat\u00e1t \u00e9lvezni akarj\u00e1k.","breadcrumb":{"@id":"https:\/\/primorcosmetics.com\/hu\/markak-old\/escada\/#breadcrumb"},"inLanguage":"hu","potentialAction":[{"@type":"ReadAction","target":["https:\/\/primorcosmetics.com\/hu\/markak-old\/escada\/"]}]},{"@type":"ImageObject","inLanguage":"hu","@id":"https:\/\/primorcosmetics.com\/hu\/markak-old\/escada\/#primaryimage","url":"https:\/\/primorcosmetics.com\/wp-content\/uploads\/2022\/01\/ESC_LTD_CJ_22_InStore_KV_070_LR-724x1024.jpg","contentUrl":"https:\/\/primorcosmetics.com\/wp-content\/uploads\/2022\/01\/ESC_LTD_CJ_22_InStore_KV_070_LR-724x1024.jpg"},{"@type":"BreadcrumbList","@id":"https:\/\/primorcosmetics.com\/hu\/markak-old\/escada\/#breadcrumb","itemListElement":[{"@type":"ListItem","position":1,"name":"Home","item":"https:\/\/primorcosmetics.com\/hu\/"},{"@type":"ListItem","position":2,"name":"M\u00e1rk\u00e1k","item":"https:\/\/primorcosmetics.com\/hu\/markak-old\/"},{"@type":"ListItem","position":3,"name":"ESCADA"}]},{"@type":"WebSite","@id":"https:\/\/primorcosmetics.com\/#website","url":"https:\/\/primorcosmetics.com\/","name":"Prim\u0151r Cosmetics","description":"Prim\u0151r Cosmetics Leading Hungarian beauty and cosmetics distributor","publisher":{"@id":"https:\/\/primorcosmetics.com\/#organization"},"potentialAction":[{"@type":"SearchAction","target":{"@type":"EntryPoint","urlTemplate":"https:\/\/primorcosmetics.com\/?s={search_term_string}"},"query-input":{"@type":"PropertyValueSpecification","valueRequired":true,"valueName":"search_term_string"}}],"inLanguage":"hu"},{"@type":"Organization","@id":"https:\/\/primorcosmetics.com\/#organization","name":"Prim\u0151r Kozmetikai Kft.","url":"https:\/\/primorcosmetics.com\/","logo":{"@type":"ImageObject","inLanguage":"hu","@id":"https:\/\/primorcosmetics.com\/#\/schema\/logo\/image\/","url":"https:\/\/primorcosmetics.com\/wp-content\/uploads\/2021\/12\/Primor_logo_icon_lockup_color.jpg","contentUrl":"https:\/\/primorcosmetics.com\/wp-content\/uploads\/2021\/12\/Primor_logo_icon_lockup_color.jpg","width":1920,"height":1080,"caption":"Prim\u0151r Kozmetikai Kft."},"image":{"@id":"https:\/\/primorcosmetics.com\/#\/schema\/logo\/image\/"},"sameAs":["https:\/\/www.facebook.com\/primorcosmetics","https:\/\/www.instagram.com\/primorcosmetics\/","https:\/\/www.linkedin.com\/company\/primorcosmetics\/mycompany\/","https:\/\/www.youtube.com\/channel\/UCd3Uei375tM1XLkCMPhALWQ"]}]}},"_links":{"self":[{"href":"https:\/\/primorcosmetics.com\/hu\/wp-json\/wp\/v2\/pages\/1757","targetHints":{"allow":["GET"]}}],"collection":[{"href":"https:\/\/primorcosmetics.com\/hu\/wp-json\/wp\/v2\/pages"}],"about":[{"href":"https:\/\/primorcosmetics.com\/hu\/wp-json\/wp\/v2\/types\/page"}],"author":[{"embeddable":true,"href":"https:\/\/primorcosmetics.com\/hu\/wp-json\/wp\/v2\/users\/2"}],"replies":[{"embeddable":true,"href":"https:\/\/primorcosmetics.com\/hu\/wp-json\/wp\/v2\/comments?post=1757"}],"version-history":[{"count":1,"href":"https:\/\/primorcosmetics.com\/hu\/wp-json\/wp\/v2\/pages\/1757\/revisions"}],"predecessor-version":[{"id":1758,"href":"https:\/\/primorcosmetics.com\/hu\/wp-json\/wp\/v2\/pages\/1757\/revisions\/1758"}],"up":[{"embeddable":true,"href":"https:\/\/primorcosmetics.com\/hu\/wp-json\/wp\/v2\/pages\/1659"}],"wp:attachment":[{"href":"https:\/\/primorcosmetics.com\/hu\/wp-json\/wp\/v2\/media?parent=1757"}],"curies":[{"name":"wp","href":"https:\/\/api.w.org\/{rel}","templated":true}]}}